{"id":400828,"date":"2024-09-26T12:59:56","date_gmt":"2025-04-23T15:30:30","guid":{"rendered":"https:\/\/www.moskito.cz\/produkt\/motylik-boker-plus-faction-06ex115\/"},"modified":"2025-05-07T11:29:48","modified_gmt":"2025-05-07T10:29:48","slug":"motylik-boker-plus-faction-06ex115","status":"publish","type":"product","link":"https:\/\/www.moskito.cz\/sk\/produkt\/motylik-boker-plus-faction-06ex115\/","title":{"rendered":"Mot\u00fdlik B\u00f6ker Plus Faction 06EX115"},"content":{"rendered":"<p>Mot\u00fdlik <strong>B\u00f6ker Plus<\/strong> Faction 06EX115.<\/p>\n<p>Medzi no\u017emi Balisong zauj\u00edma zvl\u00e1\u0161tne postavenie B\u00f6ker Plus Faction od Jakuba Wieczorkiewicza. Po otvoren\u00ed sa prezentuje ako elegantn\u00fd n\u00f4\u017e pre gentlemanov, preto\u017ee bolo upusten\u00e9 od obvykl\u00fdch priehlb\u00edn v rukov\u00e4ti pre tento typ no\u017eov. Namiesto toho dizajn\u00e9r no\u017eov zo spolo\u010dnosti Poltergeist Works stavil pri modeli B\u00f6ker Plus Faction na mas\u00edvnos\u0165 a aj na triedu. Elegantn\u00e1 tit\u00e1nov\u00e1 rukov\u00e4\u0165 s povrchovou \u00fapravou Bead Blast p\u00f4sob\u00ed pri pou\u017eit\u00ed vyv\u00e1\u017een\u00fdm a rozm\u00e1chnut\u00fdm dojmom av ruke zaujme v akejko\u013evek polohe. \u010cepe\u013e z ocele CPM-S-35VN \u013eahko zvl\u00e1da aj n\u00e1ro\u010dn\u00e9 rezn\u00e9 \u00falohy a je opatren\u00e1 ozdobn\u00fdm ricasom na chrbte \u010depele. Hlbok\u00fd nosn\u00fd klip (Tip-Up\/r) a kvalitn\u00e9 plsten\u00e9 puzdro zavr\u0161uj\u00fa ka\u017edodenn\u00e9 pou\u017eitie no\u017ea Butterfly.     <\/p>\n<p>Zna\u010dka: Boker Plus<br \/>\n D\u013a\u017eka \u010depele: 10,20 cm<br \/>\n Hr\u00fabka \u010depele: 3,50 mm<br \/>\n Hmotnos\u0165: 133,00 g<br \/>\n N\u00e1vrh\u00e1r: Poltergeist Works<br \/>\n Materi\u00e1l \u010depele: S35VN<br \/>\n Materi\u00e1l rukov\u00e4te: tit\u00e1n<br \/>\n Otv\u00e1racia: Ru\u010dne<br \/>\n Uzavretie: Balisong<br \/>\n Farba: Striebro<br \/>\n \u010c\u00edslo polo\u017eky: 06EX115<\/p>\n<p>&nbsp;<\/p>\n","protected":false},"excerpt":{"rendered":"<p><strong>Medzi no\u017emi Balisong zauj\u00edma zvl\u00e1\u0161tne postavenie B\u00f6ker Plus Faction od Jakuba Wieczorkiewicza. Po otvoren\u00ed sa prezentuje ako elegantn\u00fd n\u00f4\u017e pre gentlemanov, preto\u017ee bolo upusten\u00e9 od obvykl\u00fdch priehlb\u00edn v rukov\u00e4ti pre tento typ no\u017eov.   <\/strong><\/p>\n<p><strong>Doprava zadarmo.<\/strong><\/p>\n","protected":false},"featured_media":370725,"comment_status":"closed","ping_status":"closed","template":"","meta":[],"pwb-brand":[3419],"product_brand":[],"product_cat":[3546,3186,3233],"product_tag":[],"class_list":{"0":"post-400828","1":"product","2":"type-product","3":"status-publish","4":"has-post-thumbnail","6":"pwb-brand-boker-sk","7":"product_cat-motyliky","8":"product_cat-noze-sk","9":"product_cat-zatvaracie-noze","11":"first","12":"outofstock","13":"taxable","14":"shipping-taxable","15":"purchasable","16":"product-type-simple"},"brands":[{"id":3419,"name":"Boker","slug":"boker-sk"}],"_links":{"self":[{"href":"https:\/\/www.moskito.cz\/sk\/wp-json\/wp\/v2\/product\/400828","targetHints":{"allow":["GET"]}}],"collection":[{"href":"https:\/\/www.moskito.cz\/sk\/wp-json\/wp\/v2\/product"}],"about":[{"href":"https:\/\/www.moskito.cz\/sk\/wp-json\/wp\/v2\/types\/product"}],"replies":[{"embeddable":true,"href":"https:\/\/www.moskito.cz\/sk\/wp-json\/wp\/v2\/comments?post=400828"}],"wp:featuredmedia":[{"embeddable":true,"href":"https:\/\/www.moskito.cz\/sk\/wp-json\/wp\/v2\/media\/370725"}],"wp:attachment":[{"href":"https:\/\/www.moskito.cz\/sk\/wp-json\/wp\/v2\/media?parent=400828"}],"wp:term":[{"taxonomy":"pwb-brand","embeddable":true,"href":"https:\/\/www.moskito.cz\/sk\/wp-json\/wp\/v2\/pwb-brand?post=400828"},{"taxonomy":"product_brand","embeddable":true,"href":"https:\/\/www.moskito.cz\/sk\/wp-json\/wp\/v2\/product_brand?post=400828"},{"taxonomy":"product_cat","embeddable":true,"href":"https:\/\/www.moskito.cz\/sk\/wp-json\/wp\/v2\/product_cat?post=400828"},{"taxonomy":"product_tag","embeddable":true,"href":"https:\/\/www.moskito.cz\/sk\/wp-json\/wp\/v2\/product_tag?post=400828"}],"curies":[{"name":"wp","href":"https:\/\/api.w.org\/{rel}","templated":true}]}}