{"id":400871,"date":"2022-09-27T21:37:34","date_gmt":"2025-04-24T06:07:57","guid":{"rendered":"https:\/\/www.moskito.cz\/produkt\/pevny-noz-crkt-chanceinhell-k910kkp\/"},"modified":"2025-05-07T11:29:51","modified_gmt":"2025-05-07T10:29:51","slug":"pevny-noz-crkt-chanceinhell-k910kkp","status":"publish","type":"product","link":"https:\/\/www.moskito.cz\/sk\/produkt\/pevny-noz-crkt-chanceinhell-k910kkp\/","title":{"rendered":"Pevn\u00fd N\u00f4\u017e CRKT CHANCEINHELL K910KKP"},"content":{"rendered":"<p>&nbsp;<\/p>\n<div class=\"flex-1 overflow-hidden @container\/thread\">\n<div class=\"h-full\">\n<div class=\"react-scroll-to-bottom--css-vxybp-79elbk h-full\">\n<div class=\"react-scroll-to-bottom--css-vxybp-1n7m0yu\">\n<div class=\"flex flex-col text-sm md:pb-9\">\n<article class=\"w-full scroll-mb-[var(--thread-trailing-height,150px)] text-token-text-primary focus-visible:outline-2 focus-visible:outline-offset-[-4px]\" dir=\"auto\" data-testid=\"conversation-turn-113\" data-scroll-anchor=\"true\">\n<div class=\"m-auto text-base py-[18px] px-3 md:px-4 w-full md:px-5 lg:px-4 xl:px-5\">\n<div class=\"mx-auto flex flex-1 gap-4 text-base md:gap-5 lg:gap-6 md:max-w-3xl\">\n<div class=\"group\/conversation-turn relative flex w-full min-w-0 flex-col agent-turn\">\n<div class=\"flex-col gap-1 md:gap-3\">\n<div class=\"flex max-w-full flex-col flex-grow\">\n<div class=\"min-h-8 text-message flex w-full flex-col items-end gap-2 whitespace-normal break-words text-start [.text-message+&amp;]:mt-5\" dir=\"auto\" data-message-author-role=\"assistant\" data-message-id=\"fd2a746f-053a-43ad-91d1-3415b9189814\" data-message-model-slug=\"gpt-4o-mini\">\n<div class=\"flex w-full flex-col gap-1 empty:hidden first:pt-[3px]\">\n<div class=\"markdown prose w-full break-words dark:prose-invert light\">\n<p><strong>Pevn\u00fd n\u00f4\u017e CRKT Chanceinhell K910KKP<\/strong> je vysoko odoln\u00e1 <strong>ma\u010deta pre pre\u017eitie<\/strong> , ktor\u00e1 sp\u00e1ja <strong>silu<\/strong> , <strong>v\u00fdkonnos\u0165<\/strong> a <strong>v\u0161estrannos\u0165<\/strong> , \u010do z nej rob\u00ed ide\u00e1lny n\u00e1stroj pre n\u00e1ro\u010dn\u00e9 podmienky. Navrhnut\u00e1 <strong>Kenom Onionom<\/strong> , renomovan\u00fdm v\u00fdrobcom no\u017eov z <strong>Kaneohe, HI<\/strong> , je <strong>Chanceinhell\u2122<\/strong> skon\u0161truovan\u00e1 pre \u0165a\u017ek\u00e9 \u00falohy a dlhodob\u00e9 pou\u017e\u00edvanie v extr\u00e9mnych podmienkach. Je to n\u00f4\u017e , ktor\u00fd m\u00f4\u017ee <strong>pom\u00f4c\u0165 pri pre\u017eit\u00ed<\/strong> , <strong>kosen\u00ed dreva<\/strong> , <strong>pr\u00e1cu v lese<\/strong> a <strong>bojov\u00fdch scen\u00e1roch<\/strong> .  <\/p>\n<h3>K\u013e\u00fa\u010dov\u00e9 vlastnosti a v\u00fdhody:<\/h3>\n<ol>\n<li><strong>Siln\u00e1 \u010depe\u013e z uhl\u00edkovej ocele 65Mn<\/strong>\n<ul>\n<li>\u010cepe\u013e je vyroben\u00e1 <strong>z<\/strong> <strong>65Mn uhl\u00edkovej ocele<\/strong> <strong>,<\/strong> \u010do je materi\u00e1l zn\u00e1my svojou <strong>odolnos\u0165ou<\/strong> a <strong>vysokou tvrdos\u0165ou<\/strong> <strong>.<\/strong> <\/li>\n<li><strong>Povrchov\u00e1 \u00faprava Pudr Coat<\/strong> poskytuje \u010depeli <strong>ochranu proti kor\u00f3zii<\/strong> a <strong>zlep\u0161uje jej odolnos\u0165<\/strong> proti po\u0161kriabaniu a opotrebovaniu. \u010cierny povrch je ide\u00e1lny pre pr\u00e1cu v \u0165a\u017ek\u00fdch podmienkach, ako je <strong>vlhk\u00e9 prostredie<\/strong> alebo <strong>pr\u00e1ca v lese<\/strong> . <\/li>\n<\/ul>\n<\/li>\n<li><strong>Ergonomick\u00e1 rukov\u00e4\u0165 na zn\u00ed\u017eenie \u00fanavy r\u00fak<\/strong>\n<ul>\n<li><strong>Dvojit\u00e1 vstrekovan\u00e1 rukov\u00e4\u0165<\/strong> je navrhnut\u00e1 tak, aby <strong>minimalizovala \u00fanavu r\u00fak<\/strong> pri dlhodobom pou\u017e\u00edvan\u00ed. Rukov\u00e4\u0165 m\u00e1 <strong>\u0161peci\u00e1lny tvar<\/strong> pre pohodln\u00fd \u00fachop a zais\u0165uje <strong>lep\u0161iu kontrolu<\/strong> nad no\u017eom pri pr\u00e1ci. <\/li>\n<li>Na rukov\u00e4ti s\u00fa tie\u017e <strong>otvory pre lano<\/strong> , \u010do umo\u017e\u0148uje <strong>prisp\u00f4sobi\u0165 sp\u00f4sob uchopenia<\/strong> a pripoji\u0165 <strong>paracord<\/strong> alebo in\u00e9 \u0161n\u00fary pre v\u00e4\u010d\u0161iu flexibilitu a bezpe\u010die.<\/li>\n<\/ul>\n<\/li>\n<li><strong>Dlh\u00e1 \u010depe\u013e pre efekt\u00edvne kosenie a \u0161tiepanie<\/strong>\n<ul>\n<li>S <strong>12&#8243; (304,8 mm) dlhou \u010depe\u013eou<\/strong> je <strong>Chanceinhell\u2122<\/strong> ide\u00e1lny na <strong>kosenie vetiev<\/strong> , <strong>v\u00fdrub stromov<\/strong> alebo <strong>\u0161tiepanie dreva<\/strong> . Dlh\u00e1 \u010depe\u013e d\u00e1va <strong>v\u00e4\u010d\u0161iu silu<\/strong> pri kosen\u00ed, \u010do znamen\u00e1, \u017ee sa n\u00e1stroj vyrovn\u00e1 aj s hustej\u0161\u00edmi vetvami a \u0165a\u017e\u0161\u00edm materi\u00e1lom. <\/li>\n<\/ul>\n<\/li>\n<li><strong>Unik\u00e1tne puzdro s mo\u017enos\u0165ou nastavenia poz\u00edcie<\/strong>\n<ul>\n<li><strong>Zosilnen\u00e9 nylonov\u00e9 puzdro<\/strong> je vysoko <strong>odoln\u00e9<\/strong> a pon\u00faka <strong>praktick\u00e9 mo\u017enosti prepravy<\/strong> . Puzdro je navrhnut\u00e9 s <strong>univerz\u00e1lnym syst\u00e9mom such\u00e9ho zipsu<\/strong> , ktor\u00fd umo\u017e\u0148uje nastavi\u0165 <strong>dva r\u00f4zne sp\u00f4soby nosenia<\/strong> : bu\u010f <strong>visiace<\/strong> alebo <strong>priliehaj\u00face k opasku<\/strong> . <\/li>\n<li>\u010eal\u0161\u00ed <strong>pr\u00edvesok na paracord<\/strong> pripojen\u00fd k puzdru umo\u017e\u0148uje <strong>pripevnenie k batohu<\/strong> alebo <strong>taktick\u00fdm vest\u00e1m<\/strong> .<\/li>\n<\/ul>\n<\/li>\n<li><strong>V\u0161estrann\u00fd a odoln\u00fd n\u00e1stroj<\/strong>\n<ul>\n<li>Tento <strong>n\u00f4\u017e na pre\u017eitie<\/strong> je ide\u00e1lny pre <strong>\u0165a\u017ek\u00fa \u200b\u200bpr\u00e1cu v pr\u00edrode<\/strong> a <strong>outdoorov\u00e9 aktivity<\/strong> . Je to siln\u00fd n\u00e1stroj na <strong>pre\u017eitie<\/strong> , <strong>kempovanie<\/strong> a <strong>taktick\u00e9 pou\u017eitie<\/strong> , kde je potrebn\u00fd <strong>v\u00fdkonn\u00fd n\u00e1stroj<\/strong> pre <strong>r\u00f4zne \u00falohy<\/strong> ako <strong>kosenie<\/strong> a <strong>pr\u00e1ca s drevom<\/strong> . <\/li>\n<\/ul>\n<\/li>\n<\/ol>\n<h3>\u0160pecifik\u00e1cia:<\/h3>\n<ul>\n<li><strong>D\u013a\u017eka \u010depele<\/strong> : 12,00&#8243; (304,80 mm)<\/li>\n<li><strong>Ostrie \u010depele<\/strong> : Oby\u010dajn\u00fd<\/li>\n<li><strong>\u010cepe\u013e oce\u013e<\/strong> : 65Mn uhl\u00edkov\u00e1 oce\u013e<\/li>\n<li><strong>Povrchov\u00e1 \u00faprava \u010depele<\/strong> : Pudr Coat<\/li>\n<li><strong>Hr\u00fabka \u010depele<\/strong> : 0,10&#8243; (2,54 mm)<\/li>\n<li><strong>Celkov\u00e1 d\u013a\u017eka<\/strong> : 17,88&#8243; (454,15 mm)<\/li>\n<li><strong>Hmotnos\u0165<\/strong> : 1,25 lb (0,57 kg)<\/li>\n<li><strong>Rukov\u00e4\u0165<\/strong> : Nylon vystu\u017een\u00fd sklom s gumovou vrstvou<\/li>\n<li><strong>\u0160t\u00fdl<\/strong> : N\u00f4\u017e s pevnou \u010depe\u013eou s puzdrom<\/li>\n<li><strong>Materi\u00e1l pl\u00e1\u0161\u0165a<\/strong> : Tkan\u00fd nylon<\/li>\n<li><strong>Hmotnos\u0165 pl\u00e1\u0161\u0165a<\/strong> : 6,10 unca (172,93 g)<\/li>\n<\/ul>\n<h3>Mo\u017enosti pou\u017eitia:<\/h3>\n<ol>\n<li><strong>Pre\u017eitie a kempovanie<\/strong><br \/>\n Tento n\u00f4\u017e je navrhnut\u00fd pre <strong>pr\u00e1cu v pr\u00edrode<\/strong> a je ide\u00e1lny na <strong>pre\u017eitie<\/strong> v n\u00e1ro\u010dn\u00fdch podmienkach. Pom\u00f4\u017ee v\u00e1m pri <strong>v\u00fdrube dreva<\/strong> , <strong>\u0161tiepan\u00ed vetiev<\/strong> a <strong>zalo\u017een\u00ed t\u00e1boriska<\/strong> . <\/li>\n<li><strong>Lesn\u00e9 pr\u00e1ce a outdoorov\u00e9 aktivity<\/strong><br \/>\n S jeho <strong>silnou \u010depe\u013eou<\/strong> a <strong>dlhou d\u013a\u017ekou<\/strong> je skvel\u00fd pre <strong>lesn\u00e9 pr\u00e1ce<\/strong> . \u010ci u\u017e potrebujete <strong>kosi\u0165 vetvy<\/strong> , <strong>rozrez\u00e1va\u0165 drevo<\/strong> alebo <strong>prer\u00e1\u017ea\u0165 hust\u00fd porast<\/strong> , Chanceinhell\u2122 je skvel\u00fd pomocn\u00edk. <\/li>\n<li><strong>Taktick\u00e9 pou\u017eitie<\/strong><br \/>\n V <strong>n\u00fadzov\u00fdch alebo kr\u00edzov\u00fdch situ\u00e1ci\u00e1ch<\/strong> m\u00f4\u017ee by\u0165 tento n\u00f4\u017e skvel\u00fdm n\u00e1strojom pre <strong>sebaobranu<\/strong> . S jeho <strong>mas\u00edvnou \u010depe\u013eou<\/strong> a <strong>ergonomick\u00fdm dizajnom<\/strong> je pripraven\u00fd na ak\u00fako\u013evek \u00falohu. <\/li>\n<li><strong>Ka\u017edodenn\u00e9 pou\u017eitie<\/strong><br \/>\n Ak h\u013ead\u00e1te n\u00f4\u017e pre <strong>\u0165a\u017e\u0161ie dom\u00e1ce alebo vonkaj\u0161ie \u00falohy<\/strong> , Chanceinhell\u2122 je robustn\u00e1 vo\u013eba pre <strong>r\u00f4zne rezacie pr\u00e1ce<\/strong> . Jeho <strong>odolnos\u0165<\/strong> a <strong>v\u0161estrannos\u0165<\/strong> ho rob\u00ed ide\u00e1lnym pre <strong>pr\u00e1cu s drevom<\/strong> alebo <strong>\u00fadr\u017ebu z\u00e1hrady<\/strong> . <\/li>\n<\/ol>\n<h3>Zhrnutie:<\/h3>\n<p><strong>CRKT Chanceinhell K910KKP<\/strong> je <strong>vysoko v\u00fdkonn\u00fd n\u00f4\u017e pre pre\u017eitie<\/strong> , ktor\u00fd je ide\u00e1lny pre <strong>kosenie<\/strong> , <strong>\u0161tiepanie<\/strong> a <strong>\u0165a\u017ek\u00fa \u200b\u200bpr\u00e1cu<\/strong> v pr\u00edrode. S <strong>odolnou \u010depe\u013eou z uhl\u00edkovej ocele<\/strong> , <strong>ergonomickou rukov\u00e4\u0165ou<\/strong> a <strong>praktick\u00fdm puzdrom<\/strong> , je to perfektn\u00fd n\u00e1stroj pre ka\u017ed\u00e9ho, kto h\u013ead\u00e1 <strong>siln\u00fd a spo\u013eahliv\u00fd n\u00e1stroj pre pre\u017eitie<\/strong> . Jeho <strong>v\u0161estrannos\u0165<\/strong> a <strong>v\u00fdkonnos\u0165<\/strong> ho rob\u00ed ide\u00e1lnym spolo\u010dn\u00edkom pre <strong>pre\u017eitie<\/strong> , <strong>kempovanie<\/strong> alebo <strong>lesn\u00e9 pr\u00e1ce<\/strong> .  <\/p>\n<\/div>\n<\/div>\n<\/div>\n<\/div>\n<\/div>\n<div class=\"absolute\">\n<div class=\"flex items-center justify-center\"><\/div>\n<\/div>\n<\/div>\n<\/div>\n<\/div>\n<\/article>\n<\/div>\n<\/div>\n<\/div>\n<\/div>\n<\/div>\n<div class=\"md:pt-0 dark:border-white\/20 md:border-transparent md:dark:border-transparent w-full\">\n<div>\n<div class=\"m-auto text-base px-3 md:px-4 w-full md:px-5 lg:px-4 xl:px-5\">\n<div class=\"mx-auto flex flex-1 gap-4 text-base md:gap-5 lg:gap-6 md:max-w-3xl\">\n<div class=\"flex justify-center\"><\/div>\n<\/div>\n<\/div>\n<\/div>\n<\/div>\n<p><iframe title=\"CRKT Chanceinhell Machete | by Ken Onion\" width=\"800\" height=\"450\" src=\"https:\/\/www.youtube.com\/embed\/n0ZQvCS_4z4?feature=oembed\" frameborder=\"0\" allow=\"accelerometer; autoplay; clipboard-write; encrypted-media; gyroscope; picture-in-picture; web-share\" referrerpolicy=\"strict-origin-when-cross-origin\" allowfullscreen><\/iframe><\/p>\n<p>&nbsp;<\/p>\n<p>&nbsp;<\/p>\n","protected":false},"excerpt":{"rendered":"<p><strong>CRKT Chanceinhell K910KKP je vysoko v\u00fdkonn\u00fd n\u00f4\u017e na pre\u017eitie, ktor\u00fd je ide\u00e1lny na kosenie, \u0161tiepanie a \u0165a\u017ek\u00fa \u200b\u200bpr\u00e1cu v pr\u00edrode. S odolnou \u010depe\u013eou z uhl\u00edkovej ocele, ergonomickou rukov\u00e4\u0165ou a praktick\u00fdm puzdrom, je to perfektn\u00fd n\u00e1stroj pre ka\u017ed\u00e9ho, kto h\u013ead\u00e1 siln\u00fd a spo\u013eahliv\u00fd n\u00e1stroj na pre\u017eitie. Jeho v\u0161estrannos\u0165 a v\u00fdkonnos\u0165 ho rob\u00ed ide\u00e1lnym spolo\u010dn\u00edkom na pre\u017eitie, kempovanie alebo lesn\u00e9 pr\u00e1ce.  <\/strong><\/p>\n","protected":false},"featured_media":226201,"comment_status":"open","ping_status":"closed","template":"","meta":[],"pwb-brand":[3249],"product_brand":[],"product_cat":[3186,3187],"product_tag":[3668],"class_list":{"0":"post-400871","1":"product","2":"type-product","3":"status-publish","4":"has-post-thumbnail","6":"pwb-brand-zatvaraci-noz-crkt-delilahs-p-e-c-k-5520","7":"product_cat-noze-sk","8":"product_cat-pevne-noze-sk","9":"product_tag-b2b-sk","11":"first","12":"instock","13":"taxable","14":"shipping-taxable","15":"purchasable","16":"product-type-simple"},"brands":[{"id":3249,"name":"Zatv\u00e1rac\u00ed N\u00f4\u017e CRKT DELILAH'S P.E.C.K. 5520","slug":"zatvaraci-noz-crkt-delilahs-p-e-c-k-5520"}],"_links":{"self":[{"href":"https:\/\/www.moskito.cz\/sk\/wp-json\/wp\/v2\/product\/400871","targetHints":{"allow":["GET"]}}],"collection":[{"href":"https:\/\/www.moskito.cz\/sk\/wp-json\/wp\/v2\/product"}],"about":[{"href":"https:\/\/www.moskito.cz\/sk\/wp-json\/wp\/v2\/types\/product"}],"replies":[{"embeddable":true,"href":"https:\/\/www.moskito.cz\/sk\/wp-json\/wp\/v2\/comments?post=400871"}],"wp:featuredmedia":[{"embeddable":true,"href":"https:\/\/www.moskito.cz\/sk\/wp-json\/wp\/v2\/media\/226201"}],"wp:attachment":[{"href":"https:\/\/www.moskito.cz\/sk\/wp-json\/wp\/v2\/media?parent=400871"}],"wp:term":[{"taxonomy":"pwb-brand","embeddable":true,"href":"https:\/\/www.moskito.cz\/sk\/wp-json\/wp\/v2\/pwb-brand?post=400871"},{"taxonomy":"product_brand","embeddable":true,"href":"https:\/\/www.moskito.cz\/sk\/wp-json\/wp\/v2\/product_brand?post=400871"},{"taxonomy":"product_cat","embeddable":true,"href":"https:\/\/www.moskito.cz\/sk\/wp-json\/wp\/v2\/product_cat?post=400871"},{"taxonomy":"product_tag","embeddable":true,"href":"https:\/\/www.moskito.cz\/sk\/wp-json\/wp\/v2\/product_tag?post=400871"}],"curies":[{"name":"wp","href":"https:\/\/api.w.org\/{rel}","templated":true}]}}