{"id":418992,"date":"2025-07-19T16:10:42","date_gmt":"2025-07-19T15:10:42","guid":{"rendered":"https:\/\/www.moskito.cz\/?post_type=product&#038;p=418992"},"modified":"2025-07-19T16:10:42","modified_gmt":"2025-07-19T15:10:42","slug":"arcos-5dilna-kuchynska-sada-riviera-series-ocilka-blok-234200","status":"publish","type":"product","link":"https:\/\/www.moskito.cz\/sk\/produkt\/arcos-5dilna-kuchynska-sada-riviera-series-ocilka-blok-234200\/","title":{"rendered":"Arcos 5d\u00edln\u00e1 Kuchy\u0148sk\u00e1 Sada Riviera Series + oc\u00edlka + blok 234200"},"content":{"rendered":"<h1 data-pm-slice=\"1 1 []\">\ud83c\udf7d\ufe0f Arcos 5d\u00edln\u00e1 kuchy\u0148sk\u00e1 sada Riviera 234200 \u2013 Elegantn\u00ed s\u00edla pro ka\u017edodenn\u00ed va\u0159en\u00ed<\/h1>\n<p>\u0160pan\u011blsk\u00e1 zna\u010dka Arcos p\u0159in\u00e1\u0161\u00ed s touto sadou z \u0159ady <strong>Riviera<\/strong> dokonalou rovnov\u00e1hu mezi <strong>eleganc\u00ed, ergonomi\u00ed a precizn\u00ed \u010depel\u00ed<\/strong>. Riviera je s\u00e9rie navr\u017een\u00e1 pro ty, kte\u0159\u00ed si potrp\u00ed na kvalitn\u00ed n\u00e1stroje, ale necht\u011bj\u00ed se pou\u0161t\u011bt do p\u0159ehnan\u00fdch cenov\u00fdch hladin. Tahle sada t\u011b nadchne svou v\u00fdbavou, vzhledem i trvanlivost\u00ed.<\/p>\n<div>\n<hr \/>\n<\/div>\n<h2>\ud83d\udce6 Obsah sady:<\/h2>\n<p>S touto kuchy\u0148skou sadou budete m\u00edt k dispozici <strong>\u0159adu produkt\u016f, kter\u00e9 v\u00e1m pomohou s kuchy\u0148sk\u00fdmi \u00fakoly a p\u0159\u00edpravou lahodn\u00fdch pokrm\u016f<\/strong>. Sada obsahuje \u010dty\u0159i no\u017ee z \u0159ady Riviera a oc\u00edlku na brou\u0161en\u00ed v\u0161ech va\u0161ich no\u017e\u016f. Sou\u010d\u00e1st\u00ed je tak\u00e9 d\u0159ev\u011bn\u00fd blok, kter\u00fd poskytuje dostate\u010dn\u00fd \u00falo\u017en\u00fd prostor pro ve\u0161ker\u00e9 va\u0161e kuchy\u0148sk\u00e9 n\u00e1\u010din\u00ed.<\/p>\n<ul data-spread=\"false\">\n<li>\ud83e\udd55 <strong>Loupac\u00ed n\u016f\u017e<\/strong> 100 mm \u2013 ide\u00e1ln\u00ed na kr\u00e1jen\u00ed zeleniny, ovoce a ko\u0159enov\u00e9 zeleniny<\/li>\n<li>\ud83c\udf5e <strong>N\u016f\u017e na chl\u00e9b<\/strong> 200 mm \u2013 zvl\u00e1dne ka\u017ed\u00fd druh pe\u010diva<\/li>\n<li>\ud83c\udf56 <strong>N\u016f\u017e na \u0161unku<\/strong> 250 mm \u2013 pro perfektn\u00ed, tenk\u00e9 pl\u00e1tky<\/li>\n<li>\ud83c\udf57 <strong>Kucha\u0159sk\u00e9 no\u017ee<\/strong> 150 mm a 200 mm \u2013 univerz\u00e1ln\u00ed pro maso, ryby, cibuli i v\u011bt\u0161inu ostatn\u00edch surovin<\/li>\n<li>\ud83d\udd2a <strong>Oc\u00edlka<\/strong> \u2013 pro pravidelnou \u00fadr\u017ebu ost\u0159\u00ed<\/li>\n<li>\ud83c\udf33 <strong>D\u0159ev\u011bn\u00fd blok<\/strong> \u2013 estetick\u00fd a praktick\u00fd<\/li>\n<\/ul>\n<div>\n<hr \/>\n<\/div>\n<h2>\ud83e\uddea Technick\u00e9 specifikace:<\/h2>\n<ul data-spread=\"false\">\n<li><strong>S\u00e9rie:<\/strong> Riviera<\/li>\n<li><strong>Ocel:<\/strong> NITRUM\u00ae \u2013 vysoce odoln\u00e1 nerezov\u00e1 ocel s dlouhou \u017eivotnost\u00ed ost\u0159\u00ed<\/li>\n<li><strong>Tvrdost \u010depele:<\/strong> cca 56 HRC<\/li>\n<li><strong>Rukoje\u0165:<\/strong> Polyoxymetylen (POM) \u2013 stabiln\u00ed, nedeformuje se ani p\u0159i vysok\u00e9 teplot\u011b<\/li>\n<li><strong>Zpevn\u011bn\u00e1 z\u00e1\u0161tita:<\/strong> pro vy\u0161\u0161\u00ed bezpe\u010dnost p\u0159i kr\u00e1jen\u00ed<\/li>\n<li><strong>N\u00fdty:<\/strong> z nerezov\u00e9 oceli<\/li>\n<li><strong>Vyrobeno v:<\/strong> Albacete, \u0160pan\u011blsko<\/li>\n<\/ul>\n<div>\n<hr \/>\n<\/div>\n<h2>\u2705 Pro\u010d si vybrat tyto no\u017ee Riviera?<\/h2>\n<ul data-spread=\"false\">\n<li>\u2705 <strong>\u010cepel z nerezov\u00e9 oceli Nitrum\u00ae<\/strong> zaru\u010duje dlouhotrvaj\u00edc\u00ed ost\u0159\u00ed<\/li>\n<li>\u2705 <strong>Ergonomick\u00e1 rukoje\u0165 z polyoxymethylenu (POM)<\/strong> \u2013 pohodln\u00e9 dr\u017een\u00ed, odoln\u00e1 v\u016f\u010di n\u00e1raz\u016fm a vysok\u00fdm teplot\u00e1m<\/li>\n<li>\u2705 <strong>N\u00fdty z nerezov\u00e9 oceli<\/strong> pro perfektn\u00ed a pevn\u00e9 uchycen\u00ed<\/li>\n<li>\u2705 <strong>Ur\u010deno pro n\u00e1ro\u010dn\u00e9 nebo ru\u0161n\u00e9 kuchyn\u011b<\/strong> \u2013 zvl\u00e1dne ka\u017edodenn\u00ed profesion\u00e1ln\u00ed z\u00e1t\u011b\u017e<\/li>\n<\/ul>\n<p>S t\u00edmto no\u017eem si u\u017eijete kvalitu <strong>Arcos<\/strong> \u2013 <strong>\u0161pan\u011blsk\u00e9 zna\u010dky s tradic\u00ed od roku 1734<\/strong>, kter\u00e1 se specializuje na v\u00fdrobu kvalitn\u00edch p\u0159\u00edbor\u016f a no\u017e\u016f. Po\u0159i\u010fte si ho hned te\u010f!<\/p>\n<div>\n<hr \/>\n<\/div>\n<h2>\ud83d\udee0\ufe0f \u00dadr\u017eba a brou\u0161en\u00ed:<\/h2>\n<ul data-spread=\"false\">\n<li>Doporu\u010dujeme <strong>ru\u010dn\u00ed myt\u00ed<\/strong> \u2013 pro maxim\u00e1ln\u00ed \u017eivotnost a udr\u017een\u00ed kvality ost\u0159\u00ed<\/li>\n<li>Pou\u017e\u00edvejte dodanou <strong>oc\u00edlku<\/strong> pro b\u011b\u017enou \u00fadr\u017ebu<\/li>\n<li>Pro dokonal\u00e9 ost\u0159\u00ed doporu\u010dujeme tak\u00e9:<br \/>\n\ud83d\udce2 <strong><a>brousek Vulk\u00e1nus Classic G2<\/a><\/strong> nebo <strong><a>Vulk\u00e1nus skl\u00e1dac\u00ed<\/a><\/strong> \u2013 ide\u00e1ln\u00ed i pro hladk\u00e1 ost\u0159\u00ed. \ud83d\uded2 Koup\u00edte na na\u0161ich str\u00e1nk\u00e1ch <a href=\"https:\/\/www.moskito.cz\/\">Moskito.cz<\/a>.<\/li>\n<\/ul>\n<div>\n<hr \/>\n<\/div>\n<h2>\u2696\ufe0f Porovn\u00e1n\u00ed s konkurenc\u00ed:<\/h2>\n<table>\n<tbody>\n<tr>\n<th>Zna\u010dka<\/th>\n<th>Model<\/th>\n<th>Ocel<\/th>\n<th>Rukoje\u0165<\/th>\n<th>Cena<\/th>\n<th>Zem\u011b v\u00fdroby<\/th>\n<\/tr>\n<tr>\n<td><strong>Arcos<\/strong><\/td>\n<td>Riviera 234200<\/td>\n<td>NITRUM\u00ae<\/td>\n<td>POM<\/td>\n<td>\ud83d\udcb0\ud83d\udcb0\ud83d\udcb0<\/td>\n<td>\ud83c\uddea\ud83c\uddf8 \u0160pan\u011blsko<\/td>\n<\/tr>\n<tr>\n<td>W\u00fcsthof<\/td>\n<td>Classic Ikon (5d\u00edln\u00e1 sada)<\/td>\n<td>X50CrMoV15<\/td>\n<td>Syntetick\u00e1<\/td>\n<td>\ud83d\udcb0\ud83d\udcb0\ud83d\udcb0\ud83d\udcb0<\/td>\n<td>\ud83c\udde9\ud83c\uddea N\u011bmecko<\/td>\n<\/tr>\n<tr>\n<td>Victorinox<\/td>\n<td>Swiss Modern (5 ks)<\/td>\n<td>Inox<\/td>\n<td>Polypropylen<\/td>\n<td>\ud83d\udcb0\ud83d\udcb0\ud83d\udcb0<\/td>\n<td>\ud83c\udde8\ud83c\udded \u0160v\u00fdcarsko<\/td>\n<\/tr>\n<tr>\n<td>Fiskars<\/td>\n<td>Edge Block Set<\/td>\n<td>Nerez<\/td>\n<td>SoftGrip\u2122<\/td>\n<td>\ud83d\udcb0\ud83d\udcb0<\/td>\n<td>\ud83c\uddeb\ud83c\uddee Finsko<\/td>\n<\/tr>\n<\/tbody>\n<\/table>\n<p>\u27a1\ufe0f <strong>Arcos Riviera<\/strong> vynik\u00e1 skv\u011bl\u00fdm pom\u011brem <strong>kvality, designu a ceny<\/strong> \u2013 a p\u0159itom si zachov\u00e1v\u00e1 evropsk\u00fd p\u016fvod i d\u016fv\u011bru profesion\u00e1l\u016f.<\/p>\n<div>\n<hr \/>\n<\/div>\n<h2>\u2764\ufe0f Pro\u010d si ji obl\u00edb\u00ed\u0161:<\/h2>\n<p>Proto\u017ee nab\u00edz\u00ed <strong>kompletn\u00ed sadu n\u00e1stroj\u016f<\/strong>, kter\u00e9 opravdu vyu\u017eije\u0161 \u2013 \u017e\u00e1dn\u00e9 nadbyte\u010dnosti. V\u0161echny no\u017ee maj\u00ed <strong>profesion\u00e1ln\u00ed kvalitu<\/strong>, oc\u00edlka t\u011b udr\u017e\u00ed ve h\u0159e a d\u0159ev\u011bn\u00fd blok skv\u011ble zapadne do ka\u017ed\u00e9 kuchyn\u011b.<\/p>\n<div>\n<hr \/>\n<\/div>\n<h2>\ud83d\udd1a Z\u00e1v\u011bre\u010dn\u00e9 hodnocen\u00ed:<\/h2>\n<p><strong>Arcos 234200 Riviera<\/strong> je <strong>skv\u011blou volbou pro ka\u017ed\u00e9ho, kdo to s va\u0159en\u00edm mysl\u00ed v\u00e1\u017en\u011b<\/strong>, ale z\u00e1rove\u0148 nechce utratit trojn\u00e1sobek jen za zna\u010dku. Pr\u00e9miov\u00e1 kvalita z d\u00edlny s tradic\u00ed, promy\u0161len\u00fd v\u00fdb\u011br no\u017e\u016f a oc\u00edlka, kterou vyu\u017eije\u0161 ka\u017ed\u00fd den. <strong>Vyv\u00e1\u017een\u00fd a kr\u00e1sn\u00fd kuchy\u0148sk\u00fd set, kter\u00fd t\u011b nezklame.<\/strong><\/p>\n","protected":false},"excerpt":{"rendered":"<p><strong>Proto\u017ee nab\u00edz\u00ed kompletn\u00ed sadu n\u00e1stroj\u016f, kter\u00e9 opravdu vyu\u017eije\u0161 \u2013 \u017e\u00e1dn\u00e9 nadbyte\u010dnosti. V\u0161echny no\u017ee maj\u00ed profesion\u00e1ln\u00ed kvalitu, oc\u00edlka t\u011b udr\u017e\u00ed ve h\u0159e a d\u0159ev\u011bn\u00fd blok skv\u011ble zapadne do ka\u017ed\u00e9 kuchyn\u011b.<\/strong><\/p>\n","protected":false},"featured_media":418993,"comment_status":"open","ping_status":"closed","template":"","meta":[],"pwb-brand":[1950],"product_brand":[],"product_cat":[21],"product_tag":[],"class_list":{"0":"post-418992","1":"product","2":"type-product","3":"status-publish","4":"has-post-thumbnail","6":"pwb-brand-arcos","7":"product_cat-kuchynske-noze","9":"first","10":"instock","11":"taxable","12":"shipping-taxable","13":"purchasable","14":"product-type-simple"},"brands":[{"id":1950,"name":"Arcos","slug":"arcos"}],"_links":{"self":[{"href":"https:\/\/www.moskito.cz\/sk\/wp-json\/wp\/v2\/product\/418992","targetHints":{"allow":["GET"]}}],"collection":[{"href":"https:\/\/www.moskito.cz\/sk\/wp-json\/wp\/v2\/product"}],"about":[{"href":"https:\/\/www.moskito.cz\/sk\/wp-json\/wp\/v2\/types\/product"}],"replies":[{"embeddable":true,"href":"https:\/\/www.moskito.cz\/sk\/wp-json\/wp\/v2\/comments?post=418992"}],"wp:featuredmedia":[{"embeddable":true,"href":"https:\/\/www.moskito.cz\/sk\/wp-json\/wp\/v2\/media\/418993"}],"wp:attachment":[{"href":"https:\/\/www.moskito.cz\/sk\/wp-json\/wp\/v2\/media?parent=418992"}],"wp:term":[{"taxonomy":"pwb-brand","embeddable":true,"href":"https:\/\/www.moskito.cz\/sk\/wp-json\/wp\/v2\/pwb-brand?post=418992"},{"taxonomy":"product_brand","embeddable":true,"href":"https:\/\/www.moskito.cz\/sk\/wp-json\/wp\/v2\/product_brand?post=418992"},{"taxonomy":"product_cat","embeddable":true,"href":"https:\/\/www.moskito.cz\/sk\/wp-json\/wp\/v2\/product_cat?post=418992"},{"taxonomy":"product_tag","embeddable":true,"href":"https:\/\/www.moskito.cz\/sk\/wp-json\/wp\/v2\/product_tag?post=418992"}],"curies":[{"name":"wp","href":"https:\/\/api.w.org\/{rel}","templated":true}]}}