{"id":419906,"date":"2025-08-08T16:41:09","date_gmt":"2025-08-08T15:41:09","guid":{"rendered":"https:\/\/www.moskito.cz\/?post_type=product&#038;p=419906"},"modified":"2025-12-30T20:33:32","modified_gmt":"2025-12-30T19:33:32","slug":"zaviraci-nuz-spyderco-paramilitary-2-salt-c81gmcbkp2","status":"publish","type":"product","link":"https:\/\/www.moskito.cz\/sk\/produkt\/zaviraci-nuz-spyderco-paramilitary-2-salt-c81gmcbkp2\/","title":{"rendered":"Zav\u00edrac\u00ed N\u016f\u017e Spyderco Paramilitary 2 Salt C81GMCBKP2"},"content":{"rendered":"<h3 data-start=\"64\" data-end=\"140\">Spyderco Paramilitary 2 Salt \u2013 \u010cern\u00fd G10, CPM-MagnaCut, model C81GMCBKP2<\/h3>\n<p data-start=\"142\" data-end=\"371\"><strong data-start=\"142\" data-end=\"371\">\u201eUltim\u00e1tn\u00ed\u201c je siln\u00e9 slovo. Podstata jeho pou\u017eit\u00ed je nav\u00edc velmi subjektivn\u00ed \u2014 a spr\u00e1vn\u011b tak. P\u0159esto, kdy\u017e jde o popis v\u00fdjime\u010dn\u00e9 synt\u00e9zy designu, reputace a materi\u00e1l\u016f no\u017ee Paramilitary 2 Salt, slovo \u201eultim\u00e1tn\u00ed\u201c sed\u00ed dokonale.<\/strong><\/p>\n<p data-start=\"373\" data-end=\"759\">Design Paramilitary 2 vych\u00e1z\u00ed z prvotn\u00edho modelu prvn\u00ed generace a je\u0161t\u011b d\u00e1le ze slavn\u00e9ho Spyderco Military Modelu. Navr\u017een\u00fd spoluzakladatelem Spyderco Salem Glesserem a p\u0159edstaven\u00fd v roce 1996, Military p\u0159edstavoval Salovu vizi ide\u00e1ln\u00edho \u0159ezu pro ozbrojen\u00e9 s\u00edly. D\u00edky sv\u00fdm kvalit\u00e1m si rychle z\u00edskal i dal\u0161\u00ed z\u00e1kazn\u00edky a stal se jedn\u00edm z nejikoni\u010dt\u011bj\u0161\u00edch design\u016f skl\u00e1dac\u00edch no\u017e\u016f na sv\u011bt\u011b.<\/p>\n<p data-start=\"761\" data-end=\"1427\">V roce 2004 Spyderco uvedlo prvn\u00ed generaci Paramilitary, kter\u00e1 nab\u00eddla stejnou spolehlivost a v\u00fdkon jako Military, ale v kompaktn\u011bj\u0161\u00edm, l\u00e9pe p\u0159enosn\u00e9m proveden\u00ed. Paramilitary tak\u00e9 p\u0159edstavil inovativn\u00ed Compression Lock \u2013 z\u00e1mek mechanicky odli\u0161n\u00fd a v\u00fdrazn\u011b pevn\u011bj\u0161\u00ed ne\u017e klasick\u00fd LinerLock. Um\u00edst\u011bn\u00fd na h\u0159betu rukojeti umo\u017e\u0148uje snadn\u00e9 zav\u00edr\u00e1n\u00ed jednou rukou, ani\u017e byste si hrozili prsty. Prvn\u00ed verze se vyr\u00e1b\u011bla s \u010dern\u00fdmi G10 st\u0159enkami a volbou \u010depele s hladk\u00fdm ost\u0159\u00edm PlainEdge nebo SpyderEdge z oceli CPM S30V. Model se stal okam\u017eit\u00fdm hitem a inspiroval \u0159adu variant v\u010detn\u011b \u010dern\u011b pota\u017een\u00fdch \u010depel\u00ed, G10 rukojet\u00ed s digit\u00e1ln\u00edm maskov\u00e1n\u00edm a limitovan\u00fdch edic Sprint Run.<\/p>\n<p data-start=\"1429\" data-end=\"1761\">Ve snaze neust\u00e1le zlep\u0161ovat kvalitu (C.Q.I.) Spyderco v roce 2010 posunulo la\u0165ku v\u00fd\u0161 s vylep\u0161en\u00fdm modelem Paramilitary 2. Druh\u00e1 generace p\u0159inesla lep\u0161\u00ed z\u00e1mek, ergonomii, zapu\u0161t\u011bn\u00e9 \u0161rouby a \u010dty\u0159polohov\u00fd klip pro univerz\u00e1ln\u00ed no\u0161en\u00ed. Tyto zm\u011bny upevnily Paramilitary 2 jako jeden z nejprod\u00e1van\u011bj\u0161\u00edch a nejobl\u00edben\u011bj\u0161\u00edch model\u016f Spyderco.<\/p>\n<p data-start=\"1763\" data-end=\"1966\">S rostouc\u00ed popularitou vznikaly dal\u0161\u00ed varianty s odli\u0161n\u00fdmi ocelmi, povrchy a barvami. Objevily se i limitovan\u00e9 edice s unik\u00e1tn\u00edmi tvary \u010depel\u00ed, brou\u0161en\u00edmi a speci\u00e1ln\u00edmi funkcemi Emerson Opening Features.<\/p>\n<p data-start=\"1968\" data-end=\"2335\">Po mnoha verz\u00edch se Paramilitary 2 vyhoupl mezi ikony sv\u011bta no\u017e\u016f. Pro mnoho u\u017eivatel\u016f je vrcholem designu skl\u00e1dac\u00edho EDC no\u017ee a bl\u00ed\u017e\u00ed se dokonalosti. Co by ho mohlo je\u0161t\u011b zlep\u0161it? Co t\u0159eba revolu\u010dn\u00ed, \u0161pi\u010dkov\u00e1 ocel, ultra odoln\u00e9 kovov\u00e9 komponenty a unik\u00e1tn\u00ed texturovan\u00e1 rukoje\u0165 zvy\u0161uj\u00edc\u00ed jistotu \u00fachopu v mokr\u00e9m prost\u0159ed\u00ed? T\u00edm je \u010dlenem elitn\u00ed Salt Series od Spyderco.<\/p>\n<hr data-start=\"2337\" data-end=\"2340\" \/>\n<h3 data-start=\"2342\" data-end=\"2362\">Slan\u00e9 vlastnosti<\/h3>\n<p data-start=\"2364\" data-end=\"3091\">Ocel CPM MagnaCut je jedn\u00edm z nej\u017ehav\u011bj\u0161\u00edch materi\u00e1l\u016f ve sv\u011bt\u011b no\u017e\u016f. Spyderco ji ji\u017e detailn\u011b p\u0159edstavilo v minul\u00fdch vyd\u00e1n\u00edch, ale pro rychl\u00fd p\u0159ehled: MagnaCut navrhl Larrin Thomas, doktor metallurgie a syn slavn\u00e9ho v\u00fdrobce damasc\u00e9nsk\u00fdch ocel\u00ed Devin Thomas. Ocel je speci\u00e1ln\u011b vyvinuta pro no\u017e\u00ed\u0159sk\u00fd pr\u016fmysl a jej\u00ed slo\u017een\u00ed je p\u0159esn\u011b vyv\u00e1\u017een\u00e9 tak, \u017ee obsah chromu je sn\u00ed\u017een do p\u0159esn\u00e9ho rozsahu. P\u0159id\u00e1n\u00ed vanadu a niobu podporuje vznik karbid\u016f, kter\u00e9 zaji\u0161\u0165uj\u00ed vynikaj\u00edc\u00ed odolnost proti opot\u0159eben\u00ed a z\u00e1rove\u0148 pevnost materi\u00e1lu. To zabra\u0148uje tvorb\u011b karbid\u016f chromu a chrom z\u016fst\u00e1v\u00e1 \u201erozpu\u0161t\u011bn\u201c v oceli, co\u017e poskytuje vynikaj\u00edc\u00ed odolnost v\u016f\u010di korozi. V\u00fdsledkem je materi\u00e1l, kter\u00fd spojuje v\u0161echny nej\u017e\u00e1dan\u011bj\u0161\u00ed vlastnosti oceli pro \u010depele.<\/p>\n<p data-start=\"3093\" data-end=\"3352\">A\u010dkoli odolnost MagnaCut proti korozi nedosahuje zcela \u00farovn\u011b ultra odoln\u00fdch ocel\u00ed Spyderco LC200N nebo H-2, intern\u00ed testy potvrdily, \u017ee je vhodn\u00e1 pro za\u0159azen\u00ed do Salt Series. D\u00edky tomu se MagnaCut stala aktu\u00e1ln\u00edm trendem pro no\u017ee ur\u010den\u00e9 do vodn\u00edho prost\u0159ed\u00ed.<\/p>\n<p data-start=\"3354\" data-end=\"3715\">Logicky tedy byla volba MagnaCut pro popul\u00e1rn\u00ed platformu Paramilitary 2 snadn\u00e1. Ale za\u0159adit tento n\u016f\u017e do Salt Series znamenalo mnohem v\u00edc ne\u017e jen pou\u017eit\u00ed MagnaCut \u010depele. Spyderco muselo zabr\u00e1nit galvanick\u00e9 korozi vznikaj\u00edc\u00ed p\u0159i kontaktu r\u016fzn\u00fdch kov\u016f v p\u0159\u00edtomnosti vodiv\u00e9ho roztoku. To vy\u017eadovalo d\u016fkladn\u00fd v\u00fdzkum a volbu materi\u00e1l\u016f pro ostatn\u00ed kovov\u00e9 \u010d\u00e1sti no\u017ee.<\/p>\n<p data-start=\"3717\" data-end=\"4248\">Pro vizu\u00e1ln\u00ed odli\u0161en\u00ed modelu Paramilitary 2 Salt a zv\u00fd\u0161en\u00ed jistoty \u00fachopu v mokr\u00fdch podm\u00ednk\u00e1ch byla rukoje\u0165 opat\u0159ena CNC fr\u00e9zovan\u00fdm vzorem \u201eCaribbean Bi-Directional Texture\u201c, kter\u00fd byl inspirov\u00e1n \u00fasp\u011b\u0161n\u00fdmi modely Caribbean Salts. Tento vzor tvo\u0159\u00ed zak\u0159iven\u00e9 dr\u00e1\u017eky vych\u00e1zej\u00edc\u00ed ze st\u0159edu rukojeti, dopln\u011bn\u00e9 zv\u00fd\u0161en\u00fdm h\u0159ebenem po cel\u00e9 d\u00e9lce. Ten tak\u00e9 slou\u017e\u00ed jako \u201epodlo\u017eka\u201c pro klip, aby jeho uchopen\u00ed bylo plynul\u00e9 bez ohledu na pozici no\u017ee v kapse. V\u00fdsledek je vizu\u00e1ln\u011b p\u016fsobiv\u00fd vzor s vynikaj\u00edc\u00ed p\u0159ilnavost\u00ed i v n\u00e1ro\u010dn\u00fdch podm\u00ednk\u00e1ch.<\/p>\n<p data-start=\"4250\" data-end=\"4858\">Prvn\u00ed vydan\u00e1 verze Paramilitary 2 Salt je cel\u00e1 \u010dern\u00e1, ide\u00e1ln\u00ed pro taktick\u00e9 pou\u017eit\u00ed, kde je d\u016fle\u017eit\u00e1 nen\u00e1padnost. \u010cepel s ploch\u00fdm brou\u0161en\u00edm je z MagnaCut oceli s \u010dern\u00fdm DLC povlakem a hladk\u00fdm ost\u0159\u00edm PlainEdge. Kovov\u00e9 \u010d\u00e1sti rukojeti jsou vyrobeny z vysoce odoln\u00fdch materi\u00e1l\u016f kompatibiln\u00edch navz\u00e1jem, v\u011bt\u0161ina s \u010dern\u00fdm povrchem, lad\u00edc\u00edm k \u010depele. Ostatn\u00ed vlastnosti z\u016fst\u00e1vaj\u00ed stejn\u00e9 jako u standardn\u00edho Paramilitary 2 \u2013 v\u010detn\u011b vkl\u00e1dan\u00fdch nerezov\u00fdch liner\u016f, pevn\u00e9ho Compression Lock z\u00e1mku, velk\u00e9 d\u00edrky na \u0161\u0148\u016frku, univerz\u00e1ln\u00edho \u010dty\u0159polohov\u00e9ho klipu a tradi\u010dn\u00ed kulat\u00e9 otv\u00edrac\u00ed d\u00edrky pro rychl\u00e9 a pohodln\u00e9 otev\u00edr\u00e1n\u00ed.<\/p>\n<p data-start=\"4860\" data-end=\"5030\">\u201eUltim\u00e1tn\u00ed\u201c tedy opravdu plat\u00ed, zvl\u00e1\u0161\u0165 kdy\u017e spoj\u00edte legend\u00e1rn\u00ed Paramilitary 2 s v\u00fdjime\u010dnou ocel\u00ed MagnaCut a vylep\u0161enou texturou rukojeti. A kdo v\u00ed, co p\u0159inese budoucnost?<\/p>\n<p data-start=\"0\" data-end=\"109\"><strong data-start=\"0\" data-end=\"109\">Spyderco Paramilitary 2 Salt \u2013 Robustn\u00ed zav\u00edrac\u00ed n\u016f\u017e s oce\u00e1nskou odolnost\u00ed a \u0161pi\u010dkovou ocel\u00ed CPM-MagnaCut<\/strong><\/p>\n<p data-start=\"111\" data-end=\"484\">Spyderco Paramilitary 2 Salt je vylep\u0161en\u00e1 verze popul\u00e1rn\u00edho Paramilitary 2, kter\u00e1 je speci\u00e1ln\u011b navr\u017eena pro odolnost v\u016f\u010di korozi i v extr\u00e9mn\u00edch podm\u00ednk\u00e1ch, jako je mo\u0159sk\u00e9 prost\u0159ed\u00ed. D\u00edky pr\u00e9miov\u00e9 oceli CPM-MagnaCut s povrchovou \u00fapravou DLC a rukojeti z odoln\u00e9ho \u010dern\u00e9ho G10 je tento n\u016f\u017e spolehliv\u00fdm spole\u010dn\u00edkem pro n\u00e1ro\u010dn\u00e9 u\u017eivatele, kte\u0159\u00ed vy\u017eaduj\u00ed vysok\u00fd v\u00fdkon a odolnost.<\/p>\n<h3 data-start=\"1857\" data-end=\"1874\">Hlavn\u00ed v\u00fdhody<\/h3>\n<p data-start=\"1876\" data-end=\"2510\">\u2705 <strong data-start=\"1878\" data-end=\"1900\">CPM-MagnaCut ocel:<\/strong> Nov\u00e1 pr\u00e9miov\u00e1 ocel od Spyderco, kter\u00e1 nab\u00edz\u00ed vynikaj\u00edc\u00ed kombinaci tvrdosti, odolnosti proti korozi a jednoduch\u00e9 \u00fadr\u017eby. Perfektn\u00ed pro pr\u00e1ci ve vlhk\u00e9m a slan\u00e9m prost\u0159ed\u00ed.<br data-start=\"2070\" data-end=\"2073\" \/>\u2705 <strong data-start=\"2075\" data-end=\"2100\">DLC povrchov\u00e1 \u00faprava:<\/strong> Zvy\u0161uje odolnost proti od\u011bru a korozivn\u00edm vliv\u016fm a z\u00e1rove\u0148 dod\u00e1v\u00e1 no\u017ei stylov\u00fd matn\u00fd \u010dern\u00fd vzhled.<br data-start=\"2199\" data-end=\"2202\" \/>\u2705 <strong data-start=\"2204\" data-end=\"2224\">Kompresn\u00ed z\u00e1mek:<\/strong> Robustn\u00ed a spolehliv\u00fd z\u00e1mek s hladk\u00fdm mechanismem ovl\u00e1d\u00e1n\u00ed jednou rukou.<br data-start=\"2297\" data-end=\"2300\" \/>\u2705 <strong data-start=\"2302\" data-end=\"2332\">Ergonomick\u00e1 rukoje\u0165 z G10:<\/strong> Lehk\u00e1, pevn\u00e1 a odoln\u00e1 s protiskluzovou texturou pro bezpe\u010dn\u00fd \u00fachop za ka\u017ed\u00fdch podm\u00ednek.<br data-start=\"2420\" data-end=\"2423\" \/>\u2705 <strong data-start=\"2425\" data-end=\"2454\">Oboustrann\u00fd dr\u00e1t\u011bn\u00fd klip:<\/strong> Umo\u017e\u0148uje komfortn\u00ed no\u0161en\u00ed v kapse pro prav\u00e1ky i lev\u00e1ky.<\/p>\n<hr data-start=\"2512\" data-end=\"2515\" \/>\n<h3 data-start=\"2517\" data-end=\"2529\">Nev\u00fdhody<\/h3>\n<p data-start=\"2531\" data-end=\"2672\">\u26a0\ufe0f Vy\u0161\u0161\u00ed cena oproti b\u011b\u017en\u00fdm ocel\u00edm, ale odpov\u00eddaj\u00edc\u00ed kvalita a odolnost.<br data-start=\"2603\" data-end=\"2606\" \/>\u26a0\ufe0f Povrch DLC m\u016f\u017ee b\u00fdt n\u00e1chyln\u00fd na \u0161kr\u00e1bance p\u0159i hrub\u00e9m zach\u00e1zen\u00ed.<\/p>\n<hr data-start=\"2674\" data-end=\"2677\" \/>\n<h3 data-start=\"2679\" data-end=\"2689\">\u00dadr\u017eba<\/h3>\n<p data-start=\"2691\" data-end=\"2985\">Pro udr\u017een\u00ed maxim\u00e1ln\u00ed ostrosti doporu\u010dujeme <strong data-start=\"2735\" data-end=\"2809\">Brousek Spyderco Tri-Angle Sharpmaker Complete Sharpening System 204MF<\/strong> \u2013 ide\u00e1ln\u00ed i pro hladk\u00e1 ost\u0159\u00ed. \ud83d\uded2 Koup\u00edte na na\u0161ich str\u00e1nk\u00e1ch Moskito.cz.<br data-start=\"2882\" data-end=\"2885\" \/>\u010cepele pravideln\u011b \u010dist\u011bte a su\u0161te, aby nedo\u0161lo k po\u0161kozen\u00ed povrchu a zachov\u00e1n\u00ed perfektn\u00ed funk\u010dnosti.<\/p>\n<hr data-start=\"2987\" data-end=\"2990\" \/>\n<h3 data-start=\"2992\" data-end=\"3044\">Pro koho je Spyderco Paramilitary 2 Salt vhodn\u00fd?<\/h3>\n<ul data-start=\"3046\" data-end=\"3359\">\n<li data-start=\"3046\" data-end=\"3141\">\n<p data-start=\"3048\" data-end=\"3141\">Pro u\u017eivatele, kte\u0159\u00ed pracuj\u00ed v n\u00e1ro\u010dn\u00fdch podm\u00ednk\u00e1ch, zejm\u00e9na ve vlhk\u00e9m \u010di slan\u00e9m prost\u0159ed\u00ed.<\/p>\n<\/li>\n<li data-start=\"3142\" data-end=\"3213\">\n<p data-start=\"3144\" data-end=\"3213\">Pro milovn\u00edky Spyderco hledaj\u00edc\u00ed modern\u00ed ocel s dlouhou \u017eivotnost\u00ed.<\/p>\n<\/li>\n<li data-start=\"3214\" data-end=\"3297\">\n<p data-start=\"3216\" data-end=\"3297\">Pro v\u0161echny, kdo pot\u0159ebuj\u00ed spolehliv\u00fd EDC n\u016f\u017e s vysokou odolnost\u00ed proti korozi.<\/p>\n<\/li>\n<li data-start=\"3298\" data-end=\"3359\">\n<p data-start=\"3300\" data-end=\"3359\">Pro ty, kdo ocen\u00ed ergonomii a bezpe\u010dnost kompresn\u00edho z\u00e1mku.<\/p>\n<\/li>\n<\/ul>\n<hr data-start=\"3361\" data-end=\"3364\" \/>\n<h3 data-start=\"3366\" data-end=\"3389\">Z\u00e1v\u011bre\u010dn\u00e9 hodnocen\u00ed<\/h3>\n<p data-start=\"3391\" data-end=\"3683\">Spyderco Paramilitary 2 Salt p\u0159edstavuje ide\u00e1ln\u00ed spojen\u00ed \u0161pi\u010dkov\u00e9 technick\u00e9 inovace, odolnosti a komfortu no\u0161en\u00ed. D\u00edky v\u00fdjime\u010dn\u00e9 oceli CPM-MagnaCut a DLC povrchov\u00e9 \u00faprav\u011b je tento n\u016f\u017e perfektn\u00ed pro v\u0161echny, kdo cht\u011bj\u00ed spolehliv\u00fd, odoln\u00fd a elegantn\u00ed EDC n\u016f\u017e p\u0159ipraven\u00fd i na n\u00e1ro\u010dn\u00e9 podm\u00ednky.<\/p>\n<hr data-start=\"3685\" data-end=\"3688\" \/>\n<p data-start=\"3690\" data-end=\"3851\" data-is-last-node=\"\" data-is-only-node=\"\">Pokud chcete udr\u017eet n\u016f\u017e st\u00e1le ostr\u00fd, doporu\u010dujeme <strong data-start=\"3740\" data-end=\"3814\">Brousek Spyderco Tri-Angle Sharpmaker Complete Sharpening System 204MF<\/strong> \u2013 dostupn\u00fd exkluzivn\u011b na Moskito.cz.<\/p>\n<hr data-start=\"486\" data-end=\"489\" \/>\n<h3 data-start=\"491\" data-end=\"516\">Technick\u00e9 specifikace<\/h3>\n<div class=\"_tableContainer_1rjym_1\">\n<div class=\"_tableWrapper_1rjym_13 group flex w-fit flex-col-reverse\" tabindex=\"-1\">\n<table class=\"w-fit min-w-(--thread-content-width)\" style=\"height: 519px;\" width=\"533\" data-start=\"518\" data-end=\"1850\">\n<thead data-start=\"518\" data-end=\"590\">\n<tr data-start=\"518\" data-end=\"590\">\n<th data-start=\"518\" data-end=\"542\" data-col-size=\"sm\">Parametr<\/th>\n<th data-start=\"542\" data-end=\"590\" data-col-size=\"md\">Hodnota<\/th>\n<\/tr>\n<\/thead>\n<tbody data-start=\"664\" data-end=\"1850\">\n<tr data-start=\"664\" data-end=\"735\">\n<td data-start=\"664\" data-end=\"688\" data-col-size=\"sm\">Model<\/td>\n<td data-start=\"688\" data-end=\"735\" data-col-size=\"md\">Spyderco Paramilitary 2 Salt C81GMCBKP2<\/td>\n<\/tr>\n<tr data-start=\"736\" data-end=\"809\">\n<td data-start=\"736\" data-end=\"760\" data-col-size=\"sm\">Typ no\u017ee<\/td>\n<td data-start=\"760\" data-end=\"809\" data-col-size=\"md\">Zav\u00edrac\u00ed \/ Compression Lock<\/td>\n<\/tr>\n<tr data-start=\"810\" data-end=\"883\">\n<td data-start=\"810\" data-end=\"834\" data-col-size=\"sm\">D\u00e9lka \u010depele<\/td>\n<td data-start=\"834\" data-end=\"883\" data-col-size=\"md\">88 mm (3.45&#8243;)<\/td>\n<\/tr>\n<tr data-start=\"884\" data-end=\"957\">\n<td data-start=\"884\" data-end=\"908\" data-col-size=\"sm\">Celkov\u00e1 d\u00e9lka<\/td>\n<td data-start=\"908\" data-end=\"957\" data-col-size=\"md\">195 mm (7.7&#8243;)<\/td>\n<\/tr>\n<tr data-start=\"958\" data-end=\"1031\">\n<td data-start=\"958\" data-end=\"982\" data-col-size=\"sm\">Tlou\u0161\u0165ka \u010depele<\/td>\n<td data-start=\"982\" data-end=\"1031\" data-col-size=\"md\">3,8 mm<\/td>\n<\/tr>\n<tr data-start=\"1032\" data-end=\"1111\">\n<td data-start=\"1032\" data-end=\"1056\" data-col-size=\"sm\">Materi\u00e1l \u010depele<\/td>\n<td data-start=\"1056\" data-end=\"1111\" data-col-size=\"md\">CPM-MagnaCut nerezov\u00e1 ocel s DLC povrchovou \u00fapravou<\/td>\n<\/tr>\n<tr data-start=\"1112\" data-end=\"1185\">\n<td data-start=\"1112\" data-end=\"1136\" data-col-size=\"sm\">Tvar \u010depele<\/td>\n<td data-start=\"1136\" data-end=\"1185\" data-col-size=\"md\">Leaf Shaped<\/td>\n<\/tr>\n<tr data-start=\"1186\" data-end=\"1259\">\n<td data-start=\"1186\" data-end=\"1210\" data-col-size=\"sm\">Brou\u0161en\u00ed \u010depele<\/td>\n<td data-start=\"1210\" data-end=\"1259\" data-col-size=\"md\">Pln\u00e9<\/td>\n<\/tr>\n<tr data-start=\"1260\" data-end=\"1333\">\n<td data-start=\"1260\" data-end=\"1284\" data-col-size=\"sm\">Povrchov\u00e1 \u00faprava<\/td>\n<td data-start=\"1284\" data-end=\"1333\" data-col-size=\"md\">\u010cern\u00fd DLC (Diamond-Like Carbon)<\/td>\n<\/tr>\n<tr data-start=\"1334\" data-end=\"1407\">\n<td data-start=\"1334\" data-end=\"1358\" data-col-size=\"sm\">Ost\u0159\u00ed<\/td>\n<td data-start=\"1358\" data-end=\"1407\" data-col-size=\"md\">Hladk\u00e9 (Plain)<\/td>\n<\/tr>\n<tr data-start=\"1408\" data-end=\"1481\">\n<td data-start=\"1408\" data-end=\"1432\" data-col-size=\"sm\">Materi\u00e1l rukojeti<\/td>\n<td data-start=\"1432\" data-end=\"1481\" data-col-size=\"md\">\u010cern\u00fd G10<\/td>\n<\/tr>\n<tr data-start=\"1482\" data-end=\"1555\">\n<td data-start=\"1482\" data-end=\"1506\" data-col-size=\"sm\">Barva rukojeti<\/td>\n<td data-start=\"1506\" data-end=\"1555\" data-col-size=\"md\">\u010cern\u00e1<\/td>\n<\/tr>\n<tr data-start=\"1556\" data-end=\"1629\">\n<td data-start=\"1556\" data-end=\"1580\" data-col-size=\"sm\">Z\u00e1mek<\/td>\n<td data-start=\"1580\" data-end=\"1629\" data-col-size=\"md\">Compression Lock<\/td>\n<\/tr>\n<tr data-start=\"1630\" data-end=\"1702\">\n<td data-start=\"1630\" data-end=\"1654\" data-col-size=\"sm\">Klip<\/td>\n<td data-start=\"1654\" data-end=\"1702\" data-col-size=\"md\">Dr\u00e1t\u011bn\u00fd, tip-up, oboustrann\u00fd (prav\u00e1k\/lev\u00e1k)<\/td>\n<\/tr>\n<tr data-start=\"1703\" data-end=\"1776\">\n<td data-start=\"1703\" data-end=\"1727\" data-col-size=\"sm\">Hmotnost<\/td>\n<td data-start=\"1727\" data-end=\"1776\" data-col-size=\"md\">105 g<\/td>\n<\/tr>\n<tr data-start=\"1777\" data-end=\"1850\">\n<td data-start=\"1777\" data-end=\"1801\" data-col-size=\"sm\">V\u00fdrobce<\/td>\n<td data-start=\"1801\" data-end=\"1850\" data-col-size=\"md\">Spyderco Inc., USA<\/td>\n<\/tr>\n<\/tbody>\n<\/table>\n<\/div>\n<\/div>\n","protected":false},"excerpt":{"rendered":"<p><strong>Spyderco Paramilitary 2 Salt p\u0159edstavuje ide\u00e1ln\u00ed spojen\u00ed \u0161pi\u010dkov\u00e9 technick\u00e9 inovace, odolnosti a komfortu no\u0161en\u00ed.<\/strong><\/p>\n<p><strong>Doprava zdarma.<\/strong><\/p>\n","protected":false},"featured_media":419907,"comment_status":"open","ping_status":"closed","template":"","meta":[],"pwb-brand":[567],"product_brand":[],"product_cat":[17,22],"product_tag":[],"class_list":{"0":"post-419906","1":"product","2":"type-product","3":"status-publish","4":"has-post-thumbnail","6":"pwb-brand-spyderco","7":"product_cat-noze","8":"product_cat-zaviraci-noze","10":"first","11":"instock","12":"taxable","13":"shipping-taxable","14":"purchasable","15":"product-type-simple"},"brands":[{"id":567,"name":"Spyderco","slug":"spyderco"}],"_links":{"self":[{"href":"https:\/\/www.moskito.cz\/sk\/wp-json\/wp\/v2\/product\/419906","targetHints":{"allow":["GET"]}}],"collection":[{"href":"https:\/\/www.moskito.cz\/sk\/wp-json\/wp\/v2\/product"}],"about":[{"href":"https:\/\/www.moskito.cz\/sk\/wp-json\/wp\/v2\/types\/product"}],"replies":[{"embeddable":true,"href":"https:\/\/www.moskito.cz\/sk\/wp-json\/wp\/v2\/comments?post=419906"}],"wp:featuredmedia":[{"embeddable":true,"href":"https:\/\/www.moskito.cz\/sk\/wp-json\/wp\/v2\/media\/419907"}],"wp:attachment":[{"href":"https:\/\/www.moskito.cz\/sk\/wp-json\/wp\/v2\/media?parent=419906"}],"wp:term":[{"taxonomy":"pwb-brand","embeddable":true,"href":"https:\/\/www.moskito.cz\/sk\/wp-json\/wp\/v2\/pwb-brand?post=419906"},{"taxonomy":"product_brand","embeddable":true,"href":"https:\/\/www.moskito.cz\/sk\/wp-json\/wp\/v2\/product_brand?post=419906"},{"taxonomy":"product_cat","embeddable":true,"href":"https:\/\/www.moskito.cz\/sk\/wp-json\/wp\/v2\/product_cat?post=419906"},{"taxonomy":"product_tag","embeddable":true,"href":"https:\/\/www.moskito.cz\/sk\/wp-json\/wp\/v2\/product_tag?post=419906"}],"curies":[{"name":"wp","href":"https:\/\/api.w.org\/{rel}","templated":true}]}}