{"id":421693,"date":"2025-08-19T18:15:11","date_gmt":"2025-08-19T17:15:11","guid":{"rendered":"https:\/\/www.moskito.cz\/?post_type=product&#038;p=421693"},"modified":"2025-08-19T18:15:11","modified_gmt":"2025-08-19T17:15:11","slug":"vystrelovaci-nuz-cobratec-raptor","status":"publish","type":"product","link":"https:\/\/www.moskito.cz\/sk\/produkt\/vystrelovaci-nuz-cobratec-raptor\/","title":{"rendered":"Vyst\u0159elovac\u00ed N\u016f\u017e CobraTec Raptor"},"content":{"rendered":"<h2 data-start=\"141\" data-end=\"180\"><strong data-start=\"144\" data-end=\"180\">Vyst\u0159elovac\u00ed N\u016f\u017e CobraTec Raptor<\/strong><\/h2>\n<p data-start=\"182\" data-end=\"530\"><strong data-start=\"182\" data-end=\"201\">CobraTec Raptor<\/strong> je vysoce v\u00fdkonn\u00fd taktick\u00fd OTF n\u016f\u017e, navr\u017een\u00fd s d\u016frazem na odolnost, efektivitu a v\u00fdrazn\u00fd vzhled. Vych\u00e1z\u00ed z ov\u011b\u0159en\u00e9 konstrukce, ale posouv\u00e1 standardy vy\u0161\u0161\u00ed t\u0159\u00eddou proveden\u00ed. Kombinace robustn\u00ed konstrukce, kvalitn\u00ed oceli D2 a bezpe\u010dn\u00e9ho dvoj\u010dinn\u00e9ho mechanismu z n\u011bj d\u011bl\u00e1 n\u00e1stroj, kter\u00fd obstoj\u00ed i v t\u011bch nejn\u00e1ro\u010dn\u011bj\u0161\u00edch podm\u00ednk\u00e1ch.<\/p>\n<hr data-start=\"532\" data-end=\"535\" \/>\n<h3 data-start=\"537\" data-end=\"563\"><strong data-start=\"541\" data-end=\"563\">Historie a kontext<\/strong><\/h3>\n<p data-start=\"565\" data-end=\"939\">Model <strong data-start=\"571\" data-end=\"581\">Raptor<\/strong> roz\u0161i\u0159uje \u0159adu automatick\u00fdch no\u017e\u016f CobraTec o design s v\u011bt\u0161\u00edm \u00fachopem, agresivn\u011bj\u0161\u00edm stylem a vysokou m\u00edrou odolnosti. Tento model je konstruov\u00e1n pro ka\u017edodenn\u00ed pou\u017eit\u00ed i krizov\u00e9 situace \u2013 a\u0165 u\u017e v pracovn\u00edm nasazen\u00ed, v taktick\u00e9m prost\u0159ed\u00ed nebo v civiln\u00edm EDC. Robustn\u00ed kovov\u00e9 t\u011blo, v\u00fdsuvn\u00e1 \u010depel a integrovan\u00fd rozb\u00edje\u010d skla podtrhuj\u00ed jeho v\u0161estrann\u00e9 vyu\u017eit\u00ed.<\/p>\n<hr data-start=\"941\" data-end=\"944\" \/>\n<h3 data-start=\"946\" data-end=\"975\"><strong data-start=\"950\" data-end=\"975\">Technick\u00e9 specifikace<\/strong><\/h3>\n<div class=\"_tableContainer_sk2ct_1\">\n<div class=\"_tableWrapper_sk2ct_13 group flex w-fit flex-col-reverse\" tabindex=\"-1\">\n<table class=\"w-fit min-w-(--thread-content-width)\" data-start=\"977\" data-end=\"2078\">\n<thead data-start=\"977\" data-end=\"1041\">\n<tr data-start=\"977\" data-end=\"1041\">\n<th data-start=\"977\" data-end=\"1002\" data-col-size=\"sm\">Parametr<\/th>\n<th data-start=\"1002\" data-end=\"1041\" data-col-size=\"sm\">Hodnota<\/th>\n<\/tr>\n<\/thead>\n<tbody data-start=\"1107\" data-end=\"2078\">\n<tr data-start=\"1107\" data-end=\"1171\">\n<td data-start=\"1107\" data-end=\"1132\" data-col-size=\"sm\">D\u00e9lka \u010depele<\/td>\n<td data-start=\"1132\" data-end=\"1171\" data-col-size=\"sm\">cca 89 mm (3,5\u2033)<\/td>\n<\/tr>\n<tr data-start=\"1172\" data-end=\"1236\">\n<td data-start=\"1172\" data-end=\"1197\" data-col-size=\"sm\">Celkov\u00e1 d\u00e9lka<\/td>\n<td data-start=\"1197\" data-end=\"1236\" data-col-size=\"sm\">cca 222 mm (8,75\u2033)<\/td>\n<\/tr>\n<tr data-start=\"1237\" data-end=\"1301\">\n<td data-start=\"1237\" data-end=\"1262\" data-col-size=\"sm\">D\u00e9lka rukojeti<\/td>\n<td data-start=\"1262\" data-end=\"1301\" data-col-size=\"sm\">cca 127 mm (5\u2033)<\/td>\n<\/tr>\n<tr data-start=\"1302\" data-end=\"1366\">\n<td data-start=\"1302\" data-end=\"1327\" data-col-size=\"sm\">Tlou\u0161\u0165ka \u010depele<\/td>\n<td data-start=\"1327\" data-end=\"1366\" data-col-size=\"sm\">cca 3 mm<\/td>\n<\/tr>\n<tr data-start=\"1367\" data-end=\"1430\">\n<td data-start=\"1367\" data-end=\"1392\" data-col-size=\"sm\">Materi\u00e1l \u010depele<\/td>\n<td data-start=\"1392\" data-end=\"1430\" data-col-size=\"sm\">D2 n\u00e1strojov\u00e1 ocel (stonewashed)<\/td>\n<\/tr>\n<tr data-start=\"1431\" data-end=\"1495\">\n<td data-start=\"1431\" data-end=\"1456\" data-col-size=\"sm\">Tvrdost oceli<\/td>\n<td data-start=\"1456\" data-end=\"1495\" data-col-size=\"sm\">59\u201361 HRC<\/td>\n<\/tr>\n<tr data-start=\"1496\" data-end=\"1559\">\n<td data-start=\"1496\" data-end=\"1521\" data-col-size=\"sm\">Typ \u010depele<\/td>\n<td data-start=\"1521\" data-end=\"1559\" data-col-size=\"sm\">Dagger nebo Tanto (dle varianty)<\/td>\n<\/tr>\n<tr data-start=\"1560\" data-end=\"1624\">\n<td data-start=\"1560\" data-end=\"1585\" data-col-size=\"sm\">Brou\u0161en\u00ed<\/td>\n<td data-start=\"1585\" data-end=\"1624\" data-col-size=\"sm\">Ploch\u00fd v\u00fdbrus<\/td>\n<\/tr>\n<tr data-start=\"1625\" data-end=\"1689\">\n<td data-start=\"1625\" data-end=\"1650\" data-col-size=\"sm\">Materi\u00e1l rukojeti<\/td>\n<td data-start=\"1650\" data-end=\"1689\" data-col-size=\"sm\">CNC obr\u00e1b\u011bn\u00fd hlin\u00edk 6061-T6<\/td>\n<\/tr>\n<tr data-start=\"1690\" data-end=\"1754\">\n<td data-start=\"1690\" data-end=\"1715\" data-col-size=\"sm\">Mechanismus otev\u0159en\u00ed<\/td>\n<td data-start=\"1715\" data-end=\"1754\" data-col-size=\"sm\">Dvoj\u010dinn\u00fd OTF<\/td>\n<\/tr>\n<tr data-start=\"1755\" data-end=\"1819\">\n<td data-start=\"1755\" data-end=\"1780\" data-col-size=\"sm\">Pojistka<\/td>\n<td data-start=\"1780\" data-end=\"1819\" data-col-size=\"sm\">Mechanick\u00e1, integrovan\u00e1<\/td>\n<\/tr>\n<tr data-start=\"1820\" data-end=\"1883\">\n<td data-start=\"1820\" data-end=\"1845\" data-col-size=\"sm\">Kapesn\u00ed klip<\/td>\n<td data-start=\"1845\" data-end=\"1883\" data-col-size=\"sm\">Fixn\u00ed (pravostrann\u00fd)<\/td>\n<\/tr>\n<tr data-start=\"1884\" data-end=\"1948\">\n<td data-start=\"1884\" data-end=\"1909\" data-col-size=\"sm\">Hmotnost<\/td>\n<td data-start=\"1909\" data-end=\"1948\" data-col-size=\"sm\">cca 127 g (4,5 oz)<\/td>\n<\/tr>\n<tr data-start=\"1949\" data-end=\"2013\">\n<td data-start=\"1949\" data-end=\"1974\" data-col-size=\"sm\">V\u00fdroba<\/td>\n<td data-start=\"1974\" data-end=\"2013\" data-col-size=\"sm\">USA<\/td>\n<\/tr>\n<tr data-start=\"2014\" data-end=\"2078\">\n<td data-start=\"2014\" data-end=\"2039\" data-col-size=\"sm\">Z\u00e1ruka<\/td>\n<td data-start=\"2039\" data-end=\"2078\" data-col-size=\"sm\">Do\u017eivotn\u00ed<\/td>\n<\/tr>\n<\/tbody>\n<\/table>\n<\/div>\n<\/div>\n<hr data-start=\"2080\" data-end=\"2083\" \/>\n<h3 data-start=\"2085\" data-end=\"2107\"><strong data-start=\"2089\" data-end=\"2107\">Kl\u00ed\u010dov\u00e9 v\u00fdhody<\/strong><\/h3>\n<ul data-start=\"2109\" data-end=\"2544\">\n<li data-start=\"2109\" data-end=\"2186\">\n<p data-start=\"2111\" data-end=\"2186\"><strong data-start=\"2111\" data-end=\"2140\">Dvoj\u010dinn\u00fd OTF mechanismus<\/strong> \u2013 \u010depel se vysune a zasune jedin\u00fdm posuvem.<\/p>\n<\/li>\n<li data-start=\"2187\" data-end=\"2249\">\n<p data-start=\"2189\" data-end=\"2249\"><strong data-start=\"2189\" data-end=\"2200\">D2 ocel<\/strong> \u2013 tvrd\u00e1 a odoln\u00e1 \u010depel s dlouhou v\u00fddr\u017e\u00ed ost\u0159\u00ed.<\/p>\n<\/li>\n<li data-start=\"2250\" data-end=\"2327\">\n<p data-start=\"2252\" data-end=\"2327\"><strong data-start=\"2252\" data-end=\"2272\">Pevn\u00e1 konstrukce<\/strong> \u2013 robustn\u00ed hlin\u00edkov\u00e9 t\u011blo s protiskluzovou texturou.<\/p>\n<\/li>\n<li data-start=\"2328\" data-end=\"2408\">\n<p data-start=\"2330\" data-end=\"2408\"><strong data-start=\"2330\" data-end=\"2349\">Taktick\u00fd design<\/strong> \u2013 agresivn\u00ed linie, v\u00fdborn\u00e1 ovladatelnost i v rukavic\u00edch.<\/p>\n<\/li>\n<li data-start=\"2409\" data-end=\"2481\">\n<p data-start=\"2411\" data-end=\"2481\"><strong data-start=\"2411\" data-end=\"2438\">Vestav\u011bn\u00fd rozb\u00edje\u010d skla<\/strong> \u2013 praktick\u00fd dopln\u011bk pro krizov\u00e9 situace.<\/p>\n<\/li>\n<li data-start=\"2482\" data-end=\"2544\">\n<p data-start=\"2484\" data-end=\"2544\"><strong data-start=\"2484\" data-end=\"2502\">Vyrobeno v USA<\/strong> \u2013 s do\u017eivotn\u00ed z\u00e1rukou jako d\u016fkaz kvality.<\/p>\n<\/li>\n<\/ul>\n<hr data-start=\"2546\" data-end=\"2549\" \/>\n<h3 data-start=\"2551\" data-end=\"2572\"><strong data-start=\"2555\" data-end=\"2572\">Mo\u017en\u00e1 omezen\u00ed<\/strong><\/h3>\n<ul data-start=\"2574\" data-end=\"2825\">\n<li data-start=\"2574\" data-end=\"2649\">\n<p data-start=\"2576\" data-end=\"2649\"><strong data-start=\"2576\" data-end=\"2592\">V\u011bt\u0161\u00ed rozm\u011br<\/strong> \u2013 nen\u00ed ide\u00e1ln\u00ed pro diskr\u00e9tn\u00ed no\u0161en\u00ed v tenk\u00e9m oble\u010den\u00ed.<\/p>\n<\/li>\n<li data-start=\"2650\" data-end=\"2728\">\n<p data-start=\"2652\" data-end=\"2728\"><strong data-start=\"2652\" data-end=\"2667\">Legislativa<\/strong> \u2013 no\u0161en\u00ed automatick\u00fdch no\u017e\u016f je v n\u011bkter\u00fdch zem\u00edch omezeno.<\/p>\n<\/li>\n<li data-start=\"2729\" data-end=\"2825\">\n<p data-start=\"2731\" data-end=\"2825\"><strong data-start=\"2731\" data-end=\"2759\">Specifick\u00fd design \u010depele<\/strong> \u2013 vhodn\u011bj\u0161\u00ed pro taktick\u00e9 \u00fakoly ne\u017e pro ka\u017edodenn\u00ed \u201ejemnou pr\u00e1ci\u201c.<\/p>\n<\/li>\n<\/ul>\n<hr data-start=\"2827\" data-end=\"2830\" \/>\n<h3 data-start=\"2832\" data-end=\"2857\"><strong data-start=\"2836\" data-end=\"2857\">\u00dadr\u017eba a brou\u0161en\u00ed<\/strong><\/h3>\n<p data-start=\"2859\" data-end=\"3097\">Konstrukce no\u017ee umo\u017e\u0148uje snadn\u00e9 \u010di\u0161t\u011bn\u00ed \u2013 doporu\u010duje se pravideln\u011b ot\u00edrat \u010depel do sucha a jemn\u011b promaz\u00e1vat vnit\u0159n\u00ed mechanismus.<br data-start=\"2987\" data-end=\"2990\" \/>D2 ocel je skv\u011bl\u00e1 pro dlouhou retenci ost\u0159\u00ed, ale vy\u017eaduje z\u00e1kladn\u00ed p\u00e9\u010di kv\u016fli ni\u017e\u0161\u00ed odolnosti proti korozi.<\/p>\n<p data-start=\"3099\" data-end=\"3269\"><strong data-start=\"3099\" data-end=\"3269\">Pro udr\u017een\u00ed ost\u0159\u00ed doporu\u010dujeme Spyderco Tri-Angle Sharpmaker Complete Sharpening System 204MF \u2013 ide\u00e1ln\u00ed i pro hladk\u00e1 ost\u0159\u00ed. \ud83d\uded2 Koup\u00edte na na\u0161ich str\u00e1nk\u00e1ch Moskito.cz.<\/strong><\/p>\n<hr data-start=\"3271\" data-end=\"3274\" \/>\n<h3 data-start=\"3276\" data-end=\"3301\"><strong data-start=\"3280\" data-end=\"3301\">Pro koho je ur\u010den<\/strong><\/h3>\n<ul data-start=\"3303\" data-end=\"3551\">\n<li data-start=\"3303\" data-end=\"3387\">\n<p data-start=\"3305\" data-end=\"3387\">Pro u\u017eivatele vy\u017eaduj\u00edc\u00ed robustn\u00ed, spolehliv\u00fd a rychl\u00fd n\u016f\u017e s taktick\u00fdm profilem.<\/p>\n<\/li>\n<li data-start=\"3388\" data-end=\"3474\">\n<p data-start=\"3390\" data-end=\"3474\">Pro ka\u017edodenn\u00ed i profesion\u00e1ln\u00ed pou\u017eit\u00ed, kde je rychlost p\u0159\u00edstupu k \u010depeli z\u00e1sadn\u00ed.<\/p>\n<\/li>\n<li data-start=\"3475\" data-end=\"3551\">\n<p data-start=\"3477\" data-end=\"3551\">Pro sb\u011bratele a fanou\u0161ky americk\u00fdch OTF no\u017e\u016f s d\u016frazem na kvalitu a v\u00fdkon.<\/p>\n<\/li>\n<\/ul>\n<hr data-start=\"3553\" data-end=\"3556\" \/>\n<h3 data-start=\"3558\" data-end=\"3585\"><strong data-start=\"3562\" data-end=\"3585\">Z\u00e1v\u011bre\u010dn\u00e9 hodnocen\u00ed<\/strong><\/h3>\n<p data-start=\"3587\" data-end=\"3910\"><strong data-start=\"3587\" data-end=\"3606\">CobraTec Raptor<\/strong> je v\u00fdkonn\u00fd, odoln\u00fd a takticky lad\u011bn\u00fd OTF n\u016f\u017e, kter\u00fd p\u0159in\u00e1\u0161\u00ed \u0161pi\u010dkov\u00e9 materi\u00e1ly, perfektn\u00ed zpracov\u00e1n\u00ed a bezkonkuren\u010dn\u00ed pohotovost. D\u00edky sv\u00e9 velikosti a spolehliv\u00e9mu mechanismu najde uplatn\u011bn\u00ed v n\u00e1ro\u010dn\u00e9m nasazen\u00ed, ale i jako sou\u010d\u00e1st EDC v\u00fdbavy pro ty, kdo hledaj\u00ed siln\u00fd, p\u0159\u00edm\u00fd n\u00e1stroj s do\u017eivotn\u00ed z\u00e1rukou.<\/p>\n<hr data-start=\"3912\" data-end=\"3915\" \/>\n<p data-start=\"3917\" data-end=\"4034\" data-is-last-node=\"\" data-is-only-node=\"\">\n","protected":false},"excerpt":{"rendered":"<p><strong>CobraTec Raptor je v\u00fdkonn\u00fd, odoln\u00fd a takticky lad\u011bn\u00fd OTF n\u016f\u017e, kter\u00fd p\u0159in\u00e1\u0161\u00ed \u0161pi\u010dkov\u00e9 materi\u00e1ly, perfektn\u00ed zpracov\u00e1n\u00ed a bezkonkuren\u010dn\u00ed pohotovost. <\/strong><\/p>\n<p><strong>Doprava zdarma.<\/strong><\/p>\n","protected":false},"featured_media":421694,"comment_status":"open","ping_status":"closed","template":"","meta":[],"pwb-brand":[3241],"product_brand":[],"product_cat":[17,2019],"product_tag":[],"class_list":{"0":"post-421693","1":"product","2":"type-product","3":"status-publish","4":"has-post-thumbnail","6":"pwb-brand-cobratec-2","7":"product_cat-noze","8":"product_cat-vystrelovaci-noze","10":"first","11":"instock","12":"taxable","13":"shipping-taxable","14":"purchasable","15":"product-type-simple"},"brands":[{"id":3241,"name":"CobraTec","slug":"cobratec-2"}],"_links":{"self":[{"href":"https:\/\/www.moskito.cz\/sk\/wp-json\/wp\/v2\/product\/421693","targetHints":{"allow":["GET"]}}],"collection":[{"href":"https:\/\/www.moskito.cz\/sk\/wp-json\/wp\/v2\/product"}],"about":[{"href":"https:\/\/www.moskito.cz\/sk\/wp-json\/wp\/v2\/types\/product"}],"replies":[{"embeddable":true,"href":"https:\/\/www.moskito.cz\/sk\/wp-json\/wp\/v2\/comments?post=421693"}],"wp:featuredmedia":[{"embeddable":true,"href":"https:\/\/www.moskito.cz\/sk\/wp-json\/wp\/v2\/media\/421694"}],"wp:attachment":[{"href":"https:\/\/www.moskito.cz\/sk\/wp-json\/wp\/v2\/media?parent=421693"}],"wp:term":[{"taxonomy":"pwb-brand","embeddable":true,"href":"https:\/\/www.moskito.cz\/sk\/wp-json\/wp\/v2\/pwb-brand?post=421693"},{"taxonomy":"product_brand","embeddable":true,"href":"https:\/\/www.moskito.cz\/sk\/wp-json\/wp\/v2\/product_brand?post=421693"},{"taxonomy":"product_cat","embeddable":true,"href":"https:\/\/www.moskito.cz\/sk\/wp-json\/wp\/v2\/product_cat?post=421693"},{"taxonomy":"product_tag","embeddable":true,"href":"https:\/\/www.moskito.cz\/sk\/wp-json\/wp\/v2\/product_tag?post=421693"}],"curies":[{"name":"wp","href":"https:\/\/api.w.org\/{rel}","templated":true}]}}