{"id":422056,"date":"2025-08-21T18:51:06","date_gmt":"2025-08-21T17:51:06","guid":{"rendered":"https:\/\/www.moskito.cz\/?post_type=product&#038;p=422056"},"modified":"2026-01-15T14:50:28","modified_gmt":"2026-01-15T13:50:28","slug":"vystrelovaci-nuz-cobratec-ranger","status":"publish","type":"product","link":"https:\/\/www.moskito.cz\/sk\/produkt\/vystrelovaci-nuz-cobratec-ranger\/","title":{"rendered":"Vyst\u0159elovac\u00ed N\u016f\u017e CobraTec Ranger"},"content":{"rendered":"<h2 data-start=\"169\" data-end=\"208\"><strong data-start=\"172\" data-end=\"208\">Vyst\u0159elovac\u00ed N\u016f\u017e CobraTec Ranger<\/strong><\/h2>\n<p data-start=\"210\" data-end=\"485\"><strong data-start=\"210\" data-end=\"233\">CobraTec Ranger OTF<\/strong> je robustn\u00ed a spolehliv\u00fd vyhazovac\u00ed n\u016f\u017e (Out-The-Front), kter\u00fd v sob\u011b kombinuje taktick\u00e9 vlastnosti s elegantn\u00edm designem. D\u00edky CNC obr\u00e1b\u011bn\u00e9mu lineru, pevn\u00e9 G10 st\u0159enky a hladk\u00e9mu mechanismu je ide\u00e1ln\u00ed pro ka\u017edodenn\u00ed no\u0161en\u00ed, outdoor i rychl\u00e9 nasazen\u00ed.<\/p>\n<p data-start=\"487\" data-end=\"740\">Tento model je dostupn\u00fd ve dvou variant\u00e1ch \u010depele \u2014 <strong data-start=\"539\" data-end=\"553\">drop point<\/strong> nebo <strong data-start=\"559\" data-end=\"568\">tanto<\/strong>, ob\u011b v D2 oceli s lehce stone-washed povrchem. D\u00edky pou\u017eit\u00fdm materi\u00e1l\u016fm a konstrukci je Ranger dob\u0159e vyu\u017eiteln\u00fd jak jako praktick\u00fd EDC tak i jako z\u00e1lo\u017en\u00ed taktick\u00fd n\u00e1stroj.<\/p>\n<hr data-start=\"742\" data-end=\"745\" \/>\n<h3 data-start=\"747\" data-end=\"776\"><strong data-start=\"751\" data-end=\"776\">Technick\u00e9 specifikace<\/strong><\/h3>\n<div class=\"_tableContainer_sk2ct_1\">\n<div class=\"_tableWrapper_sk2ct_13 group flex w-fit flex-col-reverse\" tabindex=\"-1\">\n<table class=\"w-fit min-w-(--thread-content-width)\" data-start=\"778\" data-end=\"1675\">\n<thead data-start=\"778\" data-end=\"845\">\n<tr data-start=\"778\" data-end=\"845\">\n<th data-start=\"778\" data-end=\"803\" data-col-size=\"sm\">Parametr<\/th>\n<th data-start=\"803\" data-end=\"845\" data-col-size=\"sm\">Hodnota<\/th>\n<\/tr>\n<\/thead>\n<tbody data-start=\"915\" data-end=\"1675\">\n<tr data-start=\"915\" data-end=\"983\">\n<td data-start=\"915\" data-end=\"941\" data-col-size=\"sm\">Materi\u00e1l \u010depele<\/td>\n<td data-start=\"941\" data-end=\"983\" data-col-size=\"sm\">D2 n\u00e1strojov\u00e1 ocel (stonewash)<\/td>\n<\/tr>\n<tr data-start=\"984\" data-end=\"1052\">\n<td data-start=\"984\" data-end=\"1009\" data-col-size=\"sm\">D\u00e9lka \u010depele<\/td>\n<td data-start=\"1009\" data-end=\"1052\" data-col-size=\"sm\">cca 82 mm (3,25\u2033)<\/td>\n<\/tr>\n<tr data-start=\"1053\" data-end=\"1121\">\n<td data-start=\"1053\" data-end=\"1078\" data-col-size=\"sm\">Materi\u00e1l st\u0159enky<\/td>\n<td data-col-size=\"sm\" data-start=\"1078\" data-end=\"1121\">G10 (\u010dern\u00e1 nebo OD green)<\/td>\n<\/tr>\n<tr data-start=\"1122\" data-end=\"1190\">\n<td data-start=\"1122\" data-end=\"1147\" data-col-size=\"sm\">Rukoje\u0165<\/td>\n<td data-col-size=\"sm\" data-start=\"1147\" data-end=\"1190\">CNC hlin\u00edkov\u00fd liner + G10 st\u0159enky<\/td>\n<\/tr>\n<tr data-start=\"1191\" data-end=\"1260\">\n<td data-start=\"1191\" data-end=\"1216\" data-col-size=\"sm\">Mechanismus<\/td>\n<td data-start=\"1216\" data-end=\"1260\" data-col-size=\"sm\">Double Action OTF (jedn\u00edm tla\u010d\u00edtkem)<\/td>\n<\/tr>\n<tr data-start=\"1261\" data-end=\"1329\">\n<td data-start=\"1261\" data-end=\"1286\" data-col-size=\"sm\">Kapesn\u00ed klip<\/td>\n<td data-start=\"1286\" data-end=\"1329\" data-col-size=\"sm\">Tit\u00e1nov\u00fd, oboustrann\u00fd<\/td>\n<\/tr>\n<tr data-start=\"1330\" data-end=\"1398\">\n<td data-start=\"1330\" data-end=\"1355\" data-col-size=\"sm\">Lanyard loop<\/td>\n<td data-start=\"1355\" data-end=\"1398\" data-col-size=\"sm\">Ano<\/td>\n<\/tr>\n<tr data-start=\"1399\" data-end=\"1467\">\n<td data-start=\"1399\" data-end=\"1424\" data-col-size=\"sm\">Celkov\u00e1 d\u00e9lka<\/td>\n<td data-start=\"1424\" data-end=\"1467\" data-col-size=\"sm\">cca 216 mm (8,5\u2033) s krou\u017ekem<\/td>\n<\/tr>\n<tr data-start=\"1468\" data-end=\"1537\">\n<td data-start=\"1468\" data-end=\"1493\" data-col-size=\"sm\">Hmotnost<\/td>\n<td data-col-size=\"sm\" data-start=\"1493\" data-end=\"1537\">cca 96 g (3.4 oz)<\/td>\n<\/tr>\n<tr data-start=\"1538\" data-end=\"1606\">\n<td data-start=\"1538\" data-end=\"1563\" data-col-size=\"sm\">Z\u00e1ruka<\/td>\n<td data-start=\"1563\" data-end=\"1606\" data-col-size=\"sm\">Do\u017eivotn\u00ed<\/td>\n<\/tr>\n<tr data-start=\"1607\" data-end=\"1675\">\n<td data-start=\"1607\" data-end=\"1632\" data-col-size=\"sm\">V\u00fdroba<\/td>\n<td data-col-size=\"sm\" data-start=\"1632\" data-end=\"1675\">USA (komponenty CNC)<\/td>\n<\/tr>\n<\/tbody>\n<\/table>\n<\/div>\n<\/div>\n<p data-start=\"1677\" data-end=\"1714\"><span class=\"\" data-state=\"closed\"><span class=\"ms-1 inline-flex max-w-full items-center relative top-[-0.094rem] animate-[show_150ms_ease-in]\" data-testid=\"webpage-citation-pill\"><a class=\"flex h-4.5 overflow-hidden rounded-xl px-2 text-[9px] font-medium text-token-text-secondary! bg-[#F4F4F4]! dark:bg-[#303030]! transition-colors duration-150 ease-in-out\" href=\"https:\/\/cobratecknives.com\/product\/otf-knives\/cnc\/ranger\/?utm_source=chatgpt.com\" target=\"_blank\" rel=\"noopener\"><span class=\"relative start-0 bottom-0 flex h-full w-full items-center\"><span class=\"flex h-4 w-full items-center justify-between overflow-hidden\"><span class=\"max-w-full grow truncate overflow-hidden text-center\">cobratecknives.com<\/span><\/span><\/span><\/a><\/span><\/span><\/p>\n<hr data-start=\"1716\" data-end=\"1719\" \/>\n<h3 data-start=\"1721\" data-end=\"1743\"><strong data-start=\"1725\" data-end=\"1743\">Kl\u00ed\u010dov\u00e9 v\u00fdhody<\/strong><\/h3>\n<ul data-start=\"1745\" data-end=\"2163\">\n<li data-start=\"1745\" data-end=\"1836\">\n<p data-start=\"1747\" data-end=\"1836\"><strong data-start=\"1747\" data-end=\"1775\">Otvorov\u00fd mechanismus OTF<\/strong> \u2013 rychl\u00e9 a p\u0159esn\u00e9 vysunut\u00ed i zasunut\u00ed \u010depele jedn\u00edm pohybem.<\/p>\n<\/li>\n<li data-start=\"1837\" data-end=\"1918\">\n<p data-start=\"1839\" data-end=\"1918\"><strong data-start=\"1839\" data-end=\"1861\">Kvalitn\u00ed materi\u00e1ly<\/strong> \u2013 odoln\u00e9 G10 st\u0159enky a D2 ocel s v\u00fdbornou retenc\u00ed ost\u0159\u00ed.<\/p>\n<\/li>\n<li data-start=\"1919\" data-end=\"2014\">\n<p data-start=\"1921\" data-end=\"2014\"><strong data-start=\"1921\" data-end=\"1948\">Ambidextr\u00f3zn\u00ed pou\u017e\u00edv\u00e1n\u00ed<\/strong> \u2013 oboustrann\u00fd kapesn\u00ed klip usnad\u0148uje no\u0161en\u00ed pro prav\u00e1ky i lev\u00e1ky.<\/p>\n<\/li>\n<li data-start=\"2015\" data-end=\"2097\">\n<p data-start=\"2017\" data-end=\"2097\"><strong data-start=\"2017\" data-end=\"2033\">Lanyard loop<\/strong> \u2013 p\u0159id\u00e1v\u00e1 dal\u0161\u00ed mo\u017enosti p\u0159ichycen\u00ed, nap\u0159. na kl\u00ed\u010de nebo batoh.<\/p>\n<\/li>\n<li data-start=\"2098\" data-end=\"2163\">\n<p data-start=\"2100\" data-end=\"2163\"><strong data-start=\"2100\" data-end=\"2120\">Do\u017eivotn\u00ed z\u00e1ruka<\/strong> \u2013 zna\u010dn\u00fd d\u016fkaz d\u016fv\u011bry ve kvalitu n\u00e1stroje.<\/p>\n<\/li>\n<\/ul>\n<hr data-start=\"2165\" data-end=\"2168\" \/>\n<h3 data-start=\"2170\" data-end=\"2191\"><strong data-start=\"2174\" data-end=\"2191\">Mo\u017en\u00e1 omezen\u00ed<\/strong><\/h3>\n<ul data-start=\"2193\" data-end=\"2420\">\n<li data-start=\"2193\" data-end=\"2266\">\n<p data-start=\"2195\" data-end=\"2266\"><strong data-start=\"2195\" data-end=\"2209\">Vy\u0161\u0161\u00ed cena<\/strong> \u2013 odpov\u00edd\u00e1 pou\u017eit\u00fdm materi\u00e1l\u016fm a technick\u00e9mu zpracov\u00e1n\u00ed.<\/p>\n<\/li>\n<li data-start=\"2267\" data-end=\"2346\">\n<p data-start=\"2269\" data-end=\"2346\"><strong data-start=\"2269\" data-end=\"2289\">D2 nen\u00ed nerezov\u00e1<\/strong> \u2013 vy\u017eaduje ob\u010dasn\u00e9 osu\u0161en\u00ed a promaz\u00e1n\u00ed pro prevenci rzi.<\/p>\n<\/li>\n<li data-start=\"2347\" data-end=\"2420\">\n<p data-start=\"2349\" data-end=\"2420\"><strong data-start=\"2349\" data-end=\"2368\">OTF legislativa<\/strong> \u2013 v n\u011bkter\u00fdch zem\u00edch je no\u0161en\u00ed t\u011bchto no\u017e\u016f omezeno.<\/p>\n<\/li>\n<\/ul>\n<hr data-start=\"2422\" data-end=\"2425\" \/>\n<h3 data-start=\"2427\" data-end=\"2452\"><strong data-start=\"2431\" data-end=\"2452\">\u00dadr\u017eba a brou\u0161en\u00ed<\/strong><\/h3>\n<p data-start=\"2454\" data-end=\"2636\">Ocel D2 je tvrd\u00e1 a spolehliv\u00e1, ale n\u00e1chyln\u00e1 k oxidaci \u2013 doporu\u010duje se \u010depel po pou\u017eit\u00ed osu\u0161it a lehce naolejovat. OTF mechanismus \u010disti od prachu, p\u0159\u00edpadn\u011b proma\u017e, aby z\u016fstal hladk\u00fd.<\/p>\n<p data-start=\"2638\" data-end=\"2808\"><strong data-start=\"2638\" data-end=\"2765\">Pro udr\u017een\u00ed ost\u0159\u00ed doporu\u010dujeme Spyderco Tri-Angle Sharpmaker Complete Sharpening System 204MF \u2013 ide\u00e1ln\u00ed i pro hladk\u00e1 ost\u0159\u00ed.<\/strong> \ud83d\uded2 Koup\u00edte na na\u0161ich str\u00e1nk\u00e1ch Moskito.cz.<\/p>\n<hr data-start=\"2810\" data-end=\"2813\" \/>\n<h3 data-start=\"2815\" data-end=\"2840\"><strong data-start=\"2819\" data-end=\"2840\">Pro koho je ur\u010den<\/strong><\/h3>\n<ul data-start=\"2842\" data-end=\"3141\">\n<li data-start=\"2842\" data-end=\"2922\">\n<p data-start=\"2844\" data-end=\"2922\">Pro u\u017eivatele hledaj\u00edc\u00ed <strong data-start=\"2868\" data-end=\"2903\">odoln\u00fd a rychl\u00fd automatick\u00fd n\u016f\u017e<\/strong> pro EDC i outdoor.<\/p>\n<\/li>\n<li data-start=\"2923\" data-end=\"2995\">\n<p data-start=\"2925\" data-end=\"2995\">Pro ty, kte\u0159\u00ed ocen\u00ed <strong data-start=\"2945\" data-end=\"2967\">pevnou G10 st\u0159enku<\/strong> a elegantn\u00ed CNC zpracov\u00e1n\u00ed.<\/p>\n<\/li>\n<li data-start=\"2996\" data-end=\"3063\">\n<p data-start=\"2998\" data-end=\"3063\">Pro u\u017eivatele s preferenc\u00ed robustn\u00edho, ale stylov\u00e9ho OTF syst\u00e9mu.<\/p>\n<\/li>\n<li data-start=\"3064\" data-end=\"3141\">\n<p data-start=\"3066\" data-end=\"3141\">Pro v\u0161echny, kte\u0159\u00ed cht\u011bj\u00ed n\u00e1stroj s <strong data-start=\"3102\" data-end=\"3140\">prok\u00e1zanou spolehlivost\u00ed a z\u00e1rukou<\/strong>.<\/p>\n<\/li>\n<\/ul>\n<hr data-start=\"3143\" data-end=\"3146\" \/>\n<h3 data-start=\"3148\" data-end=\"3175\"><strong data-start=\"3152\" data-end=\"3175\">Z\u00e1v\u011bre\u010dn\u00e9 hodnocen\u00ed<\/strong><\/h3>\n<p data-start=\"3177\" data-end=\"3528\"><strong data-start=\"3177\" data-end=\"3200\">CobraTec Ranger OTF<\/strong> je v\u0161estrann\u00fd a pln\u011b funk\u010dn\u00ed vyhazovac\u00ed n\u016f\u017e, kter\u00fd zaujme jak kvalitn\u00edm zpracov\u00e1n\u00edm, tak prakti\u010dnost\u00ed. Je ide\u00e1ln\u00ed volbou pro ka\u017edodenn\u00ed pou\u017eit\u00ed, outdoorov\u00e9 dobrodru\u017estv\u00ed i pro ty, kdo vy\u017eaduj\u00ed p\u0159ipravenost v krizov\u00fdch okam\u017eic\u00edch. D\u00edky sv\u00e9 robustnosti, spolehliv\u00e9mu mechanismu a eleganci je okam\u017eit\u00fdm favoritem ve sv\u00e9 kategorii.<\/p>\n","protected":false},"excerpt":{"rendered":"<p><strong>CobraTec Ranger OTF je v\u0161estrann\u00fd a pln\u011b funk\u010dn\u00ed vyhazovac\u00ed n\u016f\u017e, kter\u00fd zaujme jak kvalitn\u00edm zpracov\u00e1n\u00edm, tak prakti\u010dnost\u00ed. Je ide\u00e1ln\u00ed volbou pro ka\u017edodenn\u00ed pou\u017eit\u00ed, outdoorov\u00e9 dobrodru\u017estv\u00ed i pro ty, kdo vy\u017eaduj\u00ed p\u0159ipravenost v krizov\u00fdch okam\u017eic\u00edch.<\/strong><\/p>\n<p><strong>Doprava zdarma.<\/strong><\/p>\n","protected":false},"featured_media":422057,"comment_status":"open","ping_status":"closed","template":"","meta":[],"pwb-brand":[3241],"product_brand":[],"product_cat":[17,2019],"product_tag":[],"class_list":{"0":"post-422056","1":"product","2":"type-product","3":"status-publish","4":"has-post-thumbnail","6":"pwb-brand-cobratec-2","7":"product_cat-noze","8":"product_cat-vystrelovaci-noze","10":"first","11":"outofstock","12":"taxable","13":"shipping-taxable","14":"purchasable","15":"product-type-simple"},"brands":[{"id":3241,"name":"CobraTec","slug":"cobratec-2"}],"_links":{"self":[{"href":"https:\/\/www.moskito.cz\/sk\/wp-json\/wp\/v2\/product\/422056","targetHints":{"allow":["GET"]}}],"collection":[{"href":"https:\/\/www.moskito.cz\/sk\/wp-json\/wp\/v2\/product"}],"about":[{"href":"https:\/\/www.moskito.cz\/sk\/wp-json\/wp\/v2\/types\/product"}],"replies":[{"embeddable":true,"href":"https:\/\/www.moskito.cz\/sk\/wp-json\/wp\/v2\/comments?post=422056"}],"wp:featuredmedia":[{"embeddable":true,"href":"https:\/\/www.moskito.cz\/sk\/wp-json\/wp\/v2\/media\/422057"}],"wp:attachment":[{"href":"https:\/\/www.moskito.cz\/sk\/wp-json\/wp\/v2\/media?parent=422056"}],"wp:term":[{"taxonomy":"pwb-brand","embeddable":true,"href":"https:\/\/www.moskito.cz\/sk\/wp-json\/wp\/v2\/pwb-brand?post=422056"},{"taxonomy":"product_brand","embeddable":true,"href":"https:\/\/www.moskito.cz\/sk\/wp-json\/wp\/v2\/product_brand?post=422056"},{"taxonomy":"product_cat","embeddable":true,"href":"https:\/\/www.moskito.cz\/sk\/wp-json\/wp\/v2\/product_cat?post=422056"},{"taxonomy":"product_tag","embeddable":true,"href":"https:\/\/www.moskito.cz\/sk\/wp-json\/wp\/v2\/product_tag?post=422056"}],"curies":[{"name":"wp","href":"https:\/\/api.w.org\/{rel}","templated":true}]}}