{"id":423016,"date":"2025-09-12T09:37:07","date_gmt":"2025-09-12T08:37:07","guid":{"rendered":"https:\/\/www.moskito.cz\/?post_type=product&#038;p=423016"},"modified":"2025-09-12T09:37:56","modified_gmt":"2025-09-12T08:37:56","slug":"multitool-leatherman-super-tool-300-black","status":"publish","type":"product","link":"https:\/\/www.moskito.cz\/sk\/produkt\/multitool-leatherman-super-tool-300-black\/","title":{"rendered":"Multitool Leatherman Super Tool 300 Black"},"content":{"rendered":"<p data-start=\"0\" data-end=\"501\">Kdy\u017e vezme\u0161 do ruky <strong data-start=\"20\" data-end=\"62\">Leatherman Super Tool 300 Black 831151<\/strong>, uc\u00edt\u00ed\u0161 hned, \u017ee dr\u017e\u00ed\u0161 v ruce t\u011b\u017ekou v\u00e1hu mezi multitooly. Nen\u00ed to kapesn\u00ed hra\u010dka, ale robustn\u00ed pracovn\u00ed n\u00e1stroj, kter\u00fd si obl\u00edbili elektrik\u00e1\u0159i, mechanici i profesion\u00e1lov\u00e9 v ter\u00e9nu. \u010cern\u00e1 povrchov\u00e1 \u00faprava dod\u00e1v\u00e1 n\u00e1stroji taktick\u00fd vzhled, sni\u017euje odlesky a nav\u00edc chr\u00e1n\u00ed povrch oceli p\u0159ed opot\u0159eben\u00edm. Extra velk\u00e9 kle\u0161t\u011b, vym\u011bniteln\u00e9 b\u0159ity a celkem 19 n\u00e1stroj\u016f d\u011blaj\u00ed z tohoto multitoolu spolehliv\u00e9ho par\u0165\u00e1ka i pro ty nejn\u00e1ro\u010dn\u011bj\u0161\u00ed \u00fakoly.<\/p>\n<p data-start=\"503\" data-end=\"700\">Super Tool 300 Black je multitool, kter\u00fd si bere inspiraci z klasiky, ale je postaven\u00fd pro modern\u00ed pot\u0159eby: masivn\u00ed, pevn\u00fd a p\u0159ipraven\u00fd zvl\u00e1dnout v\u0161e od jemn\u00fdch oprav a\u017e po t\u011b\u017ekou pr\u00e1ci v ter\u00e9nu.<\/p>\n<hr data-start=\"702\" data-end=\"705\" \/>\n<p data-start=\"707\" data-end=\"778\">\ud83d\udd27 <strong data-start=\"710\" data-end=\"776\">Technick\u00e9 specifikace (Leatherman Super Tool 300 Black 831151)<\/strong><\/p>\n<ul data-start=\"780\" data-end=\"1413\">\n<li data-start=\"780\" data-end=\"818\">\n<p data-start=\"782\" data-end=\"818\">Celkov\u00e1 d\u00e9lka (otev\u0159en\u00fd): 19,05 cm<\/p>\n<\/li>\n<li data-start=\"819\" data-end=\"858\">\n<p data-start=\"821\" data-end=\"858\">D\u00e9lka zav\u0159en\u00e9ho multitoolu: 11,5 cm<\/p>\n<\/li>\n<li data-start=\"859\" data-end=\"884\">\n<p data-start=\"861\" data-end=\"884\">D\u00e9lka \u010depele: 8,13 cm<\/p>\n<\/li>\n<li data-start=\"885\" data-end=\"908\">\n<p data-start=\"887\" data-end=\"908\">Hmotnost: cca 272 g<\/p>\n<\/li>\n<li data-start=\"909\" data-end=\"994\">\n<p data-start=\"911\" data-end=\"994\">Materi\u00e1l: vysoce kvalitn\u00ed nerezov\u00e1 ocel s \u010dernou povrchovou \u00fapravou (Black Oxide)<\/p>\n<\/li>\n<li data-start=\"995\" data-end=\"1017\">\n<p data-start=\"997\" data-end=\"1017\">Po\u010det n\u00e1stroj\u016f: 19<\/p>\n<\/li>\n<li data-start=\"1018\" data-end=\"1277\">\n<p data-start=\"1020\" data-end=\"1277\">N\u00e1stroje: standardn\u00ed a jehlov\u00e9 kle\u0161t\u011b, vym\u011bniteln\u00e9 b\u0159ity kle\u0161t\u00ed, krimpova\u010dka, no\u017ee (hladk\u00fd a zubat\u00fd), pilka, piln\u00edk na kov\/d\u0159evo, \u0161roubov\u00e1ky (ploch\u00e9 a k\u0159\u00ed\u017eov\u00e9), otv\u00edr\u00e1k na konzervy, otv\u00edr\u00e1k na l\u00e1hve, prav\u00edtko, \u0161\u00eddlo, n\u00e1stroj na odizolov\u00e1n\u00ed kabel\u016f a dal\u0161\u00ed.<\/p>\n<\/li>\n<li data-start=\"1278\" data-end=\"1357\">\n<p data-start=\"1280\" data-end=\"1357\">Ovl\u00e1d\u00e1n\u00ed: n\u00e1stroje se otev\u00edraj\u00ed z vnit\u0159n\u00ed strany (v\u011bt\u0161\u00ed pevnost p\u0159i pr\u00e1ci).<\/p>\n<\/li>\n<li data-start=\"1358\" data-end=\"1413\">\n<p data-start=\"1360\" data-end=\"1413\">Pouzdro: taktick\u00e9 nylonov\u00e9 pouzdro sou\u010d\u00e1st\u00ed balen\u00ed.<\/p>\n<\/li>\n<\/ul>\n<hr data-start=\"1415\" data-end=\"1418\" \/>\n<p data-start=\"1420\" data-end=\"1441\">\u2705 <strong data-start=\"1422\" data-end=\"1439\">Hlavn\u00ed v\u00fdhody<\/strong><\/p>\n<ul data-start=\"1443\" data-end=\"1911\">\n<li data-start=\"1443\" data-end=\"1518\">\n<p data-start=\"1445\" data-end=\"1518\"><strong data-start=\"1445\" data-end=\"1474\">19 n\u00e1stroj\u016f v jednom t\u011ble<\/strong> \u2013 kompletn\u00ed sada pro profesion\u00e1ln\u00ed pr\u00e1ci.<\/p>\n<\/li>\n<li data-start=\"1519\" data-end=\"1593\">\n<p data-start=\"1521\" data-end=\"1593\"><strong data-start=\"1521\" data-end=\"1561\">Masivn\u00ed kle\u0161t\u011b s vym\u011bniteln\u00fdmi b\u0159ity<\/strong> \u2013 odolaj\u00ed i tvrd\u00e9mu nasazen\u00ed.<\/p>\n<\/li>\n<li data-start=\"1594\" data-end=\"1681\">\n<p data-start=\"1596\" data-end=\"1681\"><strong data-start=\"1596\" data-end=\"1634\">\u010cern\u00e1 povrchov\u00e1 \u00faprava Black Oxide<\/strong> \u2013 takticky nen\u00e1padn\u00e1, chr\u00e1n\u00ed proti odlesk\u016fm.<\/p>\n<\/li>\n<li data-start=\"1682\" data-end=\"1754\">\n<p data-start=\"1684\" data-end=\"1754\"><strong data-start=\"1684\" data-end=\"1707\">Velk\u00e1 \u010depel 8,13 cm<\/strong> \u2013 dostate\u010dn\u011b dimenzovan\u00e1 i pro n\u00e1ro\u010dn\u00e9 \u0159ezy.<\/p>\n<\/li>\n<li data-start=\"1755\" data-end=\"1818\">\n<p data-start=\"1757\" data-end=\"1818\"><strong data-start=\"1757\" data-end=\"1777\">Ergonomick\u00fd tvar<\/strong> \u2013 kle\u0161t\u011b se dob\u0159e dr\u017e\u00ed i v rukavic\u00edch.<\/p>\n<\/li>\n<li data-start=\"1819\" data-end=\"1911\">\n<p data-start=\"1821\" data-end=\"1911\"><strong data-start=\"1821\" data-end=\"1847\">Profesion\u00e1ln\u00ed nasazen\u00ed<\/strong> \u2013 multitool navr\u017een\u00fd jako n\u00e1stroj do pr\u00e1ce, ne jen na v\u00fdlety.<\/p>\n<\/li>\n<\/ul>\n<hr data-start=\"1913\" data-end=\"1916\" \/>\n<p data-start=\"1918\" data-end=\"1940\">\u26a0\ufe0f <strong data-start=\"1921\" data-end=\"1938\">Mo\u017en\u00e1 omezen\u00ed<\/strong><\/p>\n<ul data-start=\"1942\" data-end=\"2294\">\n<li data-start=\"1942\" data-end=\"2021\">\n<p data-start=\"1944\" data-end=\"2021\"><strong data-start=\"1944\" data-end=\"1962\">Hmotnost 272 g<\/strong> \u2013 p\u0159i no\u0161en\u00ed v kapse znateln\u00e1, ide\u00e1ln\u00ed sp\u00ed\u0161e do pouzdra.<\/p>\n<\/li>\n<li data-start=\"2022\" data-end=\"2126\">\n<p data-start=\"2024\" data-end=\"2126\"><strong data-start=\"2024\" data-end=\"2066\">N\u00e1stroje se otev\u00edraj\u00ed z vnit\u0159n\u00ed strany<\/strong> \u2013 o n\u011bco pomalej\u0161\u00ed p\u0159\u00edstup ne\u017e u model\u016f Wave nebo Charge.<\/p>\n<\/li>\n<li data-start=\"2127\" data-end=\"2198\">\n<p data-start=\"2129\" data-end=\"2198\"><strong data-start=\"2129\" data-end=\"2166\">\u010cern\u00fd povrch se m\u016f\u017ee \u010dasem od\u00edrat<\/strong> \u2013 ale z\u016fst\u00e1v\u00e1 funk\u010dn\u011b odoln\u00fd.<\/p>\n<\/li>\n<li data-start=\"2199\" data-end=\"2294\">\n<p data-start=\"2201\" data-end=\"2294\"><strong data-start=\"2201\" data-end=\"2236\">Robustnost na \u00fakor kompaktnosti<\/strong> \u2013 nen\u00ed to lehk\u00fd EDC, ale plnohodnotn\u00fd pracovn\u00ed n\u00e1stroj.<\/p>\n<\/li>\n<\/ul>\n<hr data-start=\"2296\" data-end=\"2299\" \/>\n<p data-start=\"2301\" data-end=\"2324\">\ud83d\udee0\ufe0f <strong data-start=\"2305\" data-end=\"2322\">\u00dadr\u017eba a p\u00e9\u010de<\/strong><\/p>\n<ul data-start=\"2326\" data-end=\"2760\">\n<li data-start=\"2326\" data-end=\"2380\">\n<p data-start=\"2328\" data-end=\"2380\">Po ka\u017ed\u00e9m pou\u017eit\u00ed multitool ot\u0159i a udr\u017euj v suchu.<\/p>\n<\/li>\n<li data-start=\"2381\" data-end=\"2433\">\n<p data-start=\"2383\" data-end=\"2433\">Pohybliv\u00e9 \u010d\u00e1sti pravideln\u011b ma\u017e kvalitn\u00edm olejem.<\/p>\n<\/li>\n<li data-start=\"2434\" data-end=\"2493\">\n<p data-start=\"2436\" data-end=\"2493\">Povrch Black Oxide chra\u0148 p\u0159ed agresivn\u00edmi chemik\u00e1liemi.<\/p>\n<\/li>\n<li data-start=\"2494\" data-end=\"2760\">\n<p data-start=\"2496\" data-end=\"2760\">Pro udr\u017een\u00ed no\u017e\u016f v perfektn\u00edm stavu \u2013 <strong data-start=\"2534\" data-end=\"2758\">pro udr\u017een\u00ed ost\u0159\u00ed doporu\u010dujeme <a class=\"decorated-link cursor-pointer\" target=\"_new\" rel=\"noopener\" data-start=\"2567\" data-end=\"2656\">Spyderco Tri-Angle Sharpmaker Complete Sharpening System 204MF<\/a><\/strong><\/p>\n<\/li>\n<li data-start=\"2494\" data-end=\"2760\">\n<p data-start=\"2767\" data-end=\"2790\">\ud83c\udfaf <strong data-start=\"2770\" data-end=\"2788\">Doporu\u010deno pro<\/strong><\/p>\n<ul data-start=\"2792\" data-end=\"3098\">\n<li data-start=\"2792\" data-end=\"2891\">\n<p data-start=\"2794\" data-end=\"2891\">Profesion\u00e1ly (mechaniky, elektrik\u00e1\u0159e, techniky), kte\u0159\u00ed pot\u0159ebuj\u00ed spolehliv\u00fd multitool do pr\u00e1ce.<\/p>\n<\/li>\n<li data-start=\"2892\" data-end=\"2951\">\n<p data-start=\"2894\" data-end=\"2951\">Outdoorov\u00e9 nad\u0161ence, kte\u0159\u00ed cht\u011bj\u00ed extra odoln\u00fd n\u00e1stroj.<\/p>\n<\/li>\n<li data-start=\"2952\" data-end=\"3030\">\n<p data-start=\"2954\" data-end=\"3030\">Vojensk\u00e9 a z\u00e1chran\u00e1\u0159sk\u00e9 slo\u017eky \u2013 \u010dern\u00e9 proveden\u00ed je praktick\u00e9 a nen\u00e1padn\u00e9.<\/p>\n<\/li>\n<li data-start=\"3031\" data-end=\"3098\">\n<p data-start=\"3033\" data-end=\"3098\">Ty, kdo hledaj\u00ed multitool, kter\u00fd vydr\u017e\u00ed roky tvrd\u00e9ho pou\u017e\u00edv\u00e1n\u00ed.<\/p>\n<\/li>\n<\/ul>\n<hr data-start=\"3100\" data-end=\"3103\" \/>\n<p data-start=\"3105\" data-end=\"3132\">\u2b50 <strong data-start=\"3107\" data-end=\"3130\">Z\u00e1v\u011bre\u010dn\u00e9 hodnocen\u00ed<\/strong><\/p>\n<p data-start=\"3134\" data-end=\"3506\"><strong data-start=\"3134\" data-end=\"3176\">Leatherman Super Tool 300 Black 831151<\/strong> je multitool stav\u011bn\u00fd na t\u011b\u017ekou pr\u00e1ci. Je robustn\u00ed, odoln\u00fd a nab\u00edz\u00ed 19 n\u00e1stroj\u016f p\u0159ipraven\u00fdch zvl\u00e1dnout i n\u00e1ro\u010dn\u00e9 podm\u00ednky. \u010cern\u00e1 taktick\u00e1 \u00faprava mu dod\u00e1v\u00e1 charakter a profesionalitu. Nen\u00ed to kapesn\u00ed pomocn\u00edk, ale skute\u010dn\u00fd pracovn\u00ed n\u00e1stroj \u2013 ide\u00e1ln\u00ed pro ty, kdo od multitoolu o\u010dek\u00e1vaj\u00ed maxim\u00e1ln\u00ed spolehlivost a dlouhou \u017eivotnost.<\/p>\n<\/li>\n<\/ul>\n","protected":false},"excerpt":{"rendered":"<p><strong>Leatherman Super Tool 300 Black 831151 je multitool stav\u011bn\u00fd na t\u011b\u017ekou pr\u00e1ci. Je robustn\u00ed, odoln\u00fd a nab\u00edz\u00ed 19 n\u00e1stroj\u016f p\u0159ipraven\u00fdch zvl\u00e1dnout i n\u00e1ro\u010dn\u00e9 podm\u00ednky.<\/strong><\/p>\n<p><strong>Doprava zdarma.<\/strong><\/p>\n","protected":false},"featured_media":423033,"comment_status":"open","ping_status":"closed","template":"","meta":[],"pwb-brand":[404],"product_brand":[],"product_cat":[50],"product_tag":[],"class_list":{"0":"post-423016","1":"product","2":"type-product","3":"status-publish","4":"has-post-thumbnail","6":"pwb-brand-leatherman","7":"product_cat-multi-tool","9":"first","10":"instock","11":"taxable","12":"shipping-taxable","13":"purchasable","14":"product-type-simple"},"brands":[{"id":404,"name":"Leatherman","slug":"leatherman"}],"_links":{"self":[{"href":"https:\/\/www.moskito.cz\/sk\/wp-json\/wp\/v2\/product\/423016","targetHints":{"allow":["GET"]}}],"collection":[{"href":"https:\/\/www.moskito.cz\/sk\/wp-json\/wp\/v2\/product"}],"about":[{"href":"https:\/\/www.moskito.cz\/sk\/wp-json\/wp\/v2\/types\/product"}],"replies":[{"embeddable":true,"href":"https:\/\/www.moskito.cz\/sk\/wp-json\/wp\/v2\/comments?post=423016"}],"wp:featuredmedia":[{"embeddable":true,"href":"https:\/\/www.moskito.cz\/sk\/wp-json\/wp\/v2\/media\/423033"}],"wp:attachment":[{"href":"https:\/\/www.moskito.cz\/sk\/wp-json\/wp\/v2\/media?parent=423016"}],"wp:term":[{"taxonomy":"pwb-brand","embeddable":true,"href":"https:\/\/www.moskito.cz\/sk\/wp-json\/wp\/v2\/pwb-brand?post=423016"},{"taxonomy":"product_brand","embeddable":true,"href":"https:\/\/www.moskito.cz\/sk\/wp-json\/wp\/v2\/product_brand?post=423016"},{"taxonomy":"product_cat","embeddable":true,"href":"https:\/\/www.moskito.cz\/sk\/wp-json\/wp\/v2\/product_cat?post=423016"},{"taxonomy":"product_tag","embeddable":true,"href":"https:\/\/www.moskito.cz\/sk\/wp-json\/wp\/v2\/product_tag?post=423016"}],"curies":[{"name":"wp","href":"https:\/\/api.w.org\/{rel}","templated":true}]}}