{"id":423058,"date":"2025-09-12T10:02:21","date_gmt":"2025-09-12T09:02:21","guid":{"rendered":"https:\/\/www.moskito.cz\/?post_type=product&#038;p=423058"},"modified":"2025-09-12T10:02:22","modified_gmt":"2025-09-12T09:02:22","slug":"multitool-leatherman-skeletool-cx-830923","status":"publish","type":"product","link":"https:\/\/www.moskito.cz\/sk\/produkt\/multitool-leatherman-skeletool-cx-830923\/","title":{"rendered":"MultiTool Leatherman Skeletool CX 830923"},"content":{"rendered":"<p data-start=\"0\" data-end=\"474\">Kdy\u017e vezme\u0161 do ruky <strong data-start=\"20\" data-end=\"54\">Leatherman Skeletool CX 830923<\/strong>, hned c\u00edt\u00ed\u0161, \u017ee tohle nen\u00ed klasick\u00fd multitool p\u0159ecpan\u00fd des\u00edtkami n\u00e1stroj\u016f. Je to minimalistick\u00fd, lehk\u00fd a elegantn\u00ed pomocn\u00edk, kter\u00fd si zachov\u00e1v\u00e1 v\u0161e podstatn\u00e9 a p\u0159id\u00e1v\u00e1 styl. Ocelov\u00e1 konstrukce dopln\u011bn\u00e1 karbonov\u00fdm vl\u00e1knem, pr\u00e9miov\u00e1 \u010depel z oceli 154CM a \u010dist\u00fd design d\u011blaj\u00ed ze Skeletoolu CX perfektn\u00ed volbu pro ka\u017edodenn\u00ed no\u0161en\u00ed. Je kompaktn\u00ed, lehk\u00fd, a p\u0159itom dostate\u010dn\u011b siln\u00fd na to, aby zastoupil cel\u00e9 n\u00e1\u0159ad\u00ed v kapse.<\/p>\n<p data-start=\"476\" data-end=\"631\">Skeletool CX je multitool pro ty, kdo necht\u011bj\u00ed nosit \u201ecihlu\u201c plnou n\u00e1stroj\u016f, ale ocen\u00ed funk\u010dnost a design. Je to spojen\u00ed prakti\u010dnosti a modern\u00ed elegance.<\/p>\n<hr data-start=\"633\" data-end=\"636\" \/>\n<p data-start=\"638\" data-end=\"701\">\ud83d\udd27 <strong data-start=\"641\" data-end=\"699\">Technick\u00e9 specifikace (Leatherman Skeletool CX 830923)<\/strong><\/p>\n<ul data-start=\"703\" data-end=\"1227\">\n<li data-start=\"703\" data-end=\"741\">\n<p data-start=\"705\" data-end=\"741\">Celkov\u00e1 d\u00e9lka (otev\u0159en\u00fd): 15,24 cm<\/p>\n<\/li>\n<li data-start=\"742\" data-end=\"779\">\n<p data-start=\"744\" data-end=\"779\">D\u00e9lka zav\u0159en\u00e9ho multitoolu: 10 cm<\/p>\n<\/li>\n<li data-start=\"780\" data-end=\"804\">\n<p data-start=\"782\" data-end=\"804\">D\u00e9lka \u010depele: 6,6 cm<\/p>\n<\/li>\n<li data-start=\"805\" data-end=\"828\">\n<p data-start=\"807\" data-end=\"828\">Hmotnost: cca 142 g<\/p>\n<\/li>\n<li data-start=\"829\" data-end=\"898\">\n<p data-start=\"831\" data-end=\"898\">Materi\u00e1l multitoolu: nerezov\u00e1 ocel s vlo\u017ekou z karbonov\u00e9ho vl\u00e1kna<\/p>\n<\/li>\n<li data-start=\"899\" data-end=\"977\">\n<p data-start=\"901\" data-end=\"977\">Materi\u00e1l \u010depele: 154CM nerezov\u00e1 ocel \u2013 pr\u00e9miov\u00e1 \u010depel s del\u0161\u00ed v\u00fddr\u017e\u00ed ost\u0159\u00ed<\/p>\n<\/li>\n<li data-start=\"978\" data-end=\"999\">\n<p data-start=\"980\" data-end=\"999\">Po\u010det n\u00e1stroj\u016f: 7<\/p>\n<\/li>\n<li data-start=\"1000\" data-end=\"1131\">\n<p data-start=\"1002\" data-end=\"1131\">N\u00e1stroje: kle\u0161t\u011b, \u0161t\u00edpac\u00ed kle\u0161t\u011b, n\u016f\u017e z 154CM, karabina\/otv\u00edr\u00e1k na lahve, bit driver s mo\u017enost\u00ed v\u00fdm\u011bny bit\u016f, kombinovan\u00e9 kle\u0161t\u011b<\/p>\n<\/li>\n<li data-start=\"1132\" data-end=\"1154\">\n<p data-start=\"1134\" data-end=\"1154\">Klip na kapsu: ano<\/p>\n<\/li>\n<li data-start=\"1155\" data-end=\"1227\">\n<p data-start=\"1157\" data-end=\"1227\">Ovl\u00e1d\u00e1n\u00ed jednou rukou: ano \u2013 \u010depel lze pohodln\u011b otev\u0159\u00edt jednou rukou<\/p>\n<\/li>\n<\/ul>\n<hr data-start=\"1229\" data-end=\"1232\" \/>\n<p data-start=\"1234\" data-end=\"1255\">\u2705 <strong data-start=\"1236\" data-end=\"1253\">Hlavn\u00ed v\u00fdhody<\/strong><\/p>\n<ul data-start=\"1257\" data-end=\"1666\">\n<li data-start=\"1257\" data-end=\"1325\">\n<p data-start=\"1259\" data-end=\"1325\"><strong data-start=\"1259\" data-end=\"1284\">Minimalistick\u00fd design<\/strong> \u2013 pouze 142 g a p\u0159itom pln\u00e1 funk\u010dnost.<\/p>\n<\/li>\n<li data-start=\"1326\" data-end=\"1402\">\n<p data-start=\"1328\" data-end=\"1402\"><strong data-start=\"1328\" data-end=\"1360\">Pr\u00e9miov\u00e1 \u010depel z oceli 154CM<\/strong> \u2013 dr\u017e\u00ed ost\u0159\u00ed d\u00e9le ne\u017e standardn\u00ed nerez.<\/p>\n<\/li>\n<li data-start=\"1403\" data-end=\"1466\">\n<p data-start=\"1405\" data-end=\"1466\"><strong data-start=\"1405\" data-end=\"1424\">Karbonov\u00e9 prvky<\/strong> \u2013 dod\u00e1vaj\u00ed lehkost a atraktivn\u00ed vzhled.<\/p>\n<\/li>\n<li data-start=\"1467\" data-end=\"1538\">\n<p data-start=\"1469\" data-end=\"1538\"><strong data-start=\"1469\" data-end=\"1488\">Klip a karabina<\/strong> \u2013 snadn\u00e9 no\u0161en\u00ed v kapse nebo p\u0159ipnut\u00ed na batoh.<\/p>\n<\/li>\n<li data-start=\"1539\" data-end=\"1604\">\n<p data-start=\"1541\" data-end=\"1604\"><strong data-start=\"1541\" data-end=\"1565\">Jednoru\u010dn\u00ed otev\u00edr\u00e1n\u00ed<\/strong> \u2013 praktick\u00e9 p\u0159i ka\u017edodenn\u00edm pou\u017eit\u00ed.<\/p>\n<\/li>\n<li data-start=\"1605\" data-end=\"1666\">\n<p data-start=\"1607\" data-end=\"1666\"><strong data-start=\"1607\" data-end=\"1629\">Leatherman kvalita<\/strong> \u2013 spolehlivost a dlouh\u00e1 \u017eivotnost.<\/p>\n<\/li>\n<\/ul>\n<hr data-start=\"1668\" data-end=\"1671\" \/>\n<p data-start=\"1673\" data-end=\"1695\">\u26a0\ufe0f <strong data-start=\"1676\" data-end=\"1693\">Mo\u017en\u00e1 omezen\u00ed<\/strong><\/p>\n<ul data-start=\"1697\" data-end=\"1938\">\n<li data-start=\"1697\" data-end=\"1799\">\n<p data-start=\"1699\" data-end=\"1799\"><strong data-start=\"1699\" data-end=\"1719\">Pouze 7 n\u00e1stroj\u016f<\/strong> \u2013 minimalistick\u00fd multitool, ne plnohodnotn\u00e1 d\u00edlna jako Surge nebo Super Tool.<\/p>\n<\/li>\n<li data-start=\"1800\" data-end=\"1863\">\n<p data-start=\"1802\" data-end=\"1863\"><strong data-start=\"1802\" data-end=\"1819\">Men\u0161\u00ed rozm\u011bry<\/strong> \u2013 vhodn\u011bj\u0161\u00ed pro EDC ne\u017e pro t\u011b\u017ekou pr\u00e1ci.<\/p>\n<\/li>\n<li data-start=\"1864\" data-end=\"1938\">\n<p data-start=\"1866\" data-end=\"1938\"><strong data-start=\"1866\" data-end=\"1883\">Pr\u00e9miov\u00e1 cena<\/strong> \u2013 vy\u0161\u0161\u00ed cena odpov\u00edd\u00e1 pou\u017eit\u00fdm materi\u00e1l\u016fm a designu.<\/p>\n<\/li>\n<\/ul>\n<hr data-start=\"1940\" data-end=\"1943\" \/>\n<p data-start=\"1945\" data-end=\"1968\">\ud83d\udee0\ufe0f <strong data-start=\"1949\" data-end=\"1966\">\u00dadr\u017eba a p\u00e9\u010de<\/strong><\/p>\n<ul data-start=\"1970\" data-end=\"2392\">\n<li data-start=\"1970\" data-end=\"2017\">\n<p data-start=\"1972\" data-end=\"2017\">Po pou\u017eit\u00ed multitool ot\u0159i a udr\u017euj v suchu.<\/p>\n<\/li>\n<li data-start=\"2018\" data-end=\"2067\">\n<p data-start=\"2020\" data-end=\"2067\">Pohybliv\u00e9 \u010d\u00e1sti pravideln\u011b promaz\u00e1vej olejem.<\/p>\n<\/li>\n<li data-start=\"2068\" data-end=\"2142\">\n<p data-start=\"2070\" data-end=\"2142\">Karbonov\u00e9 prvky jsou odoln\u00e9, ale vyplat\u00ed se vyhnout hrub\u00e9mu zach\u00e1zen\u00ed.<\/p>\n<\/li>\n<li data-start=\"2143\" data-end=\"2392\">\n<p data-start=\"2145\" data-end=\"2392\"><strong data-start=\"2145\" data-end=\"2390\">Pro udr\u017een\u00ed \u010depele v perfektn\u00ed kondici doporu\u010dujeme <a class=\"decorated-link cursor-pointer\" target=\"_new\" rel=\"noopener\" data-start=\"2199\" data-end=\"2288\">Spyderco Tri-Angle Sharpmaker Complete Sharpening System 204MF<\/a><\/strong><\/p>\n<\/li>\n<li data-start=\"2143\" data-end=\"2392\">\n<p data-start=\"2399\" data-end=\"2422\">\ud83c\udfaf <strong data-start=\"2402\" data-end=\"2420\">Doporu\u010deno pro<\/strong><\/p>\n<ul data-start=\"2424\" data-end=\"2699\">\n<li data-start=\"2424\" data-end=\"2486\">\n<p data-start=\"2426\" data-end=\"2486\">Ka\u017edodenn\u00ed no\u0161en\u00ed (EDC), kdy ocen\u00ed\u0161 lehkost a kompaktnost.<\/p>\n<\/li>\n<li data-start=\"2487\" data-end=\"2560\">\n<p data-start=\"2489\" data-end=\"2560\">Outdoorov\u00e9 nad\u0161ence, kte\u0159\u00ed cht\u011bj\u00ed minimalistick\u00fd a stylov\u00fd multitool.<\/p>\n<\/li>\n<li data-start=\"2561\" data-end=\"2644\">\n<p data-start=\"2563\" data-end=\"2644\">Profesion\u00e1ly, kte\u0159\u00ed u\u017e nos\u00ed pln\u00e9 vybaven\u00ed a cht\u011bj\u00ed jen z\u00e1kladn\u00ed, lehk\u00fd n\u00e1stroj.<\/p>\n<\/li>\n<li data-start=\"2645\" data-end=\"2699\">\n<p data-start=\"2647\" data-end=\"2699\">Fanou\u0161ky modern\u00edho designu a pr\u00e9miov\u00fdch materi\u00e1l\u016f.<\/p>\n<\/li>\n<\/ul>\n<hr data-start=\"2701\" data-end=\"2704\" \/>\n<p data-start=\"2706\" data-end=\"2733\">\u2b50 <strong data-start=\"2708\" data-end=\"2731\">Z\u00e1v\u011bre\u010dn\u00e9 hodnocen\u00ed<\/strong><\/p>\n<p data-start=\"2735\" data-end=\"3125\"><strong data-start=\"2735\" data-end=\"2769\">Leatherman Skeletool CX 830923<\/strong> je multitool pro ty, kdo cht\u011bj\u00ed lehk\u00fd, stylov\u00fd a praktick\u00fd n\u00e1stroj na ka\u017ed\u00fd den. Pr\u00e9miov\u00e1 ocel 154CM, karbonov\u00e9 prvky a minimalistick\u00e1 konstrukce d\u011blaj\u00ed z tohoto modelu elegantn\u00ed alternativu k robustn\u011bj\u0161\u00edm multitool\u016fm. Pokud hled\u00e1\u0161 multitool, kter\u00fd nezat\u00ed\u017e\u00ed kapsu, p\u0159itom nab\u00eddne spolehlivou \u010depel a z\u00e1kladn\u00ed funkce, Skeletool CX je tou spr\u00e1vnou volbou.<\/p>\n<\/li>\n<\/ul>\n","protected":false},"excerpt":{"rendered":"<p><strong>Leatherman Skeletool CX 830923 je multitool pro ty, kdo cht\u011bj\u00ed lehk\u00fd, stylov\u00fd a praktick\u00fd n\u00e1stroj na ka\u017ed\u00fd den. Pr\u00e9miov\u00e1 ocel 154CM, karbonov\u00e9 prvky a minimalistick\u00e1 konstrukce d\u011blaj\u00ed z tohoto modelu elegantn\u00ed alternativu k robustn\u011bj\u0161\u00edm multitool\u016fm.<\/strong><\/p>\n","protected":false},"featured_media":423059,"comment_status":"open","ping_status":"closed","template":"","meta":[],"pwb-brand":[404],"product_brand":[],"product_cat":[50],"product_tag":[],"class_list":{"0":"post-423058","1":"product","2":"type-product","3":"status-publish","4":"has-post-thumbnail","6":"pwb-brand-leatherman","7":"product_cat-multi-tool","9":"first","10":"instock","11":"taxable","12":"shipping-taxable","13":"purchasable","14":"product-type-simple"},"brands":[{"id":404,"name":"Leatherman","slug":"leatherman"}],"_links":{"self":[{"href":"https:\/\/www.moskito.cz\/sk\/wp-json\/wp\/v2\/product\/423058","targetHints":{"allow":["GET"]}}],"collection":[{"href":"https:\/\/www.moskito.cz\/sk\/wp-json\/wp\/v2\/product"}],"about":[{"href":"https:\/\/www.moskito.cz\/sk\/wp-json\/wp\/v2\/types\/product"}],"replies":[{"embeddable":true,"href":"https:\/\/www.moskito.cz\/sk\/wp-json\/wp\/v2\/comments?post=423058"}],"wp:featuredmedia":[{"embeddable":true,"href":"https:\/\/www.moskito.cz\/sk\/wp-json\/wp\/v2\/media\/423059"}],"wp:attachment":[{"href":"https:\/\/www.moskito.cz\/sk\/wp-json\/wp\/v2\/media?parent=423058"}],"wp:term":[{"taxonomy":"pwb-brand","embeddable":true,"href":"https:\/\/www.moskito.cz\/sk\/wp-json\/wp\/v2\/pwb-brand?post=423058"},{"taxonomy":"product_brand","embeddable":true,"href":"https:\/\/www.moskito.cz\/sk\/wp-json\/wp\/v2\/product_brand?post=423058"},{"taxonomy":"product_cat","embeddable":true,"href":"https:\/\/www.moskito.cz\/sk\/wp-json\/wp\/v2\/product_cat?post=423058"},{"taxonomy":"product_tag","embeddable":true,"href":"https:\/\/www.moskito.cz\/sk\/wp-json\/wp\/v2\/product_tag?post=423058"}],"curies":[{"name":"wp","href":"https:\/\/api.w.org\/{rel}","templated":true}]}}