{"id":423483,"date":"2025-09-14T14:52:39","date_gmt":"2025-09-14T13:52:39","guid":{"rendered":"https:\/\/www.moskito.cz\/?post_type=product&#038;p=423483"},"modified":"2025-09-14T14:52:40","modified_gmt":"2025-09-14T13:52:40","slug":"multitool-leatherman-rebar-black-831563","status":"publish","type":"product","link":"https:\/\/www.moskito.cz\/sk\/produkt\/multitool-leatherman-rebar-black-831563\/","title":{"rendered":"MultiTool Leatherman Rebar Black 831563"},"content":{"rendered":"<p data-start=\"129\" data-end=\"206\"><strong data-start=\"129\" data-end=\"204\">Leatherman Rebar Black 831563 \u2013 robustn\u00ed multitool pro ka\u017edodenn\u00ed v\u00fdzvy<\/strong><\/p>\n<p data-start=\"208\" data-end=\"626\">Kdy\u017e poprv\u00e9 vezme\u0161 do ruky <strong data-start=\"235\" data-end=\"268\">Leatherman Rebar Black 831563<\/strong>, okam\u017eit\u011b pozn\u00e1\u0161, \u017ee dr\u017e\u00ed\u0161 n\u00e1stroj, kter\u00fd je p\u0159ipraven \u010delit jak\u00e9koli v\u00fdzv\u011b. Nen\u00ed to jen oby\u010dejn\u00fd multitool \u2013 Rebar je navr\u017een tak, aby obst\u00e1l v n\u00e1ro\u010dn\u00fdch podm\u00ednk\u00e1ch, a\u0165 u\u017e jsi kutil, profesion\u00e1l nebo outdoorov\u00fd nad\u0161enec. Ka\u017ed\u00fd detail tohoto n\u00e1stroje, od precizn\u011b brou\u0161en\u00e9 \u010depele po odolnou konstrukci s Cerakote povrchovou \u00fapravou, je pe\u010dliv\u011b promy\u0161len\u00fd.<\/p>\n<p data-start=\"628\" data-end=\"1085\">Rebar Black je dokonalou kombinac\u00ed kompaktnosti a s\u00edly. I p\u0159es svou relativn\u011b n\u00edzkou hmotnost t\u011b p\u0159ekvap\u00ed pevnost\u00ed a spolehlivost\u00ed, kterou nab\u00edz\u00ed. Tento multitool ti umo\u017en\u00ed prov\u00e1d\u011bt v\u0161echny b\u011b\u017en\u00e9 \u00fakoly \u2013 od \u0159ez\u00e1n\u00ed a \u0161roubov\u00e1n\u00ed a\u017e po drobn\u00e9 opravy \u2013 s maxim\u00e1ln\u00ed efektivitou a bezpe\u010d\u00edm. P\u0159id\u00e1me-li k tomu intuitivn\u00ed zamyk\u00e1n\u00ed n\u00e1stroj\u016f a pohodln\u00e9 jednoru\u010dn\u00ed otev\u00edr\u00e1n\u00ed, dostaneme spolehliv\u00e9ho spole\u010dn\u00edka, kter\u00fd t\u011b nezklame ani v t\u011bch nejn\u00e1ro\u010dn\u011bj\u0161\u00edch situac\u00edch.<\/p>\n<p data-start=\"1087\" data-end=\"1391\">Rebar nen\u00ed jen praktick\u00fd, je to i n\u00e1stroj, kter\u00fd ocen\u00ed ka\u017ed\u00fd, kdo m\u00e1 r\u00e1d kvalitu, odolnost a promy\u0161len\u00fd design. \u010cern\u00e9 proveden\u00ed s Cerakote povrchovou \u00fapravou dod\u00e1v\u00e1 multitoolu nejen atraktivn\u00ed vzhled, ale i dodate\u010dnou ochranu proti korozi a opot\u0159eben\u00ed \u2013 d\u00edky tomu vypad\u00e1 v\u00fdborn\u011b i po dlouh\u00e9m pou\u017e\u00edv\u00e1n\u00ed.<\/p>\n<hr data-start=\"1393\" data-end=\"1396\" \/>\n<p data-start=\"1398\" data-end=\"1460\">\ud83d\udd27 <strong data-start=\"1401\" data-end=\"1458\">Technick\u00e9 specifikace (Leatherman Rebar Black 831563)<\/strong><\/p>\n<ul data-start=\"1462\" data-end=\"1914\">\n<li data-start=\"1462\" data-end=\"1484\">\n<p data-start=\"1464\" data-end=\"1484\">Po\u010det n\u00e1stroj\u016f: 17<\/p>\n<\/li>\n<li data-start=\"1485\" data-end=\"1525\">\n<p data-start=\"1487\" data-end=\"1525\">D\u00e9lka zav\u0159en\u00e9ho multitoolu: 10,16 cm<\/p>\n<\/li>\n<li data-start=\"1526\" data-end=\"1548\">\n<p data-start=\"1528\" data-end=\"1548\">Hmotnost: 189,94 g<\/p>\n<\/li>\n<li data-start=\"1549\" data-end=\"1589\">\n<p data-start=\"1551\" data-end=\"1589\">Materi\u00e1l \u010depele: nerezov\u00e1 ocel 420HC<\/p>\n<\/li>\n<li data-start=\"1590\" data-end=\"1671\">\n<p data-start=\"1592\" data-end=\"1671\">Materi\u00e1l rukojeti: nerezov\u00e1 ocel s povrchovou \u00fapravou Cerakote\u00ae v \u010dern\u00e9 barv\u011b<\/p>\n<\/li>\n<li data-start=\"1672\" data-end=\"1728\">\n<p data-start=\"1674\" data-end=\"1728\">Zamyk\u00e1n\u00ed n\u00e1stroj\u016f: ano, v\u0161echny n\u00e1stroje se zamykaj\u00ed<\/p>\n<\/li>\n<li data-start=\"1729\" data-end=\"1808\">\n<p data-start=\"1731\" data-end=\"1808\">Povrchov\u00e1 \u00faprava: Cerakote\u00ae pro zv\u00fd\u0161en\u00ed odolnosti proti korozi a opot\u0159eben\u00ed<\/p>\n<\/li>\n<li data-start=\"1809\" data-end=\"1914\">\n<p data-start=\"1811\" data-end=\"1914\">Obsah balen\u00ed: multitool, nylonov\u00e9 pouzdro, odn\u00edmateln\u00fd klip na kapsu, krou\u017eek pro p\u0159ipevn\u011bn\u00ed na \u0161\u0148\u016fru<\/p>\n<\/li>\n<\/ul>\n<hr data-start=\"1916\" data-end=\"1919\" \/>\n<p data-start=\"1921\" data-end=\"1942\">\u2705 <strong data-start=\"1923\" data-end=\"1940\">Hlavn\u00ed v\u00fdhody<\/strong><\/p>\n<ul data-start=\"1944\" data-end=\"2392\">\n<li data-start=\"1944\" data-end=\"2050\">\n<p data-start=\"1946\" data-end=\"2050\">Vysok\u00e1 kvalita materi\u00e1l\u016f \u2013 420HC ocel a Cerakote\u00ae zaji\u0161\u0165uj\u00ed dlouhou \u017eivotnost a odolnost proti korozi.<\/p>\n<\/li>\n<li data-start=\"2051\" data-end=\"2112\">\n<p data-start=\"2053\" data-end=\"2112\">V\u0161estrannost \u2013 17 n\u00e1stroj\u016f pokr\u00fdv\u00e1 \u0161irok\u00e9 spektrum \u00fakol\u016f.<\/p>\n<\/li>\n<li data-start=\"2113\" data-end=\"2221\">\n<p data-start=\"2115\" data-end=\"2221\">Pohodln\u00e9 pou\u017eit\u00ed \u2013 v\u0161echny n\u00e1stroje se zamykaj\u00ed a jsou p\u0159\u00edstupn\u00e9 zven\u010d\u00ed, vhodn\u00e9 pro jednoru\u010dn\u00ed ovl\u00e1d\u00e1n\u00ed.<\/p>\n<\/li>\n<li data-start=\"2222\" data-end=\"2298\">\n<p data-start=\"2224\" data-end=\"2298\">Odolnost \u2013 povrchov\u00e1 \u00faprava Cerakote\u00ae zvy\u0161uje odolnost proti po\u0161kr\u00e1b\u00e1n\u00ed.<\/p>\n<\/li>\n<li data-start=\"2299\" data-end=\"2392\">\n<p data-start=\"2301\" data-end=\"2392\">P\u0159enosnost \u2013 kompaktn\u00ed rozm\u011bry a n\u00edzk\u00e1 hmotnost usnad\u0148uj\u00ed no\u0161en\u00ed na opasku nebo v batohu.<\/p>\n<\/li>\n<\/ul>\n<hr data-start=\"2394\" data-end=\"2397\" \/>\n<p data-start=\"2399\" data-end=\"2421\">\u26a0\ufe0f <strong data-start=\"2402\" data-end=\"2419\">Mo\u017en\u00e1 omezen\u00ed<\/strong><\/p>\n<ul data-start=\"2423\" data-end=\"2637\">\n<li data-start=\"2423\" data-end=\"2475\">\n<p data-start=\"2425\" data-end=\"2475\">Cena \u2013 vy\u0161\u0161\u00ed cena m\u016f\u017ee b\u00fdt pro n\u011bkoho p\u0159ek\u00e1\u017ekou.<\/p>\n<\/li>\n<li data-start=\"2476\" data-end=\"2530\">\n<p data-start=\"2478\" data-end=\"2530\">Hmotnost \u2013 189,94 g je znateln\u00e1 p\u0159i del\u0161\u00edm no\u0161en\u00ed.<\/p>\n<\/li>\n<li data-start=\"2531\" data-end=\"2637\">\n<p data-start=\"2533\" data-end=\"2637\">Specifick\u00e9 n\u00e1stroje \u2013 n\u011bkter\u00e9 n\u00e1stroje jsou ur\u010deny sp\u00ed\u0161e pro nouzov\u00e9 pou\u017eit\u00ed ne\u017e pro ka\u017edodenn\u00ed pr\u00e1ci.<\/p>\n<\/li>\n<\/ul>\n<hr data-start=\"2639\" data-end=\"2642\" \/>\n<p data-start=\"2644\" data-end=\"2667\">\ud83d\udee0\ufe0f <strong data-start=\"2648\" data-end=\"2665\">\u00dadr\u017eba a p\u00e9\u010de<\/strong><\/p>\n<ul data-start=\"2669\" data-end=\"3113\">\n<li data-start=\"2669\" data-end=\"2718\">\n<p data-start=\"2671\" data-end=\"2718\">Po pou\u017eit\u00ed o\u010disti a udr\u017euj multitool v suchu.<\/p>\n<\/li>\n<li data-start=\"2719\" data-end=\"2777\">\n<p data-start=\"2721\" data-end=\"2777\">Pohybliv\u00e9 \u010d\u00e1sti pravideln\u011b ma\u017e olejem pro hladk\u00fd chod.<\/p>\n<\/li>\n<li data-start=\"2778\" data-end=\"2842\">\n<p data-start=\"2780\" data-end=\"2842\">Pou\u017e\u00edvej kvalitn\u00ed brousek pro udr\u017een\u00ed ostrosti no\u017e\u016f a pilky.<\/p>\n<\/li>\n<li data-start=\"2843\" data-end=\"2900\">\n<p data-start=\"2845\" data-end=\"2900\">Povrchovou \u00fapravu Cerakote\u00ae chra\u0148 p\u0159ed tvrd\u00fdm od\u011brem.<\/p>\n<\/li>\n<li data-start=\"2901\" data-end=\"3113\">\n<p data-start=\"2903\" data-end=\"3113\">Pro dlouhodobou p\u00e9\u010di o ost\u0159\u00ed doporu\u010dujeme <strong data-start=\"2945\" data-end=\"3011\">Spyderco Tri-Angle Sharpmaker Complete Sharpening System 204MF<\/strong> \u2013 ide\u00e1ln\u00ed i pro hladk\u00e1 ost\u0159\u00ed. \ud83d\uded2 Koup\u00edte na na\u0161ich str\u00e1nk\u00e1ch <a class=\"decorated-link cursor-pointer\" target=\"_new\" rel=\"noopener\" data-start=\"3073\" data-end=\"3110\">Moskito.cz<\/a><\/p>\n<\/li>\n<li data-start=\"2901\" data-end=\"3113\">\n<p data-start=\"3120\" data-end=\"3143\">\ud83c\udfaf <strong data-start=\"3123\" data-end=\"3141\">Doporu\u010deno pro<\/strong><\/p>\n<ul data-start=\"3145\" data-end=\"3457\">\n<li data-start=\"3145\" data-end=\"3206\">\n<p data-start=\"3147\" data-end=\"3206\">Dom\u00e1c\u00ed kutily \u2013 ide\u00e1ln\u00ed pro opravy a \u00fadr\u017ebu v dom\u00e1cnosti.<\/p>\n<\/li>\n<li data-start=\"3207\" data-end=\"3277\">\n<p data-start=\"3209\" data-end=\"3277\">Profesion\u00e1ly \u2013 vhodn\u00fd pro techniky, elektrik\u00e1\u0159e a dal\u0161\u00ed odborn\u00edky.<\/p>\n<\/li>\n<li data-start=\"3278\" data-end=\"3372\">\n<p data-start=\"3280\" data-end=\"3372\">Outdoorov\u00e9 nad\u0161ence \u2013 skv\u011bl\u00fd spole\u010dn\u00edk pro kempov\u00e1n\u00ed, turistiku a dal\u0161\u00ed venkovn\u00ed aktivity.<\/p>\n<\/li>\n<li data-start=\"3373\" data-end=\"3457\">\n<p data-start=\"3375\" data-end=\"3457\">Ka\u017edodenn\u00ed pou\u017eit\u00ed \u2013 d\u00edky kompaktn\u00edm rozm\u011br\u016fm a v\u0161estrannosti je vhodn\u00fd pro EDC.<\/p>\n<\/li>\n<\/ul>\n<hr data-start=\"3459\" data-end=\"3462\" \/>\n<p data-start=\"3464\" data-end=\"3491\">\u2b50 <strong data-start=\"3466\" data-end=\"3489\">Z\u00e1v\u011bre\u010dn\u00e9 hodnocen\u00ed<\/strong><\/p>\n<p data-start=\"3493\" data-end=\"3894\"><strong data-start=\"3493\" data-end=\"3526\">Leatherman Rebar Black 831563<\/strong> je multitool, kter\u00fd spojuje robustn\u00ed konstrukci, v\u0161estrannost a odolnost. D\u00edky \u0161irok\u00e9mu spektru n\u00e1stroj\u016f, intuitivn\u00edmu ovl\u00e1d\u00e1n\u00ed a kvalitn\u00edmu proveden\u00ed je ide\u00e1ln\u00ed volbou pro v\u0161echny, kte\u0159\u00ed cht\u011bj\u00ed m\u00edt spolehliv\u00e9ho par\u0165\u00e1ka p\u0159i pr\u00e1ci, doma i v ter\u00e9nu. Tento multitool ti poskytne jistotu, \u017ee bude\u0161 p\u0159ipraven na jakoukoli situaci \u2013 a nav\u00edc v elegantn\u00edm \u010dern\u00e9m proveden\u00ed.<\/p>\n<\/li>\n<\/ul>\n","protected":false},"excerpt":{"rendered":"<p><strong>Leatherman Rebar Black 831563 je multitool, kter\u00fd spojuje robustn\u00ed konstrukci, v\u0161estrannost a odolnost.<\/strong><\/p>\n","protected":false},"featured_media":423484,"comment_status":"open","ping_status":"closed","template":"","meta":[],"pwb-brand":[404],"product_brand":[],"product_cat":[50],"product_tag":[],"class_list":{"0":"post-423483","1":"product","2":"type-product","3":"status-publish","4":"has-post-thumbnail","6":"pwb-brand-leatherman","7":"product_cat-multi-tool","9":"first","10":"instock","11":"taxable","12":"shipping-taxable","13":"purchasable","14":"product-type-simple"},"brands":[{"id":404,"name":"Leatherman","slug":"leatherman"}],"_links":{"self":[{"href":"https:\/\/www.moskito.cz\/sk\/wp-json\/wp\/v2\/product\/423483","targetHints":{"allow":["GET"]}}],"collection":[{"href":"https:\/\/www.moskito.cz\/sk\/wp-json\/wp\/v2\/product"}],"about":[{"href":"https:\/\/www.moskito.cz\/sk\/wp-json\/wp\/v2\/types\/product"}],"replies":[{"embeddable":true,"href":"https:\/\/www.moskito.cz\/sk\/wp-json\/wp\/v2\/comments?post=423483"}],"wp:featuredmedia":[{"embeddable":true,"href":"https:\/\/www.moskito.cz\/sk\/wp-json\/wp\/v2\/media\/423484"}],"wp:attachment":[{"href":"https:\/\/www.moskito.cz\/sk\/wp-json\/wp\/v2\/media?parent=423483"}],"wp:term":[{"taxonomy":"pwb-brand","embeddable":true,"href":"https:\/\/www.moskito.cz\/sk\/wp-json\/wp\/v2\/pwb-brand?post=423483"},{"taxonomy":"product_brand","embeddable":true,"href":"https:\/\/www.moskito.cz\/sk\/wp-json\/wp\/v2\/product_brand?post=423483"},{"taxonomy":"product_cat","embeddable":true,"href":"https:\/\/www.moskito.cz\/sk\/wp-json\/wp\/v2\/product_cat?post=423483"},{"taxonomy":"product_tag","embeddable":true,"href":"https:\/\/www.moskito.cz\/sk\/wp-json\/wp\/v2\/product_tag?post=423483"}],"curies":[{"name":"wp","href":"https:\/\/api.w.org\/{rel}","templated":true}]}}