{"id":423737,"date":"2025-09-16T13:27:09","date_gmt":"2025-09-16T12:27:09","guid":{"rendered":"https:\/\/www.moskito.cz\/?post_type=product&#038;p=423737"},"modified":"2025-09-16T13:28:06","modified_gmt":"2025-09-16T12:28:06","slug":"zaviraci-nuz-medford-genesis-t-mk029std-03a2-tscf-bn","status":"publish","type":"product","link":"https:\/\/www.moskito.cz\/sk\/produkt\/zaviraci-nuz-medford-genesis-t-mk029std-03a2-tscf-bn\/","title":{"rendered":"Zav\u00edrac\u00ed N\u016f\u017e Medford Genesis T MK029STD-03A2-TSCF-BN"},"content":{"rendered":"<h1 data-start=\"76\" data-end=\"132\">Zav\u00edrac\u00ed n\u016f\u017e Medford Genesis T MK029STD-03A2-TSCF-BN<\/h1>\n<p data-start=\"278\" data-end=\"731\">Kdy\u017e poprv\u00e9 sev\u0159e\u0161 v dlani Medford Genesis T, okam\u017eit\u011b pochop\u00ed\u0161, \u017ee se ned\u00edv\u00e1\u0161 na oby\u010dejn\u00fd zav\u00edrac\u00ed n\u016f\u017e. Je to kus poctiv\u00e9 americk\u00e9 oceli a titanu, vytvo\u0159en\u00fd s v\u00e1\u0161n\u00ed a respektem k tradici ru\u010dn\u00ed v\u00fdroby. Genesis T je symbolem odolnosti a s\u00edly, kter\u00fd vznikl jako men\u0161\u00ed sourozenec legend\u00e1rn\u00edho Praetorianu \u2013 ale rozhodn\u011b mu nic nechyb\u00ed. Naopak, je dokonale vyv\u00e1\u017een\u00fd pro ka\u017edodenn\u00ed no\u0161en\u00ed, p\u0159esto p\u016fsob\u00ed monument\u00e1ln\u011b a bud\u00ed respekt u\u017e jen svou p\u0159\u00edtomnost\u00ed.<\/p>\n<p data-start=\"733\" data-end=\"1155\">Ka\u017ed\u00fd detail od precizn\u011b opracovan\u00e9 titanov\u00e9 rukojeti po \u010depel z prvot\u0159\u00eddn\u00ed oceli S45VN ukazuje, \u017ee tento n\u016f\u017e nebyl navr\u017een pro kompromisy. Robustn\u00ed konstrukce, impozantn\u00ed tlou\u0161\u0165ka \u010depele a d\u016fraz na spolehlivost d\u011blaj\u00ed z Genesisu T nejen praktick\u00fd n\u00e1stroj, ale i v\u00fdraz osobn\u00edho stylu. Je to n\u016f\u017e, kter\u00fd se stane tv\u00fdm ka\u017edodenn\u00edm spole\u010dn\u00edkem, p\u0159ipraven\u00fdm zvl\u00e1dnout v\u0161e od drobn\u00fdch \u00fakon\u016f a\u017e po nejn\u00e1ro\u010dn\u011bj\u0161\u00ed v\u00fdzvy v ter\u00e9nu.<\/p>\n<p>&nbsp;<\/p>\n<hr data-start=\"864\" data-end=\"867\" \/>\n<h2 data-start=\"869\" data-end=\"898\">\ud83d\udd27 Technick\u00e9 specifikace<\/h2>\n<ul data-start=\"900\" data-end=\"1457\">\n<li data-start=\"900\" data-end=\"941\">\n<p data-start=\"902\" data-end=\"941\"><strong data-start=\"902\" data-end=\"931\">Celkov\u00e1 d\u00e9lka (otev\u0159en\u00fd):<\/strong> 19,1 cm<\/p>\n<\/li>\n<li data-start=\"942\" data-end=\"970\">\n<p data-start=\"944\" data-end=\"970\"><strong data-start=\"944\" data-end=\"961\">D\u00e9lka \u010depele:<\/strong> 8,4 cm<\/p>\n<\/li>\n<li data-start=\"971\" data-end=\"1002\">\n<p data-start=\"973\" data-end=\"1002\"><strong data-start=\"973\" data-end=\"993\">Tlou\u0161\u0165ka \u010depele:<\/strong> 4,8 mm<\/p>\n<\/li>\n<li data-start=\"1003\" data-end=\"1038\">\n<p data-start=\"1005\" data-end=\"1038\"><strong data-start=\"1005\" data-end=\"1030\">D\u00e9lka zav\u0159en\u00e9ho no\u017ee:<\/strong> 11 cm<\/p>\n<\/li>\n<li data-start=\"1039\" data-end=\"1062\">\n<p data-start=\"1041\" data-end=\"1062\"><strong data-start=\"1041\" data-end=\"1050\">V\u00e1ha:<\/strong> cca 207 g<\/p>\n<\/li>\n<li data-start=\"1063\" data-end=\"1172\">\n<p data-start=\"1065\" data-end=\"1172\"><strong data-start=\"1065\" data-end=\"1085\">Materi\u00e1l \u010depele:<\/strong> nerezov\u00e1 ocel <strong data-start=\"1100\" data-end=\"1109\">S45VN<\/strong> \u2013 vysok\u00e1 odolnost proti korozi, tvrdost a dlouh\u00e1 v\u00fddr\u017e ost\u0159\u00ed<\/p>\n<\/li>\n<li data-start=\"1173\" data-end=\"1258\">\n<p data-start=\"1175\" data-end=\"1258\"><strong data-start=\"1175\" data-end=\"1191\">Tvar \u010depele:<\/strong> Drop point \u2013 univerz\u00e1ln\u00ed a praktick\u00fd tvar pro ka\u017edodenn\u00ed pou\u017eit\u00ed<\/p>\n<\/li>\n<li data-start=\"1259\" data-end=\"1324\">\n<p data-start=\"1261\" data-end=\"1324\"><strong data-start=\"1261\" data-end=\"1283\">Materi\u00e1l rukojeti:<\/strong> titan \u2013 lehk\u00fd, pevn\u00fd a extr\u00e9mn\u011b odoln\u00fd<\/p>\n<\/li>\n<li data-start=\"1325\" data-end=\"1387\">\n<p data-start=\"1327\" data-end=\"1387\"><strong data-start=\"1327\" data-end=\"1337\">Z\u00e1mek:<\/strong> frame-lock \u2013 maxim\u00e1ln\u00ed spolehlivost a stabilita<\/p>\n<\/li>\n<li data-start=\"1388\" data-end=\"1457\">\n<p data-start=\"1390\" data-end=\"1457\"><strong data-start=\"1390\" data-end=\"1406\">Dal\u0161\u00ed prvky:<\/strong> odlamovac\u00ed konec (breaker) \u2013 pro nouzov\u00e9 situace<\/p>\n<\/li>\n<\/ul>\n<hr data-start=\"1459\" data-end=\"1462\" \/>\n<h2 data-start=\"1464\" data-end=\"1484\">\u2705 Hlavn\u00ed v\u00fdhody<\/h2>\n<ul data-start=\"1486\" data-end=\"1843\">\n<li data-start=\"1486\" data-end=\"1554\">\n<p data-start=\"1488\" data-end=\"1554\">Pr\u00e9miov\u00e1 ocel S45VN \u2013 dlouh\u00e9 dr\u017een\u00ed ost\u0159\u00ed a odolnost v\u016f\u010di korozi<\/p>\n<\/li>\n<li data-start=\"1555\" data-end=\"1618\">\n<p data-start=\"1557\" data-end=\"1618\">Drop point \u010depel \u2013 skv\u011bl\u00e1 v\u0161estrannost pro r\u016fzn\u00e9 typy \u00fakon\u016f<\/p>\n<\/li>\n<li data-start=\"1619\" data-end=\"1672\">\n<p data-start=\"1621\" data-end=\"1672\">Titanov\u00e1 rukoje\u0165 \u2013 pevn\u00e1, odoln\u00e1 a leh\u010d\u00ed ne\u017e ocel<\/p>\n<\/li>\n<li data-start=\"1673\" data-end=\"1724\">\n<p data-start=\"1675\" data-end=\"1724\">Frame-lock z\u00e1mek \u2013 naprost\u00e1 jistota p\u0159i pou\u017eit\u00ed<\/p>\n<\/li>\n<li data-start=\"1725\" data-end=\"1799\">\n<p data-start=\"1727\" data-end=\"1799\">Robustn\u00ed konstrukce \u2013 \u010depel o tlou\u0161\u0165ce 4,8 mm se nezalekne tvrd\u00e9 pr\u00e1ce<\/p>\n<\/li>\n<li data-start=\"1800\" data-end=\"1843\">\n<p data-start=\"1802\" data-end=\"1843\">V\u00fdrazn\u00fd design \u2013 vhodn\u00fd i pro sb\u011bratele<\/p>\n<\/li>\n<\/ul>\n<hr data-start=\"1845\" data-end=\"1848\" \/>\n<h2 data-start=\"1850\" data-end=\"1871\">\u26a0\ufe0f Mo\u017en\u00e1 omezen\u00ed<\/h2>\n<ul data-start=\"1873\" data-end=\"2052\">\n<li data-start=\"1873\" data-end=\"1930\">\n<p data-start=\"1875\" data-end=\"1930\">Vy\u0161\u0161\u00ed hmotnost (~207 g) \u2013 v kapse ho rozhodn\u011b poc\u00edt\u00ed\u0161<\/p>\n<\/li>\n<li data-start=\"1931\" data-end=\"1978\">\n<p data-start=\"1933\" data-end=\"1978\">Cena odpov\u00edd\u00e1 pr\u00e9miov\u00fdm materi\u00e1l\u016fm a zna\u010dce<\/p>\n<\/li>\n<li data-start=\"1979\" data-end=\"2052\">\n<p data-start=\"1981\" data-end=\"2052\">Titanov\u00e1 rukoje\u0165 m\u016f\u017ee \u010dasem n\u00e9st zn\u00e1mky pou\u017e\u00edv\u00e1n\u00ed (\u0161kr\u00e1bance, patina)<\/p>\n<\/li>\n<\/ul>\n<hr data-start=\"2054\" data-end=\"2057\" \/>\n<h2 data-start=\"2059\" data-end=\"2081\">\ud83d\udee0\ufe0f \u00dadr\u017eba a p\u00e9\u010de<\/h2>\n<ul data-start=\"2083\" data-end=\"2495\">\n<li data-start=\"2083\" data-end=\"2146\">\n<p data-start=\"2085\" data-end=\"2146\">Po pou\u017eit\u00ed \u010depel v\u017edy o\u010disti a osu\u0161te, abys zabr\u00e1nil korozi<\/p>\n<\/li>\n<li data-start=\"2147\" data-end=\"2200\">\n<p data-start=\"2149\" data-end=\"2200\">Kloubov\u00e9 \u010d\u00e1sti pravideln\u011b proma\u017e kvalitn\u00edm olejem<\/p>\n<\/li>\n<li data-start=\"2201\" data-end=\"2266\">\n<p data-start=\"2203\" data-end=\"2266\">Titanovou rukoje\u0165 chra\u0148 p\u0159ed ostr\u00fdmi n\u00e1razy a tvrd\u00fdmi povrchy<\/p>\n<\/li>\n<li data-start=\"2267\" data-end=\"2495\">\n<p data-start=\"2269\" data-end=\"2495\"><strong data-start=\"2269\" data-end=\"2493\">Pro udr\u017een\u00ed ost\u0159\u00ed doporu\u010dujeme <a class=\"decorated-link\" href=\"https:\/\/www.moskito.cz\/\" target=\"_new\" rel=\"noopener\" data-start=\"2302\" data-end=\"2391\">Spyderco Tri-Angle Sharpmaker Complete Sharpening System 204MF<\/a><\/strong><\/p>\n<\/li>\n<li data-start=\"2267\" data-end=\"2495\">\n<h2 data-start=\"2502\" data-end=\"2524\">\ud83c\udfaf Doporu\u010deno pro<\/h2>\n<ul data-start=\"2526\" data-end=\"2840\">\n<li data-start=\"2526\" data-end=\"2594\">\n<p data-start=\"2528\" data-end=\"2594\">Outdoorov\u00e9 nad\u0161ence a dobrodruhy, kte\u0159\u00ed pot\u0159ebuj\u00ed spolehliv\u00fd n\u016f\u017e<\/p>\n<\/li>\n<li data-start=\"2595\" data-end=\"2640\">\n<p data-start=\"2597\" data-end=\"2640\">Fanou\u0161ky taktick\u00fdch a robustn\u00edch zav\u00edr\u00e1k\u016f<\/p>\n<\/li>\n<li data-start=\"2641\" data-end=\"2693\">\n<p data-start=\"2643\" data-end=\"2693\">Profesion\u00e1ly a p\u0159\u00edslu\u0161n\u00edky bezpe\u010dnostn\u00edch slo\u017eek<\/p>\n<\/li>\n<li data-start=\"2694\" data-end=\"2752\">\n<p data-start=\"2696\" data-end=\"2752\">Sb\u011bratele, kte\u0159\u00ed oce\u0148uj\u00ed ru\u010dn\u00ed v\u00fdrobu a v\u00fdrazn\u00fd design<\/p>\n<\/li>\n<li data-start=\"2753\" data-end=\"2840\">\n<p data-start=\"2755\" data-end=\"2840\">U\u017eivatele, kte\u0159\u00ed cht\u011bj\u00ed univerz\u00e1ln\u00ed, ale extr\u00e9mn\u011b odoln\u00fd n\u016f\u017e pro ka\u017edodenn\u00ed pou\u017eit\u00ed<\/p>\n<\/li>\n<\/ul>\n<hr data-start=\"2842\" data-end=\"2845\" \/>\n<h2 data-start=\"2847\" data-end=\"2873\">\u2b50 Z\u00e1v\u011bre\u010dn\u00e9 hodnocen\u00ed<\/h2>\n<p data-start=\"2875\" data-end=\"3226\">Medford Genesis T MK029STD-03A2-TSCF-BN je v\u00fdjime\u010dn\u00fd zav\u00edrac\u00ed n\u016f\u017e, kter\u00fd spojuje v\u00fdkon, odolnost a luxusn\u00ed design. D\u00edky oceli S45VN, titanov\u00e9 rukojeti a masivn\u00ed konstrukci z\u00edsk\u00e1v\u00e1\u0161 n\u00e1stroj, kter\u00fd obstoj\u00ed i v extr\u00e9mn\u00edch podm\u00ednk\u00e1ch. Pokud hled\u00e1\u0161 n\u016f\u017e, kter\u00fd nen\u00ed jen praktick\u00fdm pomocn\u00edkem, ale tak\u00e9 symbolem s\u00edly a presti\u017ee, Genesis T je jasnou volbou.<\/p>\n<\/li>\n<\/ul>\n","protected":false},"excerpt":{"rendered":"<p><strong>Medford Genesis T MK029STD-03A2-TSCF-BN je v\u00fdjime\u010dn\u00fd zav\u00edrac\u00ed n\u016f\u017e, kter\u00fd spojuje v\u00fdkon, odolnost a luxusn\u00ed design. D\u00edky oceli S45VN, titanov\u00e9 rukojeti a masivn\u00ed konstrukci z\u00edsk\u00e1v\u00e1\u0161 n\u00e1stroj, kter\u00fd obstoj\u00ed i v extr\u00e9mn\u00edch podm\u00ednk\u00e1ch.<\/strong><\/p>\n<p><strong>Doprava zdarma.<\/strong><\/p>\n","protected":false},"featured_media":423738,"comment_status":"open","ping_status":"closed","template":"","meta":[],"pwb-brand":[358],"product_brand":[],"product_cat":[22,17],"product_tag":[],"class_list":{"0":"post-423737","1":"product","2":"type-product","3":"status-publish","4":"has-post-thumbnail","6":"pwb-brand-medford","7":"product_cat-zaviraci-noze","8":"product_cat-noze","10":"first","11":"instock","12":"taxable","13":"shipping-taxable","14":"purchasable","15":"product-type-simple"},"brands":[{"id":358,"name":"Medford","slug":"medford"}],"_links":{"self":[{"href":"https:\/\/www.moskito.cz\/sk\/wp-json\/wp\/v2\/product\/423737","targetHints":{"allow":["GET"]}}],"collection":[{"href":"https:\/\/www.moskito.cz\/sk\/wp-json\/wp\/v2\/product"}],"about":[{"href":"https:\/\/www.moskito.cz\/sk\/wp-json\/wp\/v2\/types\/product"}],"replies":[{"embeddable":true,"href":"https:\/\/www.moskito.cz\/sk\/wp-json\/wp\/v2\/comments?post=423737"}],"wp:featuredmedia":[{"embeddable":true,"href":"https:\/\/www.moskito.cz\/sk\/wp-json\/wp\/v2\/media\/423738"}],"wp:attachment":[{"href":"https:\/\/www.moskito.cz\/sk\/wp-json\/wp\/v2\/media?parent=423737"}],"wp:term":[{"taxonomy":"pwb-brand","embeddable":true,"href":"https:\/\/www.moskito.cz\/sk\/wp-json\/wp\/v2\/pwb-brand?post=423737"},{"taxonomy":"product_brand","embeddable":true,"href":"https:\/\/www.moskito.cz\/sk\/wp-json\/wp\/v2\/product_brand?post=423737"},{"taxonomy":"product_cat","embeddable":true,"href":"https:\/\/www.moskito.cz\/sk\/wp-json\/wp\/v2\/product_cat?post=423737"},{"taxonomy":"product_tag","embeddable":true,"href":"https:\/\/www.moskito.cz\/sk\/wp-json\/wp\/v2\/product_tag?post=423737"}],"curies":[{"name":"wp","href":"https:\/\/api.w.org\/{rel}","templated":true}]}}