{"id":423754,"date":"2025-09-16T13:50:32","date_gmt":"2025-09-16T12:50:32","guid":{"rendered":"https:\/\/www.moskito.cz\/?post_type=product&#038;p=423754"},"modified":"2025-09-16T13:51:36","modified_gmt":"2025-09-16T12:51:36","slug":"zaviraci-nuz-medford-midi-mara-mk0334td-38a3-t1c1-bn","status":"publish","type":"product","link":"https:\/\/www.moskito.cz\/sk\/produkt\/zaviraci-nuz-medford-midi-mara-mk0334td-38a3-t1c1-bn\/","title":{"rendered":"Zav\u00edrac\u00ed N\u016f\u017e Medford Midi Mara MK0334TD-38A3-T1C1-BN"},"content":{"rendered":"<h1 data-start=\"110\" data-end=\"166\">Zav\u00edrac\u00ed n\u016f\u017e Medford Midi Mara MK0334TD-38A3-T1C1-BN<\/h1>\n<p data-start=\"168\" data-end=\"620\">U\u017e p\u0159i prvn\u00edm pohledu na Medford Midi Mara pochop\u00ed\u0161, \u017ee nejde o b\u011b\u017en\u00fd zav\u00edrac\u00ed n\u016f\u017e. Tento model je zt\u011blesn\u011bn\u00edm filozofie zna\u010dky Medford Knife &amp; Tool \u2013 masivn\u00ed konstrukce, \u0161pi\u010dkov\u00e9 materi\u00e1ly a bezkompromisn\u00ed funk\u010dnost. Midi Marauder (zkr\u00e1cen\u011b Midi Mara) vych\u00e1z\u00ed z ikonick\u00e9ho modelu Marauder, ale p\u0159in\u00e1\u0161\u00ed kompaktn\u011bj\u0161\u00ed form\u00e1t vhodn\u00fd i pro ka\u017edodenn\u00ed no\u0161en\u00ed. V ruce p\u016fsob\u00ed jako tank mezi zav\u00edr\u00e1ky, p\u0159esto p\u0159ekvap\u00ed vyv\u00e1\u017eenost\u00ed, ergonomi\u00ed a hladk\u00fdm chodem.<\/p>\n<p data-start=\"622\" data-end=\"1118\">\u010cepel z pr\u00e9miov\u00e9 oceli S45VN je siln\u00e1 t\u00e9m\u011b\u0159 p\u016fl centimetru a nab\u00edz\u00ed ohromnou odolnost v kombinaci s dlouh\u00fdm dr\u017een\u00edm ost\u0159\u00ed. Titanov\u00e1 rukoje\u0165 dod\u00e1v\u00e1 no\u017ei nejen pevnost a n\u00edzkou hmotnost, ale tak\u00e9 luxusn\u00ed vzhled, kter\u00fd vynik\u00e1 v ka\u017ed\u00e9m detailu. Robustn\u00ed frame-lock garantuje jistotu a bezpe\u010dnost i p\u0159i t\u011bch nejt\u011b\u017e\u0161\u00edch \u00fakonech. Midi Mara je no\u017eem pro ty, kte\u0159\u00ed cht\u011bj\u00ed n\u011bco v\u00edc ne\u017e praktick\u00fd EDC \u2013 cht\u011bj\u00ed spole\u010dn\u00edka, kter\u00fd obstoj\u00ed v extr\u00e9mn\u00edch podm\u00ednk\u00e1ch a z\u00e1rove\u0148 reprezentuje presti\u017e a v\u00fdjime\u010dnost.<\/p>\n<hr data-start=\"1120\" data-end=\"1123\" \/>\n<h2 data-start=\"1125\" data-end=\"1154\">\ud83d\udd27 Technick\u00e9 specifikace<\/h2>\n<ul data-start=\"1156\" data-end=\"1747\">\n<li data-start=\"1156\" data-end=\"1197\">\n<p data-start=\"1158\" data-end=\"1197\"><strong data-start=\"1158\" data-end=\"1187\">Celkov\u00e1 d\u00e9lka (otev\u0159en\u00fd):<\/strong> 21,6 cm<\/p>\n<\/li>\n<li data-start=\"1198\" data-end=\"1226\">\n<p data-start=\"1200\" data-end=\"1226\"><strong data-start=\"1200\" data-end=\"1217\">D\u00e9lka \u010depele:<\/strong> 9,5 cm<\/p>\n<\/li>\n<li data-start=\"1227\" data-end=\"1258\">\n<p data-start=\"1229\" data-end=\"1258\"><strong data-start=\"1229\" data-end=\"1249\">Tlou\u0161\u0165ka \u010depele:<\/strong> 4,8 mm<\/p>\n<\/li>\n<li data-start=\"1259\" data-end=\"1296\">\n<p data-start=\"1261\" data-end=\"1296\"><strong data-start=\"1261\" data-end=\"1286\">D\u00e9lka zav\u0159en\u00e9ho no\u017ee:<\/strong> 12,1 cm<\/p>\n<\/li>\n<li data-start=\"1297\" data-end=\"1320\">\n<p data-start=\"1299\" data-end=\"1320\"><strong data-start=\"1299\" data-end=\"1308\">V\u00e1ha:<\/strong> cca 220 g<\/p>\n<\/li>\n<li data-start=\"1321\" data-end=\"1432\">\n<p data-start=\"1323\" data-end=\"1432\"><strong data-start=\"1323\" data-end=\"1343\">Materi\u00e1l \u010depele:<\/strong> nerezov\u00e1 ocel <strong data-start=\"1358\" data-end=\"1367\">S45VN<\/strong> \u2013 vysok\u00e1 tvrdost, odolnost v\u016f\u010di korozi, dlouh\u00e1 \u017eivotnost ost\u0159\u00ed<\/p>\n<\/li>\n<li data-start=\"1433\" data-end=\"1514\">\n<p data-start=\"1435\" data-end=\"1514\"><strong data-start=\"1435\" data-end=\"1451\">Tvar \u010depele:<\/strong> agresivn\u00ed \u0161pi\u010dka, ide\u00e1ln\u00ed pro pr\u016frazn\u00e9 i p\u0159esn\u00e9 \u0159ezy<\/p>\n<\/li>\n<li data-start=\"1515\" data-end=\"1597\">\n<p data-start=\"1517\" data-end=\"1597\"><strong data-start=\"1517\" data-end=\"1539\">Materi\u00e1l rukojeti:<\/strong> titan \u2013 extr\u00e9mn\u011b pevn\u00fd, lehk\u00fd a odoln\u00fd proti opot\u0159eben\u00ed<\/p>\n<\/li>\n<li data-start=\"1598\" data-end=\"1659\">\n<p data-start=\"1600\" data-end=\"1659\"><strong data-start=\"1600\" data-end=\"1610\">Z\u00e1mek:<\/strong> frame-lock \u2013 robustn\u00ed a spolehliv\u00fd mechanismus<\/p>\n<\/li>\n<li data-start=\"1660\" data-end=\"1747\">\n<p data-start=\"1662\" data-end=\"1747\"><strong data-start=\"1662\" data-end=\"1678\">Dal\u0161\u00ed prvky:<\/strong> odlamovac\u00ed konec (glass breaker) \u2013 praktick\u00fd v nouzov\u00fdch situac\u00edch<\/p>\n<\/li>\n<\/ul>\n<hr data-start=\"1749\" data-end=\"1752\" \/>\n<h2 data-start=\"1754\" data-end=\"1774\">\u2705 Hlavn\u00ed v\u00fdhody<\/h2>\n<ul data-start=\"1776\" data-end=\"2121\">\n<li data-start=\"1776\" data-end=\"1860\">\n<p data-start=\"1778\" data-end=\"1860\">Pr\u00e9miov\u00e1 ocel S45VN \u2013 kombinace tvrdosti, hou\u017eevnatosti a odolnosti proti korozi<\/p>\n<\/li>\n<li data-start=\"1861\" data-end=\"1909\">\n<p data-start=\"1863\" data-end=\"1909\">\u010cepel \u2013 univerz\u00e1ln\u00ed a z\u00e1rove\u0148 pr\u016frazn\u00e1<\/p>\n<\/li>\n<li data-start=\"1910\" data-end=\"1966\">\n<p data-start=\"1912\" data-end=\"1966\">Titanov\u00e1 rukoje\u0165 \u2013 pevn\u00e1, lehk\u00e1 a luxusn\u011b zpracovan\u00e1<\/p>\n<\/li>\n<li data-start=\"1967\" data-end=\"2015\">\n<p data-start=\"1969\" data-end=\"2015\">Frame-lock \u2013 jistota i p\u0159i extr\u00e9mn\u00edm pou\u017eit\u00ed<\/p>\n<\/li>\n<li data-start=\"2016\" data-end=\"2075\">\n<p data-start=\"2018\" data-end=\"2075\">Ikonick\u00fd design Medford \u2013 sb\u011bratelsk\u00e1 i funk\u010dn\u00ed hodnota<\/p>\n<\/li>\n<li data-start=\"2076\" data-end=\"2121\">\n<p data-start=\"2078\" data-end=\"2121\">Siln\u00e1 \u010depel (4,8 mm) \u2013 odol\u00e1 velk\u00e9 z\u00e1t\u011b\u017ei<\/p>\n<\/li>\n<\/ul>\n<hr data-start=\"2123\" data-end=\"2126\" \/>\n<h2 data-start=\"2128\" data-end=\"2149\">\u26a0\ufe0f Mo\u017en\u00e1 omezen\u00ed<\/h2>\n<ul data-start=\"2151\" data-end=\"2347\">\n<li data-start=\"2151\" data-end=\"2219\">\n<p data-start=\"2153\" data-end=\"2219\">Vy\u0161\u0161\u00ed v\u00e1ha (cca 220 g) \u2013 p\u0159i ka\u017edodenn\u00edm no\u0161en\u00ed m\u016f\u017ee b\u00fdt v\u00fdrazn\u00e1<\/p>\n<\/li>\n<li data-start=\"2220\" data-end=\"2275\">\n<p data-start=\"2222\" data-end=\"2275\">Cena \u2013 odpov\u00edd\u00e1 pr\u00e9miov\u00fdm materi\u00e1l\u016fm a ru\u010dn\u00ed v\u00fdrob\u011b<\/p>\n<\/li>\n<li data-start=\"2276\" data-end=\"2347\">\n<p data-start=\"2278\" data-end=\"2347\">Masivn\u00ed konstrukce \u2013 pro jemn\u00e9 \u00fakony m\u016f\u017ee p\u016fsobit zbyte\u010dn\u011b robustn\u011b<\/p>\n<\/li>\n<\/ul>\n<hr data-start=\"2349\" data-end=\"2352\" \/>\n<h2 data-start=\"2354\" data-end=\"2376\">\ud83d\udee0\ufe0f \u00dadr\u017eba a p\u00e9\u010de<\/h2>\n<ul data-start=\"2378\" data-end=\"2833\">\n<li data-start=\"2378\" data-end=\"2454\">\n<p data-start=\"2380\" data-end=\"2454\">Po pou\u017eit\u00ed \u010depel v\u017edy o\u010disti a osu\u0161te, aby se p\u0159ede\u0161lo vlhkosti a korozi<\/p>\n<\/li>\n<li data-start=\"2455\" data-end=\"2524\">\n<p data-start=\"2457\" data-end=\"2524\">Kloubov\u00e9 \u010d\u00e1sti pravideln\u011b proma\u017e kvalitn\u00edm olejem pro hladk\u00fd chod<\/p>\n<\/li>\n<li data-start=\"2525\" data-end=\"2604\">\n<p data-start=\"2527\" data-end=\"2604\">Titanovou rukoje\u0165 chra\u0148 p\u0159ed tvrd\u00fdmi n\u00e1razy, kter\u00e9 by mohly po\u0161kodit povrch<\/p>\n<\/li>\n<li data-start=\"2605\" data-end=\"2833\">\n<p data-start=\"2607\" data-end=\"2833\"><strong data-start=\"2607\" data-end=\"2831\">Pro udr\u017een\u00ed ost\u0159\u00ed doporu\u010dujeme <a class=\"decorated-link\" href=\"https:\/\/www.moskito.cz\/\" target=\"_new\" rel=\"noopener\" data-start=\"2640\" data-end=\"2729\">Spyderco Tri-Angle Sharpmaker Complete Sharpening System 204MF<\/a><\/strong><\/p>\n<\/li>\n<li data-start=\"2605\" data-end=\"2833\">\n<h2 data-start=\"2840\" data-end=\"2862\">\ud83c\udfaf Doporu\u010deno pro<\/h2>\n<ul data-start=\"2864\" data-end=\"3129\">\n<li data-start=\"2864\" data-end=\"2908\">\n<p data-start=\"2866\" data-end=\"2908\">Nad\u0161ence do robustn\u00edch a taktick\u00fdch no\u017e\u016f<\/p>\n<\/li>\n<li data-start=\"2909\" data-end=\"2949\">\n<p data-start=\"2911\" data-end=\"2949\">Outdoorov\u00e9 dobrodruhy a survivalisty<\/p>\n<\/li>\n<li data-start=\"2950\" data-end=\"3009\">\n<p data-start=\"2952\" data-end=\"3009\">Profesion\u00e1ly, kte\u0159\u00ed pot\u0159ebuj\u00ed n\u016f\u017e do n\u00e1ro\u010dn\u00fdch podm\u00ednek<\/p>\n<\/li>\n<li data-start=\"3010\" data-end=\"3055\">\n<p data-start=\"3012\" data-end=\"3055\">Sb\u011bratele luxusn\u00edch a ikonick\u00fdch zav\u00edr\u00e1k\u016f<\/p>\n<\/li>\n<li data-start=\"3056\" data-end=\"3129\">\n<p data-start=\"3058\" data-end=\"3129\">U\u017eivatel\u00e9, kte\u0159\u00ed cht\u011bj\u00ed kombinaci extr\u00e9mn\u00ed s\u00edly a presti\u017en\u00edho designu<\/p>\n<\/li>\n<\/ul>\n<hr data-start=\"3131\" data-end=\"3134\" \/>\n<h2 data-start=\"3136\" data-end=\"3162\">\u2b50 Z\u00e1v\u011bre\u010dn\u00e9 hodnocen\u00ed<\/h2>\n<p data-start=\"3164\" data-end=\"3577\">Medford Midi Mara MK0334TD-38A3-T1C1-BN je zav\u00edrac\u00ed n\u016f\u017e, kter\u00fd spojuje monument\u00e1ln\u00ed design, \u0161pi\u010dkov\u00e9 materi\u00e1ly a bezchybnou funk\u010dnost. Nab\u00edz\u00ed s\u00edlu a spolehlivost v\u011bt\u0161\u00edho modelu Marauder, ale v kompaktn\u011bj\u0161\u00ed podob\u011b vhodn\u00e9 i pro ka\u017edodenn\u00ed no\u0161en\u00ed. Pokud hled\u00e1\u0161 n\u016f\u017e, kter\u00fd p\u016fsob\u00ed impozantn\u011b, vydr\u017e\u00ed extr\u00e9mn\u00ed zat\u00ed\u017een\u00ed a z\u00e1rove\u0148 reprezentuje to nejlep\u0161\u00ed z americk\u00e9 no\u017e\u00ed\u0159sk\u00e9 v\u00fdroby, Midi Mara je volba, kter\u00e1 nezklame.<\/p>\n<\/li>\n<\/ul>\n","protected":false},"excerpt":{"rendered":"<p><strong>Medford Midi Mara MK0334TD-38A3-T1C1-BN je zav\u00edrac\u00ed n\u016f\u017e, kter\u00fd spojuje monument\u00e1ln\u00ed design, \u0161pi\u010dkov\u00e9 materi\u00e1ly a bezchybnou funk\u010dnost. Nab\u00edz\u00ed s\u00edlu a spolehlivost v\u011bt\u0161\u00edho modelu Marauder, ale v kompaktn\u011bj\u0161\u00ed podob\u011b vhodn\u00e9 i pro ka\u017edodenn\u00ed no\u0161en\u00ed. <\/strong><\/p>\n<p><strong>Doprava zdarma.<\/strong><\/p>\n","protected":false},"featured_media":423755,"comment_status":"open","ping_status":"closed","template":"","meta":[],"pwb-brand":[358],"product_brand":[],"product_cat":[22,17],"product_tag":[],"class_list":{"0":"post-423754","1":"product","2":"type-product","3":"status-publish","4":"has-post-thumbnail","6":"pwb-brand-medford","7":"product_cat-zaviraci-noze","8":"product_cat-noze","10":"first","11":"instock","12":"taxable","13":"shipping-taxable","14":"purchasable","15":"product-type-simple"},"brands":[{"id":358,"name":"Medford","slug":"medford"}],"_links":{"self":[{"href":"https:\/\/www.moskito.cz\/sk\/wp-json\/wp\/v2\/product\/423754","targetHints":{"allow":["GET"]}}],"collection":[{"href":"https:\/\/www.moskito.cz\/sk\/wp-json\/wp\/v2\/product"}],"about":[{"href":"https:\/\/www.moskito.cz\/sk\/wp-json\/wp\/v2\/types\/product"}],"replies":[{"embeddable":true,"href":"https:\/\/www.moskito.cz\/sk\/wp-json\/wp\/v2\/comments?post=423754"}],"wp:featuredmedia":[{"embeddable":true,"href":"https:\/\/www.moskito.cz\/sk\/wp-json\/wp\/v2\/media\/423755"}],"wp:attachment":[{"href":"https:\/\/www.moskito.cz\/sk\/wp-json\/wp\/v2\/media?parent=423754"}],"wp:term":[{"taxonomy":"pwb-brand","embeddable":true,"href":"https:\/\/www.moskito.cz\/sk\/wp-json\/wp\/v2\/pwb-brand?post=423754"},{"taxonomy":"product_brand","embeddable":true,"href":"https:\/\/www.moskito.cz\/sk\/wp-json\/wp\/v2\/product_brand?post=423754"},{"taxonomy":"product_cat","embeddable":true,"href":"https:\/\/www.moskito.cz\/sk\/wp-json\/wp\/v2\/product_cat?post=423754"},{"taxonomy":"product_tag","embeddable":true,"href":"https:\/\/www.moskito.cz\/sk\/wp-json\/wp\/v2\/product_tag?post=423754"}],"curies":[{"name":"wp","href":"https:\/\/api.w.org\/{rel}","templated":true}]}}