{"id":424604,"date":"2023-10-24T14:22:23","date_gmt":"2023-10-24T13:22:23","guid":{"rendered":"https:\/\/www.moskito.cz\/produkt\/vystrelovaci-noz-akc-world-roma-swinguard-23cm\/"},"modified":"2025-09-26T08:17:37","modified_gmt":"2025-09-26T07:17:37","slug":"vystrelovaci-noz-akc-world-roma-swinguard-23cm","status":"publish","type":"product","link":"https:\/\/www.moskito.cz\/sk\/produkt\/vystrelovaci-noz-akc-world-roma-swinguard-23cm\/","title":{"rendered":"Vystre\u013eovac\u00ed N\u00f4\u017e AKC WORLD Roma Swinguard 23cm"},"content":{"rendered":"<p>Vystre\u013eovac\u00ed N\u00f4\u017e <strong>AKC WORLD<\/strong> Roma Swinguard 23cm<\/p>\n<p>Vystre\u013eovac\u00ed N\u00f4\u017e AKC WORLD Roma Swinguard 23 cm je \u0161t\u00fdlov\u00fd a prec\u00edzne spracovan\u00fd taliansky n\u00f4\u017e, ktor\u00fd oslov\u00ed ako zberate\u013eov, tak aj t\u00fdch, ktor\u00ed h\u013eadaj\u00fa luxusn\u00fd vreckov\u00fd n\u00f4\u017e. Tu s\u00fa podrobnosti o tomto produkte:<br \/>\n \u0160pecifik\u00e1cia: <\/p>\n<p>Celkov\u00e1 d\u013a\u017eka: 23 cm<br \/>\n D\u013a\u017eka \u010depele: 9,5 cm<br \/>\n Hr\u00fabka \u010depele: 0,3 cm<br \/>\n Hmotnos\u0165: 128 g<\/p>\n<p>Materi\u00e1ly:<\/p>\n<p>\u010cepe\u013e: Nerezov\u00e1 oce\u013e AISI 420, zn\u00e1ma pre svoju odolnos\u0165 vo\u010di kor\u00f3zii a jednoduch\u00fa \u00fadr\u017ebu.<br \/>\n Rukov\u00e4\u0165: Drevo, ktor\u00e9 dod\u00e1va no\u017eu klasick\u00fd a elegantn\u00fd vzh\u013ead.<br \/>\n R\u00e1m: Nerezov\u00e1 oce\u013e AISI 420, zais\u0165uj\u00faca pevnos\u0165 a stabilitu.<\/p>\n<p>Vlastnosti:<\/p>\n<p>Swinguard mechanizmus: Charakteristick\u00fd dizajn s ochranou \u010depele, ktor\u00fd prid\u00e1va no\u017ee na bezpe\u010dnosti a \u0161t\u00fdle.<br \/>\n Taliansky \u0161t\u00fdl: Tradi\u010dn\u00fd dizajn spojen\u00fd s modern\u00fdmi v\u00fdrobn\u00fdmi technikami.<br \/>\n Luxusn\u00fd vzh\u013ead: Ide\u00e1lny ako zberate\u013esk\u00fd k\u00fasok alebo reprezentat\u00edvny vreckov\u00fd n\u00f4\u017e.<\/p>\n<p>Tento n\u00f4\u017e je nielen praktick\u00fd, ale aj esteticky atrakt\u00edvny, \u010do z neho rob\u00ed vynikaj\u00facu vo\u013ebu pre ka\u017ed\u00e9ho milovn\u00edka kvalitn\u00fdch no\u017eov. Pokia\u013e h\u013ead\u00e1te spojenie elegancie, trad\u00edcie a funk\u010dnosti, tento model rozhodne stoj\u00ed za zv\u00e1\u017eenie. <\/p>\n<p>&nbsp;<\/p>\n","protected":false},"excerpt":{"rendered":"<p><strong>Tento n\u00f4\u017e je nielen praktick\u00fd, ale aj esteticky atrakt\u00edvny, \u010do z neho rob\u00ed vynikaj\u00facu vo\u013ebu pre ka\u017ed\u00e9ho milovn\u00edka kvalitn\u00fdch no\u017eov. Pokia\u013e h\u013ead\u00e1te spojenie elegancie, trad\u00edcie a funk\u010dnosti, tento model rozhodne stoj\u00ed za zv\u00e1\u017eenie. <\/strong><\/p>\n","protected":false},"featured_media":258577,"comment_status":"open","ping_status":"closed","template":"","meta":[],"pwb-brand":[4013],"product_brand":[],"product_cat":[3197,3186],"product_tag":[],"class_list":{"0":"post-424604","1":"product","2":"type-product","3":"status-publish","4":"has-post-thumbnail","6":"pwb-brand-aga-campolin-sk","7":"product_cat-vystrelovacie-noze-sk","8":"product_cat-noze-sk","10":"first","11":"outofstock","12":"taxable","13":"shipping-taxable","14":"purchasable","15":"product-type-simple"},"brands":[{"id":4013,"name":"AGA CAMPOLIN","slug":"aga-campolin-sk"}],"_links":{"self":[{"href":"https:\/\/www.moskito.cz\/sk\/wp-json\/wp\/v2\/product\/424604","targetHints":{"allow":["GET"]}}],"collection":[{"href":"https:\/\/www.moskito.cz\/sk\/wp-json\/wp\/v2\/product"}],"about":[{"href":"https:\/\/www.moskito.cz\/sk\/wp-json\/wp\/v2\/types\/product"}],"replies":[{"embeddable":true,"href":"https:\/\/www.moskito.cz\/sk\/wp-json\/wp\/v2\/comments?post=424604"}],"wp:featuredmedia":[{"embeddable":true,"href":"https:\/\/www.moskito.cz\/sk\/wp-json\/wp\/v2\/media\/258577"}],"wp:attachment":[{"href":"https:\/\/www.moskito.cz\/sk\/wp-json\/wp\/v2\/media?parent=424604"}],"wp:term":[{"taxonomy":"pwb-brand","embeddable":true,"href":"https:\/\/www.moskito.cz\/sk\/wp-json\/wp\/v2\/pwb-brand?post=424604"},{"taxonomy":"product_brand","embeddable":true,"href":"https:\/\/www.moskito.cz\/sk\/wp-json\/wp\/v2\/product_brand?post=424604"},{"taxonomy":"product_cat","embeddable":true,"href":"https:\/\/www.moskito.cz\/sk\/wp-json\/wp\/v2\/product_cat?post=424604"},{"taxonomy":"product_tag","embeddable":true,"href":"https:\/\/www.moskito.cz\/sk\/wp-json\/wp\/v2\/product_tag?post=424604"}],"curies":[{"name":"wp","href":"https:\/\/api.w.org\/{rel}","templated":true}]}}