{"id":425058,"date":"2024-09-26T12:57:27","date_gmt":"2024-09-26T11:57:27","guid":{"rendered":"https:\/\/www.moskito.cz\/produkt\/motylik-boker-plus-balisong-tactical-small-06ex004\/"},"modified":"2025-09-29T10:18:19","modified_gmt":"2025-09-29T09:18:19","slug":"motylik-boker-plus-balisong-tactical-small-06ex004","status":"publish","type":"product","link":"https:\/\/www.moskito.cz\/sk\/produkt\/motylik-boker-plus-balisong-tactical-small-06ex004\/","title":{"rendered":"Mot\u00fdlik B\u00f6ker Plus Balisong Tactical Small 06EX004"},"content":{"rendered":"<p>Mot\u00fdlik <strong>B\u00f6ker Plus<\/strong> Balisong Tactical Small 06EX004.<\/p>\n<p>Kompaktn\u00fd Boker Plus Balisong Tactical Small je vybaven\u00fd \u0161trukt\u00farovanou rukov\u00e4\u0165ou G10. \u010cepe\u013e je vyroben\u00e1 z 440C a m\u00e1 prepracovan\u00e9 zlo\u017een\u00e9 br\u00fasenie. V zatvorenom stave je \u00faplne uzavret\u00fd oboma dielmi rukov\u00e4te. Na otvorenie sta\u010d\u00ed \u0161vih zo z\u00e1p\u00e4stia.   <\/p>\n<p>Celkov\u00e1 d\u013a\u017eka: 19,60 cm<br \/>\n D\u013a\u017eka \u010depele: 8,80 cm<br \/>\n Hr\u00fabka \u010depele: 2,50 mm<br \/>\n Hmotnos\u0165: 87,00 g<br \/>\n Materi\u00e1l \u010depele: 440C<br \/>\n Materi\u00e1l rukov\u00e4te: G10<br \/>\n Otv\u00e1racia: Manu\u00e1l<br \/>\n Typ z\u00e1mku: Balisong<br \/>\n Farba: \u010cierna<br \/>\n \u010c\u00edslo polo\u017eky: 06EX004<\/p>\n<p>&nbsp;<\/p>\n","protected":false},"excerpt":{"rendered":"<p><strong>Klasick\u00fd mot\u00fdlik.<\/strong><\/p>\n","protected":false},"featured_media":364532,"comment_status":"closed","ping_status":"closed","template":"","meta":[],"pwb-brand":[3419],"product_brand":[],"product_cat":[3546,3186],"product_tag":[],"class_list":{"0":"post-425058","1":"product","2":"type-product","3":"status-publish","4":"has-post-thumbnail","6":"pwb-brand-boker-sk","7":"product_cat-motyliky","8":"product_cat-noze-sk","10":"first","11":"outofstock","12":"taxable","13":"shipping-taxable","14":"purchasable","15":"product-type-simple"},"brands":[{"id":3419,"name":"Boker","slug":"boker-sk"}],"_links":{"self":[{"href":"https:\/\/www.moskito.cz\/sk\/wp-json\/wp\/v2\/product\/425058","targetHints":{"allow":["GET"]}}],"collection":[{"href":"https:\/\/www.moskito.cz\/sk\/wp-json\/wp\/v2\/product"}],"about":[{"href":"https:\/\/www.moskito.cz\/sk\/wp-json\/wp\/v2\/types\/product"}],"replies":[{"embeddable":true,"href":"https:\/\/www.moskito.cz\/sk\/wp-json\/wp\/v2\/comments?post=425058"}],"wp:featuredmedia":[{"embeddable":true,"href":"https:\/\/www.moskito.cz\/sk\/wp-json\/wp\/v2\/media\/364532"}],"wp:attachment":[{"href":"https:\/\/www.moskito.cz\/sk\/wp-json\/wp\/v2\/media?parent=425058"}],"wp:term":[{"taxonomy":"pwb-brand","embeddable":true,"href":"https:\/\/www.moskito.cz\/sk\/wp-json\/wp\/v2\/pwb-brand?post=425058"},{"taxonomy":"product_brand","embeddable":true,"href":"https:\/\/www.moskito.cz\/sk\/wp-json\/wp\/v2\/product_brand?post=425058"},{"taxonomy":"product_cat","embeddable":true,"href":"https:\/\/www.moskito.cz\/sk\/wp-json\/wp\/v2\/product_cat?post=425058"},{"taxonomy":"product_tag","embeddable":true,"href":"https:\/\/www.moskito.cz\/sk\/wp-json\/wp\/v2\/product_tag?post=425058"}],"curies":[{"name":"wp","href":"https:\/\/api.w.org\/{rel}","templated":true}]}}