{"id":425437,"date":"2021-05-27T21:38:38","date_gmt":"2021-05-27T20:38:38","guid":{"rendered":"https:\/\/www.moskito.cz\/produkt\/samurajsky-mec-boker-magnum-bejuno-katana-05sc638\/"},"modified":"2025-10-01T14:48:00","modified_gmt":"2025-10-01T13:48:00","slug":"samurajsky-mec-boker-magnum-bejuno-katana-05sc638","status":"publish","type":"product","link":"https:\/\/www.moskito.cz\/sk\/produkt\/samurajsky-mec-boker-magnum-bejuno-katana-05sc638\/","title":{"rendered":"Samurajsk\u00fd Me\u010d B\u00f6ker Magnum BEJUNO KATANA 05SC638"},"content":{"rendered":"<p>Samurajsk\u00fd Me\u010d B\u00f6ker Magnum BEJUNO KATANA 05SC638.<\/p>\n<p>Magnum Bejuno je vysoko kvalitn\u00e1 katana, ktor\u00e1 fascinuje svojim harmonick\u00fdm a bohat\u00fdm zdoben\u00edm. Tsuka-Ito a Sageo, obaly na rukov\u00e4ti a po\u0161ve, s\u00fa v jemnej b\u00e9\u017eovej farbe. Tsuba je sfarben\u00e1 do \u010diernej, zlatej a striebornej. Zlat\u00fd dekorat\u00edvny lak na \u010diernej po\u0161ve tie\u017e dod\u00e1va atrakt\u00edvny akcent. Kovan\u00e1 a ostro br\u00fasen\u00e1 \u010depe\u013e z hrdzavej\u00facej uhl\u00edkovej ocele 1060 zaru\u010duje po\u017eadovan\u00fa r\u00e1zov\u00fa a lomov\u00fa pru\u017enos\u0165. Je opatren\u00e1 tradi\u010dnou dr\u00e1\u017ekou a nazna\u010denou l\u00edniou tvrdosti, tzv. hamon.      <\/p>\n<p>&nbsp;<\/p>\n<p>Celkov\u00e1 d\u013a\u017eka: 100 cm<br \/>\n D\u013a\u017eka \u010depele: 72 cm<br \/>\n Hr\u00fabka \u010depele: 7,08 mm<br \/>\n Hmotnos\u0165: 1003 g<br \/>\n Materi\u00e1l \u010depele: Uhl\u00edkov\u00e1 oce\u013e<br \/>\n Materi\u00e1l rukov\u00e4te: Drevo<br \/>\n Farba: hned\u00e1<br \/>\n Farba \u010depele: Bez povrchovej \u00fapravy<\/p>\n","protected":false},"excerpt":{"rendered":"<p><strong>Magnum Bejuno je vysoko kvalitn\u00e1 katana, ktor\u00e1 fascinuje svojim harmonick\u00fdm a bohat\u00fdm zdoben\u00edm.<\/strong><\/p>\n","protected":false},"featured_media":199269,"comment_status":"open","ping_status":"closed","template":"","meta":[],"pwb-brand":[3419],"product_brand":[],"product_cat":[3386,3392],"product_tag":[],"class_list":{"0":"post-425437","1":"product","2":"type-product","3":"status-publish","4":"has-post-thumbnail","6":"pwb-brand-boker-sk","7":"product_cat-katany-a-mece-sk","8":"product_cat-mece-dyky-repliky-sk","10":"first","11":"outofstock","12":"taxable","13":"shipping-taxable","14":"purchasable","15":"product-type-simple"},"brands":[{"id":3419,"name":"Boker","slug":"boker-sk"}],"_links":{"self":[{"href":"https:\/\/www.moskito.cz\/sk\/wp-json\/wp\/v2\/product\/425437","targetHints":{"allow":["GET"]}}],"collection":[{"href":"https:\/\/www.moskito.cz\/sk\/wp-json\/wp\/v2\/product"}],"about":[{"href":"https:\/\/www.moskito.cz\/sk\/wp-json\/wp\/v2\/types\/product"}],"replies":[{"embeddable":true,"href":"https:\/\/www.moskito.cz\/sk\/wp-json\/wp\/v2\/comments?post=425437"}],"wp:featuredmedia":[{"embeddable":true,"href":"https:\/\/www.moskito.cz\/sk\/wp-json\/wp\/v2\/media\/199269"}],"wp:attachment":[{"href":"https:\/\/www.moskito.cz\/sk\/wp-json\/wp\/v2\/media?parent=425437"}],"wp:term":[{"taxonomy":"pwb-brand","embeddable":true,"href":"https:\/\/www.moskito.cz\/sk\/wp-json\/wp\/v2\/pwb-brand?post=425437"},{"taxonomy":"product_brand","embeddable":true,"href":"https:\/\/www.moskito.cz\/sk\/wp-json\/wp\/v2\/product_brand?post=425437"},{"taxonomy":"product_cat","embeddable":true,"href":"https:\/\/www.moskito.cz\/sk\/wp-json\/wp\/v2\/product_cat?post=425437"},{"taxonomy":"product_tag","embeddable":true,"href":"https:\/\/www.moskito.cz\/sk\/wp-json\/wp\/v2\/product_tag?post=425437"}],"curies":[{"name":"wp","href":"https:\/\/api.w.org\/{rel}","templated":true}]}}