{"id":426761,"date":"2024-09-25T20:32:32","date_gmt":"2024-09-25T19:32:32","guid":{"rendered":"https:\/\/www.moskito.cz\/produkt\/zatvaraci-noz-microtech-msi-stonewashed-210t-10pmbk\/"},"modified":"2025-11-24T09:50:44","modified_gmt":"2025-11-24T08:50:44","slug":"zatvaraci-noz-microtech-msi-stonewashed-210t-10pmbk","status":"publish","type":"product","link":"https:\/\/www.moskito.cz\/sk\/produkt\/zatvaraci-noz-microtech-msi-stonewashed-210t-10pmbk\/","title":{"rendered":"Zatv\u00e1rac\u00ed N\u00f4\u017e Microtech MSI Stonewashed 210T-10PMBK"},"content":{"rendered":"<p>&nbsp;<\/p>\n<h1 data-start=\"126\" data-end=\"184\"><strong data-start=\"128\" data-end=\"182\">Zatv\u00e1rac\u00ed N\u00f4\u017e Microtech MSI Stonewashed 210T-10PMBK<\/strong><\/h1>\n<p data-start=\"186\" data-end=\"628\">Microtech MSI Stonewashed 210T-10PMBK je \u0161pi\u010dkov\u00fd zatv\u00e1rac\u00ed n\u00f4\u017e z dielne Microtech, ktor\u00fd v sebe sp\u00e1ja prvotriedne materi\u00e1ly, inovat\u00edvnu technol\u00f3giu a presn\u00e9 spracovanie. Tento model je vybaven\u00fd z\u00e1mkov\u00fdm mechanizmom <strong data-start=\"412\" data-end=\"426\">Atlas Lock<\/strong> , ktor\u00fd zais\u0165uje extr\u00e9mnu pevnos\u0165 a spo\u013eahlivos\u0165 pri pou\u017e\u00edvan\u00ed. S \u010depe\u013eou z **M39 <strong data-start=\"502\" data-end=\"510\">M390<\/strong> , jedna z najlep\u0161\u00edch ocel\u00ed na trhu, vynikaj\u00faca odolnos\u0165 proti opotrebeniu a dlhotrvaj\u00faca ostros\u0165.  <\/p>\n<p data-start=\"630\" data-end=\"770\">Jedn\u00e1 sa o exkluz\u00edvny model, ktor\u00fd <strong data-start=\"665\" data-end=\"687\">sa ned\u00e1 be\u017ene zohna\u0165<\/strong> , \u010do z neho rob\u00ed nielen praktick\u00fd n\u00e1stroj, ale aj vysoko cenen\u00fd zberate\u013esk\u00fd kou<\/p>\n<hr data-start=\"772\" data-end=\"775\">\n<h2 data-start=\"777\" data-end=\"807\"><strong data-start=\"780\" data-end=\"805\">\ud83d\udd39 K\u013e\u00fa\u010dov\u00e9 vlastnosti<\/strong><\/h2>\n<p data-start=\"809\" data-end=\"1086\">\ud83d\udd2a <strong data-start=\"812\" data-end=\"822\">\u010cepe\u013e:<\/strong><br data-start=\"822\" data-end=\"825\"> Vyroben\u00e1 z <strong data-start=\"836\" data-end=\"844\">M390<\/strong> , \u010do je <strong data-start=\"853\" data-end=\"879\">pr\u00e1\u0161kov\u00e1 nerezov\u00e1 oce\u013e<\/strong> zn\u00e1ma svojou <strong data-start=\"891\" data-end=\"924\">extr\u00e9mnou tvrdos\u0165ou (60-62 HRC)<\/strong> , odolnos\u0165ou proti kor\u00f3zii a v\u00fdnimo\u010dnou retenciou ostrie. V\u010faka t\u00fdmto vlastnostiam je ide\u00e1lny na intenz\u00edvne pou\u017eitie a dlh\u00fa \u017eivotnos\u0165 bez \u010dast\u00e9ho br\u00fasenia. <\/p>\n<p data-start=\"1088\" data-end=\"1216\">\ud83d\udccf <strong data-start=\"1091\" data-end=\"1108\">D\u013a\u017eka \u010depele:<\/strong><br data-start=\"1108\" data-end=\"1111\"> <strong data-start=\"1111\" data-end=\"1121\">9,2 cm<\/strong> \u2013 univerz\u00e1lna ve\u013ekos\u0165, ktor\u00e1 poskytuje vynikaj\u00facu medzi kompaktnos\u0165ou a funk\u010dnos\u0165ou.<\/p>\n<p data-start=\"1218\" data-end=\"1325\">\ud83d\udccf <strong data-start=\"1221\" data-end=\"1239\">Celkov\u00e1 d\u013a\u017eka:<\/strong><br data-start=\"1239\" data-end=\"1242\"> <strong data-start=\"1242\" data-end=\"1253\">22,8 cm<\/strong> \u2013 dostato\u010dn\u00e1 d\u013a\u017eka pre pevn\u00fd a bezpe\u010dn\u00fd \u00fachop pri akomko\u013evek pou\u017eit\u00ed.<\/p>\n<p data-start=\"1327\" data-end=\"1438\">\ud83d\udcaa <strong data-start=\"1330\" data-end=\"1350\">Hr\u00fabka \u010depele:<\/strong><br data-start=\"1350\" data-end=\"1353\"> <strong data-start=\"1353\" data-end=\"1361\">4 mm<\/strong> \u2013 robustn\u00e1 kon\u0161trukcia, ktor\u00e1 zaist\u00ed vysok\u00fa pevnos\u0165 a odolnos\u0165 pri pr\u00e1ci.<\/p>\n<p data-start=\"1440\" data-end=\"1610\">\u2699\ufe0f <strong data-start=\"1443\" data-end=\"1471\">Povrchov\u00e1 \u00faprava \u010depele:<\/strong><br data-start=\"1471\" data-end=\"1474\"> <strong data-start=\"1474\" data-end=\"1489\">Stonewashed<\/strong> &#8211; odoln\u00e1 <strong data-start=\"1535\" data-end=\"1573\">minimalizuje vidite\u013enos\u0165 \u0161krabancov<\/strong> a zvy\u0161uje estetick\u00fa hodnotu no\u017ea.<\/p>\n<p data-start=\"1612\" data-end=\"1772\">\ud83c\udfa8 <strong data-start=\"1615\" data-end=\"1627\">Rukov\u00e4\u0165:<\/strong><br data-start=\"1627\" data-end=\"1630\"> Vyroben\u00e1 z <strong data-start=\"1641\" data-end=\"1685\">pevn\u00e9ho a \u013eahk\u00e9ho polym\u00e9rov\u00e9ho materi\u00e1lu<\/strong> s <strong data-start=\"1688\" data-end=\"1715\">proti\u0161mykovou text\u00farou<\/strong> , ktor\u00e1 zais\u0165uje pevn\u00fd<\/p>\n<p data-start=\"1774\" data-end=\"1863\">\u2696\ufe0f <strong data-start=\"1777\" data-end=\"1790\">Hmotnos\u0165:<\/strong><br data-start=\"1790\" data-end=\"1793\"> <strong data-start=\"1793\" data-end=\"1802\">130 g<\/strong> \u2013 optim\u00e1lne vyv\u00e1\u017eenie medzi robustnos\u0165ou a pohodln\u00fdm nosen\u00edm.<\/p>\n<p data-start=\"1865\" data-end=\"2025\">\ud83d\udee1 <strong data-start=\"1868\" data-end=\"1884\">Mechanizmus:<\/strong><br data-start=\"1884\" data-end=\"1887\"> <strong data-start=\"1887\" data-end=\"1901\">Atlas Lock<\/strong> \u2013 inovat\u00edvny zamykac\u00ed syst\u00e9m, ktor\u00fd <strong data-start=\"1938\" data-end=\"1977\">zais\u0165uje nechcen\u00e9mu zatvoreniu \u010depele<\/strong> a z\u00e1rove\u0148 umo\u017e\u0148uje plynul\u00e9 a jednoduch\u00e9 ovl\u00e1danie.<\/p>\n<p data-start=\"2027\" data-end=\"2140\">\ud83d\udd17 <strong data-start=\"2030\" data-end=\"2044\">Otv\u00e1ranie:<\/strong><br data-start=\"2044\" data-end=\"2047\"> Jednoru\u010dn\u00e9 otv\u00e1ranie pomocou <strong data-start=\"2074\" data-end=\"2096\">obojstrann\u00e9ho \u010dapu<\/strong> na \u010depeli \u2013 ide\u00e1lne pre prav\u00e1kov aj \u013eav\u00e1kov.<\/p>\n<p data-start=\"2142\" data-end=\"2198\">\ud83d\udce6 <strong data-start=\"2145\" data-end=\"2157\">Puzdro:<\/strong><br data-start=\"2157\" data-end=\"2160\"> Tento model nie je ulo\u017een\u00fd s puzdrom.<\/p>\n<p data-start=\"2200\" data-end=\"2311\">\ud83d\udccc <strong data-start=\"2203\" data-end=\"2222\">Klip na nosenie:<\/strong><br data-start=\"2222\" data-end=\"2225\"> \u00c1no &#8211; <strong data-start=\"2231\" data-end=\"2267\">obojstrann\u00fd hlbok\u00fd vreckov\u00fd klip<\/strong> , ktor\u00fd umo\u017e\u0148uje skryt\u00e9 pohodln\u00e9 nosenie.<\/p>\n<p data-start=\"2313\" data-end=\"2449\">\ud83c\uddfa\ud83c\uddf8 <strong data-start=\"2318\" data-end=\"2337\">Vyroben\u00e9 v USA:<\/strong><br data-start=\"2337\" data-end=\"2340\"> V\u0161etky s\u00fa\u010dasti aj mont\u00e1\u017e prebiehaj\u00fa v\u00fdhradne v <strong data-start=\"2387\" data-end=\"2394\">USA<\/strong> , \u010do garantuje prvotriednu kvalitu a prec\u00edznu v\u00fdrobu.<\/p>\n<hr data-start=\"2451\" data-end=\"2454\">\n<h2 data-start=\"2456\" data-end=\"2475\"><strong data-start=\"2459\" data-end=\"2473\">\ud83c\udfaf Pou\u017eitie<\/strong><\/h2>\n<p data-start=\"2477\" data-end=\"2669\">\u2705 <strong data-start=\"2479\" data-end=\"2499\">Taktick\u00e9<\/strong><br data-start=\"2499\" data-end=\"2502\"> r\u00fdchle otv\u00e1ranie, vyu\u017eitie <strong data-start=\"2507\" data-end=\"2567\">odolnej kon\u0161trukcie a bezpe\u010dn\u00e9mu z\u00e1mku<\/strong> je tento model ide\u00e1lny pre profesion\u00e1lne nasadenie, vr\u00e1tane <strong data-start=\"2626\" data-end=\"2666\">pol\u00edcie, arm\u00e1dy a z\u00e1chrann\u00fdch zlo\u017eiek<\/strong> .<\/p>\n<p data-start=\"2671\" data-end=\"2840\">\u2705 <strong data-start=\"2673\" data-end=\"2695\">Zberate\u013esk\u00fd k\u00fasok<\/strong><br data-start=\"2695\" data-end=\"2698\"> Exkluz\u00edvna v\u00fdroba a limitovan\u00e1 dostupnos\u0165 z neho rob\u00ed vysoko cenen\u00fd n\u00f4\u017e medzi zberate\u013emi. <strong data-start=\"2785\" data-end=\"2837\">Nie je mo\u017en\u00e9 ho be\u017ene zohna\u0165, \u010do zvy\u0161uje jeho hodnotu<\/strong> .<\/p>\n<p data-start=\"2842\" data-end=\"3002\">\u2705 <strong data-start=\"2844\" data-end=\"2871\">Ka\u017edodenn\u00e9 nosenie (EDC)<\/strong><br data-start=\"2871\" data-end=\"2874\"> Kompaktn\u00e9 rozmery, n\u00edzka hmotnos\u0165 a odolnos\u0165 proti opotrebovaniu robia z tohto no\u017ea <strong data-start=\"2957\" data-end=\"2999\">perfektn\u00fa vo\u013ebu pre ka\u017edodenn\u00e9 pou\u017eitie<\/strong> .<\/p>\n<p data-start=\"3004\" data-end=\"3152\">\u2705 <strong data-start=\"3006\" data-end=\"3029\">Outdoor a kempovanie<\/strong><br data-start=\"3029\" data-end=\"3032\"> Pevn\u00e1 kon\u0161trukcia a vysok\u00e1 odolnos\u0165 materi\u00e1lov pon\u00faknu\u0165 vyu\u017eitie pri <strong data-start=\"3098\" data-end=\"3149\">outdoorov\u00fdch aktivit\u00e1ch, bushcrafte a kempovan\u00ed<\/strong> .<\/p>\n<hr data-start=\"3154\" data-end=\"3157\">\n<h2 data-start=\"3159\" data-end=\"3188\"><strong data-start=\"3162\" data-end=\"3186\">\ud83d\udee0 \u00dadr\u017eba a Br\u00fasenie<\/strong><\/h2>\n<p data-start=\"3190\" data-end=\"3449\">\ud83e\uddfc <strong data-start=\"3193\" data-end=\"3204\">\u00dadr\u017eba:<\/strong><br data-start=\"3204\" data-end=\"3207\"> \u2714\ufe0f Po ka\u017edom pou\u017eit\u00ed utrite \u010depe\u013e suchou alebo mierne vlhkou handri\u010dkou.<br data-start=\"3275\" data-end=\"3278\"> \u2714\ufe0f Naneste tenk\u00fa vrstvu oleja na ochranu proti kor\u00f3zii.<br data-start=\"3334\" data-end=\"3337\"> \u2714\ufe0f Skladujte na suchom mieste, mimo extr\u00e9mnej vlhkosti.<br data-start=\"3389\" data-end=\"3392\"> \u2714\ufe0f Pravidelne premaz\u00e1vajte mechanizmus pre hladk\u00fd chod.<\/p>\n<p data-start=\"3451\" data-end=\"3657\">\ud83d\udd2a <strong data-start=\"3454\" data-end=\"3467\">Br\u00fasenie:<\/strong><br data-start=\"3467\" data-end=\"3470\"> \u2714\ufe0f Pou\u017e\u00edvajte diamantov\u00e9 alebo keramick\u00e9 br\u00fasky pre najlep\u0161ie ostrie.<br data-start=\"3537\" data-end=\"3540\"> \u2714\ufe0f Odpor\u00fa\u010dan\u00fd uhol br\u00fasenia: <strong data-start=\"3569\" data-end=\"3580\">20 \u00b0 \u2013 25 \u00b0<\/strong> pre maxim\u00e1lny rezn\u00fd v\u00fdkon.<br data-start=\"3607\" data-end=\"3610\"> \u2714\ufe0f Udr\u017eujte ostros\u0165 Pravideln\u00fdm prep\u00ednan\u00edm.<\/p>\n<hr data-start=\"3659\" data-end=\"3662\">\n<h2 data-start=\"3664\" data-end=\"3693\"><strong data-start=\"3667\" data-end=\"3691\">\ud83d\udc4d V\u00fdhody a nev\u00fdhody<\/strong><\/h2>\n<p data-start=\"3695\" data-end=\"4095\">\u2705 <strong data-start=\"3697\" data-end=\"3730\">Odoln\u00fd mechanizmus Atlas Lock<\/strong> \u2013 extr\u00e9mne bezpe\u010dn\u00fd a spo\u013eahliv\u00fd syst\u00e9m z\u00e1mku.<br data-start=\"3777\" data-end=\"3780\"> \u2705 <strong data-start=\"3782\" data-end=\"3811\">Vysoko kvalitn\u00e1 oce\u013e M390<\/strong> \u2013 dlhotrvaj\u00faca ostros\u0165 a extr\u00e9mna pevnos\u0165.<br data-start=\"3856\" data-end=\"3859\"> \u2705 <strong data-start=\"3861\" data-end=\"3884\">Ergonomick\u00e1 rukov\u00e4\u0165<\/strong> \u2013 pohodln\u00e9 dr\u017eanie a n\u00edzka hmotnos\u0165.<br data-start=\"3920\" data-end=\"3923\"> \u2705 <strong data-start=\"3925\" data-end=\"3940\">Exkluzivita<\/strong> \u2013 tento model <strong data-start=\"3955\" data-end=\"3978\">nie je be\u017ene dostupn\u00fd<\/strong> , \u010do zvy\u0161uje jeho hodnotu.<br data-start=\"4005\" data-end=\"4008\"> \u2705 <strong data-start=\"4010\" data-end=\"4039\">R\u00fdchle a jednoduch\u00e9 otv\u00e1ranie<\/strong> \u2013 jednoru\u010dn\u00e9 pou\u017eitie v\u010faka praktick\u00e9mu \u010dapu na \u010depeli.<\/p>\n<p data-start=\"4097\" data-end=\"4240\">\u274c <strong data-start=\"4099\" data-end=\"4113\">Vy\u0161\u0161ia cena<\/strong> \u2013 zodpoved\u00e1 kvalite pou\u017eit\u00fdch materi\u00e1lov a prec\u00edznemu spracovaniu.<br data-start=\"4177\" data-end=\"4180\"> \u274c <strong data-start=\"4182\" data-end=\"4197\">Bez puzdra<\/strong> \u2013 n\u00f4\u017e nie je s\u00fa\u010das\u0165ou ochrann\u00e9ho puzdra.<\/p>\n<hr data-start=\"4242\" data-end=\"4245\">\n<h2 data-start=\"4247\" data-end=\"4264\"><strong data-start=\"4250\" data-end=\"4262\">\ud83d\udd1a Z\u00e1ver<\/strong><\/h2>\n<p data-start=\"4266\" data-end=\"4556\"><strong data-start=\"4266\" data-end=\"4307\">Microtech MSI Stonewashed 210T-10PMBK<\/strong> je v\u00fdnimo\u010dn\u00fd zatv\u00e1rac\u00ed n\u00f4\u017e, ktor\u00fd sa vyzna\u010duje prec\u00edznym spracovan\u00edm, kvalitn\u00fdmi materi\u00e1lmi a bezpe\u010dn\u00fdm mechanizmom. V\u010faka svojej <strong data-start=\"4432\" data-end=\"4489\">univerz\u00e1lnej ve\u013ekosti, vysokej odolnosti a exkluzivite<\/strong> je skvelou vo\u013ebou pre zberate\u013eov, profesion\u00e1lov i be\u017en\u00e9ho pou\u017e\u00edvate\u013ea. <\/p>\n<p data-start=\"4558\" data-end=\"4692\">Tento model <strong data-start=\"4570\" data-end=\"4592\">nemo\u017eno be\u017ene zohna\u0165<\/strong> , \u010do z neho rob\u00ed <strong data-start=\"4609\" data-end=\"4628\">unik\u00e1tny k\u00fasok<\/strong> pre ka\u017ed\u00e9ho, kto h\u013ead\u00e1 nielen prakticky, ale aj exkluz\u00edvny n\u00f4\u017e.<\/p>\n<p data-start=\"4694\" data-end=\"4844\">\ud83d\udd12 <strong data-start=\"4697\" data-end=\"4717\">Do\u017eivotn\u00e1 z\u00e1ruka<\/strong> \u2013 d\u00f4kaz kvality a odolnosti.<br data-start=\"4746\" data-end=\"4749\"> \ud83d\ude9a <strong data-start=\"4752\" data-end=\"4770\">Doprava zadarmo<\/strong> \u2013 objednajte si teraz a z\u00edskajte tento jedine\u010dn\u00fd model bez \u010fal\u0161ieho<\/p>\n<p data-start=\"4846\" data-end=\"4920\">\ud83d\uded2 <strong data-start=\"4849\" data-end=\"4918\">Objednajte si teraz a pridajte tento exkluz\u00edvny n\u00f4\u017e do svojej zbierky!<\/strong><\/p>\n<p><iframe title=\"Microtech Combat Troodon Torture Test\" width=\"800\" height=\"450\" src=\"https:\/\/www.youtube.com\/embed\/xE9TeOFYEjg?feature=oembed\" frameborder=\"0\" allow=\"accelerometer; autoplay; clipboard-write; encrypted-media; gyroscope; picture-in-picture; web-share\" referrerpolicy=\"strict-origin-when-cross-origin\" allowfullscreen><\/iframe><\/p>\n<p>&nbsp;<\/p>\n","protected":false},"excerpt":{"rendered":"<p><strong>Microtech MSI Stonewashed 210T-10PMBK je v\u00fdnimo\u010dn\u00fd zatv\u00e1rac\u00ed n\u00f4\u017e, ktor\u00fd sa vyzna\u010duje prec\u00edznym spracovan\u00edm, kvalitn\u00fdmi materi\u00e1lmi a bezpe\u010dn\u00fdm mechanizmom. V\u010faka svojej univerz\u00e1lnej ve\u013ekosti, vysokej odolnosti a exkluzivite je skvelou vo\u013ebou pre zberate\u013eov, profesion\u00e1lov i be\u017en\u00e9ho pou\u017e\u00edvate\u013ea. <\/strong><\/p>\n<p><strong>\ud83d\udce6 Objednajte teraz a m\u00e1te dopravu zadarmo \ud83d\ude9a<\/strong><\/p>\n","protected":false},"featured_media":359926,"comment_status":"open","ping_status":"closed","template":"","meta":[],"pwb-brand":[3200],"product_brand":[],"product_cat":[3233,3186],"product_tag":[],"class_list":{"0":"post-426761","1":"product","2":"type-product","3":"status-publish","4":"has-post-thumbnail","6":"pwb-brand-microtech-sk","7":"product_cat-zatvaracie-noze","8":"product_cat-noze-sk","10":"first","11":"outofstock","12":"taxable","13":"shipping-taxable","14":"purchasable","15":"product-type-simple"},"brands":[{"id":3200,"name":"Microtech","slug":"microtech-sk"}],"_links":{"self":[{"href":"https:\/\/www.moskito.cz\/sk\/wp-json\/wp\/v2\/product\/426761","targetHints":{"allow":["GET"]}}],"collection":[{"href":"https:\/\/www.moskito.cz\/sk\/wp-json\/wp\/v2\/product"}],"about":[{"href":"https:\/\/www.moskito.cz\/sk\/wp-json\/wp\/v2\/types\/product"}],"replies":[{"embeddable":true,"href":"https:\/\/www.moskito.cz\/sk\/wp-json\/wp\/v2\/comments?post=426761"}],"wp:featuredmedia":[{"embeddable":true,"href":"https:\/\/www.moskito.cz\/sk\/wp-json\/wp\/v2\/media\/359926"}],"wp:attachment":[{"href":"https:\/\/www.moskito.cz\/sk\/wp-json\/wp\/v2\/media?parent=426761"}],"wp:term":[{"taxonomy":"pwb-brand","embeddable":true,"href":"https:\/\/www.moskito.cz\/sk\/wp-json\/wp\/v2\/pwb-brand?post=426761"},{"taxonomy":"product_brand","embeddable":true,"href":"https:\/\/www.moskito.cz\/sk\/wp-json\/wp\/v2\/product_brand?post=426761"},{"taxonomy":"product_cat","embeddable":true,"href":"https:\/\/www.moskito.cz\/sk\/wp-json\/wp\/v2\/product_cat?post=426761"},{"taxonomy":"product_tag","embeddable":true,"href":"https:\/\/www.moskito.cz\/sk\/wp-json\/wp\/v2\/product_tag?post=426761"}],"curies":[{"name":"wp","href":"https:\/\/api.w.org\/{rel}","templated":true}]}}