{"id":428921,"date":"2024-07-19T14:15:00","date_gmt":"2024-07-19T13:15:00","guid":{"rendered":"https:\/\/www.moskito.cz\/produkt\/pevny-noz-muela-albar-18h\/"},"modified":"2025-11-25T13:58:16","modified_gmt":"2025-11-25T12:58:16","slug":"pevny-noz-muela-albar-18h","status":"publish","type":"product","link":"https:\/\/www.moskito.cz\/sk\/produkt\/pevny-noz-muela-albar-18h\/","title":{"rendered":"Pevn\u00fd N\u00f4\u017e Muela ALBAR-18H"},"content":{"rendered":"<p>Pevn\u00fd N\u00f4\u017e <strong>Muela<\/strong> ALBAR-18H.<\/p>\n<p>\u0160portov\u00fd n\u00f4\u017e Muela Albar-18H je n\u00f4\u017e z radu barbecue, ur\u010den\u00fd predov\u0161etk\u00fdm pre milovn\u00edkov no\u017eov, ktor\u00ed ocenia no\u017ee s pr\u00e9miov\u00fdmi materi\u00e1lmi, ako je jelenie roh, pou\u017eit\u00fd v rukov\u00e4ti.<\/p>\n<p>Viac ako len n\u00e1\u010dinie na kr\u00e1janie m\u00e4sa, dobr\u00fd grilovac\u00ed n\u00f4\u017e je nevyhnutn\u00fd na zaistenie presnosti kr\u00e1jania, ktor\u00e1 ovplyv\u0148uje text\u00faru a m\u00e4kkos\u0165 m\u00e4sa. Pou\u017eitie no\u017ea m\u00f4\u017ee ovplyvni\u0165 mnoho faktorov, napr\u00edklad materi\u00e1l \u010depele a rukov\u00e4te. Pokia\u013e ide o ve\u013ekos\u0165, Muela Albar-18H m\u00e1 d\u013a\u017eku \u010depele 180 mm a d\u013a\u017eku rukov\u00e4te 125 mm, \u010do z neho rob\u00ed vynikaj\u00faci n\u00f4\u017e na manipul\u00e1ciu s r\u00f4znymi druhmi m\u00e4sa.  <\/p>\n<p>Rukov\u00e4\u0165 \u0161portov\u00e9ho no\u017ea Muela Albar-18H je vyroben\u00e1 z jelenia parohu, neuverite\u013ene detailn\u00e9ho a z\u00e1rove\u0148 odoln\u00e9ho materi\u00e1lu. Jelenie paro\u017eia v zime opad\u00e1va a na jar znovu dorast\u00e1, tak\u017ee v pou\u017eit\u00ed tohto materi\u00e1lu, ktor\u00fd sa odd\u00e1vna pou\u017e\u00edva pri v\u00fdrobe ru\u010dn\u00fdch no\u017eov, nie je \u017eiadna krutos\u0165. <\/p>\n<p>Jeho \u010depe\u013e je vyroben\u00e1 z X50CrMoV15 \u201eMOVA\u201c (1.4116), \u010do je klasick\u00fd materi\u00e1l no\u017eov Muela, ktor\u00fd je vynikaj\u00facou kombin\u00e1ciou molybd\u00e9nu a van\u00e1du, \u010do tvor\u00ed oce\u013e s vynikaj\u00facou tvrdos\u0165ou a odolnos\u0165ou proti kor\u00f3zii. \u010cepe\u013e m\u00e1 falo\u0161n\u00e9 ostrie, zaoblen\u00e9 ostrie a dvojit\u00fd chr\u00e1ni\u010d ruky. Dod\u00e1va sa s ko\u017een\u00fdm puzdrom. <\/p>\n<p>N\u00f4\u017e vhodn\u00fd pre: po\u013eovn\u00edkov, lovcov<\/p>\n<p>Kon\u0161trukcia no\u017ea: pevnou \u010depe\u013eou<\/p>\n<p>Tvar \u010depele: bowie<\/p>\n<p>Farba \u010depele: strieborn\u00e1 klasick\u00e1<\/p>\n<p>Rukov\u00e4\u0165: paroh<\/p>\n<p>D\u013a\u017eka \u010depele: 18 cm<\/p>\n<p>D\u013a\u017eka rukov\u00e4te (cm): 12.5 cm<\/p>\n<p>Celkov\u00e1 d\u013a\u017eka (cm): 30.5<\/p>\n<p>V\u00e1ha no\u017ea (g): 250<\/p>\n<p>Tvrdos\u0165 Ocele:<\/p>\n<p>58 &#8211; 60 HRC<\/p>\n<p>&nbsp;<\/p>\n<p>&nbsp;<\/p>\n<p>&nbsp;<\/p>\n","protected":false},"excerpt":{"rendered":"<p><strong>\u0160portov\u00fd n\u00f4\u017e Muela Albar-18H je n\u00f4\u017e z radu barbecue, ur\u010den\u00fd predov\u0161etk\u00fdm pre milovn\u00edkov no\u017eov, ktor\u00ed ocenia no\u017ee s pr\u00e9miov\u00fdmi materi\u00e1lmi, ako je jelenie roh, pou\u017eit\u00fd v rukov\u00e4ti.<\/strong><\/p>\n","protected":false},"featured_media":353797,"comment_status":"open","ping_status":"closed","template":"","meta":[],"pwb-brand":[3910],"product_brand":[],"product_cat":[3187,3186],"product_tag":[],"class_list":{"0":"post-428921","1":"product","2":"type-product","3":"status-publish","4":"has-post-thumbnail","6":"pwb-brand-muela-sk","7":"product_cat-pevne-noze-sk","8":"product_cat-noze-sk","10":"first","11":"outofstock","12":"taxable","13":"shipping-taxable","14":"purchasable","15":"product-type-simple"},"brands":[{"id":3910,"name":"Muela","slug":"muela-sk"}],"_links":{"self":[{"href":"https:\/\/www.moskito.cz\/sk\/wp-json\/wp\/v2\/product\/428921","targetHints":{"allow":["GET"]}}],"collection":[{"href":"https:\/\/www.moskito.cz\/sk\/wp-json\/wp\/v2\/product"}],"about":[{"href":"https:\/\/www.moskito.cz\/sk\/wp-json\/wp\/v2\/types\/product"}],"replies":[{"embeddable":true,"href":"https:\/\/www.moskito.cz\/sk\/wp-json\/wp\/v2\/comments?post=428921"}],"wp:featuredmedia":[{"embeddable":true,"href":"https:\/\/www.moskito.cz\/sk\/wp-json\/wp\/v2\/media\/353797"}],"wp:attachment":[{"href":"https:\/\/www.moskito.cz\/sk\/wp-json\/wp\/v2\/media?parent=428921"}],"wp:term":[{"taxonomy":"pwb-brand","embeddable":true,"href":"https:\/\/www.moskito.cz\/sk\/wp-json\/wp\/v2\/pwb-brand?post=428921"},{"taxonomy":"product_brand","embeddable":true,"href":"https:\/\/www.moskito.cz\/sk\/wp-json\/wp\/v2\/product_brand?post=428921"},{"taxonomy":"product_cat","embeddable":true,"href":"https:\/\/www.moskito.cz\/sk\/wp-json\/wp\/v2\/product_cat?post=428921"},{"taxonomy":"product_tag","embeddable":true,"href":"https:\/\/www.moskito.cz\/sk\/wp-json\/wp\/v2\/product_tag?post=428921"}],"curies":[{"name":"wp","href":"https:\/\/api.w.org\/{rel}","templated":true}]}}