{"id":429042,"date":"2024-11-18T23:21:42","date_gmt":"2024-11-18T22:21:42","guid":{"rendered":"https:\/\/www.moskito.cz\/produkt\/zatvaraci-noz-benchmade-mini-bugout-533bk-2\/"},"modified":"2025-11-26T14:21:48","modified_gmt":"2025-11-26T13:21:48","slug":"zatvaraci-noz-benchmade-mini-bugout-533bk-2","status":"publish","type":"product","link":"https:\/\/www.moskito.cz\/sk\/produkt\/zatvaraci-noz-benchmade-mini-bugout-533bk-2\/","title":{"rendered":"Zatv\u00e1rac\u00ed N\u00f4\u017e Benchmade Mini Bugout 533BK-2"},"content":{"rendered":"<p>Zatv\u00e1rac\u00ed N\u00f4\u017e <strong>Benchmade<\/strong> Mini Bugout 533BK-2.<\/p>\n<p>Nenechajte sa zmias\u0165 jeho ve\u013ekos\u0165ou, 533BK-2 Mini Bugout dokazuje, \u017ee men\u0161ie n\u00e1stroje m\u00f4\u017eu ma\u0165 obrovsk\u00fd v\u00fdkon. Tento minimalistick\u00fd n\u00f4\u017e vynik\u00e1 svojim ultra\u013eahk\u00fdm dizajnom, prec\u00edznou kon\u0161trukciou a kvalitou spracovania, ktor\u00fa zna\u010dka Benchmade zaru\u010duje. <\/p>\n<p>K\u013e\u00fa\u010dov\u00e9 vlastnosti:<br \/>\n \u013dahkos\u0165 a prenosite\u013enos\u0165 :<\/p>\n<p>V\u00e1ha iba 42,52 g (1,50 oz.) umo\u017e\u0148uje pohodln\u00e9 ka\u017edodenn\u00e9 nosenie.<br \/>\n Kompaktn\u00e9 rozmery (v uzavretom stave 9,41 cm) u\u013eah\u010duj\u00fa skladovanie a manipul\u00e1ciu.<br \/>\n Odolnos\u0165 a v\u00fdkon :<\/p>\n<p>Materi\u00e1l \u010depele: CPM-S30V nerezov\u00e1 oce\u013e je zn\u00e1ma pre svoju vynikaj\u00facu odolnos\u0165 vo\u010di opotrebovaniu a kor\u00f3zii, spolu s vynikaj\u00facou retenciou ostrosti.<br \/>\n Povrchov\u00e1 \u00faprava: \u010cierna Cerakote zlep\u0161uje odolnos\u0165 proti po\u0161kriabaniu a zais\u0165uje matn\u00fd povrch.<br \/>\n Dizajn:<\/p>\n<p>Rukov\u00e4\u0165 z materi\u00e1lu CF-Elite pon\u00faka kombin\u00e1ciu pevnosti a extr\u00e9mne n\u00edzkej hmotnosti.<br \/>\n Drop Point \u0161t\u00fdl \u010depele zais\u0165uje v\u0161estrannos\u0165 a efektivitu pri r\u00f4znych typoch rezania.<br \/>\n Prisp\u00f4sobivos\u0165 :<\/p>\n<p>Vreckov\u00fd klip z \u010diernej oxidovanej nerezovej ocele je obojstrann\u00fd a vykl\u00e1pac\u00ed, \u010do je ide\u00e1lne pre prav\u00e1kov aj \u013eav\u00e1kov.<br \/>\nAXIS lock mechanizmus poskytuje bezpe\u010dn\u00e9, r\u00fdchle a jednoduch\u00e9 ovl\u00e1danie jednou rukou.<br \/>\nTechnick\u00e9 \u0161pecifik\u00e1cie:<br \/>\n\u0160pecifik\u00e1cia Hodnota<br \/>\nD\u013a\u017eka \u010depele 7,16 cm<br \/>\nHr\u00fabka \u010depele 2,286 mm<br \/>\nMateri\u00e1l \u010depele CPM-S30V Nerezov\u00e1 oce\u013e<br \/>\nTvrdos\u0165 \u010depele 58-60 HRC<br \/>\n\u0160t\u00fdlov\u00e1 \u010depele Drop Point<br \/>\nHr\u00fabka rukov\u00e4te 10,46 mm<br \/>\nCelkov\u00e1 d\u013a\u017eka 16,48 cm<br \/>\nD\u013a\u017eka zatvoren\u00e9ho no\u017ea 9,41 cm<br \/>\nHmotnos\u0165 42,52 g<br \/>\n Trieda Modr\u00e1<br \/>\n P\u00f4vod Vyroben\u00e9 v USA<br \/>\n Zhrnutie<br \/>\n Benchmade 533BK-2 Mini Bugout je ide\u00e1lny no\u017eom pre t\u00fdch, ktor\u00ed h\u013ead\u00e1 \u013eahk\u00fd, spo\u013eahliv\u00fd a funk\u010dn\u00fd n\u00e1stroj na ka\u017edodenn\u00e9 pou\u017eitie. Jeho kompaktn\u00e1 ve\u013ekos\u0165 nijako neobmedzuje jeho v\u00fdkonnos\u0165, \u010do z neho rob\u00ed vynikaj\u00facu vo\u013ebu pre outdoorov\u00fdch nad\u0161encov i be\u017en\u00e9ho u\u017e\u00edvate\u013ea. Jednoduchos\u0165, elegancia a praktick\u00e1 pou\u017eite\u013enos\u0165 \u2013 to je Mini Bugout.  <\/p>\n","protected":false},"excerpt":{"rendered":"<p>Benchmade 533BK-2 Mini Bugout je ide\u00e1lny no\u017eom pre t\u00fdch, ktor\u00ed h\u013ead\u00e1 \u013eahk\u00fd, spo\u013eahliv\u00fd a funk\u010dn\u00fd n\u00e1stroj na ka\u017edodenn\u00e9 pou\u017eitie. Jeho kompaktn\u00e1 ve\u013ekos\u0165 nijako neobmedzuje jeho v\u00fdkonnos\u0165, \u010do z neho rob\u00ed vynikaj\u00facu vo\u013ebu pre outdoorov\u00fdch nad\u0161encov i be\u017en\u00e9ho u\u017e\u00edvate\u013ea. <\/p>\n<p>Doprava zadarmo.<\/p>\n","protected":false},"featured_media":373802,"comment_status":"open","ping_status":"closed","template":"","meta":[],"pwb-brand":[3979],"product_brand":[],"product_cat":[3233,3186],"product_tag":[],"class_list":{"0":"post-429042","1":"product","2":"type-product","3":"status-publish","4":"has-post-thumbnail","6":"pwb-brand-benchmade-sk","7":"product_cat-zatvaracie-noze","8":"product_cat-noze-sk","10":"first","11":"outofstock","12":"taxable","13":"shipping-taxable","14":"purchasable","15":"product-type-simple"},"brands":[{"id":3979,"name":"Benchmade","slug":"benchmade-sk"}],"_links":{"self":[{"href":"https:\/\/www.moskito.cz\/sk\/wp-json\/wp\/v2\/product\/429042","targetHints":{"allow":["GET"]}}],"collection":[{"href":"https:\/\/www.moskito.cz\/sk\/wp-json\/wp\/v2\/product"}],"about":[{"href":"https:\/\/www.moskito.cz\/sk\/wp-json\/wp\/v2\/types\/product"}],"replies":[{"embeddable":true,"href":"https:\/\/www.moskito.cz\/sk\/wp-json\/wp\/v2\/comments?post=429042"}],"wp:featuredmedia":[{"embeddable":true,"href":"https:\/\/www.moskito.cz\/sk\/wp-json\/wp\/v2\/media\/373802"}],"wp:attachment":[{"href":"https:\/\/www.moskito.cz\/sk\/wp-json\/wp\/v2\/media?parent=429042"}],"wp:term":[{"taxonomy":"pwb-brand","embeddable":true,"href":"https:\/\/www.moskito.cz\/sk\/wp-json\/wp\/v2\/pwb-brand?post=429042"},{"taxonomy":"product_brand","embeddable":true,"href":"https:\/\/www.moskito.cz\/sk\/wp-json\/wp\/v2\/product_brand?post=429042"},{"taxonomy":"product_cat","embeddable":true,"href":"https:\/\/www.moskito.cz\/sk\/wp-json\/wp\/v2\/product_cat?post=429042"},{"taxonomy":"product_tag","embeddable":true,"href":"https:\/\/www.moskito.cz\/sk\/wp-json\/wp\/v2\/product_tag?post=429042"}],"curies":[{"name":"wp","href":"https:\/\/api.w.org\/{rel}","templated":true}]}}