{"id":429243,"date":"2024-09-26T13:01:37","date_gmt":"2024-09-26T12:01:37","guid":{"rendered":"https:\/\/www.moskito.cz\/produkt\/boker-plus-aks-74-mini-tanto-black\/"},"modified":"2025-12-03T14:38:24","modified_gmt":"2025-12-03T13:38:24","slug":"boker-plus-aks-74-mini-tanto-black","status":"publish","type":"product","link":"https:\/\/www.moskito.cz\/sk\/produkt\/boker-plus-aks-74-mini-tanto-black\/","title":{"rendered":"B\u00f6ker Plus AKS-74 Mini Tanto Black"},"content":{"rendered":"<p>B\u00f6ker Plus AKS-74 Mini Tanto Black 01KALS7 3BT.<\/p>\n<div class=\"flex max-w-full flex-col flex-grow\">\n<div class=\"min-h-8 text-message flex w-full flex-col items-end gap-2 whitespace-normal break-words [.text-message+&amp;]:mt-5\" dir=\"auto\" data-message-author-role=\"assistant\" data-message-id=\"01470aca-3f1b-4b24-8fe7-ee702e6dacb6\" data-message-model-slug=\"gpt-4o\">\n<div class=\"flex w-full flex-col gap-1 empty:hidden first:pt-[3px]\">\n<div class=\"markdown prose w-full break-words dark:prose-invert light\">\n<p><strong>B\u00f6ker Plus AKS-74 Mini Tanto Black<\/strong> je kompaktn\u00e1 verzia ikonick\u00e9ho modelu, navrhnut\u00e1 s taktick\u00fdm dizajnom in\u0161pirovan\u00fdm ruskou \u00fato\u010dnou pu\u0161kou AK-74. Tento n\u00f4\u017e kombinuje vysok\u00fa funk\u010dnos\u0165 s robustnou kon\u0161trukciou a je ide\u00e1lnou vo\u013ebou na ka\u017edodenn\u00e9 nosenie (EDC) aj n\u00e1ro\u010dnej\u0161ie \u00falohy. <\/p>\n<hr>\n<h3><strong>K\u013e\u00fa\u010dov\u00e9 vlastnosti:<\/strong><\/h3>\n<ol>\n<li><strong>\u010cepe\u013e<\/strong> :\n<ul>\n<li><strong>Tvar<\/strong> : Tanto &#8211; pon\u00faka maxim\u00e1lnu pevnos\u0165 \u0161pi\u010dky a je ide\u00e1lny pre prierazn\u00e9 \u00falohy aj presn\u00e9 rezy.<\/li>\n<li><strong>Materi\u00e1l<\/strong> : <strong>AUS-8<\/strong> \u2013 vysoko kvalitn\u00e1 japonsk\u00e1 nerezov\u00e1 oce\u013e s dobrou odolnos\u0165ou proti opotrebovaniu a kor\u00f3zii.<\/li>\n<li><strong>Povrchov\u00e1 \u00faprava<\/strong> : \u010cierny povlak \u2013 eliminuje odlesky a zvy\u0161uje odolnos\u0165 \u010depele.<\/li>\n<li><strong>D\u013a\u017eka<\/strong> : 5,80 cm \u2013 kompaktn\u00e1 \u010depe\u013e s perfektnou kontrolou pri pou\u017e\u00edvan\u00ed.<\/li>\n<\/ul>\n<\/li>\n<li><strong>Rukov\u00e4\u0165<\/strong> :\n<ul>\n<li><strong>Materi\u00e1l<\/strong> : Hlin\u00edk &#8211; odoln\u00fd, \u013eahk\u00fd a ergonomick\u00fd, s matnou povrchovou \u00fapravou pre proti\u0161mykov\u00fd \u00fachop.<\/li>\n<li><strong>Farba<\/strong> : \u010cierna &#8211; taktick\u00fd vzh\u013ead.<\/li>\n<\/ul>\n<\/li>\n<li><strong>mechanizmus<\/strong> :\n<ul>\n<li><strong>Otv\u00e1ranie<\/strong> : Automatick\u00fd mechanizmus \u2013 umo\u017e\u0148uje r\u00fdchle a jednoduch\u00e9 otv\u00e1ranie jednou rukou.<\/li>\n<li><strong>Uz\u00e1ver<\/strong> : Spo\u013eahliv\u00fd z\u00e1mok zais\u0165uje bezpe\u010dnos\u0165 pri pou\u017e\u00edvan\u00ed.<\/li>\n<\/ul>\n<\/li>\n<li><strong>\u010eal\u0161ie funkcie<\/strong> :\n<ul>\n<li><strong>Klip<\/strong> : Pre \u013eahk\u00e9 uchytenie k opasku alebo vrecku, vhodn\u00fd na ka\u017edodenn\u00e9 nosenie.<\/li>\n<li><strong>Otvory pre \u0161n\u00farku<\/strong> : Praktick\u00e9 na pripevnenie paracordu alebo in\u00e9ho pr\u00edslu\u0161enstva.<\/li>\n<\/ul>\n<\/li>\n<\/ol>\n<hr>\n<h3><strong>Technick\u00e9 \u0161pecifik\u00e1cie<\/strong> :<\/h3>\n<ul>\n<li><strong>Celkov\u00e1 d\u013a\u017eka<\/strong> : 14,60 cm<\/li>\n<li><strong>D\u013a\u017eka \u010depele<\/strong> : 5,80 cm<\/li>\n<li><strong>Hr\u00fabka \u010depele<\/strong> : 2,60 mm<\/li>\n<li><strong>Hmotnos\u0165<\/strong> : 74,00 g<\/li>\n<li><strong>Materi\u00e1l \u010depele<\/strong> : AUS-8<\/li>\n<li><strong>Materi\u00e1l rukov\u00e4te<\/strong> : Hlin\u00edk<\/li>\n<li><strong>Otv\u00e1rac\u00ed mechanizmus<\/strong> : Automatick\u00fd<\/li>\n<li><strong>Farba<\/strong> : \u010cierna<\/li>\n<li><strong>\u010c\u00edslo polo\u017eky<\/strong> : 01KALS73BT<\/li>\n<\/ul>\n<hr>\n<h3><strong>V\u00fdhody a pou\u017eitie<\/strong> :<\/h3>\n<ul>\n<li><strong>Kompaktn\u00fd dizajn<\/strong> : \u013dahko prenosn\u00fd, vhodn\u00fd pre ka\u017edodenn\u00e9 pou\u017eitie aj n\u00e1ro\u010dnej\u0161ie situ\u00e1cie.<\/li>\n<li><strong>R\u00fdchla manipul\u00e1cia<\/strong> : Automatick\u00e9 otv\u00e1ranie zais\u0165uje okam\u017eit\u00e9 pou\u017eitie.<\/li>\n<li><strong>Odolnos\u0165 a kvalita<\/strong> : Robustn\u00e1 kon\u0161trukcia a kvalitn\u00e9 materi\u00e1ly robia z tohto no\u017ea spo\u013eahliv\u00fd n\u00e1stroj.<\/li>\n<\/ul>\n<hr>\n<h3><strong>Z\u00e1ver<\/strong> :<\/h3>\n<p><strong>B\u00f6ker Plus AKS-74 Mini Tanto Black 01KALS73BT<\/strong> predstavuje dokonal\u00fa kombin\u00e1ciu praktickosti, elegancie a odolnosti. Tento n\u00f4\u017e je ide\u00e1lnou vo\u013ebou pre t\u00fdch, ktor\u00ed h\u013eadaj\u00fa kompaktn\u00fd taktick\u00fd n\u00f4\u017e s r\u00fdchlym pr\u00edstupom a modern\u00fdm designom. Perfektn\u00fd pre ka\u017edodenn\u00e9 nosenie aj kr\u00edzov\u00e9 \u200b\u200bsitu\u00e1cie.  <\/p>\n<\/div>\n<\/div>\n<\/div>\n<\/div>\n<div class=\"mb-2 flex gap-3 empty:hidden -ml-2\">\n<div class=\"items-center justify-start rounded-xl p-1 flex\">\n<div class=\"flex items-center\"><\/div>\n<\/div>\n<\/div>\n","protected":false},"excerpt":{"rendered":"<div class=\"flex max-w-full flex-col flex-grow\">\n<div class=\"min-h-8 text-message flex w-full flex-col items-end gap-2 whitespace-normal break-words [.text-message+&amp;]:mt-5\" dir=\"auto\" data-message-author-role=\"assistant\" data-message-id=\"01470aca-3f1b-4b24-8fe7-ee702e6dacb6\" data-message-model-slug=\"gpt-4o\">\n<div class=\"flex w-full flex-col gap-1 empty:hidden first:pt-[3px]\">\n<div class=\"markdown prose w-full break-words dark:prose-invert light\">\n<p><strong>B\u00f6ker Plus AKS-74 Mini Tanto Black 01KALS73BT predstavuje dokonal\u00fa kombin\u00e1ciu praktickosti, elegancie a odolnosti. Tento n\u00f4\u017e je ide\u00e1lnou vo\u013ebou pre t\u00fdch, ktor\u00ed h\u013eadaj\u00fa kompaktn\u00fd taktick\u00fd n\u00f4\u017e s r\u00fdchlym pr\u00edstupom a modern\u00fdm designom. Perfektn\u00fd pre ka\u017edodenn\u00e9 nosenie aj kr\u00edzov\u00e9 \u200b\u200bsitu\u00e1cie.  <\/strong><\/p>\n<\/div>\n<\/div>\n<\/div>\n<\/div>\n<div class=\"mb-2 flex gap-3 empty:hidden -ml-2\">\n<div class=\"items-center justify-start rounded-xl p-1 flex\">\n<div class=\"flex items-center\"><\/div>\n<\/div>\n<\/div>\n","protected":false},"featured_media":361271,"comment_status":"closed","ping_status":"closed","template":"","meta":[],"pwb-brand":[3419],"product_brand":[],"product_cat":[3186,3233],"product_tag":[],"class_list":{"0":"post-429243","1":"product","2":"type-product","3":"status-publish","4":"has-post-thumbnail","6":"pwb-brand-boker-sk","7":"product_cat-noze-sk","8":"product_cat-zatvaracie-noze","10":"first","11":"outofstock","12":"taxable","13":"shipping-taxable","14":"purchasable","15":"product-type-simple"},"brands":[{"id":3419,"name":"Boker","slug":"boker-sk"}],"_links":{"self":[{"href":"https:\/\/www.moskito.cz\/sk\/wp-json\/wp\/v2\/product\/429243","targetHints":{"allow":["GET"]}}],"collection":[{"href":"https:\/\/www.moskito.cz\/sk\/wp-json\/wp\/v2\/product"}],"about":[{"href":"https:\/\/www.moskito.cz\/sk\/wp-json\/wp\/v2\/types\/product"}],"replies":[{"embeddable":true,"href":"https:\/\/www.moskito.cz\/sk\/wp-json\/wp\/v2\/comments?post=429243"}],"wp:featuredmedia":[{"embeddable":true,"href":"https:\/\/www.moskito.cz\/sk\/wp-json\/wp\/v2\/media\/361271"}],"wp:attachment":[{"href":"https:\/\/www.moskito.cz\/sk\/wp-json\/wp\/v2\/media?parent=429243"}],"wp:term":[{"taxonomy":"pwb-brand","embeddable":true,"href":"https:\/\/www.moskito.cz\/sk\/wp-json\/wp\/v2\/pwb-brand?post=429243"},{"taxonomy":"product_brand","embeddable":true,"href":"https:\/\/www.moskito.cz\/sk\/wp-json\/wp\/v2\/product_brand?post=429243"},{"taxonomy":"product_cat","embeddable":true,"href":"https:\/\/www.moskito.cz\/sk\/wp-json\/wp\/v2\/product_cat?post=429243"},{"taxonomy":"product_tag","embeddable":true,"href":"https:\/\/www.moskito.cz\/sk\/wp-json\/wp\/v2\/product_tag?post=429243"}],"curies":[{"name":"wp","href":"https:\/\/api.w.org\/{rel}","templated":true}]}}