{"id":429261,"date":"2022-04-18T19:43:55","date_gmt":"2022-04-18T18:43:55","guid":{"rendered":"https:\/\/www.moskito.cz\/produkt\/zatvaraci-noz-cold-steel-large-espada-g-10-aus10a\/"},"modified":"2025-12-04T10:12:06","modified_gmt":"2025-12-04T09:12:06","slug":"zatvaraci-noz-cold-steel-large-espada-g-10-aus10a","status":"publish","type":"product","link":"https:\/\/www.moskito.cz\/sk\/produkt\/zatvaraci-noz-cold-steel-large-espada-g-10-aus10a\/","title":{"rendered":"Zatv\u00e1rac\u00ed n\u00f4\u017e Cold Steel LARGE ESPADA G-10 (AUS10A)"},"content":{"rendered":"<p>Zatv\u00e1rac\u00ed n\u00f4\u017e <strong>Cold Steel<\/strong> LARGE ESPADA G-10 (AUS10A)<\/p>\n<p>N\u00f4\u017e G-10 Espada Large je n\u00f4\u017e na ka\u017edodenn\u00e9 nosenie. Produktov\u00fd rad Espada navrhli zn\u00e1my v\u00fdrobca no\u017eov Andrew Demko a prezident spolo\u010dnosti Cold Steel Lynn C. Thompson. N\u00f4\u017e Espada je in\u0161pirovan\u00fd legend\u00e1rnymi dob\u00fdvac\u00edmi me\u010dmi Espada. \u010cepe\u013e je vyroben\u00e1 z japonskej ocele AUS 10A.    T\u00e1to martenzitick\u00e1, nerezov\u00e1 oce\u013e m\u00e1 ve\u013emi dobr\u00e9 pevnostn\u00e9 vlastnosti a je veden\u00e1 predov\u0161etk\u00fdm ako materi\u00e1l na rezn\u00e9 n\u00e1stroje. Oproti AUS 8A lep\u0161ie dr\u017e\u00ed ostrie a je odolnej\u0161ia proti oteru. Oce\u013e bola n\u00e1sledne tepelne spracovan\u00e1 pre dokonal\u00fa rovnov\u00e1hu medzi dr\u017ean\u00edm ostrie a jednoduch\u00fdm op\u00e4tovn\u00fdm br\u00fasen\u00edm. Povrchov\u00e1 \u00faprava DLC (Diamond Like Coating) s \u010diernym povrchom zabra\u0148uje \u013eahk\u00e9mu po\u0161kriabaniu a rob\u00ed n\u00f4\u017e odoln\u00fdm vo\u010di hrdzaveniu. Rukov\u00e4\u0165 no\u017eov Espada\u2122 je vyroben\u00e1 z materi\u00e1lu G-10 &#8211; sklolamin\u00e1tu. Rukov\u00e4\u0165 je v\u00fdrazne zakriven\u00e1, m\u00e1 hrub\u00fa \u0161trukt\u00faru a je vybaven\u00e1 dr\u00e1\u017ekami na prsty pre bezpe\u010dn\u00e9 a ist\u00e9 uchopenie pri pou\u017e\u00edvan\u00ed no\u017ea. Cel\u00fd rad no\u017eov Espada je vybaven\u00fd jedine\u010dn\u00fdm patentom Cold Steel\u00ae Tri-Ad Lock\u2122.    Poistka zabra\u0148uje samo\u010dinn\u00e9mu alebo nechcen\u00e9mu zatvoreniu no\u017ea aj po prirodzenom opotrebovan\u00ed v priebehu \u010dasu.<\/p>\n<p>PARAMETRE V\u00ddROBKU<br \/>\nCelkov\u00e1 ve\u013ekos\u0165 : 311 mm<br \/>\nD\u013a\u017eka rukov\u00e4te : 171 mm<br \/>\nTyp z\u00e1mku : Tri-Ad Lock<br \/>\nD\u013a\u017eka \u010depele : 139 mm<br \/>\nOce\u013e : Japonsk\u00e1 nehrdzavej\u00faca oce\u013e AUS 10A s DLC<br \/>\nHmotnos\u0165 : 246,64 g<br \/>\nMateri\u00e1l puzdra : Nerezov\u00fd vreckov\u00fd \/ opaskov\u00fd klip<br \/>\nHr\u00fabka \u010depele : 4 mm<\/p>\n<p>N\u00e1\u0161 ob\u013e\u00faben\u00fd rad Espada je k dispoz\u00edcii aj v \u0161t\u00edhlej taktickej &#8222;blackout&#8220; ed\u00edcii. Vyzna\u010duje sa odolnou kamennou \u010depe\u013eou a \u0161upinami rukov\u00e4te G-10 pod\u013ea v\u00e1\u0161ho v\u00fdberu vo farb\u00e1ch \u010dierna, OD Green alebo Flat Dark Earth. <\/p>\n<p>Hmotnos\u0165: 9,2oz Hr\u00fabka \u010depele: 3,7 mm D\u013a\u017eka \u010depele: 5-1\/2&#8243; Oce\u013e \u010depele: D\u013a\u017eka rukov\u00e4te\/materi\u00e1l: 6-3\/4&#8243; G-10 Celkov\u00e1 d\u013a\u017eka: 12-1\/4&#8243; \u010eal\u0161ie funkcie: Nerezov\u00fd vreckov\u00fd n\u00f4\u017e \/ klip na opasok Typ no\u017ea: Folder Rozsah d\u013a\u017eky \u010depele: 5+ v Rodina ocele: AUS Tvar \u010depele: AUS: Mechanizmus uzamykania: Clip Point: Rodina v\u00fdrobkov: Espada<\/p>\n","protected":false},"excerpt":{"rendered":"<p>Ob\u013e\u00faben\u00fd model <strong>Espada<\/strong> Large je k dispoz\u00edcii aj s matnou \u010diernou rukov\u00e4\u0165ou G-10.<\/p>\n","protected":false},"featured_media":214981,"comment_status":"open","ping_status":"closed","template":"","meta":[],"pwb-brand":[3598],"product_brand":[],"product_cat":[3233,3186],"product_tag":[3668],"class_list":{"0":"post-429261","1":"product","2":"type-product","3":"status-publish","4":"has-post-thumbnail","6":"pwb-brand-cold-steel-sk","7":"product_cat-zatvaracie-noze","8":"product_cat-noze-sk","9":"product_tag-b2b-sk","11":"first","12":"outofstock","13":"taxable","14":"shipping-taxable","15":"purchasable","16":"product-type-simple"},"brands":[{"id":3598,"name":"Cold Steel","slug":"cold-steel-sk"}],"_links":{"self":[{"href":"https:\/\/www.moskito.cz\/sk\/wp-json\/wp\/v2\/product\/429261","targetHints":{"allow":["GET"]}}],"collection":[{"href":"https:\/\/www.moskito.cz\/sk\/wp-json\/wp\/v2\/product"}],"about":[{"href":"https:\/\/www.moskito.cz\/sk\/wp-json\/wp\/v2\/types\/product"}],"replies":[{"embeddable":true,"href":"https:\/\/www.moskito.cz\/sk\/wp-json\/wp\/v2\/comments?post=429261"}],"wp:featuredmedia":[{"embeddable":true,"href":"https:\/\/www.moskito.cz\/sk\/wp-json\/wp\/v2\/media\/214981"}],"wp:attachment":[{"href":"https:\/\/www.moskito.cz\/sk\/wp-json\/wp\/v2\/media?parent=429261"}],"wp:term":[{"taxonomy":"pwb-brand","embeddable":true,"href":"https:\/\/www.moskito.cz\/sk\/wp-json\/wp\/v2\/pwb-brand?post=429261"},{"taxonomy":"product_brand","embeddable":true,"href":"https:\/\/www.moskito.cz\/sk\/wp-json\/wp\/v2\/product_brand?post=429261"},{"taxonomy":"product_cat","embeddable":true,"href":"https:\/\/www.moskito.cz\/sk\/wp-json\/wp\/v2\/product_cat?post=429261"},{"taxonomy":"product_tag","embeddable":true,"href":"https:\/\/www.moskito.cz\/sk\/wp-json\/wp\/v2\/product_tag?post=429261"}],"curies":[{"name":"wp","href":"https:\/\/api.w.org\/{rel}","templated":true}]}}