{"id":429298,"date":"2024-11-18T21:48:03","date_gmt":"2024-11-18T20:48:03","guid":{"rendered":"https:\/\/www.moskito.cz\/produkt\/skladaci-noz-benchmade-bugout-axis-535\/"},"modified":"2025-12-04T10:29:23","modified_gmt":"2025-12-04T09:29:23","slug":"skladaci-noz-benchmade-bugout-axis-535","status":"publish","type":"product","link":"https:\/\/www.moskito.cz\/sk\/produkt\/skladaci-noz-benchmade-bugout-axis-535\/","title":{"rendered":"Skladac\u00ed n\u00f4\u017e Benchmade Bugout AXIS 535"},"content":{"rendered":"<p>N\u00f4\u017e <strong>Benchmade<\/strong> Bugout AXIS 535.<\/p>\n<p>Benchmade Bugout BM535 je jeden z naj\u013eah\u0161\u00edch a najv\u0161estrannej\u0161\u00edch no\u017eov vo svojej triede, navrhnut\u00fd pre modern\u00e9ho dobrodruha. V\u010faka kombin\u00e1cii \u0161pi\u010dkov\u00fdch materi\u00e1lov, inovat\u00edvneho dizajnu a n\u00edzkej hmotnosti sa stal ob\u013e\u00fabenou vo\u013ebou medzi nad\u0161encami no\u017eov, turistiky a pre\u017eitia. Ni\u017e\u0161ie je uveden\u00fd podrobn\u00fd rozpis jeho k\u013e\u00fa\u010dov\u00fdch vlastnost\u00ed:  <\/p>\n<p>K\u013e\u00fa\u010dov\u00e9 vlastnosti<br \/>\nBlade:<\/p>\n<p>Materi\u00e1l: pr\u00e9miov\u00e1 nehrdzavej\u00faca oce\u013e CPM-S30V zn\u00e1ma svojou odolnos\u0165ou proti kor\u00f3zii a vynikaj\u00facou odolnos\u0165ou \u010depele.<br \/>\nTvrdos\u0165: 58-60 HRC, ide\u00e1lna kombin\u00e1cia h\u00fa\u017eevnatosti a tvrdosti.<br \/>\n\u0160t\u00fdl:<br \/>\nD\u013a\u017eka: 8,23 cm (3,24&#8243;)<br \/>\nHr\u00fabka: 2,29 mm (0,090&#8243;)<br \/>\nRukov\u00e4\u0165:<\/p>\n<p>Materi\u00e1l: Grivory (\u013eahk\u00fd a odoln\u00fd kompozitn\u00fd materi\u00e1l) s eloxovan\u00fdmi hlin\u00edkov\u00fdmi di\u0161tan\u010dn\u00fdmi prvkami.<br \/>\nHr\u00fabka: 10,54 mm (0,42&#8243;)<br \/>\nFarba: Modr\u00e1.<br \/>\n\u010eal\u0161ie vlastnosti: Modr\u00fd eloxovan\u00fd t\u0155\u0148 na palec, ve\u013ek\u00fd otvor na \u0161n\u00farku.<br \/>\nUzamykac\u00ed mechanizmus:<\/p>\n<p>Z\u00e1mok AXIS &#8211; vysoko spo\u013eahliv\u00fd a \u013eahko pou\u017eite\u013en\u00fd mechanizmus, ktor\u00fd umo\u017e\u0148uje plynul\u00e9 otv\u00e1ranie a zatv\u00e1ranie jednou rukou.<br \/>\nVreckov\u00fd klip:<\/p>\n<p>Nerezov\u00e1 oce\u013e, obojstrann\u00e1, na hlbok\u00e9 pren\u00e1\u0161anie.<br \/>\nHmotnos\u0165:<\/p>\n<p>52,45 g (1,85 oz) &#8211; extr\u00e9mne \u013eahk\u00e1 pre maxim\u00e1lne pohodlie pri nosen\u00ed.<br \/>\nRozmery:<\/p>\n<p>Celkov\u00e1 d\u013a\u017eka: 18,95 cm (7,46&#8243;)<br \/>\nD\u013a\u017eka v zatvorenom stave: 10,72 cm (4,22&#8243;)<br \/>\nV\u00fdhody<br \/>\n\u013dahk\u00fd: s hmotnos\u0165ou len 52,45 g je Bugout ide\u00e1lnou vo\u013ebou na ka\u017edodenn\u00e9 nosenie (EDC) a dlh\u00e9 t\u00fary.<br \/>\nOdolnos\u0165: Materi\u00e1l \u010depele CPM-S30V a robustn\u00e1 kon\u0161trukcia rukov\u00e4te pre dlh\u00fa \u017eivotnos\u0165 a spo\u013eahlivos\u0165.<br \/>\nKomfort: Ergonomick\u00fd dizajn rukov\u00e4te a jednoduch\u00e1 manipul\u00e1cia v\u010faka poistn\u00e9mu mechanizmu AXIS.<br \/>\nUr\u010denie<br \/>\nTento n\u00f4\u017e je ide\u00e1lny na:<\/p>\n<p>Aktivity v pr\u00edrode (kempovanie, turistika, pre\u017eitie).<br \/>\nKa\u017edodenn\u00e9 nosenie (EDC).<br \/>\nPou\u017e\u00edvajte na vidieku aj v meste.<br \/>\nN\u00f4\u017e Benchmade Bugout BM535, vyroben\u00fd v USA, je symbolom prec\u00edznosti, kvality a v\u00fdkonu, ktor\u00fd ocen\u00ed ka\u017ed\u00fd, kto h\u013ead\u00e1 spo\u013eahliv\u00fd a \u013eahk\u00fd n\u00f4\u017e.<\/p>\n<p>&nbsp;<\/p>\n<p>&nbsp;<\/p>\n<p>&nbsp;<\/p>\n","protected":false},"excerpt":{"rendered":"<p><strong>Benchmade Bugout BM535 je jeden z naj\u013eah\u0161\u00edch a najv\u0161estrannej\u0161\u00edch no\u017eov vo svojej triede, navrhnut\u00fd pre modern\u00e9ho dobrodruha. V\u010faka kombin\u00e1cii \u0161pi\u010dkov\u00fdch materi\u00e1lov, inovat\u00edvneho dizajnu a n\u00edzkej hmotnosti sa stal ob\u013e\u00fabenou vo\u013ebou medzi nad\u0161encami no\u017eov, turistiky a pre\u017eitia. <\/strong><\/p>\n<p><strong>Doprava zadarmo.<\/strong><\/p>\n<p>&nbsp;<\/p>\n","protected":false},"featured_media":373582,"comment_status":"open","ping_status":"closed","template":"","meta":[],"pwb-brand":[3979],"product_brand":[],"product_cat":[3233,3186],"product_tag":[],"class_list":{"0":"post-429298","1":"product","2":"type-product","3":"status-publish","4":"has-post-thumbnail","6":"pwb-brand-benchmade-sk","7":"product_cat-zatvaracie-noze","8":"product_cat-noze-sk","10":"first","11":"outofstock","12":"taxable","13":"shipping-taxable","14":"purchasable","15":"product-type-simple"},"brands":[{"id":3979,"name":"Benchmade","slug":"benchmade-sk"}],"_links":{"self":[{"href":"https:\/\/www.moskito.cz\/sk\/wp-json\/wp\/v2\/product\/429298","targetHints":{"allow":["GET"]}}],"collection":[{"href":"https:\/\/www.moskito.cz\/sk\/wp-json\/wp\/v2\/product"}],"about":[{"href":"https:\/\/www.moskito.cz\/sk\/wp-json\/wp\/v2\/types\/product"}],"replies":[{"embeddable":true,"href":"https:\/\/www.moskito.cz\/sk\/wp-json\/wp\/v2\/comments?post=429298"}],"wp:featuredmedia":[{"embeddable":true,"href":"https:\/\/www.moskito.cz\/sk\/wp-json\/wp\/v2\/media\/373582"}],"wp:attachment":[{"href":"https:\/\/www.moskito.cz\/sk\/wp-json\/wp\/v2\/media?parent=429298"}],"wp:term":[{"taxonomy":"pwb-brand","embeddable":true,"href":"https:\/\/www.moskito.cz\/sk\/wp-json\/wp\/v2\/pwb-brand?post=429298"},{"taxonomy":"product_brand","embeddable":true,"href":"https:\/\/www.moskito.cz\/sk\/wp-json\/wp\/v2\/product_brand?post=429298"},{"taxonomy":"product_cat","embeddable":true,"href":"https:\/\/www.moskito.cz\/sk\/wp-json\/wp\/v2\/product_cat?post=429298"},{"taxonomy":"product_tag","embeddable":true,"href":"https:\/\/www.moskito.cz\/sk\/wp-json\/wp\/v2\/product_tag?post=429298"}],"curies":[{"name":"wp","href":"https:\/\/api.w.org\/{rel}","templated":true}]}}