{"id":429303,"date":"2024-10-10T21:56:59","date_gmt":"2024-10-10T20:56:59","guid":{"rendered":"https:\/\/www.moskito.cz\/produkt\/zatvaraci-noz-emerson-patriot\/"},"modified":"2025-12-04T10:29:27","modified_gmt":"2025-12-04T09:29:27","slug":"zatvaraci-noz-emerson-patriot","status":"publish","type":"product","link":"https:\/\/www.moskito.cz\/sk\/produkt\/zatvaraci-noz-emerson-patriot\/","title":{"rendered":"Zatv\u00e1rac\u00ed n\u00f4\u017e Emerson Patriot"},"content":{"rendered":"<p>Zatv\u00e1rac\u00ed n\u00f4\u017e <strong>Emerson<\/strong> Patriot.<\/p>\n<p>N\u00f4\u017e <strong>Emerson Patriot<\/strong> m\u00e1 kr\u00e1snu \u010depe\u013e s op\u00e4tovne zakriven\u00fdm ostr\u00edm a \u0161pi\u010dkov\u00fdm z\u00e1rezom. N\u00f4\u017e Patriot, ktor\u00fd je skuto\u010dne jedn\u00fdm z na\u0161ich najunik\u00e1tnej\u0161\u00edch dizajnov, pon\u00fakame v kamennej aj \u010diernej farbe, s hladkou alebo \u010diasto\u010dne z\u00fabkovanou \u010depe\u013eou. <\/p>\n<p>&#8222;Patriot je skromn\u00fd n\u00f4\u017e robotn\u00edckej triedy, rovnako ako chrbtica washingtonskej arm\u00e1dy, mu\u017eov a \u017eien, ktor\u00ed vst\u00fapili do vojny, aby bojovali za ide\u00e1l, o ktorom vedeli, \u017ee je spr\u00e1vny a spravodliv\u00fd.&#8220; A rovnako ako George Washington sa nikdy nevzdaj\u00fa, nikdy sa nevzdaj\u00fa a v\u017edy s\u00fa pripraven\u00ed zasiahnu\u0165 za to, \u010do je spr\u00e1vne a spravodliv\u00e9. <\/p>\n<p>Rukov\u00e4\u0165: G-10<br \/>\nZ\u00e1mok:<\/p>\n<p>Celkov\u00e1 d\u013a\u017eka: 22,87 cm<br \/>\nD\u013a\u017eka \u010depele: 9,75 cm<br \/>\nHr\u00fabka \u010depele: 0,31 cm<br \/>\nTvrdos\u0165 57-59RC<\/p>\n<p>&nbsp;<\/p>\n<p><iframe title=\"Emerson Patriot |  A Closer Look\" width=\"800\" height=\"450\" src=\"https:\/\/www.youtube.com\/embed\/V5luGMj8LCA?feature=oembed\" frameborder=\"0\" allow=\"accelerometer; autoplay; clipboard-write; encrypted-media; gyroscope; picture-in-picture; web-share\" referrerpolicy=\"strict-origin-when-cross-origin\" allowfullscreen><\/iframe><\/p>\n<p>&nbsp;<\/p>\n<p><iframe title=\"The Patriot by Ernest R. Emerson\" width=\"800\" height=\"450\" src=\"https:\/\/www.youtube.com\/embed\/i_a6v-xlyvI?feature=oembed\" frameborder=\"0\" allow=\"accelerometer; autoplay; clipboard-write; encrypted-media; gyroscope; picture-in-picture; web-share\" referrerpolicy=\"strict-origin-when-cross-origin\" allowfullscreen><\/iframe><\/p>\n<p>&nbsp;<\/p>\n<p>&nbsp;<\/p>\n","protected":false},"excerpt":{"rendered":"<p><strong>&#8222;Patriot je skromn\u00fd n\u00f4\u017e robotn\u00edckej triedy, rovnako ako chrbtica washingtonskej arm\u00e1dy, mu\u017eov a \u017eien, ktor\u00ed vst\u00fapili do vojny, aby bojovali za ide\u00e1l, o ktorom vedeli, \u017ee je spr\u00e1vny a spravodliv\u00fd.&#8220;<\/strong><\/p>\n<p><strong>Doprava zdarma.<\/strong><\/p>\n","protected":false},"featured_media":363006,"comment_status":"open","ping_status":"closed","template":"","meta":[],"pwb-brand":[3788],"product_brand":[],"product_cat":[3233,3186],"product_tag":[],"class_list":{"0":"post-429303","1":"product","2":"type-product","3":"status-publish","4":"has-post-thumbnail","6":"pwb-brand-emerson-sk","7":"product_cat-zatvaracie-noze","8":"product_cat-noze-sk","10":"first","11":"outofstock","12":"taxable","13":"shipping-taxable","14":"purchasable","15":"product-type-simple"},"brands":[{"id":3788,"name":"Emerson","slug":"emerson-sk"}],"_links":{"self":[{"href":"https:\/\/www.moskito.cz\/sk\/wp-json\/wp\/v2\/product\/429303","targetHints":{"allow":["GET"]}}],"collection":[{"href":"https:\/\/www.moskito.cz\/sk\/wp-json\/wp\/v2\/product"}],"about":[{"href":"https:\/\/www.moskito.cz\/sk\/wp-json\/wp\/v2\/types\/product"}],"replies":[{"embeddable":true,"href":"https:\/\/www.moskito.cz\/sk\/wp-json\/wp\/v2\/comments?post=429303"}],"wp:featuredmedia":[{"embeddable":true,"href":"https:\/\/www.moskito.cz\/sk\/wp-json\/wp\/v2\/media\/363006"}],"wp:attachment":[{"href":"https:\/\/www.moskito.cz\/sk\/wp-json\/wp\/v2\/media?parent=429303"}],"wp:term":[{"taxonomy":"pwb-brand","embeddable":true,"href":"https:\/\/www.moskito.cz\/sk\/wp-json\/wp\/v2\/pwb-brand?post=429303"},{"taxonomy":"product_brand","embeddable":true,"href":"https:\/\/www.moskito.cz\/sk\/wp-json\/wp\/v2\/product_brand?post=429303"},{"taxonomy":"product_cat","embeddable":true,"href":"https:\/\/www.moskito.cz\/sk\/wp-json\/wp\/v2\/product_cat?post=429303"},{"taxonomy":"product_tag","embeddable":true,"href":"https:\/\/www.moskito.cz\/sk\/wp-json\/wp\/v2\/product_tag?post=429303"}],"curies":[{"name":"wp","href":"https:\/\/api.w.org\/{rel}","templated":true}]}}