{"id":429346,"date":"2022-04-21T19:56:29","date_gmt":"2022-04-21T18:56:29","guid":{"rendered":"https:\/\/www.moskito.cz\/produkt\/zatvaraci-noz-cold-steel-double-safe-hunter-slock-master\/"},"modified":"2025-12-04T10:29:49","modified_gmt":"2025-12-04T09:29:49","slug":"zatvaraci-noz-cold-steel-double-safe-hunter-slock-master","status":"publish","type":"product","link":"https:\/\/www.moskito.cz\/sk\/produkt\/zatvaraci-noz-cold-steel-double-safe-hunter-slock-master\/","title":{"rendered":"Zatv\u00e1rac\u00ed n\u00f4\u017e Cold Steel DOUBLE SAFE HUNTER SLOCK MASTER"},"content":{"rendered":"<p>Zatv\u00e1rac\u00ed n\u00f4\u017e <strong>Cold Steel<\/strong> DOUBLE SAFE HUNTER SLOCK MASTER.<\/p>\n<p>Ak h\u013ead\u00e1te lacn\u00fd, ale vysoko v\u00fdkonn\u00fd skladac\u00ed loveck\u00fd pr\u00edstroj, neh\u013eadajte ni\u010d in\u00e9 ako Double Safe Hunter. Je vytvoren\u00fd pod\u013ea vzoru n\u00e1\u0161ho mimoriadne ob\u013e\u00faben\u00e9ho oldschoolov\u00e9ho modelu Voyager. Jeho \u0161irok\u00e1 \u010depe\u013e typu drop-point je dlh\u00e1 3,5&#8243; a je vyroben\u00e1 z ocele 8Cr13MoV, kalenej na tvrdos\u0165 57-58 Rockwell. Bez oh\u013eadu na to, ak\u00fa pr\u00e1cu vykon\u00e1vate, m\u00f4\u017eete si by\u0165 ist\u00ed, \u017ee m\u00e1te po ruke ten spr\u00e1vny n\u00f4\u017e s dostato\u010dne malou \u010depe\u013eou na zlo\u017eit\u00e9 rezanie, ale z\u00e1rove\u0148 dostato\u010dne ve\u013ekou na to, aby ste zlikvidovali \u010doko\u013evek od my\u0161i po losa. Rukov\u00e4\u0165, ktor\u00e1 je ako stvoren\u00e1 na \u013eubovo\u013ene dlh\u00e9 pou\u017e\u00edvanie, je vyroben\u00e1 z nylonu plnen\u00e9ho sklom (GFN), ktor\u00fd je tenk\u00fd a ergonomicky pohodln\u00fd, a m\u00e1 oce\u013eov\u00fd vreckov\u00fd klip. Je k dispoz\u00edcii v troch variantoch rukov\u00e4te: oran\u017eovej, OD zelenej a vo v\u00fdraznej mask\u00e1\u010dovej verzii. ako v\u017edy, spolo\u010dnos\u0165 Cold Steel\u00ae pri navrhovan\u00ed Double Safe myslela na va\u0161e prsty.<\/p>\n<p>&#8222;Tim Wells je pod\u013ea m\u00f4jho n\u00e1zoru najuzn\u00e1vanej\u0161\u00ed lovec s lukom na svete a ve\u013emi zru\u010dn\u00fd v zaobch\u00e1dzan\u00ed s o\u0161tepom a in\u00fdmi primit\u00edvnymi zbra\u0148ami. Mal som t\u00fa \u010des\u0165 zdie\u013ea\u0165 s n\u00edm mnoh\u00e9 loveck\u00e9 dobrodru\u017estv\u00e1 po celom svete a v\u017edy som bol ohromen\u00fd.&#8220; jeho vedomosti a talent. Tak\u017ee ke\u010f sa zamiloval do n\u00e1\u0161ho skalpera z komer\u010dnej s\u00e9rie (americk\u00fdch indi\u00e1nskych no\u017eov a zbran\u00ed na v\u0161etko), povedal som si, pre\u010do by sme nemohli prerobi\u0165 verziu Slock Master. Teraz je k dispoz\u00edcii v Timovej charakteristickej \u010dervenej rukov\u00e4ti s jeho sl\u00e1vnym logom vyleptan\u00fdm na \u010depeli. Je na sklade a pripraven\u00fd na odoslanie. Zaobstarajte si ju e\u0161te dnes, preto\u017ee sa ur\u010dite vypred\u00e1.&#8220; &#8211; Lynn Thompson<\/p>\n<p>PARAMETRE V\u00ddROBKU<br \/>\nFarba : \u010derven\u00e1\/strieborn\u00e1<br \/>\nHr\u00fabka \u010depele : 3 mm<br \/>\nTyp z\u00e1mku : Doublu safe lock<br \/>\nMateri\u00e1l po\u0161vy : oce\u013eov\u00fd klip<br \/>\nOce\u013e : 8Cr13MoV Stainless<br \/>\nMateri\u00e1l rukov\u00e4te : Long GFNHandle<br \/>\nHmotnos\u0165 : 116 g<br \/>\nD\u013a\u017eka \u010depele : 92 mm<br \/>\nCelkov\u00e1 ve\u013ekos\u0165 : 215 mm<br \/>\nD\u013a\u017eka rukov\u00e4te : 123 mm<\/p>\n<p>Ak h\u013ead\u00e1te cenovo v\u00fdhodn\u00fd, ale vysoko v\u00fdkonn\u00fd skladac\u00ed loveck\u00fd pr\u00edstroj, neh\u013eadajte ni\u010d in\u00e9 ako Double Safe Hunter. Je vytvoren\u00fd pod\u013ea vzoru n\u00e1\u0161ho mimoriadne ob\u013e\u00faben\u00e9ho star\u00e9ho modelu Voyager\u00ae. Jeho \u0161irok\u00e1 \u010depe\u013e typu drop-point m\u00e1 d\u013a\u017eku 3,5&#8243; a je vyroben\u00e1 z ocele 8Cr13MoV, tvrdenej na tvrdos\u0165 57-58 Rockwell. Bez oh\u013eadu na pr\u00e1cu si m\u00f4\u017eete by\u0165 ist\u00ed, \u017ee m\u00e1te po ruke ten spr\u00e1vny n\u00f4\u017e s dostato\u010dne malou \u010depe\u013eou na zlo\u017eit\u00e9 rezn\u00e9 \u00falohy, ale z\u00e1rove\u0148 dostato\u010dne ve\u013ekou na stiahnutie ko\u017ee z \u010dohoko\u013evek od my\u0161i po losa. N\u00f4\u017e, ktor\u00fd je snom na ak\u00e9ko\u013evek dlh\u0161ie pou\u017e\u00edvanie, m\u00e1 rukov\u00e4\u0165 z nylonu plnen\u00e9ho sklom (GFN), ktor\u00e1 je tenk\u00e1 a ergonomick\u00e1, a je vybaven\u00fd oce\u013eov\u00fdm vreckov\u00fdm klipom. Je k dispoz\u00edcii s tromi variantmi rukov\u00e4te: oran\u017eov\u00e1, zelen\u00e1 a v\u00fdrazn\u00e1 verzia v mask\u00e1\u010dovom \u0161t\u00fdle. Ako v\u017edy, pri navrhovan\u00ed Double Safe myslela spolo\u010dnos\u0165 Cold Steel\u00ae na va\u0161e prsty. Jeho najmodernej\u0161\u00ed kol\u00edskov\u00fd z\u00e1mok je vybaven\u00fd sekund\u00e1rnym bezpe\u010dnostn\u00fdm mechanizmom, ktor\u00fd je po zapnut\u00ed enormne odoln\u00fd vo\u010di n\u00e1razom a \u00faderom.       <\/p>\n<p>&#8222;Tim Wells je pod\u013ea m\u0148a najlep\u0161\u00ed lovec s lukom na svete a ve\u013emi dobre ovl\u00e1da aj o\u0161tep a in\u00e9 primit\u00edvne zbrane. Mal som t\u00fa \u010des\u0165 zdie\u013ea\u0165 s n\u00edm mnoh\u00e9 loveck\u00e9 dobrodru\u017estv\u00e1 po celom svete a v\u017edy som bol ohromen\u00fd jeho znalos\u0165ami a talentom. Preto ke\u010f sa zamiloval do n\u00e1\u0161ho no\u017ea Commercial Series Scalper (americk\u00fd indi\u00e1nsky univerz\u00e1lny n\u00f4\u017e a zbra\u0148), povedal som si, pre\u010do by sme nemohli prerobi\u0165 verziu Slock Master. Teraz je k dispoz\u00edcii v Timovej charakteristickej \u010dervenej rukov\u00e4ti s jeho sl\u00e1vnym logom vyryt\u00fdm na \u010depeli. Je na sklade a pripraven\u00fd na dodanie. Zaobstarajte si ho e\u0161te dnes, preto\u017ee sa ur\u010dite vypred\u00e1.&#8220; &#8211; Lynn Thompson<\/p>\n<p>Hr\u00fabka \u010depele: 3 mm D\u013a\u017eka rukov\u00e4te\/materi\u00e1l: 4 7\/8 palca GFNRukov\u00e4\u0165 Oce\u013e \u010depele: 8Cr13MoV Nerezov\u00e1 oce\u013e D\u013a\u017eka \u010depele: 3 1\/2 palca Celkov\u00e1 d\u013a\u017eka: 8 3\/8 palca Typ no\u017ea: Folder Produktov\u00e1 skupina: Double Safe Hunter Rozsah d\u013a\u017eky \u010depele: 3-5 palcov Skupina ocel\u00ed: MoV Tvar \u010depele: Mechanizmus uzamykania: Rocker Lock<\/p>\n","protected":false},"excerpt":{"rendered":"<p>Double Safe Hunter je loveck\u00fd \u00fa\u017eitkov\u00fd n\u00f4\u017e, ktor\u00fd navrhol Andrew Demko s oh\u013eadom na to, \u017ee \u00fa\u017eitkov\u00e9 no\u017ee s\u00fa ve\u013emi nam\u00e1han\u00e9 a \u010dasto sa str\u00e1caj\u00fa.<\/p>\n","protected":false},"featured_media":215321,"comment_status":"open","ping_status":"closed","template":"","meta":[],"pwb-brand":[3598],"product_brand":[],"product_cat":[3233,3186],"product_tag":[],"class_list":{"0":"post-429346","1":"product","2":"type-product","3":"status-publish","4":"has-post-thumbnail","6":"pwb-brand-cold-steel-sk","7":"product_cat-zatvaracie-noze","8":"product_cat-noze-sk","10":"first","11":"outofstock","12":"taxable","13":"shipping-taxable","14":"purchasable","15":"product-type-simple"},"brands":[{"id":3598,"name":"Cold Steel","slug":"cold-steel-sk"}],"_links":{"self":[{"href":"https:\/\/www.moskito.cz\/sk\/wp-json\/wp\/v2\/product\/429346","targetHints":{"allow":["GET"]}}],"collection":[{"href":"https:\/\/www.moskito.cz\/sk\/wp-json\/wp\/v2\/product"}],"about":[{"href":"https:\/\/www.moskito.cz\/sk\/wp-json\/wp\/v2\/types\/product"}],"replies":[{"embeddable":true,"href":"https:\/\/www.moskito.cz\/sk\/wp-json\/wp\/v2\/comments?post=429346"}],"wp:featuredmedia":[{"embeddable":true,"href":"https:\/\/www.moskito.cz\/sk\/wp-json\/wp\/v2\/media\/215321"}],"wp:attachment":[{"href":"https:\/\/www.moskito.cz\/sk\/wp-json\/wp\/v2\/media?parent=429346"}],"wp:term":[{"taxonomy":"pwb-brand","embeddable":true,"href":"https:\/\/www.moskito.cz\/sk\/wp-json\/wp\/v2\/pwb-brand?post=429346"},{"taxonomy":"product_brand","embeddable":true,"href":"https:\/\/www.moskito.cz\/sk\/wp-json\/wp\/v2\/product_brand?post=429346"},{"taxonomy":"product_cat","embeddable":true,"href":"https:\/\/www.moskito.cz\/sk\/wp-json\/wp\/v2\/product_cat?post=429346"},{"taxonomy":"product_tag","embeddable":true,"href":"https:\/\/www.moskito.cz\/sk\/wp-json\/wp\/v2\/product_tag?post=429346"}],"curies":[{"name":"wp","href":"https:\/\/api.w.org\/{rel}","templated":true}]}}