{"id":429661,"date":"2024-09-26T13:02:06","date_gmt":"2024-09-26T12:02:06","guid":{"rendered":"https:\/\/www.moskito.cz\/produkt\/sklapaci-noz-magnum-air-force-rescue-assisted-01ll473\/"},"modified":"2025-12-16T12:46:22","modified_gmt":"2025-12-16T11:46:22","slug":"sklapaci-noz-magnum-air-force-rescue-assisted-01ll473","status":"publish","type":"product","link":"https:\/\/www.moskito.cz\/sk\/produkt\/sklapaci-noz-magnum-air-force-rescue-assisted-01ll473\/","title":{"rendered":"Skl\u00e1pac\u00ed n\u00f4\u017e Magnum Air Force Rescue Assisted 01LL473"},"content":{"rendered":"<p>N\u00f4\u017e <strong>Magnum<\/strong> Air Force Rescue Assisted 01LL473.<\/p>\n<div class=\"flex max-w-full flex-col flex-grow\">\n<div class=\"min-h-8 text-message flex w-full flex-col items-end gap-2 whitespace-normal break-words [.text-message+&amp;]:mt-5\" dir=\"auto\" data-message-author-role=\"assistant\" data-message-id=\"3bc9589c-4dd5-4bd0-a504-1083074adfc6\" data-message-model-slug=\"gpt-4o\">\n<div class=\"flex w-full flex-col gap-1 empty:hidden first:pt-[3px]\">\n<div class=\"markdown prose w-full break-words dark:prose-invert light\">\n<p><strong>Magnum Air Force Rescue Assisted 01LL473<\/strong> je praktick\u00fd z\u00e1chran\u00e1rsky n\u00f4\u017e navrhnut\u00fd ako pocta bezpe\u010dnostn\u00fdm zlo\u017ek\u00e1m, ktor\u00e9 \u010delia nebezpe\u010denstvu pri ochrane a z\u00e1chrane \u017eivotov. Pon\u00faka vlastnosti, v\u010faka ktor\u00fdm je vhodn\u00fd pre kr\u00edzov\u00e9 situ\u00e1cie, pri\u010dom je prisp\u00f4soben\u00fd sk\u00f4r pre pr\u00edle\u017eitostn\u00fdch pou\u017e\u00edvate\u013eov ne\u017e pre ka\u017edodenn\u00e9 profesion\u00e1lne nasadenie. <\/p>\n<h3>K\u013e\u00fa\u010dov\u00e9 vlastnosti:<\/h3>\n<ol>\n<li><strong>\u010cepe\u013e<\/strong> :\n<ul>\n<li><strong>Materi\u00e1l:<\/strong> nehrdzavej\u00faca oce\u013e <strong>440A<\/strong>, zn\u00e1ma svojou odolnos\u0165ou proti kor\u00f3zii a jednoduchou \u00fadr\u017ebou.<\/li>\n<li><strong>Tvar \u010depele<\/strong>: <strong>Reverse Tanto<\/strong>, ktor\u00fd pon\u00faka pevn\u00fa \u0161pi\u010dku ide\u00e1lnu na prenikanie a presn\u00e9 rezanie.<\/li>\n<li><strong>Povrchov\u00e1 \u00faprava<\/strong>: \u010cierna povrchov\u00e1 \u00faprava \u010depele pre zv\u00fd\u0161en\u00fa ochranu proti opotrebovaniu.<\/li>\n<li><strong>\u010ciasto\u010dne z\u00fabkovan\u00e1 \u010depe\u013e<\/strong>: u\u013eah\u010duje rezanie tvrd\u00fdch materi\u00e1lov, ako s\u00fa lan\u00e1 alebo bezpe\u010dnostn\u00e9 p\u00e1sy.<\/li>\n<li><strong>Asistovan\u00e9 otv\u00e1ranie<\/strong>: v\u010faka pru\u017einovej podpore mo\u017eno n\u00f4\u017e r\u00fdchlo a \u013eahko otvori\u0165 jednou rukou pomocou flippera.<\/li>\n<\/ul>\n<\/li>\n<li><strong>Rukov\u00e4\u0165<\/strong> :\n<ul>\n<li><strong>Materi\u00e1l:<\/strong> eloxovan\u00fd hlin\u00edk v <strong>kr\u00e1\u013eovskej modrej<\/strong> farbe s jemn\u00fdm embl\u00e9mom letectva.<\/li>\n<li>Ergonomick\u00fd tvar na pohodln\u00e9 uchopenie.<\/li>\n<\/ul>\n<\/li>\n<li><strong>Z\u00e1chrann\u00e1 funkcia<\/strong>:\n<ul>\n<li><strong>Hrot na rozbitie skla<\/strong>: Pre n\u00fadzov\u00e9 situ\u00e1cie, ke\u010f potrebujete rozbi\u0165 okno.<\/li>\n<li><strong>Reza\u010dka bezpe\u010dnostn\u00fdch p\u00e1sov<\/strong>: umo\u017e\u0148uje r\u00fdchle a bezpe\u010dn\u00e9 odstr\u00e1nenie bezpe\u010dnostn\u00fdch p\u00e1sov bez rizika zranenia.<\/li>\n<li><strong>Vreckov\u00fd klip<\/strong>: na jednoduch\u00e9 nosenie.<\/li>\n<\/ul>\n<\/li>\n<li><strong>Mechanizmus a uzavretie<\/strong>:\n<ul>\n<li><strong>Z\u00e1mok vlo\u017eky<\/strong>: bezpe\u010dne dr\u017e\u00ed \u010depe\u013e v otvorenej polohe po\u010das pou\u017e\u00edvania.<\/li>\n<\/ul>\n<\/li>\n<li><strong>Rozmery a hmotnos\u0165<\/strong>:\n<ul>\n<li><strong>Celkov\u00e1 d\u013a\u017eka<\/strong>: 21,90 cm.<\/li>\n<li><strong>D\u013a\u017eka \u010depele<\/strong>: 8,30 cm.<\/li>\n<li><strong>Hr\u00fabka \u010depele<\/strong>: 2,80 mm.<\/li>\n<li><strong>Hmotnos\u0165<\/strong>: 139 g, \u010do poskytuje rovnov\u00e1hu medzi odolnos\u0165ou a prenosnos\u0165ou.<\/li>\n<\/ul>\n<\/li>\n<\/ol>\n<h3>Vyu\u017eitie:<\/h3>\n<p><strong>Magnum Air Force Rescue<\/strong> je ide\u00e1lny pre:<\/p>\n<ul>\n<li><strong>N\u00fadzov\u00e9 situ\u00e1cie<\/strong>: v\u010faka \u0161pecializovan\u00fdm funkci\u00e1m, ako je napr\u00edklad hrot na sklo a reza\u010dka p\u00e1sov.<\/li>\n<li><strong>Ka\u017edodenn\u00e9 nosenie<\/strong>: Pre be\u017en\u00fdch pou\u017e\u00edvate\u013eov, ktor\u00ed ocenia funk\u010dn\u00fd a atrakt\u00edvny dizajn.<\/li>\n<li><strong>Fan\u00fa\u0161ikovia tematick\u00fdch no\u017eov<\/strong>: skvel\u00fd dar\u010dek pre fan\u00fa\u0161ikov letectva alebo zberate\u013eov.<\/li>\n<\/ul>\n<h3>Odpor\u00fa\u010danie:<\/h3>\n<p>Profesion\u00e1lnym z\u00e1chran\u00e1rom, ktor\u00ed potrebuj\u00fa n\u00f4\u017e na intenz\u00edvne ka\u017edodenn\u00e9 nasadenie, v\u00fdrobca odpor\u00fa\u010da modely zo s\u00e9rie <strong>B\u00f6ker Plus Savior (01BO320, 01BO321, 01BO322<\/strong>), ktor\u00e9 s\u00fa navrhnut\u00e9 pre vy\u0161\u0161iu odolnos\u0165.<\/p>\n<h3>Z\u00e1ver:<\/h3>\n<p><strong>Magnum Air Force Rescue Assisted 01LL473<\/strong> je praktick\u00fd, funk\u010dn\u00fd a \u0161t\u00fdlov\u00fd z\u00e1chran\u00e1rsky n\u00f4\u017e. Pon\u00faka spo\u013eahliv\u00e9 funkcie pre n\u00fadzov\u00e9 situ\u00e1cie a atrakt\u00edvny dizajn, ktor\u00fd z neho rob\u00ed ide\u00e1lnu vo\u013ebu pre be\u017en\u00fdch pou\u017e\u00edvate\u013eov aj zberate\u013eov. <\/p>\n<\/div>\n<\/div>\n<\/div>\n<\/div>\n<div class=\"mb-2 flex gap-3 empty:hidden -ml-2\">\n<div class=\"items-center justify-start rounded-xl p-1 flex\">\n<div class=\"flex items-center\"><\/div>\n<\/div>\n<\/div>\n<p>&nbsp;<\/p>\n","protected":false},"excerpt":{"rendered":"<p><strong>Magnum Air Force Rescue Assisted 01LL473 je praktick\u00fd, funk\u010dn\u00fd a \u0161t\u00fdlov\u00fd z\u00e1chran\u00e1rsky n\u00f4\u017e. Pon\u00faka spo\u013eahliv\u00e9 funkcie pre n\u00fadzov\u00e9 situ\u00e1cie a atrakt\u00edvny dizajn, ktor\u00fd z neho rob\u00ed ide\u00e1lnu vo\u013ebu pre be\u017en\u00fdch pou\u017e\u00edvate\u013eov aj zberate\u013eov. <\/strong><\/p>\n","protected":false},"featured_media":365947,"comment_status":"closed","ping_status":"closed","template":"","meta":[],"pwb-brand":[3419],"product_brand":[],"product_cat":[3233,3186],"product_tag":[],"class_list":{"0":"post-429661","1":"product","2":"type-product","3":"status-publish","4":"has-post-thumbnail","6":"pwb-brand-boker-sk","7":"product_cat-zatvaracie-noze","8":"product_cat-noze-sk","10":"first","11":"outofstock","12":"taxable","13":"shipping-taxable","14":"purchasable","15":"product-type-simple"},"brands":[{"id":3419,"name":"Boker","slug":"boker-sk"}],"_links":{"self":[{"href":"https:\/\/www.moskito.cz\/sk\/wp-json\/wp\/v2\/product\/429661","targetHints":{"allow":["GET"]}}],"collection":[{"href":"https:\/\/www.moskito.cz\/sk\/wp-json\/wp\/v2\/product"}],"about":[{"href":"https:\/\/www.moskito.cz\/sk\/wp-json\/wp\/v2\/types\/product"}],"replies":[{"embeddable":true,"href":"https:\/\/www.moskito.cz\/sk\/wp-json\/wp\/v2\/comments?post=429661"}],"wp:featuredmedia":[{"embeddable":true,"href":"https:\/\/www.moskito.cz\/sk\/wp-json\/wp\/v2\/media\/365947"}],"wp:attachment":[{"href":"https:\/\/www.moskito.cz\/sk\/wp-json\/wp\/v2\/media?parent=429661"}],"wp:term":[{"taxonomy":"pwb-brand","embeddable":true,"href":"https:\/\/www.moskito.cz\/sk\/wp-json\/wp\/v2\/pwb-brand?post=429661"},{"taxonomy":"product_brand","embeddable":true,"href":"https:\/\/www.moskito.cz\/sk\/wp-json\/wp\/v2\/product_brand?post=429661"},{"taxonomy":"product_cat","embeddable":true,"href":"https:\/\/www.moskito.cz\/sk\/wp-json\/wp\/v2\/product_cat?post=429661"},{"taxonomy":"product_tag","embeddable":true,"href":"https:\/\/www.moskito.cz\/sk\/wp-json\/wp\/v2\/product_tag?post=429661"}],"curies":[{"name":"wp","href":"https:\/\/api.w.org\/{rel}","templated":true}]}}