{"id":429684,"date":"2024-09-26T13:01:37","date_gmt":"2024-09-26T12:01:37","guid":{"rendered":"https:\/\/www.moskito.cz\/produkt\/vreckovy-noz-boker-plus-kal-14\/"},"modified":"2025-12-16T16:32:24","modified_gmt":"2025-12-16T15:32:24","slug":"vreckovy-noz-boker-plus-kal-14","status":"publish","type":"product","link":"https:\/\/www.moskito.cz\/sk\/produkt\/vreckovy-noz-boker-plus-kal-14\/","title":{"rendered":"Vreckov\u00fd n\u00f4\u017e B\u00f6ker Plus KAL-14"},"content":{"rendered":"<p>Vreckov\u00fd n\u00f4\u017e<strong> B\u00f6ker Plus<\/strong> KAL-14.<\/p>\n<div class=\"flex max-w-full flex-col flex-grow\">\n<div class=\"min-h-8 text-message flex w-full flex-col items-end gap-2 whitespace-normal break-words [.text-message+&amp;]:mt-5\" dir=\"auto\" data-message-author-role=\"assistant\" data-message-id=\"d7d8fd1e-846a-4da0-818b-dfa3b382aa15\" data-message-model-slug=\"gpt-4o-mini\">\n<div class=\"flex w-full flex-col gap-1 empty:hidden first:pt-[3px]\">\n<div class=\"markdown prose w-full break-words dark:prose-invert light\">\n<p>Vreckov\u00fd n\u00f4\u017e <strong>B\u00f6ker Plus KAL-14<\/strong> je s\u00fa\u010das\u0165ou ob\u013e\u00fabenej s\u00e9rie <strong>Kala\u0161nikov<\/strong>, ktor\u00e1 je zn\u00e1ma svojou odolnou kon\u0161trukciou a vynikaj\u00facou funk\u010dnos\u0165ou. Tento model prin\u00e1\u0161a nielen skvel\u00e9 technick\u00e9 vlastnosti, ale aj vizu\u00e1lne atrakt\u00edvne prvky v\u010faka dreven\u00fdm vlo\u017ek\u00e1m v hlin\u00edkovej rukov\u00e4ti. <\/p>\n<hr>\n<h3><strong>K\u013e\u00fa\u010dov\u00e9 vlastnosti:<\/strong><\/h3>\n<ol>\n<li><strong>\u010cepe\u013e<\/strong> :\n<ul>\n<li><strong>Materi\u00e1l<\/strong>: <strong>440C<\/strong> &#8211; vysokokvalitn\u00e1 nehrdzavej\u00faca oce\u013e, zn\u00e1ma svojou odolnos\u0165ou proti opotrebovaniu a vynikaj\u00facimi vlastnos\u0165ami zachovania ostrosti.<\/li>\n<li><strong>Otv\u00e1ranie<\/strong>: n\u00f4\u017e sa otv\u00e1ra bu\u010f <strong>flipperom<\/strong>, alebo <strong>palcom<\/strong>, \u010do poskytuje flexibilitu pri pou\u017e\u00edvan\u00ed.<\/li>\n<li><strong>D\u013a\u017eka \u010depele<\/strong>: 9,30 cm &#8211; ide\u00e1lna ve\u013ekos\u0165 na ka\u017edodenn\u00e9 nosenie a r\u00f4zne \u00falohy.<\/li>\n<li><strong>Hr\u00fabka \u010depele<\/strong>: 3,00 mm &#8211; poskytuje dostato\u010dn\u00fa pevnos\u0165 pre n\u00e1ro\u010dnej\u0161ie \u00falohy.<\/li>\n<\/ul>\n<\/li>\n<li><strong>Rukov\u00e4\u0165<\/strong> :\n<ul>\n<li><strong>Materi\u00e1l:<\/strong> <strong>hlin\u00edk s dreven\u00fdmi vlo\u017ekami<\/strong> &#8211; hlin\u00edkov\u00e1 rukov\u00e4\u0165 je \u013eahk\u00e1 a odoln\u00e1, zatia\u013e \u010do dreven\u00e9 vlo\u017eky dod\u00e1vaj\u00fa vizu\u00e1lnu eleganciu a pr\u00edjemn\u00fd kontrast.<\/li>\n<li><strong>Bezpe\u010dn\u00e9 dr\u017eanie<\/strong>: dizajn rukov\u00e4te je ergonomick\u00fd a zaru\u010duje bezpe\u010dn\u00e9 a pohodln\u00e9 dr\u017eanie no\u017ea.<\/li>\n<\/ul>\n<\/li>\n<li><strong>Vlastnosti<\/strong>:\n<ul>\n<li><strong>Linerlock<\/strong> &#8211; zais\u0165uje \u010depe\u013e v otvorenej polohe, \u010d\u00edm zaru\u010duje bezpe\u010dn\u00e9 pou\u017e\u00edvanie.<\/li>\n<li><strong>\u010eal\u0161ie n\u00e1stroje:<\/strong>\n<ul>\n<li><strong>Rozb\u00edja\u010dka skla<\/strong> &#8211; pre n\u00fadzov\u00e9 situ\u00e1cie, ke\u010f potrebujete r\u00fdchlo a \u00fa\u010dinne rozbi\u0165 sklo.<\/li>\n<li><strong>Reza\u010dka p\u00e1sov<\/strong> &#8211; praktick\u00fd n\u00e1stroj na rezanie bezpe\u010dnostn\u00fdch p\u00e1sov v n\u00fadzov\u00fdch situ\u00e1ci\u00e1ch.<\/li>\n<\/ul>\n<\/li>\n<\/ul>\n<\/li>\n<li><strong>Pr\u00edpad<\/strong>:\n<ul>\n<li><strong>Nylonov\u00e9 puzdro<\/strong> &#8211; obsahuje praktick\u00e9 puzdro na nosenie na opasku.<\/li>\n<li><strong>Dar\u010dekov\u00e1 krabi\u010dka<\/strong> &#8211; n\u00f4\u017e sa dod\u00e1va v elegantnej dar\u010dekovej krabi\u010dke, ktor\u00e1 je skvel\u00fdm dar\u010dekom pre zberate\u013eov alebo nad\u0161encov.<\/li>\n<\/ul>\n<\/li>\n<\/ol>\n<hr>\n<h3><strong>Technick\u00e9 \u0161pecifik\u00e1cie<\/strong> :<\/h3>\n<ul>\n<li><strong>Celkov\u00e1 d\u013a\u017eka<\/strong>: 22,00 cm<\/li>\n<li><strong>D\u013a\u017eka \u010depele<\/strong>: 9,30 cm<\/li>\n<li><strong>Hr\u00fabka \u010depele<\/strong>: 3,00 mm<\/li>\n<li><strong>Hmotnos\u0165<\/strong>: 205,00 g<\/li>\n<li><strong>Materi\u00e1l \u010depele<\/strong>: 440C<\/li>\n<li><strong>Materi\u00e1l rukov\u00e4te<\/strong>: hlin\u00edk s dreven\u00fdmi vlo\u017ekami<\/li>\n<li><strong>Mechanizmus otv\u00e1rania<\/strong>: manu\u00e1lny (flipper\/inch pin)<\/li>\n<li><strong>Uzavretie<\/strong>: <strong>Linerlock<\/strong><\/li>\n<li><strong>\u010c\u00edslo polo\u017eky<\/strong>: 01CAL14<\/li>\n<\/ul>\n<hr>\n<h3><strong>V\u00fdhody a pou\u017eitie<\/strong> :<\/h3>\n<ul>\n<li><strong>Univerz\u00e1lnos\u0165<\/strong>: vreckov\u00fd n\u00f4\u017e s kvalitnou \u010depe\u013eou <strong>440C<\/strong> a \u010fal\u0161\u00edmi funkciami (rozb\u00edja\u010d skla, reza\u010d opaskov) je ide\u00e1lny na ka\u017edodenn\u00e9 nosenie, ale aj na pou\u017eitie v kr\u00edzov\u00fdch situ\u00e1ci\u00e1ch.<\/li>\n<li><strong>Elegantn\u00fd dizajn<\/strong>: kombin\u00e1cia <strong>hlin\u00edkovej rukov\u00e4te<\/strong> a <strong>dreven\u00fdch vlo\u017eiek<\/strong> rob\u00ed tento n\u00f4\u017e nielen funk\u010dn\u00fdm, ale aj atrakt\u00edvnym.<\/li>\n<li><strong>Bezpe\u010dnos\u0165 a pohodlie<\/strong>: mechanizmus <strong>Linerlock<\/strong> a ergonomick\u00e1 rukov\u00e4\u0165 zais\u0165uj\u00fa, \u017ee n\u00f4\u017e je bezpe\u010dn\u00fd a pohodln\u00fd aj pri dlhodobom pou\u017e\u00edvan\u00ed.<\/li>\n<li><strong>Praktick\u00e9 puzdro<\/strong>: dod\u00e1van\u00e9 nylonov\u00e9 puzdro u\u013eah\u010duje nosenie a pr\u00edstup k no\u017eu.<\/li>\n<\/ul>\n<hr>\n<h3><strong>Z\u00e1ver<\/strong> :<\/h3>\n<p><strong>B\u00f6ker Plus KAL-14<\/strong> je vysokokvalitn\u00fd vreckov\u00fd n\u00f4\u017e, ktor\u00fd sp\u00e1ja robustnos\u0165 a funk\u010dnos\u0165 s elegantn\u00fdm dizajnom. Tento model je vhodn\u00fd na ka\u017edodenn\u00e9 nosenie, ako aj na kr\u00edzov\u00e9 situ\u00e1cie a je ide\u00e1lny pre pou\u017e\u00edvate\u013eov, ktor\u00ed h\u013eadaj\u00fa spo\u013eahliv\u00fd a atrakt\u00edvny n\u00e1stroj so \u0161irokou \u0161k\u00e1lou vyu\u017eitia. <\/p>\n<\/div>\n<\/div>\n<\/div>\n<\/div>\n<div class=\"mb-2 flex gap-3 empty:hidden -ml-2\">\n<div class=\"items-center justify-start rounded-xl p-1 flex\">\n<div class=\"flex items-center\"><\/div>\n<\/div>\n<\/div>\n<p>&nbsp;<\/p>\n","protected":false},"excerpt":{"rendered":"<div class=\"flex max-w-full flex-col flex-grow\">\n<div class=\"min-h-8 text-message flex w-full flex-col items-end gap-2 whitespace-normal break-words [.text-message+&amp;]:mt-5\" dir=\"auto\" data-message-author-role=\"assistant\" data-message-id=\"d7d8fd1e-846a-4da0-818b-dfa3b382aa15\" data-message-model-slug=\"gpt-4o-mini\">\n<div class=\"flex w-full flex-col gap-1 empty:hidden first:pt-[3px]\">\n<div class=\"markdown prose w-full break-words dark:prose-invert light\">\n<p><strong>B\u00f6ker Plus KAL-14 je vysokokvalitn\u00fd vreckov\u00fd n\u00f4\u017e, ktor\u00fd sp\u00e1ja robustnos\u0165 a funk\u010dnos\u0165 s elegantn\u00fdm dizajnom. Tento model je vhodn\u00fd na ka\u017edodenn\u00e9 nosenie, ako aj na kr\u00edzov\u00e9 situ\u00e1cie a je ide\u00e1lny pre pou\u017e\u00edvate\u013eov, ktor\u00ed h\u013eadaj\u00fa spo\u013eahliv\u00fd a atrakt\u00edvny n\u00e1stroj so \u0161irokou \u0161k\u00e1lou vyu\u017eitia. <\/strong><\/p>\n<\/div>\n<\/div>\n<\/div>\n<\/div>\n<div class=\"mb-2 flex gap-3 empty:hidden -ml-2\">\n<div class=\"items-center justify-start rounded-xl p-1 flex\">\n<div class=\"flex items-center\"><\/div>\n<\/div>\n<\/div>\n","protected":false},"featured_media":361265,"comment_status":"closed","ping_status":"closed","template":"","meta":[],"pwb-brand":[3419],"product_brand":[],"product_cat":[3233,3186],"product_tag":[],"class_list":{"0":"post-429684","1":"product","2":"type-product","3":"status-publish","4":"has-post-thumbnail","6":"pwb-brand-boker-sk","7":"product_cat-zatvaracie-noze","8":"product_cat-noze-sk","10":"first","11":"outofstock","12":"taxable","13":"shipping-taxable","14":"purchasable","15":"product-type-simple"},"brands":[{"id":3419,"name":"Boker","slug":"boker-sk"}],"_links":{"self":[{"href":"https:\/\/www.moskito.cz\/sk\/wp-json\/wp\/v2\/product\/429684","targetHints":{"allow":["GET"]}}],"collection":[{"href":"https:\/\/www.moskito.cz\/sk\/wp-json\/wp\/v2\/product"}],"about":[{"href":"https:\/\/www.moskito.cz\/sk\/wp-json\/wp\/v2\/types\/product"}],"replies":[{"embeddable":true,"href":"https:\/\/www.moskito.cz\/sk\/wp-json\/wp\/v2\/comments?post=429684"}],"wp:featuredmedia":[{"embeddable":true,"href":"https:\/\/www.moskito.cz\/sk\/wp-json\/wp\/v2\/media\/361265"}],"wp:attachment":[{"href":"https:\/\/www.moskito.cz\/sk\/wp-json\/wp\/v2\/media?parent=429684"}],"wp:term":[{"taxonomy":"pwb-brand","embeddable":true,"href":"https:\/\/www.moskito.cz\/sk\/wp-json\/wp\/v2\/pwb-brand?post=429684"},{"taxonomy":"product_brand","embeddable":true,"href":"https:\/\/www.moskito.cz\/sk\/wp-json\/wp\/v2\/product_brand?post=429684"},{"taxonomy":"product_cat","embeddable":true,"href":"https:\/\/www.moskito.cz\/sk\/wp-json\/wp\/v2\/product_cat?post=429684"},{"taxonomy":"product_tag","embeddable":true,"href":"https:\/\/www.moskito.cz\/sk\/wp-json\/wp\/v2\/product_tag?post=429684"}],"curies":[{"name":"wp","href":"https:\/\/api.w.org\/{rel}","templated":true}]}}