{"id":429817,"date":"2021-05-27T21:00:52","date_gmt":"2021-05-27T20:00:52","guid":{"rendered":"https:\/\/www.moskito.cz\/produkt\/vyhadzovaci-noz-boker-plus-strike-coyote-spearpoint\/"},"modified":"2025-12-22T13:56:38","modified_gmt":"2025-12-22T12:56:38","slug":"vyhadzovaci-noz-boker-plus-strike-coyote-spearpoint","status":"publish","type":"product","link":"https:\/\/www.moskito.cz\/sk\/produkt\/vyhadzovaci-noz-boker-plus-strike-coyote-spearpoint\/","title":{"rendered":"Vyhadzovac\u00ed n\u00f4\u017e B\u00f6ker Plus STRIKE COYOTE SPEARPOINT"},"content":{"rendered":"<p>Vyhadzovac\u00ed n\u00f4\u017e <strong>B\u00f6ker<\/strong> Plus STRIKE COYOTE SPEARPOINT.<\/p>\n<p>B\u00f6ker Plus je ide\u00e1lny na ak\u00fako\u013evek pr\u00e1cu. \u010cepe\u013e je vyroben\u00e1 z nehrdzavej\u00facej ocele AUS-8. Hlin\u00edkov\u00e1 rukov\u00e4\u0165 zaru\u010duje n\u00edzku hmotnos\u0165. N\u00f4\u017e m\u00e1 klip na pripevnenie no\u017ea. Dod\u00e1va sa v dar\u010dekovej \u0161katu\u013eke.    <\/p>\n<p>Celkov\u00e1 d\u013a\u017eka: 20,1 cm<\/p>\n<p>D\u013a\u017eka \u010depele: 8,5 cm<\/p>\n<p>Hr\u00fabka \u010depele: 3,0 mm<\/p>\n<p>hmotnos\u0165: 137,0 g<\/p>\n<p>Materi\u00e1l \u010depele: AUS-8<\/p>\n<p>Materi\u00e1l rukov\u00e4te: hlin\u00edk<\/p>\n<p>zatv\u00e1ranie: tla\u010didlo<\/p>\n<p>Otvori\u0165 podporu: tla\u010didlo<\/p>\n<p>otv\u00e1ranie: automatick\u00e9<\/p>\n<p>Boker Plus Strike je robustn\u00fd automatick\u00fd n\u00f4\u017e na ka\u017edodenn\u00e9 alebo taktick\u00e9 pou\u017eitie, ktor\u00fd dop\u013a\u0148a na\u0161u \u0161irok\u00fa ponuku vystre\u013eovac\u00edch no\u017eov. \u0160t\u00edhla, ergonomicky tvarovan\u00e1 rukov\u00e4\u0165 je zalo\u017een\u00e1 na pevn\u00fdch oce\u013eov\u00fdch pr\u00edlo\u017ek\u00e1ch, ktor\u00e9 s\u00fa vybaven\u00e9 \u013eahk\u00fdmi \u0161upinami z kojotieho hlin\u00edka, ktor\u00e9 s\u00fa fr\u00e9zovan\u00e9 pre dobr\u00fd \u00fachop. Pomerne m\u00e4kk\u00fd a tvrd\u00fd kov je z\u00e1rove\u0148 ve\u013emi pevn\u00fd a odoln\u00fd. Hlbok\u00e9 dr\u00e1\u017eky v dobre definovanom zdvihu palca napom\u00e1haj\u00fa bezpe\u010dnej manipul\u00e1cii. Ako dodato\u010dn\u00e1 ochrana pri zatvorenom no\u017ei p\u00f4sob\u00ed \u010disto zacvaknut\u00e9 poistn\u00e9 skl\u00ed\u010dko proti n\u00e1hodn\u00e9mu spusteniu. \u010cepe\u013e droppoint je vyroben\u00e1 z v Japonsku vyvinut\u00e9ho materi\u00e1lu AUS-8 a opatren\u00e1 tmavou povrchovou \u00fapravou Stonewash Finish. S obojstrann\u00fdm klipom (tip-up \/ tip-down) a kvalitn\u00fdm nylonov\u00fdm puzdrom na skladovanie.      <\/p>\n","protected":false},"excerpt":{"rendered":"<p>No\u017eiarska manufakt\u00fara <strong>B\u00f6ker<\/strong> sa postupom \u010dasu vypracovala na glob\u00e1lneho inova\u010dn\u00e9ho l\u00eddra a najv\u00e4\u010d\u0161ieho v\u00fdrobcu \u0161portov\u00fdch no\u017eov, taktick\u00fdch no\u017eov a zberate\u013esk\u00fdch no\u017eov v Eur\u00f3pe.<\/p>\n","protected":false},"featured_media":199252,"comment_status":"open","ping_status":"closed","template":"","meta":[],"pwb-brand":[3419],"product_brand":[],"product_cat":[3197,3186],"product_tag":[],"class_list":{"0":"post-429817","1":"product","2":"type-product","3":"status-publish","4":"has-post-thumbnail","6":"pwb-brand-boker-sk","7":"product_cat-vystrelovacie-noze-sk","8":"product_cat-noze-sk","10":"first","11":"outofstock","12":"taxable","13":"shipping-taxable","14":"purchasable","15":"product-type-simple"},"brands":[{"id":3419,"name":"Boker","slug":"boker-sk"}],"_links":{"self":[{"href":"https:\/\/www.moskito.cz\/sk\/wp-json\/wp\/v2\/product\/429817","targetHints":{"allow":["GET"]}}],"collection":[{"href":"https:\/\/www.moskito.cz\/sk\/wp-json\/wp\/v2\/product"}],"about":[{"href":"https:\/\/www.moskito.cz\/sk\/wp-json\/wp\/v2\/types\/product"}],"replies":[{"embeddable":true,"href":"https:\/\/www.moskito.cz\/sk\/wp-json\/wp\/v2\/comments?post=429817"}],"wp:featuredmedia":[{"embeddable":true,"href":"https:\/\/www.moskito.cz\/sk\/wp-json\/wp\/v2\/media\/199252"}],"wp:attachment":[{"href":"https:\/\/www.moskito.cz\/sk\/wp-json\/wp\/v2\/media?parent=429817"}],"wp:term":[{"taxonomy":"pwb-brand","embeddable":true,"href":"https:\/\/www.moskito.cz\/sk\/wp-json\/wp\/v2\/pwb-brand?post=429817"},{"taxonomy":"product_brand","embeddable":true,"href":"https:\/\/www.moskito.cz\/sk\/wp-json\/wp\/v2\/product_brand?post=429817"},{"taxonomy":"product_cat","embeddable":true,"href":"https:\/\/www.moskito.cz\/sk\/wp-json\/wp\/v2\/product_cat?post=429817"},{"taxonomy":"product_tag","embeddable":true,"href":"https:\/\/www.moskito.cz\/sk\/wp-json\/wp\/v2\/product_tag?post=429817"}],"curies":[{"name":"wp","href":"https:\/\/api.w.org\/{rel}","templated":true}]}}