{"id":429866,"date":"2024-11-20T15:43:51","date_gmt":"2024-11-20T14:43:51","guid":{"rendered":"https:\/\/www.moskito.cz\/produkt\/zatvaraci-noz-extrema-ratio-caimano-nero-n-a-satin-04-1000-0166-sat-blk\/"},"modified":"2025-12-22T16:01:41","modified_gmt":"2025-12-22T15:01:41","slug":"zatvaraci-noz-extrema-ratio-caimano-nero-n-a-satin-04-1000-0166-sat-blk","status":"publish","type":"product","link":"https:\/\/www.moskito.cz\/sk\/produkt\/zatvaraci-noz-extrema-ratio-caimano-nero-n-a-satin-04-1000-0166-sat-blk\/","title":{"rendered":"Zatv\u00e1rac\u00ed n\u00f4\u017e EXTREMA RATIO CAIMANO NERO N.A. SATIN 04.1000.0166\/SAT\/BLK"},"content":{"rendered":"<p>Zatv\u00e1rac\u00ed n\u00f4\u017e <strong>EXTREMA RATIO<\/strong> CAIMANO NERO N.A. SATIN 04.1000.0166\/SAT\/BLK.<\/p>\n<p>Caimano Nero N.A. od Extrema Ratio je vysokokvalitn\u00fd taktick\u00fd skladac\u00ed n\u00f4\u017e ur\u010den\u00fd na profesion\u00e1lne pou\u017eitie, najm\u00e4 pre potreby talianskych n\u00e1morn\u00fdch \u0161peci\u00e1lnych jednotiek G.O.I. (Gruppo Operativo Incursori). Ide o neautomatick\u00fd variant, ktor\u00fd kombinuje praktick\u00e9 vlastnosti a robustn\u00fd dizajn s taktickou funk\u010dnos\u0165ou.<br \/>\nK\u013e\u00fa\u010dov\u00e9 vlastnosti: <\/p>\n<p>\u010cepe\u013e:<br \/>\nHr\u00fabka \u010depele: 0,4 cm, d\u013a\u017eka \u010depele: 9,3 cm.<\/p>\n<p>Asymetrick\u00fd tvar hrotu kopije, ktor\u00fd poskytuje vysok\u00fa prieraznos\u0165 a v\u0161estrannos\u0165.<br \/>\nZ\u00fabkovan\u00e1 \u010das\u0165 \u010depele, ide\u00e1lna na rezanie tvrd\u00fdch materi\u00e1lov, ako s\u00fa k\u00e1ble a tkaniny, bez r\u00fdchleho opotrebovania.<\/p>\n<p>Rukov\u00e4\u0165:<br \/>\nNavrhnut\u00e1 pre ergon\u00f3miu a r\u00fdchle vybratie z vrecka.<br \/>\nSpodn\u00e1 \u010das\u0165 optimalizovan\u00e1 pre pevn\u00fd \u00fachop aj v \u0165a\u017ek\u00fdch podmienkach.<br \/>\nIntegrovan\u00fd karbidov\u00fd rozb\u00edja\u010d skla na konci rukov\u00e4te.<\/p>\n<p>Klip:<br \/>\nTit\u00e1nov\u00fd klip potiahnut\u00fd DLC (Diamond-Like Carbon) pre vysok\u00fa odolnos\u0165.<br \/>\nUmo\u017e\u0148uje upevnenie v troch r\u00f4znych uhloch na oboch stran\u00e1ch rukov\u00e4te.<br \/>\nNavrhnut\u00fd pre maxim\u00e1lnu diskr\u00e9tnos\u0165 pri nosen\u00ed (n\u00f4\u017e zost\u00e1va skryt\u00fd vo vrecku).<\/p>\n<p>Celkov\u00e1 d\u013a\u017eka no\u017ea je 23,1 cm<\/p>\n<p>Zhrnutie:<\/p>\n<p>Caimano Nero N.A. je prvotriedny n\u00e1stroj ide\u00e1lny pre profesion\u00e1lov, vojakov alebo nad\u0161encov taktickej v\u00fdbavy. Jeho kon\u0161trukcia je robustn\u00e1 a spo\u013eahliv\u00e1, pri\u010dom pon\u00faka vysok\u00fa \u00fa\u017eitkov\u00fa hodnotu a inovat\u00edvne funkcie. Cena zodpoved\u00e1 kvalite materi\u00e1lov a prec\u00edznemu spracovaniu typick\u00e9mu pre v\u00fdrobky Extrema Ratio.  <\/p>\n<p>Ak m\u00e1te z\u00e1ujem o kompaktn\u00fd a funk\u010dn\u00fd taktick\u00fd n\u00f4\u017e, Caimano Nero N.A. ur\u010dite stoj\u00ed za zv\u00e1\u017eenie. Ak potrebujete viac inform\u00e1ci\u00ed, r\u00e1d v\u00e1m pom\u00f4\u017eem! <\/p>\n","protected":false},"excerpt":{"rendered":"<p><strong>Caimano Nero N.A. od Extrema Ratio je vysokokvalitn\u00fd taktick\u00fd skladac\u00ed n\u00f4\u017e ur\u010den\u00fd na profesion\u00e1lne pou\u017eitie, najm\u00e4 pre potreby talianskych n\u00e1morn\u00fdch \u0161peci\u00e1lnych jednotiek G.O.I. (Gruppo Operativo Incursori). Ide o neautomatick\u00fd variant, ktor\u00fd kombinuje praktick\u00e9 vlastnosti a robustn\u00fd dizajn s taktickou funk\u010dnos\u0165ou. <\/strong><\/p>\n<p><strong>Doprava zadarmo.<\/strong><\/p>\n","protected":false},"featured_media":374938,"comment_status":"open","ping_status":"closed","template":"","meta":[],"pwb-brand":[3198],"product_brand":[],"product_cat":[3233,3186],"product_tag":[],"class_list":{"0":"post-429866","1":"product","2":"type-product","3":"status-publish","4":"has-post-thumbnail","6":"pwb-brand-extrema-ratio-sk","7":"product_cat-zatvaracie-noze","8":"product_cat-noze-sk","10":"first","11":"instock","12":"taxable","13":"shipping-taxable","14":"purchasable","15":"product-type-simple"},"brands":[{"id":3198,"name":"Extrema Ratio","slug":"extrema-ratio-sk"}],"_links":{"self":[{"href":"https:\/\/www.moskito.cz\/sk\/wp-json\/wp\/v2\/product\/429866","targetHints":{"allow":["GET"]}}],"collection":[{"href":"https:\/\/www.moskito.cz\/sk\/wp-json\/wp\/v2\/product"}],"about":[{"href":"https:\/\/www.moskito.cz\/sk\/wp-json\/wp\/v2\/types\/product"}],"replies":[{"embeddable":true,"href":"https:\/\/www.moskito.cz\/sk\/wp-json\/wp\/v2\/comments?post=429866"}],"wp:featuredmedia":[{"embeddable":true,"href":"https:\/\/www.moskito.cz\/sk\/wp-json\/wp\/v2\/media\/374938"}],"wp:attachment":[{"href":"https:\/\/www.moskito.cz\/sk\/wp-json\/wp\/v2\/media?parent=429866"}],"wp:term":[{"taxonomy":"pwb-brand","embeddable":true,"href":"https:\/\/www.moskito.cz\/sk\/wp-json\/wp\/v2\/pwb-brand?post=429866"},{"taxonomy":"product_brand","embeddable":true,"href":"https:\/\/www.moskito.cz\/sk\/wp-json\/wp\/v2\/product_brand?post=429866"},{"taxonomy":"product_cat","embeddable":true,"href":"https:\/\/www.moskito.cz\/sk\/wp-json\/wp\/v2\/product_cat?post=429866"},{"taxonomy":"product_tag","embeddable":true,"href":"https:\/\/www.moskito.cz\/sk\/wp-json\/wp\/v2\/product_tag?post=429866"}],"curies":[{"name":"wp","href":"https:\/\/api.w.org\/{rel}","templated":true}]}}