{"id":430375,"date":"2026-01-01T15:26:59","date_gmt":"2026-01-01T14:26:59","guid":{"rendered":"https:\/\/www.moskito.cz\/?post_type=product&#038;p=430375"},"modified":"2026-01-13T12:06:51","modified_gmt":"2026-01-13T11:06:51","slug":"zaviraci-nuz-spyderco-tasman-salt-2-lightweight-black-h1-c106sbk2","status":"publish","type":"product","link":"https:\/\/www.moskito.cz\/sk\/produkt\/zaviraci-nuz-spyderco-tasman-salt-2-lightweight-black-h1-c106sbk2\/","title":{"rendered":"Zav\u00edrac\u00ed N\u016f\u017e Spyderco Tasman Salt 2 Lightweight Black H1 C106SBK2"},"content":{"rendered":"<h2 data-start=\"212\" data-end=\"288\">\ud83d\udde1\ufe0f Zav\u00edrac\u00ed n\u016f\u017e <strong data-start=\"232\" data-end=\"288\">Spyderco Tasman Salt 2 Lightweight Black H1 C106SBK2<\/strong><\/h2>\n<h3 data-start=\"290\" data-end=\"340\">Odolnost a jistota tam, kde ostatn\u00ed selh\u00e1vaj\u00ed.<\/h3>\n<p data-start=\"342\" data-end=\"753\">Spyderco <strong data-start=\"351\" data-end=\"389\">Tasman Salt 2 Lightweight Black H1<\/strong> je speci\u00e1ln\u011b navr\u017een\u00fd n\u016f\u017e pro ty, kte\u0159\u00ed pot\u0159ebuj\u00ed <strong data-start=\"440\" data-end=\"495\">maxim\u00e1ln\u00ed odolnost proti korozi a lehkou konstrukci<\/strong>, ani\u017e by se slevilo z v\u00fdkonu.<br data-start=\"525\" data-end=\"528\" \/>D\u00edky p\u0159ekvapiv\u011b odoln\u00e9 oceli <strong data-start=\"557\" data-end=\"563\">H1<\/strong>, kter\u00e1 nehn\u011bdne a velmi dob\u0159e sn\u00e1\u0161\u00ed vlhk\u00e9 \u010di slan\u00e9 prost\u0159ed\u00ed, je tento model ide\u00e1ln\u00ed pro pob\u0159e\u017en\u00ed aktivity, ryba\u0159en\u00ed, pr\u00e1ci u vody, vodn\u00ed sporty i ka\u017edodenn\u00ed vyu\u017eit\u00ed v n\u00e1ro\u010dn\u00fdch podm\u00ednk\u00e1ch.<\/p>\n<p data-start=\"755\" data-end=\"834\">Tento n\u016f\u017e je navr\u017een tak, aby fungoval i tam, kde jin\u00e9 no\u017ee za\u010d\u00ednaj\u00ed korodovat.<\/p>\n<hr data-start=\"836\" data-end=\"839\" \/>\n<h3 data-start=\"841\" data-end=\"866\">Charakter a filozofie<\/h3>\n<p data-start=\"868\" data-end=\"1258\">Tasman Salt 2 Lightweight Black H1 je optimalizovanou verz\u00ed legend\u00e1rn\u00edho Tasman Salt, vybavenou <strong data-start=\"964\" data-end=\"989\">odleh\u010denou konstrukc\u00ed<\/strong>, kter\u00e1 sni\u017euje hmotnost p\u0159i zachov\u00e1n\u00ed vysok\u00e9ho v\u00fdkonu.<br data-start=\"1044\" data-end=\"1047\" \/>Ocel <strong data-start=\"1052\" data-end=\"1058\">H1<\/strong> je prakticky imunn\u00ed v\u016f\u010di korozi \u2014 ide\u00e1ln\u00ed pro pob\u0159e\u017en\u00ed a vlhk\u00e9 prost\u0159ed\u00ed. \u010cepel s ergonomick\u00fdm tvarem umo\u017e\u0148uje hladk\u00e9 a kontrolovan\u00e9 \u0159ezy, zat\u00edmco \u010dern\u00fd povrch dod\u00e1v\u00e1 no\u017ei nen\u00e1padn\u00fd, taktick\u00fd vzhled.<\/p>\n<p data-start=\"1260\" data-end=\"1478\">Ergonomick\u00e1 rukoje\u0165 z lehk\u00e9ho materi\u00e1lu FRN zaji\u0161\u0165uje jist\u00fd \u00fachop i v mokr\u00fdch \u010di kluzk\u00fdch podm\u00ednk\u00e1ch.<br data-start=\"1361\" data-end=\"1364\" \/>Tasman Salt 2 Lightweight Black H1 je n\u00e1stroj, <strong data-start=\"1411\" data-end=\"1478\">na kter\u00fd se m\u016f\u017ee\u0161 spolehnout bez ohledu na po\u010das\u00ed \u010di prost\u0159ed\u00ed.<\/strong><\/p>\n<hr data-start=\"1480\" data-end=\"1483\" \/>\n<h2 data-start=\"1485\" data-end=\"1500\">\ud83c\udfed O v\u00fdrobci<\/h2>\n<p data-start=\"1502\" data-end=\"1814\">Spyderco je zna\u010dka dlouhodob\u011b definuj\u00edc\u00ed standardy modern\u00edho no\u017e\u00ed\u0159stv\u00ed \u2014 a\u0165 u\u017e v kancel\u00e1\u0159i, v p\u0159\u00edrod\u011b, nebo ve vlhk\u00e9m prost\u0159ed\u00ed u vody.<br data-start=\"1637\" data-end=\"1640\" \/>S d\u016frazem na <strong data-start=\"1653\" data-end=\"1692\">ergonomii, inovace a funk\u010dn\u00ed design<\/strong> se jejich no\u017ee staly n\u00e1stroji volby profesion\u00e1l\u016f, outdoorov\u00fdch nad\u0161enc\u016f a u\u017eivatel\u016f, kte\u0159\u00ed po\u017eaduj\u00ed v\u00fdkon bez kompromis\u016f.<\/p>\n<hr data-start=\"1816\" data-end=\"1819\" \/>\n<h2 data-start=\"1821\" data-end=\"1848\">\u2699\ufe0f Technick\u00e9 specifikace<\/h2>\n<div class=\"TyagGW_tableContainer\">\n<div class=\"group TyagGW_tableWrapper flex w-fit flex-col-reverse\" tabindex=\"-1\">\n<table class=\"w-fit min-w-(--thread-content-width)\" data-start=\"1850\" data-end=\"2426\">\n<thead data-start=\"1850\" data-end=\"1872\">\n<tr data-start=\"1850\" data-end=\"1872\">\n<th data-start=\"1850\" data-end=\"1861\" data-col-size=\"sm\">Parametr<\/th>\n<th data-start=\"1861\" data-end=\"1872\" data-col-size=\"sm\">Hodnota<\/th>\n<\/tr>\n<\/thead>\n<tbody data-start=\"1896\" data-end=\"2426\">\n<tr data-start=\"1896\" data-end=\"1931\">\n<td data-start=\"1896\" data-end=\"1912\" data-col-size=\"sm\">Celkov\u00e1 d\u00e9lka<\/td>\n<td data-start=\"1912\" data-end=\"1931\" data-col-size=\"sm\">cca <strong data-start=\"1918\" data-end=\"1929\">21,5 cm<\/strong><\/td>\n<\/tr>\n<tr data-start=\"1932\" data-end=\"1965\">\n<td data-start=\"1932\" data-end=\"1947\" data-col-size=\"sm\">D\u00e9lka \u010depele<\/td>\n<td data-start=\"1947\" data-end=\"1965\" data-col-size=\"sm\">cca <strong data-start=\"1953\" data-end=\"1963\">8,8 cm<\/strong><\/td>\n<\/tr>\n<tr data-start=\"1966\" data-end=\"2002\">\n<td data-start=\"1966\" data-end=\"1984\" data-col-size=\"sm\">Tlou\u0161\u0165ka \u010depele<\/td>\n<td data-start=\"1984\" data-end=\"2002\" data-col-size=\"sm\">cca <strong data-start=\"1990\" data-end=\"2000\">3,2 mm<\/strong><\/td>\n<\/tr>\n<tr data-start=\"2003\" data-end=\"2061\">\n<td data-start=\"2003\" data-end=\"2021\" data-col-size=\"sm\">Materi\u00e1l \u010depele<\/td>\n<td data-start=\"2021\" data-end=\"2061\" data-col-size=\"sm\"><strong data-start=\"2023\" data-end=\"2029\">H1<\/strong> \u2013 extr\u00e9mn\u011b korozivzdorn\u00e1 ocel<\/td>\n<\/tr>\n<tr data-start=\"2062\" data-end=\"2111\">\n<td data-start=\"2062\" data-end=\"2078\" data-col-size=\"sm\">Tvrdost oceli<\/td>\n<td data-start=\"2078\" data-end=\"2111\" data-col-size=\"sm\">optimalizovan\u00e1 pro odolnost<\/td>\n<\/tr>\n<tr data-start=\"2112\" data-end=\"2160\">\n<td data-start=\"2112\" data-end=\"2126\" data-col-size=\"sm\">Tvar \u010depele<\/td>\n<td data-start=\"2126\" data-end=\"2160\" data-col-size=\"sm\">Drop-point \/ utilit\u00e1rn\u00ed profil<\/td>\n<\/tr>\n<tr data-start=\"2161\" data-end=\"2186\">\n<td data-start=\"2161\" data-end=\"2177\" data-col-size=\"sm\">Povrch \u010depele<\/td>\n<td data-start=\"2177\" data-end=\"2186\" data-col-size=\"sm\">Black<\/td>\n<\/tr>\n<tr data-start=\"2187\" data-end=\"2225\">\n<td data-start=\"2187\" data-end=\"2197\" data-col-size=\"sm\">Rukoje\u0165<\/td>\n<td data-start=\"2197\" data-end=\"2225\" data-col-size=\"sm\">FRN (\u010dern\u00e1, texturovan\u00e1)<\/td>\n<\/tr>\n<tr data-start=\"2226\" data-end=\"2272\">\n<td data-start=\"2226\" data-end=\"2234\" data-col-size=\"sm\">Z\u00e1mek<\/td>\n<td data-start=\"2234\" data-end=\"2272\" data-col-size=\"sm\">Back Lock \u2013 spolehliv\u00fd mechanismus<\/td>\n<\/tr>\n<tr data-start=\"2273\" data-end=\"2311\">\n<td data-start=\"2273\" data-end=\"2285\" data-col-size=\"sm\">Otev\u00edr\u00e1n\u00ed<\/td>\n<td data-start=\"2285\" data-end=\"2311\" data-col-size=\"sm\">Kruhov\u00fd otvor Spyderco<\/td>\n<\/tr>\n<tr data-start=\"2312\" data-end=\"2355\">\n<td data-start=\"2312\" data-end=\"2319\" data-col-size=\"sm\">Klip<\/td>\n<td data-start=\"2319\" data-end=\"2355\" data-col-size=\"sm\">\u010cty\u0159polohov\u00fd \u2013 flexibiln\u00ed no\u0161en\u00ed<\/td>\n<\/tr>\n<tr data-start=\"2356\" data-end=\"2409\">\n<td data-start=\"2356\" data-end=\"2367\" data-col-size=\"sm\">Hmotnost<\/td>\n<td data-start=\"2367\" data-end=\"2409\" data-col-size=\"sm\"><strong data-start=\"2369\" data-end=\"2407\">ni\u017e\u0161\u00ed ne\u017e standardn\u00ed Tasman Salt 2<\/strong><\/td>\n<\/tr>\n<tr data-start=\"2410\" data-end=\"2426\">\n<td data-start=\"2410\" data-end=\"2419\" data-col-size=\"sm\">V\u00fdroba<\/td>\n<td data-start=\"2419\" data-end=\"2426\" data-col-size=\"sm\">USA<\/td>\n<\/tr>\n<\/tbody>\n<\/table>\n<\/div>\n<\/div>\n<hr data-start=\"2428\" data-end=\"2431\" \/>\n<h2 data-start=\"2433\" data-end=\"2451\">\u2705 Hlavn\u00ed v\u00fdhody<\/h2>\n<ul data-start=\"2453\" data-end=\"2820\">\n<li data-start=\"2453\" data-end=\"2514\">\n<p data-start=\"2455\" data-end=\"2514\"><strong data-start=\"2455\" data-end=\"2466\">Ocel H1<\/strong> \u2013 prakticky nehn\u011bdne a v\u00fdborn\u011b odol\u00e1v\u00e1 korozi<\/p>\n<\/li>\n<li data-start=\"2515\" data-end=\"2569\">\n<p data-start=\"2517\" data-end=\"2569\"><strong data-start=\"2517\" data-end=\"2537\">Lehk\u00e1 konstrukce<\/strong> \u2013 komfortn\u00ed ka\u017edodenn\u00ed no\u0161en\u00ed<\/p>\n<\/li>\n<li data-start=\"2570\" data-end=\"2620\">\n<p data-start=\"2572\" data-end=\"2620\"><strong data-start=\"2572\" data-end=\"2585\">Back Lock<\/strong> \u2013 bezpe\u010dn\u00e9 a spolehliv\u00e9 uzam\u010den\u00ed<\/p>\n<\/li>\n<li data-start=\"2621\" data-end=\"2672\">\n<p data-start=\"2623\" data-end=\"2672\">\u010cern\u00fd povrch \u2013 nen\u00e1padn\u00fd a profesion\u00e1ln\u00ed vzhled<\/p>\n<\/li>\n<li data-start=\"2673\" data-end=\"2713\">\n<p data-start=\"2675\" data-end=\"2713\">FRN rukoje\u0165 \u2013 jist\u00fd \u00fachop i ve vlhku<\/p>\n<\/li>\n<li data-start=\"2714\" data-end=\"2771\">\n<p data-start=\"2716\" data-end=\"2771\">Kruhov\u00fd otvor Spyderco \u2013 rychl\u00e9 a intuitivn\u00ed otev\u0159en\u00ed<\/p>\n<\/li>\n<li data-start=\"2772\" data-end=\"2820\">\n<p data-start=\"2774\" data-end=\"2820\">\u010cty\u0159polohov\u00fd klip \u2013 variabiln\u00ed mo\u017enosti no\u0161en\u00ed<\/p>\n<\/li>\n<\/ul>\n<hr data-start=\"2822\" data-end=\"2825\" \/>\n<h2 data-start=\"2827\" data-end=\"2846\">\u26a0\ufe0f Mo\u017en\u00e1 omezen\u00ed<\/h2>\n<ul data-start=\"2848\" data-end=\"3015\">\n<li data-start=\"2848\" data-end=\"2906\">\n<p data-start=\"2850\" data-end=\"2906\">Lehk\u00e1 konstrukce nen\u00ed ur\u010dena pro extr\u00e9mn\u011b t\u011b\u017ek\u00e9 p\u00e1\u010den\u00ed<\/p>\n<\/li>\n<li data-start=\"2907\" data-end=\"2970\">\n<p data-start=\"2909\" data-end=\"2970\">Ocel H1 nen\u00ed ide\u00e1ln\u00ed pro extr\u00e9mn\u011b hrub\u00e9 mechanick\u00e9 nam\u00e1h\u00e1n\u00ed<\/p>\n<\/li>\n<li data-start=\"2971\" data-end=\"3015\">\n<p data-start=\"2973\" data-end=\"3015\">Design klade d\u016fraz na funkci, nikoli dekor<\/p>\n<\/li>\n<\/ul>\n<hr data-start=\"3017\" data-end=\"3020\" \/>\n<h2 data-start=\"3022\" data-end=\"3042\">\ud83d\udee0\ufe0f \u00dadr\u017eba a p\u00e9\u010de<\/h2>\n<ul data-start=\"3044\" data-end=\"3262\">\n<li data-start=\"3044\" data-end=\"3079\">\n<p data-start=\"3046\" data-end=\"3079\">Po pou\u017eit\u00ed \u010depel o\u010disti a osu\u0161\u00ed<\/p>\n<\/li>\n<li data-start=\"3080\" data-end=\"3139\">\n<p data-start=\"3082\" data-end=\"3139\">Vyh\u00fdbej se abrazivn\u00edm a agresivn\u00edm \u010distic\u00edm prost\u0159edk\u016fm<\/p>\n<\/li>\n<li data-start=\"3140\" data-end=\"3177\">\n<p data-start=\"3142\" data-end=\"3177\">Rukoje\u0165 FRN \u010dist\u011b jemn\u00fdm had\u0159\u00edkem<\/p>\n<\/li>\n<li data-start=\"3178\" data-end=\"3233\">\n<p data-start=\"3180\" data-end=\"3233\">Back Lock a pivot pravideln\u011b proma\u017e vhodn\u00fdm mazivem<\/p>\n<\/li>\n<li data-start=\"3234\" data-end=\"3262\">\n<p data-start=\"3236\" data-end=\"3262\">Skladuj v such\u00e9m prost\u0159ed\u00ed<\/p>\n<\/li>\n<\/ul>\n<hr data-start=\"3264\" data-end=\"3267\" \/>\n<h2 data-start=\"3269\" data-end=\"3305\">\ud83d\udd2a Pro udr\u017een\u00ed ost\u0159\u00ed doporu\u010dujeme<\/h2>\n<p data-start=\"3307\" data-end=\"3424\">Pro zachov\u00e1n\u00ed maxim\u00e1ln\u00ed ostrosti \u010depele z <strong data-start=\"3349\" data-end=\"3361\">oceli H1<\/strong> doporu\u010dujeme kvalitn\u00ed syst\u00e9m brou\u0161en\u00ed ur\u010den\u00fd pro hladk\u00e1 ost\u0159\u00ed.<\/p>\n<p data-start=\"3426\" data-end=\"3527\">Ide\u00e1ln\u00ed volbou je <strong data-start=\"3444\" data-end=\"3510\">Spyderco Tri-Angle Sharpmaker Complete Sharpening System 204MF<\/strong>, kter\u00fd nab\u00edz\u00ed:<\/p>\n<ul data-start=\"3528\" data-end=\"3652\">\n<li data-start=\"3528\" data-end=\"3567\">\n<p data-start=\"3530\" data-end=\"3567\">p\u0159esn\u00e9 a konzistentn\u00ed \u00fahly brou\u0161en\u00ed<\/p>\n<\/li>\n<li data-start=\"3568\" data-end=\"3616\">\n<p data-start=\"3570\" data-end=\"3616\">\u0161etrnou \u00fadr\u017ebu bez nadm\u011brn\u00e9 ztr\u00e1ty materi\u00e1lu<\/p>\n<\/li>\n<li data-start=\"3617\" data-end=\"3652\">\n<p data-start=\"3619\" data-end=\"3652\">bezpe\u010dn\u00e9 pou\u017eit\u00ed i bez zku\u0161enost\u00ed<\/p>\n<\/li>\n<\/ul>\n<p data-start=\"3654\" data-end=\"3699\">\ud83d\uded2 <strong data-start=\"3657\" data-end=\"3699\">Zakoup\u00edte na na\u0161ich str\u00e1nk\u00e1ch Moskito.<\/strong><\/p>\n<hr data-start=\"3701\" data-end=\"3704\" \/>\n<h2 data-start=\"3706\" data-end=\"3726\">\ud83c\udfaf Doporu\u010deno pro<\/h2>\n<ul data-start=\"3728\" data-end=\"3925\">\n<li data-start=\"3728\" data-end=\"3773\">\n<p data-start=\"3730\" data-end=\"3773\">Outdoorov\u00e9 nad\u0161ence a pob\u0159e\u017en\u00ed dobrodruhy<\/p>\n<\/li>\n<li data-start=\"3774\" data-end=\"3818\">\n<p data-start=\"3776\" data-end=\"3818\">Ryba\u0159en\u00ed, vodn\u00ed sporty a vlhk\u00e9 prost\u0159ed\u00ed<\/p>\n<\/li>\n<li data-start=\"3819\" data-end=\"3863\">\n<p data-start=\"3821\" data-end=\"3863\">Ka\u017edodenn\u00ed no\u0161en\u00ed v n\u00e1ro\u010dn\u00fdch podm\u00ednk\u00e1ch<\/p>\n<\/li>\n<li data-start=\"3864\" data-end=\"3925\">\n<p data-start=\"3866\" data-end=\"3925\">U\u017eivatel\u00e9, kte\u0159\u00ed cht\u011bj\u00ed <strong data-start=\"3890\" data-end=\"3925\">maxim\u00e1ln\u00ed odolnost proti korozi<\/strong><\/p>\n<\/li>\n<\/ul>\n<hr data-start=\"3927\" data-end=\"3930\" \/>\n<h2 data-start=\"3932\" data-end=\"3956\">\u2b50 Z\u00e1v\u011bre\u010dn\u00e9 hodnocen\u00ed<\/h2>\n<p data-start=\"3958\" data-end=\"4185\">Spyderco Tasman Salt 2 Lightweight Black H1 C106SBK2 je <strong data-start=\"4014\" data-end=\"4048\">odoln\u00fd, lehk\u00fd a spolehliv\u00fd n\u016f\u017e<\/strong>, kter\u00fd obstoj\u00ed i tam, kde ostatn\u00ed no\u017ee selh\u00e1vaj\u00ed.<br data-start=\"4098\" data-end=\"4101\" \/>Lehk\u00fd, odoln\u00fd a komfortn\u00ed \u2013 perfektn\u00ed kombinace pro ka\u017edodenn\u00ed i outdoorov\u00e9 pou\u017eit\u00ed.<\/p>\n<p data-start=\"4187\" data-end=\"4275\"><strong data-start=\"4187\" data-end=\"4275\">Tasman Salt 2 Lightweight \u2013 v\u00fdkon, kter\u00e9mu m\u016f\u017ee\u0161 v\u011b\u0159it ve vlhk\u00e9m i slan\u00e9m prost\u0159ed\u00ed.<\/strong><\/p>\n","protected":false},"excerpt":{"rendered":"<p data-start=\"3958\" data-end=\"4185\"><strong>Spyderco Tasman Salt 2 Lightweight Black H1 C106SBK2 je odoln\u00fd, lehk\u00fd a spolehliv\u00fd n\u016f\u017e, kter\u00fd obstoj\u00ed i tam, kde ostatn\u00ed no\u017ee selh\u00e1vaj\u00ed.<\/strong><br data-start=\"4098\" data-end=\"4101\" \/><strong>Lehk\u00fd, odoln\u00fd a komfortn\u00ed \u2013 perfektn\u00ed kombinace pro ka\u017edodenn\u00ed i outdoorov\u00e9 pou\u017eit\u00ed.<\/strong><\/p>\n<p data-start=\"4187\" data-end=\"4275\"><strong data-start=\"4187\" data-end=\"4275\">Tasman Salt 2 Lightweight \u2013 v\u00fdkon, kter\u00e9mu m\u016f\u017ee\u0161 v\u011b\u0159it ve vlhk\u00e9m i slan\u00e9m prost\u0159ed\u00ed.<\/strong><\/p>\n","protected":false},"featured_media":430376,"comment_status":"open","ping_status":"closed","template":"","meta":[],"pwb-brand":[567],"product_brand":[],"product_cat":[22,17],"product_tag":[],"class_list":{"0":"post-430375","1":"product","2":"type-product","3":"status-publish","4":"has-post-thumbnail","6":"pwb-brand-spyderco","7":"product_cat-zaviraci-noze","8":"product_cat-noze","10":"first","11":"outofstock","12":"taxable","13":"shipping-taxable","14":"purchasable","15":"product-type-simple"},"brands":[{"id":567,"name":"Spyderco","slug":"spyderco"}],"_links":{"self":[{"href":"https:\/\/www.moskito.cz\/sk\/wp-json\/wp\/v2\/product\/430375","targetHints":{"allow":["GET"]}}],"collection":[{"href":"https:\/\/www.moskito.cz\/sk\/wp-json\/wp\/v2\/product"}],"about":[{"href":"https:\/\/www.moskito.cz\/sk\/wp-json\/wp\/v2\/types\/product"}],"replies":[{"embeddable":true,"href":"https:\/\/www.moskito.cz\/sk\/wp-json\/wp\/v2\/comments?post=430375"}],"wp:featuredmedia":[{"embeddable":true,"href":"https:\/\/www.moskito.cz\/sk\/wp-json\/wp\/v2\/media\/430376"}],"wp:attachment":[{"href":"https:\/\/www.moskito.cz\/sk\/wp-json\/wp\/v2\/media?parent=430375"}],"wp:term":[{"taxonomy":"pwb-brand","embeddable":true,"href":"https:\/\/www.moskito.cz\/sk\/wp-json\/wp\/v2\/pwb-brand?post=430375"},{"taxonomy":"product_brand","embeddable":true,"href":"https:\/\/www.moskito.cz\/sk\/wp-json\/wp\/v2\/product_brand?post=430375"},{"taxonomy":"product_cat","embeddable":true,"href":"https:\/\/www.moskito.cz\/sk\/wp-json\/wp\/v2\/product_cat?post=430375"},{"taxonomy":"product_tag","embeddable":true,"href":"https:\/\/www.moskito.cz\/sk\/wp-json\/wp\/v2\/product_tag?post=430375"}],"curies":[{"name":"wp","href":"https:\/\/api.w.org\/{rel}","templated":true}]}}