{"id":431556,"date":"2026-01-07T20:09:41","date_gmt":"2026-01-07T19:09:41","guid":{"rendered":"https:\/\/www.moskito.cz\/?post_type=product&#038;p=431556"},"modified":"2026-01-07T20:09:43","modified_gmt":"2026-01-07T19:09:43","slug":"zaviraci-nuz-spyderco-yojimbo-2-cerveny-trener-c85tr2","status":"publish","type":"product","link":"https:\/\/www.moskito.cz\/sk\/produkt\/zaviraci-nuz-spyderco-yojimbo-2-cerveny-trener-c85tr2\/","title":{"rendered":"Zav\u00edrac\u00ed N\u016f\u017e Spyderco Yojimbo 2 \u010cerven\u00fd Tr\u00e9ner C85TR2"},"content":{"rendered":"<h2 data-start=\"215\" data-end=\"286\">\ud83d\udde1\ufe0f Zav\u00edrac\u00ed n\u016f\u017e <strong data-start=\"235\" data-end=\"286\">Spyderco Yojimbo 2 G-10 \u010cerven\u00fd Tr\u00e9ner (C85TR2)<\/strong><\/h2>\n<h3 data-start=\"288\" data-end=\"347\">Tr\u00e9ninkov\u00fd par\u0165\u00e1k, kter\u00fd t\u011b p\u0159iprav\u00ed na skute\u010dn\u00e9 \u00fakoly.<\/h3>\n<p data-start=\"349\" data-end=\"810\">Spyderco <em data-start=\"358\" data-end=\"376\">Yojimbo 2 Tr\u00e9ner<\/em> je precizn\u011b zpracovan\u00e1 tr\u00e9ninkov\u00e1 verze legend\u00e1rn\u00edho modelu Yojimbo 2.<br data-start=\"447\" data-end=\"450\" \/>Navzdory tomu, \u017ee jeho \u010depel nen\u00ed ostr\u00e1, n\u016f\u017e v\u011brn\u011b replikuje <strong data-start=\"511\" data-end=\"567\">hmotnost, vyv\u00e1\u017een\u00ed, ovl\u00e1d\u00e1n\u00ed i ergonomii ostr\u00e9 verze<\/strong> \u2014 co\u017e z n\u011bj d\u011bl\u00e1 <strong data-start=\"585\" data-end=\"680\">perfektn\u00ed n\u00e1stroj pro tr\u00e9nink bezpe\u010dn\u00fdch manipulac\u00ed, dovednost\u00ed a rutiny bez rizika zran\u011bn\u00ed<\/strong>.<br data-start=\"681\" data-end=\"684\" \/>\u010cerven\u00e1 rukoje\u0165 z G-10 ti pom\u016f\u017ee okam\u017eit\u011b identifikovat, \u017ee dr\u017e\u00ed\u0161 model ur\u010den\u00fd <strong data-start=\"763\" data-end=\"809\">pro v\u00fdcvik a bezpe\u010dn\u00e9 procvi\u010dov\u00e1n\u00ed technik<\/strong>.<\/p>\n<p data-start=\"812\" data-end=\"1005\">Kdy\u017e \u010depel otev\u0159e\u0161 pomoc\u00ed charakteristick\u00e9ho kruhov\u00e9ho otvoru Spyderco a uchop\u00ed\u0161 ji do ruky, Yojimbo 2 Tr\u00e9ner t\u011b ujist\u00ed, \u017ee dr\u017e\u00ed\u0161 <strong data-start=\"942\" data-end=\"1004\">n\u00e1stroj, kter\u00fd ti pom\u016f\u017ee r\u016fst bez kompromis\u016f ve funk\u010dnosti<\/strong>.<\/p>\n<hr data-start=\"1007\" data-end=\"1010\" \/>\n<h3 data-start=\"1012\" data-end=\"1037\">Charakter a filozofie<\/h3>\n<p data-start=\"1039\" data-end=\"1391\">Tr\u00e9nerov\u00e1 verze Yojimba 2 je navr\u017eena pro ty, kte\u0159\u00ed cht\u011bj\u00ed <strong data-start=\"1098\" data-end=\"1250\">bezpe\u010dn\u011b procvi\u010dovat manipulaci s no\u017eem, manipulaci s \u00fachopem, techniky otev\u00edr\u00e1n\u00ed a zav\u00edr\u00e1n\u00ed, a taktick\u00e9 rutiny \u2014 s d\u016frazem na bezpe\u010dnost a kontrolu<\/strong>.<br data-start=\"1251\" data-end=\"1254\" \/>Model poskytuje p\u0159esn\u011b to <strong data-start=\"1280\" data-end=\"1300\">pocitu a chov\u00e1n\u00ed<\/strong>, kter\u00e9 od ostr\u00e9ho no\u017ee o\u010dek\u00e1v\u00e1\u0161 \u2014 jen bez ost\u0159\u00ed, tak\u017ee m\u016f\u017ee\u0161 tr\u00e9novat bez rizika po\u0159ez\u00e1n\u00ed.<\/p>\n<p data-start=\"1393\" data-end=\"1506\">Je to ide\u00e1ln\u00ed volba pro v\u00fdcvik v bezpe\u010dn\u00e9m prost\u0159ed\u00ed, instruktory, skupinov\u00e9 lekce i dom\u00e1c\u00ed procvi\u010dov\u00e1n\u00ed technik.<\/p>\n<hr data-start=\"1508\" data-end=\"1511\" \/>\n<h2 data-start=\"1513\" data-end=\"1528\">\ud83c\udfed O v\u00fdrobci<\/h2>\n<p data-start=\"1530\" data-end=\"1879\">Spyderco pat\u0159\u00ed mezi nejuzn\u00e1van\u011bj\u0161\u00ed sv\u011btov\u00e9 v\u00fdrobce no\u017e\u016f, zn\u00e1m\u00fd <strong data-start=\"1593\" data-end=\"1637\">ergonomi\u00ed, inovacemi a funk\u010dn\u00edm designem<\/strong>.<br data-start=\"1638\" data-end=\"1641\" \/>V\u00fdrobce ch\u00e1pe d\u016fle\u017eitost <strong data-start=\"1666\" data-end=\"1688\">bezpe\u010dn\u00e9ho v\u00fdcviku<\/strong> stejn\u011b jako ostr\u00e9ho n\u00e1stroje \u2014 a modely jako Yojimbo 2 Tr\u00e9ner jsou d\u016fkazem, jak zna\u010dk\u00e1m z\u00e1le\u017e\u00ed na tom, aby u\u017eivatel\u00e9 z\u00edskali <strong data-start=\"1814\" data-end=\"1878\">spr\u00e1vn\u00e9 dovednosti bez kompromis\u016f na kvalit\u011b a pocitu z no\u017ee<\/strong>.<\/p>\n<hr data-start=\"1881\" data-end=\"1884\" \/>\n<h2 data-start=\"1886\" data-end=\"1913\">\u2699\ufe0f Technick\u00e9 specifikace<\/h2>\n<div class=\"TyagGW_tableContainer\">\n<div class=\"group TyagGW_tableWrapper flex w-fit flex-col-reverse\" tabindex=\"-1\">\n<table class=\"w-fit min-w-(--thread-content-width)\" data-start=\"1915\" data-end=\"2623\">\n<thead data-start=\"1915\" data-end=\"1937\">\n<tr data-start=\"1915\" data-end=\"1937\">\n<th data-start=\"1915\" data-end=\"1926\" data-col-size=\"sm\">Parametr<\/th>\n<th data-start=\"1926\" data-end=\"1937\" data-col-size=\"md\">Hodnota<\/th>\n<\/tr>\n<\/thead>\n<tbody data-start=\"1961\" data-end=\"2623\">\n<tr data-start=\"1961\" data-end=\"2000\">\n<td data-start=\"1961\" data-end=\"1981\" data-col-size=\"sm\"><strong data-start=\"1963\" data-end=\"1980\">Celkov\u00e1 d\u00e9lka<\/strong><\/td>\n<td data-start=\"1981\" data-end=\"2000\" data-col-size=\"md\">cca <strong data-start=\"1987\" data-end=\"1998\">23,5 cm<\/strong><\/td>\n<\/tr>\n<tr data-start=\"2001\" data-end=\"2056\">\n<td data-start=\"2001\" data-end=\"2020\" data-col-size=\"sm\"><strong data-start=\"2003\" data-end=\"2019\">D\u00e9lka \u010depele<\/strong><\/td>\n<td data-start=\"2020\" data-end=\"2056\" data-col-size=\"md\">cca <strong data-start=\"2026\" data-end=\"2037\">10,1 cm<\/strong> (neostr\u00fd tr\u00e9ner)<\/td>\n<\/tr>\n<tr data-start=\"2057\" data-end=\"2097\">\n<td data-start=\"2057\" data-end=\"2079\" data-col-size=\"sm\"><strong data-start=\"2059\" data-end=\"2078\">Tlou\u0161\u0165ka \u010depele<\/strong><\/td>\n<td data-start=\"2079\" data-end=\"2097\" data-col-size=\"md\">cca <strong data-start=\"2085\" data-end=\"2095\">4,0 mm<\/strong><\/td>\n<\/tr>\n<tr data-start=\"2098\" data-end=\"2177\">\n<td data-start=\"2098\" data-end=\"2120\" data-col-size=\"sm\"><strong data-start=\"2100\" data-end=\"2119\">Materi\u00e1l \u010depele<\/strong><\/td>\n<td data-start=\"2120\" data-end=\"2177\" data-col-size=\"md\"><strong data-start=\"2122\" data-end=\"2152\">Neostr\u00fd tr\u00e9ner (bez ost\u0159\u00ed)<\/strong> \u2014 bezpe\u010dn\u00fd pro cvi\u010den\u00ed<\/td>\n<\/tr>\n<tr data-start=\"2178\" data-end=\"2229\">\n<td data-start=\"2178\" data-end=\"2196\" data-col-size=\"sm\"><strong data-start=\"2180\" data-end=\"2195\">Tvar \u010depele<\/strong><\/td>\n<td data-start=\"2196\" data-end=\"2229\" data-col-size=\"md\">Replica profi tvaru Yojimbo 2<\/td>\n<\/tr>\n<tr data-start=\"2230\" data-end=\"2294\">\n<td data-start=\"2230\" data-end=\"2250\" data-col-size=\"sm\"><strong data-start=\"2232\" data-end=\"2249\">Povrch \u010depele<\/strong><\/td>\n<td data-start=\"2250\" data-end=\"2294\" data-col-size=\"md\">Matn\u00fd \/ tr\u00e9ner povrch \u2014 bezpe\u010dn\u00e9 pou\u017eit\u00ed<\/td>\n<\/tr>\n<tr data-start=\"2295\" data-end=\"2359\">\n<td data-start=\"2295\" data-end=\"2309\" data-col-size=\"sm\"><strong data-start=\"2297\" data-end=\"2308\">Rukoje\u0165<\/strong><\/td>\n<td data-start=\"2309\" data-end=\"2359\" data-col-size=\"md\"><strong data-start=\"2311\" data-end=\"2327\">\u010cerven\u00fd G-10<\/strong> \u2013 texturovan\u00e1 pro jist\u00fd \u00fachop<\/td>\n<\/tr>\n<tr data-start=\"2360\" data-end=\"2430\">\n<td data-start=\"2360\" data-end=\"2372\" data-col-size=\"sm\"><strong data-start=\"2362\" data-end=\"2371\">Z\u00e1mek<\/strong><\/td>\n<td data-start=\"2372\" data-end=\"2430\" data-col-size=\"md\"><strong data-start=\"2374\" data-end=\"2395\">Compression Lock\u00ae<\/strong> \u2013 bezpe\u010dn\u00fd a plynul\u00fd mechanismus<\/td>\n<\/tr>\n<tr data-start=\"2431\" data-end=\"2473\">\n<td data-start=\"2431\" data-end=\"2447\" data-col-size=\"sm\"><strong data-start=\"2433\" data-end=\"2446\">Otev\u00edr\u00e1n\u00ed<\/strong><\/td>\n<td data-start=\"2447\" data-end=\"2473\" data-col-size=\"md\">Kruhov\u00fd otvor Spyderco<\/td>\n<\/tr>\n<tr data-start=\"2474\" data-end=\"2530\">\n<td data-start=\"2474\" data-end=\"2485\" data-col-size=\"sm\"><strong data-start=\"2476\" data-end=\"2484\">Klip<\/strong><\/td>\n<td data-start=\"2485\" data-end=\"2530\" data-col-size=\"md\">\u010cty\u0159polohov\u00fd \u2013 flexibiln\u00ed mo\u017enosti no\u0161en\u00ed<\/td>\n<\/tr>\n<tr data-start=\"2531\" data-end=\"2580\">\n<td data-start=\"2531\" data-end=\"2546\" data-col-size=\"sm\"><strong data-start=\"2533\" data-end=\"2545\">Hmotnost<\/strong><\/td>\n<td data-start=\"2546\" data-end=\"2580\" data-col-size=\"md\">V\u011brohodn\u00e1 hmotnost ostr\u00e9 verze<\/td>\n<\/tr>\n<tr data-start=\"2581\" data-end=\"2623\">\n<td data-start=\"2581\" data-end=\"2594\" data-col-size=\"sm\"><strong data-start=\"2583\" data-end=\"2593\">V\u00fdroba<\/strong><\/td>\n<td data-start=\"2594\" data-end=\"2623\" data-col-size=\"md\">Standardn\u00ed kvalita Spyderco<\/td>\n<\/tr>\n<\/tbody>\n<\/table>\n<\/div>\n<\/div>\n<hr data-start=\"2625\" data-end=\"2628\" \/>\n<h2 data-start=\"2630\" data-end=\"2648\">\u2705 Hlavn\u00ed v\u00fdhody<\/h2>\n<ul data-start=\"2650\" data-end=\"3080\">\n<li data-start=\"2650\" data-end=\"2712\">\n<p data-start=\"2652\" data-end=\"2712\"><strong data-start=\"2652\" data-end=\"2671\">Tr\u00e9nerov\u00e1 \u010depel<\/strong> \u2013 bez ost\u0159\u00ed, bezpe\u010dn\u00e1 pro procvi\u010dov\u00e1n\u00ed<\/p>\n<\/li>\n<li data-start=\"2713\" data-end=\"2767\">\n<p data-start=\"2715\" data-end=\"2767\"><strong data-start=\"2715\" data-end=\"2745\">Re\u00e1ln\u00e1 hmotnost a vyv\u00e1\u017een\u00ed<\/strong> \u2013 v\u011brn\u00e9 ostr\u00e9 verzi<\/p>\n<\/li>\n<li data-start=\"2768\" data-end=\"2849\">\n<p data-start=\"2770\" data-end=\"2849\"><strong data-start=\"2770\" data-end=\"2791\">Compression Lock\u00ae<\/strong> \u2013 bezpe\u010dn\u00e9 a intuitivn\u00ed uzam\u010den\u00ed i u tr\u00e9ningov\u00e9 replika<\/p>\n<\/li>\n<li data-start=\"2850\" data-end=\"2918\">\n<p data-start=\"2852\" data-end=\"2918\"><strong data-start=\"2852\" data-end=\"2890\">Ergonomick\u00e1 rukoje\u0165 G-10 (\u010derven\u00e1)<\/strong> \u2013 jist\u00fd \u00fachop pro tr\u00e9nink<\/p>\n<\/li>\n<li data-start=\"2919\" data-end=\"2984\">\n<p data-start=\"2921\" data-end=\"2984\"><strong data-start=\"2921\" data-end=\"2947\">Kruhov\u00fd otvor Spyderco<\/strong> \u2013 stejn\u00fd pocit jako u ostr\u00e9ho no\u017ee<\/p>\n<\/li>\n<li data-start=\"2985\" data-end=\"3026\">\n<p data-start=\"2987\" data-end=\"3026\">\u010cty\u0159polohov\u00fd klip \u2013 variabiln\u00ed no\u0161en\u00ed<\/p>\n<\/li>\n<li data-start=\"3027\" data-end=\"3080\">\n<p data-start=\"3029\" data-end=\"3080\">V\u00fdborn\u00e9 pro instruktory i samostatn\u00fd v\u00fdcvik technik<\/p>\n<\/li>\n<\/ul>\n<hr data-start=\"3082\" data-end=\"3085\" \/>\n<h2 data-start=\"3087\" data-end=\"3106\">\u26a0\ufe0f Mo\u017en\u00e1 omezen\u00ed<\/h2>\n<ul data-start=\"3108\" data-end=\"3261\">\n<li data-start=\"3108\" data-end=\"3148\">\n<p data-start=\"3110\" data-end=\"3148\">Tr\u00e9nerov\u00e1 \u010depel nen\u00ed ur\u010dena k \u0159ez\u00e1n\u00ed<\/p>\n<\/li>\n<li data-start=\"3149\" data-end=\"3206\">\n<p data-start=\"3151\" data-end=\"3206\">Nep\u0159edstavuje ostr\u00fd n\u00e1stroj \u2013 pouze model pro cvi\u010den\u00ed<\/p>\n<\/li>\n<li data-start=\"3207\" data-end=\"3261\">\n<p data-start=\"3209\" data-end=\"3261\">Nen\u00ed vhodn\u00fd jako pracovn\u00ed n\u016f\u017e nebo EDC ostr\u00fd n\u00e1stroj<\/p>\n<\/li>\n<\/ul>\n<hr data-start=\"3263\" data-end=\"3266\" \/>\n<h2 data-start=\"3268\" data-end=\"3288\">\ud83d\udee0\ufe0f \u00dadr\u017eba a p\u00e9\u010de<\/h2>\n<ul data-start=\"3290\" data-end=\"3518\">\n<li data-start=\"3290\" data-end=\"3345\">\n<p data-start=\"3292\" data-end=\"3345\">Po pou\u017eit\u00ed o\u010disti a osu\u0161\u00ed\u0161 povrch \u010depele i rukojeti<\/p>\n<\/li>\n<li data-start=\"3346\" data-end=\"3384\">\n<p data-start=\"3348\" data-end=\"3384\">Rukoje\u0165 G-10 \u010dist\u011b jemn\u00fdm had\u0159\u00edkem<\/p>\n<\/li>\n<li data-start=\"3385\" data-end=\"3433\">\n<p data-start=\"3387\" data-end=\"3433\">Vyh\u00fdbej se agresivn\u00edm abrazivn\u00edm prost\u0159edk\u016fm<\/p>\n<\/li>\n<li data-start=\"3434\" data-end=\"3489\">\n<p data-start=\"3436\" data-end=\"3489\">Compression Lock\u00ae pravideln\u011b proma\u017e vhodn\u00fdm mazivem<\/p>\n<\/li>\n<li data-start=\"3490\" data-end=\"3518\">\n<p data-start=\"3492\" data-end=\"3518\">Skladuj v such\u00e9m prost\u0159ed\u00ed<\/p>\n<\/li>\n<\/ul>\n<hr data-start=\"3520\" data-end=\"3523\" \/>\n<h2 data-start=\"3525\" data-end=\"3563\">\ud83d\udd2a Pro udr\u017een\u00ed ost\u0159\u00ed doporu\u010dujeme<\/h2>\n<p data-start=\"3564\" data-end=\"3666\"><em data-start=\"3564\" data-end=\"3666\">(pozn.: u tr\u00e9nera nepot\u0159ebuje\u0161 ostrit \u2014 tento odstavec je zde pro konzistenci text\u016f s jin\u00fdmi modely)<\/em><\/p>\n<p data-start=\"3668\" data-end=\"3856\">Pro ochranu materi\u00e1lu a dlouhodob\u00e9 pou\u017e\u00edv\u00e1n\u00ed doporu\u010dujeme <strong data-start=\"3726\" data-end=\"3752\">vhodn\u00fd syst\u00e9m brou\u0161en\u00ed<\/strong>, pokud bys pou\u017e\u00edval model ostr\u00fd \u2014 nap\u0159. syst\u00e9m, kter\u00fd ti umo\u017en\u00ed bezpe\u010dn\u011b a konzistentn\u011b udr\u017eovat ost\u0159\u00ed.<\/p>\n<p data-start=\"3858\" data-end=\"3903\">\ud83d\uded2 <strong data-start=\"3861\" data-end=\"3903\">Zakoup\u00edte na na\u0161ich str\u00e1nk\u00e1ch Moskito.<\/strong><\/p>\n<hr data-start=\"3905\" data-end=\"3908\" \/>\n<h2 data-start=\"3910\" data-end=\"3930\">\ud83c\udfaf Doporu\u010deno pro<\/h2>\n<ul data-start=\"3932\" data-end=\"4170\">\n<li data-start=\"3932\" data-end=\"4000\">\n<p data-start=\"3934\" data-end=\"4000\">U\u017eivatele, kte\u0159\u00ed cht\u011bj\u00ed <strong data-start=\"3958\" data-end=\"3998\">bezpe\u010dn\u011b tr\u00e9novat manipulaci s no\u017eem<\/strong><\/p>\n<\/li>\n<li data-start=\"4001\" data-end=\"4037\">\n<p data-start=\"4003\" data-end=\"4037\">Instruktory sebeobrany a technik<\/p>\n<\/li>\n<li data-start=\"4038\" data-end=\"4105\">\n<p data-start=\"4040\" data-end=\"4105\">V\u00fdcvik v bezpe\u010dn\u00e9m prost\u0159ed\u00ed doma, ve skupin\u00e1ch i profesion\u00e1ln\u011b<\/p>\n<\/li>\n<li data-start=\"4106\" data-end=\"4170\">\n<p data-start=\"4108\" data-end=\"4170\">Ka\u017ed\u00e9ho, kdo chce <strong data-start=\"4126\" data-end=\"4170\">pocit ostr\u00e9ho modelu bez rizika po\u0159ez\u00e1n\u00ed<\/strong><\/p>\n<\/li>\n<\/ul>\n<hr data-start=\"4172\" data-end=\"4175\" \/>\n<h2 data-start=\"4177\" data-end=\"4201\">\u2b50 Z\u00e1v\u011bre\u010dn\u00e9 hodnocen\u00ed<\/h2>\n<p data-start=\"4203\" data-end=\"4470\">Spyderco <strong data-start=\"4212\" data-end=\"4252\">Yojimbo 2 G-10 \u010cerven\u00fd Tr\u00e9ner C85TR2<\/strong> je <strong data-start=\"4256\" data-end=\"4284\">v\u00fdjime\u010dn\u00fd tr\u00e9ninkov\u00fd n\u016f\u017e<\/strong>, kter\u00fd ti umo\u017en\u00ed procvi\u010dovat techniky s d\u016frazem na bezpe\u010dnost, jistotu a realisti\u010dnost ovl\u00e1d\u00e1n\u00ed.<br data-start=\"4381\" data-end=\"4384\" \/>D\u00edky tomu je ide\u00e1ln\u00ed jak pro samostatn\u00fd tr\u00e9nink, tak i pro instruktory nebo workshopy.<\/p>\n<p data-start=\"4472\" data-end=\"4526\"><strong data-start=\"4472\" data-end=\"4526\">Yojimbo 2 Tr\u00e9ner \u2013 tr\u00e9nuj bezpe\u010dn\u011b, u\u010d se spr\u00e1vn\u011b.<\/strong><\/p>\n","protected":false},"excerpt":{"rendered":"<p data-start=\"4203\" data-end=\"4470\"><strong>Spyderco Yojimbo 2 G-10 \u010cerven\u00fd Tr\u00e9ner C85TR2 je v\u00fdjime\u010dn\u00fd tr\u00e9ninkov\u00fd n\u016f\u017e, kter\u00fd ti umo\u017en\u00ed procvi\u010dovat techniky s d\u016frazem na bezpe\u010dnost, jistotu a realisti\u010dnost ovl\u00e1d\u00e1n\u00ed.<\/strong><br data-start=\"4381\" data-end=\"4384\" \/><strong>D\u00edky tomu je ide\u00e1ln\u00ed jak pro samostatn\u00fd tr\u00e9nink, tak i pro instruktory nebo workshopy.<\/strong><\/p>\n<p data-start=\"4472\" data-end=\"4526\"><strong data-start=\"4472\" data-end=\"4526\">Yojimbo 2 Tr\u00e9ner \u2013 tr\u00e9nuj bezpe\u010dn\u011b, u\u010d se spr\u00e1vn\u011b.<\/strong><\/p>\n<p data-start=\"4472\" data-end=\"4526\"><strong>Doprava zdarma.<\/strong><\/p>\n","protected":false},"featured_media":431557,"comment_status":"open","ping_status":"closed","template":"","meta":[],"pwb-brand":[567],"product_brand":[],"product_cat":[22,17],"product_tag":[],"class_list":{"0":"post-431556","1":"product","2":"type-product","3":"status-publish","4":"has-post-thumbnail","6":"pwb-brand-spyderco","7":"product_cat-zaviraci-noze","8":"product_cat-noze","10":"first","11":"instock","12":"taxable","13":"shipping-taxable","14":"purchasable","15":"product-type-simple"},"brands":[{"id":567,"name":"Spyderco","slug":"spyderco"}],"_links":{"self":[{"href":"https:\/\/www.moskito.cz\/sk\/wp-json\/wp\/v2\/product\/431556","targetHints":{"allow":["GET"]}}],"collection":[{"href":"https:\/\/www.moskito.cz\/sk\/wp-json\/wp\/v2\/product"}],"about":[{"href":"https:\/\/www.moskito.cz\/sk\/wp-json\/wp\/v2\/types\/product"}],"replies":[{"embeddable":true,"href":"https:\/\/www.moskito.cz\/sk\/wp-json\/wp\/v2\/comments?post=431556"}],"wp:featuredmedia":[{"embeddable":true,"href":"https:\/\/www.moskito.cz\/sk\/wp-json\/wp\/v2\/media\/431557"}],"wp:attachment":[{"href":"https:\/\/www.moskito.cz\/sk\/wp-json\/wp\/v2\/media?parent=431556"}],"wp:term":[{"taxonomy":"pwb-brand","embeddable":true,"href":"https:\/\/www.moskito.cz\/sk\/wp-json\/wp\/v2\/pwb-brand?post=431556"},{"taxonomy":"product_brand","embeddable":true,"href":"https:\/\/www.moskito.cz\/sk\/wp-json\/wp\/v2\/product_brand?post=431556"},{"taxonomy":"product_cat","embeddable":true,"href":"https:\/\/www.moskito.cz\/sk\/wp-json\/wp\/v2\/product_cat?post=431556"},{"taxonomy":"product_tag","embeddable":true,"href":"https:\/\/www.moskito.cz\/sk\/wp-json\/wp\/v2\/product_tag?post=431556"}],"curies":[{"name":"wp","href":"https:\/\/api.w.org\/{rel}","templated":true}]}}