{"id":432337,"date":"2026-01-15T15:58:03","date_gmt":"2026-01-15T14:58:03","guid":{"rendered":"https:\/\/www.moskito.cz\/?post_type=product&#038;p=432337"},"modified":"2026-01-15T15:58:47","modified_gmt":"2026-01-15T14:58:47","slug":"zaviraci-nuz-motylek-cold-steel-arc-fl-43arc","status":"publish","type":"product","link":"https:\/\/www.moskito.cz\/sk\/produkt\/zaviraci-nuz-motylek-cold-steel-arc-fl-43arc\/","title":{"rendered":"Zav\u00edrac\u00ed N\u016f\u017e Mot\u00fdlek COLD STEEL ARC FL-43ARC"},"content":{"rendered":"<h2 data-start=\"0\" data-end=\"47\"><strong data-start=\"3\" data-end=\"45\">Cold Steel Arc Angel Balisong FL\u201143ARC<\/strong><\/h2>\n<h3 data-start=\"48\" data-end=\"131\"><em data-start=\"52\" data-end=\"131\">Spojen\u00ed klasick\u00e9 balisong estetiky s modern\u00edm v\u00fdkonem a \u0161pi\u010dkov\u00fdmi materi\u00e1ly.<\/em><\/h3>\n<p data-start=\"133\" data-end=\"520\">Cold Steel Arc Angel Balisong je <strong data-start=\"166\" data-end=\"188\">legend\u00e1rn\u00ed mot\u00fdlek<\/strong>, kter\u00fd zt\u011bles\u0148uje to nejlep\u0161\u00ed z <strong data-start=\"221\" data-end=\"289\">klasick\u00e9 filip\u00ednsk\u00e9 dovednosti a sou\u010dasn\u00fdch no\u017e\u00ed\u0159sk\u00fdch standard\u016f<\/strong>. Tento model je navr\u017een pro u\u017eivatele, kte\u0159\u00ed cht\u011bj\u00ed <strong data-start=\"342\" data-end=\"393\">precizn\u00ed, robustn\u00ed a technicky p\u016fsobiv\u00fd n\u00e1stroj<\/strong>, kter\u00fd si z\u00e1rove\u0148 zachov\u00e1v\u00e1 <strong data-start=\"422\" data-end=\"471\">plynul\u00fd a ovladateln\u00fd chod set\u016f jako balisong<\/strong> \u2014 bez kompromis\u016f v kvalit\u011b \u010depel\u00ed ani mechanice.<\/p>\n<p data-start=\"522\" data-end=\"724\">Arc Angel nen\u00ed pouze \u201ehra\u010dka\u201c nebo sb\u011bratelsk\u00fd kousek \u2014 je to <strong data-start=\"584\" data-end=\"613\">plnohodnotn\u00fd zav\u00edrac\u00ed n\u016f\u017e<\/strong>, kter\u00fd dok\u00e1\u017ee fungovat jako <strong data-start=\"642\" data-end=\"723\">pracovn\u00ed n\u00e1stroj i jako precizn\u00ed n\u016f\u017e pro u\u017eivatele s n\u00e1ro\u010dn\u011bj\u0161\u00edmi o\u010dek\u00e1v\u00e1n\u00edmi<\/strong>.<\/p>\n<hr data-start=\"726\" data-end=\"729\" \/>\n<h2 data-start=\"731\" data-end=\"759\"><strong data-start=\"734\" data-end=\"759\">Charakter a filozofie<\/strong><\/h2>\n<p data-start=\"761\" data-end=\"1064\">Cold Steel Arc Angel Balisong je vyj\u00e1d\u0159en\u00edm filozofie, kde <strong data-start=\"820\" data-end=\"855\">tradic\u030cn\u00ed balisongov\u00e9 otev\u00edr\u00e1n\u00ed<\/strong> potk\u00e1v\u00e1 <strong data-start=\"864\" data-end=\"904\">modern\u00ed materi\u00e1ly a technick\u00e9 \u0159e\u0161en\u00ed<\/strong>. Dvoud\u00edln\u00e1 rukoje\u0165 z <strong data-start=\"926\" data-end=\"953\">lehk\u00e9 hlin\u00edkov\u00e9 slitiny<\/strong> poskytuje pevnost a n\u00edzkou hmotnost \u2014 co\u017e je ide\u00e1ln\u00ed pro <strong data-start=\"1011\" data-end=\"1063\">p\u0159esn\u00e9 ovl\u00e1d\u00e1n\u00ed v ruce i p\u0159i tr\u00e9ninku manipulace<\/strong>.<\/p>\n<p data-start=\"1066\" data-end=\"1304\">\u010cepel z vysoce kvalitn\u00ed oceli <strong data-start=\"1096\" data-end=\"1104\">S35V<\/strong> zaru\u010duje <strong data-start=\"1114\" data-end=\"1182\">vysokou odolnost, dlouhou \u017eivotnost ost\u0159\u00ed i v\u00fdborn\u00e9 dr\u017een\u00ed ost\u0159\u00ed<\/strong>. Tvar \u010depele je navr\u017een tak, aby byl <strong data-start=\"1220\" data-end=\"1257\">univerz\u00e1ln\u00ed pro b\u011b\u017en\u00e9 \u0159ezn\u00e9 \u00fakoly<\/strong>, od ka\u017edodenn\u00edch prac\u00ed a\u017e po detailn\u00ed operace.<\/p>\n<p data-start=\"1306\" data-end=\"1620\">Mot\u00fdlkov\u00e9 no\u017ee maj\u00ed specifickou dynamiku otev\u0159en\u00ed \u2014 a pr\u00e1v\u011b Arc Angel nab\u00edz\u00ed <strong data-start=\"1383\" data-end=\"1414\">plynul\u00fd a kontrolovan\u00fd chod<\/strong>, kter\u00fd je v\u00fdsledkem precizn\u00ed mechaniky a promy\u0161len\u00e9ho n\u00e1vrhu jednotliv\u00fdch \u010d\u00e1st\u00ed. To znamen\u00e1, \u017ee n\u016f\u017e <strong data-start=\"1515\" data-end=\"1551\">reaguje p\u0159esn\u011b podle pohybu ruky<\/strong>, a\u0165 u\u017e ho pou\u017e\u00edv\u00e1\u0161 pro praktick\u00e9 \u00falohy, nebo pro tr\u00e9nink manipulace.<\/p>\n<hr data-start=\"1622\" data-end=\"1625\" \/>\n<h2 data-start=\"1627\" data-end=\"1646\">\ud83c\udfed <strong data-start=\"1633\" data-end=\"1646\">O v\u00fdrobci<\/strong><\/h2>\n<p data-start=\"1648\" data-end=\"2002\">Cold Steel je zna\u010dka s dlouhou tradic\u00ed v\u00fdroby no\u017e\u016f a outdoorov\u00fdch n\u00e1stroj\u016f. Je oce\u0148ov\u00e1na pro <strong data-start=\"1741\" data-end=\"1824\">d\u016fraz na technickou kvalitu, mechanickou pevnost a pou\u017eitelnost v re\u00e1ln\u00e9m sv\u011bt\u011b<\/strong>. Modely, jako je Arc Angel, dokazuj\u00ed, \u017ee zna\u010dka um\u00ed spojit <strong data-start=\"1884\" data-end=\"1938\">technickou preciznost a tradi\u010dn\u00ed no\u017e\u00ed\u0159sk\u00e9 principy<\/strong> tak, aby vznikl n\u00e1stroj, kter\u00fd je funk\u010dn\u00ed i esteticky p\u016fsobiv\u00fd.<\/p>\n<hr data-start=\"2004\" data-end=\"2007\" \/>\n<h2 data-start=\"2009\" data-end=\"2040\">\u2699\ufe0f <strong data-start=\"2015\" data-end=\"2040\">Technick\u00e9 specifikace<\/strong><\/h2>\n<div class=\"TyagGW_tableContainer\">\n<div class=\"group TyagGW_tableWrapper flex flex-col-reverse w-fit\" tabindex=\"-1\">\n<table class=\"w-fit min-w-(--thread-content-width)\" data-start=\"2042\" data-end=\"2785\">\n<thead data-start=\"2042\" data-end=\"2097\">\n<tr data-start=\"2042\" data-end=\"2097\">\n<th data-start=\"2042\" data-end=\"2067\" data-col-size=\"sm\">Parametr<\/th>\n<th data-start=\"2067\" data-end=\"2097\" data-col-size=\"sm\">Hodnota<\/th>\n<\/tr>\n<\/thead>\n<tbody data-start=\"2154\" data-end=\"2785\">\n<tr data-start=\"2154\" data-end=\"2209\">\n<td data-start=\"2154\" data-end=\"2179\" data-col-size=\"sm\"><strong data-start=\"2156\" data-end=\"2173\">Celkov\u00e1 d\u00e9lka<\/strong><\/td>\n<td data-col-size=\"sm\" data-start=\"2179\" data-end=\"2209\">cca 25,4 cm (10\u2033)<\/td>\n<\/tr>\n<tr data-start=\"2210\" data-end=\"2265\">\n<td data-start=\"2210\" data-end=\"2235\" data-col-size=\"sm\"><strong data-start=\"2212\" data-end=\"2228\">D\u00e9lka \u010depele<\/strong><\/td>\n<td data-col-size=\"sm\" data-start=\"2235\" data-end=\"2265\">cca 13,8 cm (5.45\u2033)<\/td>\n<\/tr>\n<tr data-start=\"2266\" data-end=\"2324\">\n<td data-start=\"2266\" data-end=\"2291\" data-col-size=\"sm\"><strong data-start=\"2268\" data-end=\"2287\">Materi\u00e1l \u010depele<\/strong><\/td>\n<td data-col-size=\"sm\" data-start=\"2291\" data-end=\"2324\">S35V \u2013 pr\u00e9miov\u00e1 nerezov\u00e1 ocel<\/td>\n<\/tr>\n<tr data-start=\"2325\" data-end=\"2383\">\n<td data-start=\"2325\" data-end=\"2350\" data-col-size=\"sm\"><strong data-start=\"2327\" data-end=\"2344\">Tvrdost oceli<\/strong><\/td>\n<td data-col-size=\"sm\" data-start=\"2350\" data-end=\"2383\">vysok\u00e1 \u2013 v\u00fdborn\u00e9 dr\u017een\u00ed ost\u0159\u00ed<\/td>\n<\/tr>\n<tr data-start=\"2384\" data-end=\"2441\">\n<td data-start=\"2384\" data-end=\"2409\" data-col-size=\"sm\"><strong data-start=\"2386\" data-end=\"2401\">Tvar \u010depele<\/strong><\/td>\n<td data-col-size=\"sm\" data-start=\"2409\" data-end=\"2441\">univerz\u00e1ln\u00ed<\/td>\n<\/tr>\n<tr data-start=\"2442\" data-end=\"2497\">\n<td data-start=\"2442\" data-end=\"2467\" data-col-size=\"sm\"><strong data-start=\"2444\" data-end=\"2457\">Typ ost\u0159\u00ed<\/strong><\/td>\n<td data-col-size=\"sm\" data-start=\"2467\" data-end=\"2497\">hladk\u00e9 (PlainEdge)<\/td>\n<\/tr>\n<tr data-start=\"2498\" data-end=\"2560\">\n<td data-start=\"2498\" data-end=\"2523\" data-col-size=\"sm\"><strong data-start=\"2500\" data-end=\"2511\">Rukoje\u0165<\/strong><\/td>\n<td data-col-size=\"sm\" data-start=\"2523\" data-end=\"2560\">hlin\u00edkov\u00e1 slitina \u2013 pevn\u00e1 a lehk\u00e1<\/td>\n<\/tr>\n<tr data-start=\"2561\" data-end=\"2617\">\n<td data-start=\"2561\" data-end=\"2586\" data-col-size=\"sm\"><strong data-start=\"2563\" data-end=\"2576\">Mechanika<\/strong><\/td>\n<td data-col-size=\"sm\" data-start=\"2586\" data-end=\"2617\">tradi\u010dn\u00ed balisong \/ mot\u00fdlek<\/td>\n<\/tr>\n<tr data-start=\"2618\" data-end=\"2672\">\n<td data-start=\"2618\" data-end=\"2643\" data-col-size=\"sm\"><strong data-start=\"2620\" data-end=\"2634\">Konstrukce<\/strong><\/td>\n<td data-col-size=\"sm\" data-start=\"2643\" data-end=\"2672\">stabiln\u00ed a p\u0159esn\u00e1<\/td>\n<\/tr>\n<tr data-start=\"2673\" data-end=\"2729\">\n<td data-start=\"2673\" data-end=\"2699\" data-col-size=\"sm\"><strong data-start=\"2675\" data-end=\"2693\">Klip \/ dopl\u0148ky<\/strong><\/td>\n<td data-col-size=\"sm\" data-start=\"2699\" data-end=\"2729\">nen\u00ed standardn\u00ed<\/td>\n<\/tr>\n<tr data-start=\"2730\" data-end=\"2785\">\n<td data-start=\"2730\" data-end=\"2755\" data-col-size=\"sm\"><strong data-start=\"2732\" data-end=\"2742\">V\u00fdroba<\/strong><\/td>\n<td data-col-size=\"sm\" data-start=\"2755\" data-end=\"2785\">Cold Steel standard<\/td>\n<\/tr>\n<\/tbody>\n<\/table>\n<\/div>\n<\/div>\n<hr data-start=\"2787\" data-end=\"2790\" \/>\n<h2 data-start=\"2792\" data-end=\"2814\">\u2705 <strong data-start=\"2797\" data-end=\"2814\">Hlavn\u00ed v\u00fdhody<\/strong><\/h2>\n<ul data-start=\"2816\" data-end=\"3186\">\n<li data-start=\"2816\" data-end=\"2893\">\n<p data-start=\"2818\" data-end=\"2893\"><strong data-start=\"2818\" data-end=\"2841\">Pr\u00e9miov\u00e1 ocel S35V:<\/strong> v\u00fdborn\u00e9 dr\u017een\u00ed ost\u0159\u00ed, odolnost a snadn\u011bj\u0161\u00ed \u00fadr\u017eba<\/p>\n<\/li>\n<li data-start=\"2894\" data-end=\"2950\">\n<p data-start=\"2896\" data-end=\"2950\"><strong data-start=\"2896\" data-end=\"2918\">Hlin\u00edkov\u00e1 rukoje\u0165:<\/strong> pevn\u00e1, lehk\u00e1 a dob\u0159e vyv\u00e1\u017een\u00e1<\/p>\n<\/li>\n<li data-start=\"2951\" data-end=\"3033\">\n<p data-start=\"2953\" data-end=\"3033\"><strong data-start=\"2953\" data-end=\"2984\">Kontrolovan\u00fd balisong chod:<\/strong> p\u0159esn\u00e1 mechanika pro plynul\u00e9 a jist\u00e9 otev\u00edr\u00e1n\u00ed<\/p>\n<\/li>\n<li data-start=\"3034\" data-end=\"3107\">\n<p data-start=\"3036\" data-end=\"3107\"><strong data-start=\"3036\" data-end=\"3064\">Univerz\u00e1ln\u00ed tvar \u010depele:<\/strong> vhodn\u00fd pro v\u011bt\u0161inu b\u011b\u017en\u00fdch \u0159ezn\u00fdch \u00fakon\u016f<\/p>\n<\/li>\n<li data-start=\"3108\" data-end=\"3186\">\n<p data-start=\"3110\" data-end=\"3186\"><strong data-start=\"3110\" data-end=\"3144\">Design s historick\u00fdm n\u00e1dechem:<\/strong> balisongov\u00fd syst\u00e9m otev\u00edr\u00e1n\u00ed jako klasika<\/p>\n<\/li>\n<\/ul>\n<hr data-start=\"3188\" data-end=\"3191\" \/>\n<h2 data-start=\"3193\" data-end=\"3216\">\u26a0\ufe0f <strong data-start=\"3199\" data-end=\"3216\">Mo\u017en\u00e1 omezen\u00ed<\/strong><\/h2>\n<ul data-start=\"3218\" data-end=\"3547\">\n<li data-start=\"3218\" data-end=\"3312\">\n<p data-start=\"3220\" data-end=\"3312\"><strong data-start=\"3220\" data-end=\"3244\">Balisong konstrukce:<\/strong> vy\u017eaduje tr\u00e9nink pro bezpe\u010dn\u00e9 ovl\u00e1d\u00e1n\u00ed \u2014 ne pro \u00fapln\u00e9 za\u010d\u00e1te\u010dn\u00edky<\/p>\n<\/li>\n<li data-start=\"3313\" data-end=\"3405\">\n<p data-start=\"3315\" data-end=\"3405\"><strong data-start=\"3315\" data-end=\"3340\">Bez pojistn\u00e9ho z\u00e1mku:<\/strong> u n\u011bkter\u00fdch variant neobsahuje tradi\u010dn\u00ed lock, z\u00e1vis\u00ed na modelu<\/p>\n<\/li>\n<li data-start=\"3406\" data-end=\"3490\">\n<p data-start=\"3408\" data-end=\"3490\"><strong data-start=\"3408\" data-end=\"3430\">Hlin\u00edkov\u00e1 rukov\u011b\u0165:<\/strong> m\u016f\u017ee b\u00fdt kluzk\u00e1 bez p\u0159ilnav\u00fdch textur ve vlhk\u00e9m prost\u0159ed\u00ed<\/p>\n<\/li>\n<li data-start=\"3491\" data-end=\"3547\">\n<p data-start=\"3493\" data-end=\"3547\"><strong data-start=\"3493\" data-end=\"3511\">V\u011bt\u0161\u00ed rozm\u011bry:<\/strong> nen\u00ed ide\u00e1ln\u00ed pro minimalistick\u00e9 EDC<\/p>\n<\/li>\n<\/ul>\n<hr data-start=\"3549\" data-end=\"3552\" \/>\n<h2 data-start=\"3554\" data-end=\"3578\">\ud83d\udee0\ufe0f <strong data-start=\"3561\" data-end=\"3578\">\u00dadr\u017eba a p\u00e9\u010de<\/strong><\/h2>\n<ul data-start=\"3580\" data-end=\"3913\">\n<li data-start=\"3580\" data-end=\"3689\">\n<p data-start=\"3582\" data-end=\"3689\">Po pou\u017eit\u00ed <strong data-start=\"3593\" data-end=\"3618\">\u010depel o\u010disti a osu\u0161\u00ed\u0161<\/strong>, zejm\u00e9na u balisong\u016f, kde se mazac\u00ed m\u00edsta v\u00edce vystavuj\u00ed ne\u010distot\u00e1m.<\/p>\n<\/li>\n<li data-start=\"3690\" data-end=\"3770\">\n<p data-start=\"3692\" data-end=\"3770\"><strong data-start=\"3692\" data-end=\"3731\">Pravideln\u011b proma\u017e klouby a pin sety<\/strong>, aby chod z\u016fstal plynul\u00fd a bez v\u016fl\u00ed.<\/p>\n<\/li>\n<li data-start=\"3771\" data-end=\"3858\">\n<p data-start=\"3773\" data-end=\"3858\">Hlin\u00edkovou rukoje\u0165 lze <strong data-start=\"3796\" data-end=\"3822\">\u010distit vlhk\u00fdm had\u0159\u00edkem<\/strong>, kter\u00fd odstran\u00ed \u0161p\u00ednu a mastnotu.<\/p>\n<\/li>\n<li data-start=\"3859\" data-end=\"3913\">\n<p data-start=\"3861\" data-end=\"3913\">Skladuj v such\u00e9m prost\u0159ed\u00ed mimo dlouhodobou vlhkost.<\/p>\n<\/li>\n<\/ul>\n<hr data-start=\"3915\" data-end=\"3918\" \/>\n<h2 data-start=\"3920\" data-end=\"3960\">\ud83d\udd2a <strong data-start=\"3926\" data-end=\"3960\">Pro udr\u017een\u00ed ost\u0159\u00ed doporu\u010dujeme<\/strong><\/h2>\n<p data-start=\"3962\" data-end=\"4173\">Pro zachov\u00e1n\u00ed <strong data-start=\"3976\" data-end=\"4013\">optim\u00e1ln\u00ed ostrosti hladk\u00e9ho ost\u0159\u00ed<\/strong> doporu\u010dujeme syst\u00e9m brou\u0161en\u00ed, kter\u00fd umo\u017e\u0148uje <strong data-start=\"4059\" data-end=\"4122\">p\u0159esn\u00e9 \u00fahly a \u0161etrnou \u00fadr\u017ebu bez nadm\u011brn\u00e9ho \u00fab\u011bru materi\u00e1lu<\/strong>.<br data-start=\"4123\" data-end=\"4126\" \/>\ud83d\uded2 Zakoup\u00ed\u0161 na na\u0161ich str\u00e1nk\u00e1ch <strong data-start=\"4158\" data-end=\"4172\">Moskito.cz<\/strong>.<\/p>\n<hr data-start=\"4175\" data-end=\"4178\" \/>\n<h2 data-start=\"4180\" data-end=\"4204\">\ud83c\udfaf <strong data-start=\"4186\" data-end=\"4204\">Doporu\u010deno pro<\/strong><\/h2>\n<ul data-start=\"4206\" data-end=\"4446\">\n<li data-start=\"4206\" data-end=\"4250\">\n<p data-start=\"4208\" data-end=\"4250\">fanou\u0161ky balisong\u016f a tradi\u010dn\u00ed manipulace<\/p>\n<\/li>\n<li data-start=\"4251\" data-end=\"4315\">\n<p data-start=\"4253\" data-end=\"4315\">u\u017eivatele, kte\u0159\u00ed cht\u011bj\u00ed <strong data-start=\"4277\" data-end=\"4313\">technicky p\u0159esn\u00fd a elegantn\u00ed n\u016f\u017e<\/strong><\/p>\n<\/li>\n<li data-start=\"4316\" data-end=\"4361\">\n<p data-start=\"4318\" data-end=\"4361\">ka\u017edodenn\u00ed \u0159ezn\u00e9 \u00fakoly s pr\u00e9miov\u00fdm ost\u0159\u00edm<\/p>\n<\/li>\n<li data-start=\"4362\" data-end=\"4402\">\n<p data-start=\"4364\" data-end=\"4402\">tr\u00e9nink ovl\u00e1d\u00e1n\u00ed a precizn\u00edch pohyb\u016f<\/p>\n<\/li>\n<li data-start=\"4403\" data-end=\"4446\">\n<p data-start=\"4405\" data-end=\"4446\">sb\u011bratele a nad\u0161ence origin\u00e1ln\u00edho designu<\/p>\n<\/li>\n<\/ul>\n<hr data-start=\"4448\" data-end=\"4451\" \/>\n<h2 data-start=\"4453\" data-end=\"4481\">\u2b50 <strong data-start=\"4458\" data-end=\"4481\">Z\u00e1v\u011bre\u010dn\u00e9 hodnocen\u00ed<\/strong><\/h2>\n<p data-start=\"4483\" data-end=\"4840\">Cold Steel Arc Angel Balisong FL\u201143ARC je <strong data-start=\"4525\" data-end=\"4565\">v\u00fdrazn\u00fd a technicky zaj\u00edmav\u00fd mot\u00fdlek<\/strong>, kter\u00fd nab\u00edz\u00ed <strong data-start=\"4580\" data-end=\"4636\">kvalitn\u00ed ocel S35V, pevnou konstrukci a plynul\u00fd chod<\/strong>, kter\u00fd ocen\u00ed jak zku\u0161en\u011bj\u0161\u00ed u\u017eivatel\u00e9, tak sb\u011bratel\u00e9.<br data-start=\"4690\" data-end=\"4693\" \/>Je to n\u016f\u017e, kter\u00fd <strong data-start=\"4710\" data-end=\"4769\">spoj\u00ed tradi\u010dn\u00ed estetiku balisongu s modern\u00edmi materi\u00e1ly<\/strong>, a z\u00e1rove\u0148 poskytuje <strong data-start=\"4791\" data-end=\"4839\">praktickou pou\u017eitelnost pro ka\u017edodenn\u00ed \u00fakoly<\/strong>.<\/p>\n<p data-start=\"4842\" data-end=\"4906\"><strong data-start=\"4842\" data-end=\"4906\">Arc Angel \u2013 kdy\u017e chce\u0161 kombinaci klasiky, v\u00fdkonu a elegance.<\/strong><\/p>\n","protected":false},"excerpt":{"rendered":"<p data-start=\"4483\" data-end=\"4840\"><strong>Cold Steel Arc Angel Balisong FL\u201143ARC je v\u00fdrazn\u00fd a technicky zaj\u00edmav\u00fd mot\u00fdlek, kter\u00fd nab\u00edz\u00ed kvalitn\u00ed ocel S35V, pevnou konstrukci a plynul\u00fd chod, kter\u00fd ocen\u00ed jak zku\u0161en\u011bj\u0161\u00ed u\u017eivatel\u00e9, tak sb\u011bratel\u00e9.<\/strong><br data-start=\"4690\" data-end=\"4693\" \/><strong>Je to n\u016f\u017e, kter\u00fd spoj\u00ed tradi\u010dn\u00ed estetiku balisongu s modern\u00edmi materi\u00e1ly, a z\u00e1rove\u0148 poskytuje praktickou pou\u017eitelnost pro ka\u017edodenn\u00ed \u00fakoly.<\/strong><\/p>\n<p data-start=\"4842\" data-end=\"4906\"><strong data-start=\"4842\" data-end=\"4906\">Arc Angel \u2013 kdy\u017e chce\u0161 kombinaci klasiky, v\u00fdkonu a elegance.<\/strong><\/p>\n<p data-start=\"4842\" data-end=\"4906\"><strong>Doprava zdarma.<\/strong><\/p>\n","protected":false},"featured_media":432338,"comment_status":"open","ping_status":"closed","template":"","meta":[],"pwb-brand":[211],"product_brand":[],"product_cat":[22,2030,17],"product_tag":[],"class_list":{"0":"post-432337","1":"product","2":"type-product","3":"status-publish","4":"has-post-thumbnail","6":"pwb-brand-cold-steel","7":"product_cat-zaviraci-noze","8":"product_cat-motylky","9":"product_cat-noze","11":"first","12":"instock","13":"taxable","14":"shipping-taxable","15":"purchasable","16":"product-type-simple"},"brands":[{"id":211,"name":"Cold Steel","slug":"cold-steel"}],"_links":{"self":[{"href":"https:\/\/www.moskito.cz\/sk\/wp-json\/wp\/v2\/product\/432337","targetHints":{"allow":["GET"]}}],"collection":[{"href":"https:\/\/www.moskito.cz\/sk\/wp-json\/wp\/v2\/product"}],"about":[{"href":"https:\/\/www.moskito.cz\/sk\/wp-json\/wp\/v2\/types\/product"}],"replies":[{"embeddable":true,"href":"https:\/\/www.moskito.cz\/sk\/wp-json\/wp\/v2\/comments?post=432337"}],"wp:featuredmedia":[{"embeddable":true,"href":"https:\/\/www.moskito.cz\/sk\/wp-json\/wp\/v2\/media\/432338"}],"wp:attachment":[{"href":"https:\/\/www.moskito.cz\/sk\/wp-json\/wp\/v2\/media?parent=432337"}],"wp:term":[{"taxonomy":"pwb-brand","embeddable":true,"href":"https:\/\/www.moskito.cz\/sk\/wp-json\/wp\/v2\/pwb-brand?post=432337"},{"taxonomy":"product_brand","embeddable":true,"href":"https:\/\/www.moskito.cz\/sk\/wp-json\/wp\/v2\/product_brand?post=432337"},{"taxonomy":"product_cat","embeddable":true,"href":"https:\/\/www.moskito.cz\/sk\/wp-json\/wp\/v2\/product_cat?post=432337"},{"taxonomy":"product_tag","embeddable":true,"href":"https:\/\/www.moskito.cz\/sk\/wp-json\/wp\/v2\/product_tag?post=432337"}],"curies":[{"name":"wp","href":"https:\/\/api.w.org\/{rel}","templated":true}]}}