{"id":432925,"date":"2026-01-21T20:23:29","date_gmt":"2026-01-21T19:23:29","guid":{"rendered":"https:\/\/www.moskito.cz\/?post_type=product&#038;p=432925"},"modified":"2026-02-16T19:31:42","modified_gmt":"2026-02-16T18:31:42","slug":"zaviraci-nuz-spyderco-lil-native-c230pbbk","status":"publish","type":"product","link":"https:\/\/www.moskito.cz\/sk\/produkt\/zaviraci-nuz-spyderco-lil-native-c230pbbk\/","title":{"rendered":"Zav\u00edrac\u00ed N\u016f\u017e Spyderco Lil Native C230PBBK"},"content":{"rendered":"<p data-start=\"110\" data-end=\"507\">Jakmile \u010depel otev\u0159e\u0161 typick\u00fdm <strong data-start=\"141\" data-end=\"169\">kulat\u00fdm otvorem Spyderco<\/strong> a zajist\u00ed\u0161 ji spolehliv\u00fdm <strong data-start=\"196\" data-end=\"211\">back lockem<\/strong>, poc\u00edt\u00ed\u0161 okam\u017eitou <strong data-start=\"231\" data-end=\"275\">pevnost, jistotu a p\u0159esnou kontrolu \u0159ezu<\/strong>. <strong data-start=\"277\" data-end=\"352\">Spyderco Lil\u2019 Native Black Lightweight Black Blade Reveal 14 (C230PBBK)<\/strong> je kompaktn\u00ed a lehk\u00e1 varianta legend\u00e1rn\u00edho Native modelu \u2014 ide\u00e1ln\u00ed pro ka\u017edodenn\u00ed pou\u017eit\u00ed i n\u00e1ro\u010dn\u011bj\u0161\u00ed \u00fakoly, kde se klade d\u016fraz na v\u00fdkon a ovladatelnost.<\/p>\n<p data-start=\"509\" data-end=\"665\">Tento n\u016f\u017e je ur\u010den pro u\u017eivatele, kte\u0159\u00ed cht\u011bj\u00ed <strong data-start=\"556\" data-end=\"594\">v\u00fdkonn\u00fd a p\u0159itom nen\u00e1padn\u00fd EDC n\u016f\u017e<\/strong>, s modern\u00edmi materi\u00e1ly, minimalistick\u00fdm vzhledem a vysokou funk\u010dnost\u00ed.<\/p>\n<hr data-start=\"667\" data-end=\"670\" \/>\n<h2 data-start=\"672\" data-end=\"698\">Charakter a filozofie<\/h2>\n<p data-start=\"699\" data-end=\"932\"><strong data-start=\"699\" data-end=\"729\">Spyderco Lil\u2019 Native Black<\/strong> vystihuje filozofii inovativn\u00edho a praktick\u00e9ho n\u00e1stroje, kter\u00fd um\u00ed <strong data-start=\"797\" data-end=\"837\">spolehliv\u011b pracovat v re\u00e1ln\u00e9m \u017eivot\u011b<\/strong>. Od prvn\u00edho \u00fachopu je z\u0159ejm\u00e9, \u017ee design klade d\u016fraz na <strong data-start=\"893\" data-end=\"931\">ergonomii, kontrolu a v\u0161estrannost<\/strong>.<\/p>\n<p data-start=\"934\" data-end=\"1247\">\u010cepel s \u010dernou povrchovou \u00fapravou m\u00e1 modern\u00ed geometrii \u2014 <strong data-start=\"991\" data-end=\"1022\">v\u00fdborn\u00fd v\u00fdbrus a hladk\u00fd \u0159ez<\/strong>, kter\u00fd zvl\u00e1dne \u0159adu ka\u017edodenn\u00edch \u00fakol\u016f od otev\u0159en\u00ed bal\u00edk\u016f a\u017e po p\u0159esn\u00e9 \u0159ezy v ter\u00e9nu. Lehk\u00e1 konstrukce a sn\u00ed\u017een\u00e1 hmotnost zaru\u010duj\u00ed, \u017ee n\u016f\u017e nezat\u00ed\u017e\u00ed kapsu ani v\u00fdbavu, ale p\u0159esto poskytne <strong data-start=\"1209\" data-end=\"1246\">v\u00fdkon, kter\u00fd o\u010dek\u00e1v\u00e1\u0161 od Spyderco<\/strong>.<\/p>\n<p data-start=\"1249\" data-end=\"1457\">Rukoje\u0165 je ergonomicky tvarovan\u00e1, bezpe\u010dn\u00e1 v ruce a p\u0159izp\u016fsoben\u00e1 tak, aby poskytovala pohodln\u00fd \u00fachop i p\u0159i del\u0161\u00ed pr\u00e1ci. Ka\u017ed\u00fd detail tohoto no\u017ee je pod\u0159\u00edzen <strong data-start=\"1406\" data-end=\"1456\">funk\u010dnosti, spolehlivosti a nen\u00e1padn\u00e9mu no\u0161en\u00ed<\/strong>.<\/p>\n<hr data-start=\"1459\" data-end=\"1462\" \/>\n<h2 data-start=\"1464\" data-end=\"1481\">\ud83c\udfed O v\u00fdrobci<\/h2>\n<p data-start=\"1482\" data-end=\"1759\"><strong data-start=\"1482\" data-end=\"1494\">Spyderco<\/strong> je americk\u00e1 zna\u010dka, kter\u00e1 pat\u0159\u00ed mezi sv\u011btovou \u0161pi\u010dku v oblasti kapesn\u00edch no\u017e\u016f. Je zn\u00e1m\u00e1 sv\u00fdm <strong data-start=\"1588\" data-end=\"1652\">inovativn\u00edm p\u0159\u00edstupem, d\u016frazem na ergonomii a re\u00e1ln\u00e9 pou\u017eit\u00ed<\/strong> ve skute\u010dn\u00e9m sv\u011bt\u011b. Modely jako Lil\u2019 Native jsou v\u00fdsledkem dlouholet\u00e9ho v\u00fdvoje s ohledem na pot\u0159eby praxe.<\/p>\n<hr data-start=\"1761\" data-end=\"1764\" \/>\n<h2 data-start=\"1766\" data-end=\"1793\">\u2699\ufe0f Technick\u00e9 specifikace<\/h2>\n<div class=\"TyagGW_tableContainer\">\n<div class=\"group TyagGW_tableWrapper flex flex-col-reverse w-fit\" tabindex=\"-1\">\n<table class=\"w-fit min-w-(--thread-content-width)\" data-start=\"1795\" data-end=\"2447\">\n<thead data-start=\"1795\" data-end=\"1817\">\n<tr data-start=\"1795\" data-end=\"1817\">\n<th data-start=\"1795\" data-end=\"1806\" data-col-size=\"sm\">Parametr<\/th>\n<th data-start=\"1806\" data-end=\"1817\" data-col-size=\"md\">Hodnota<\/th>\n<\/tr>\n<\/thead>\n<tbody data-start=\"1838\" data-end=\"2447\">\n<tr data-start=\"1838\" data-end=\"1919\">\n<td data-start=\"1838\" data-end=\"1846\" data-col-size=\"sm\">Model<\/td>\n<td data-start=\"1846\" data-end=\"1919\" data-col-size=\"md\">Spyderco Lil\u2019 Native Black Lightweight Black Blade Reveal 14 C230PBBK<\/td>\n<\/tr>\n<tr data-start=\"1920\" data-end=\"1951\">\n<td data-start=\"1920\" data-end=\"1936\" data-col-size=\"sm\">Celkov\u00e1 d\u00e9lka<\/td>\n<td data-start=\"1936\" data-end=\"1951\" data-col-size=\"md\">cca 17,8 cm<\/td>\n<\/tr>\n<tr data-start=\"1952\" data-end=\"1981\">\n<td data-start=\"1952\" data-end=\"1967\" data-col-size=\"sm\">D\u00e9lka \u010depele<\/td>\n<td data-start=\"1967\" data-end=\"1981\" data-col-size=\"md\">cca 7,4 cm<\/td>\n<\/tr>\n<tr data-start=\"1982\" data-end=\"2014\">\n<td data-start=\"1982\" data-end=\"2000\" data-col-size=\"sm\">Tlou\u0161\u0165ka \u010depele<\/td>\n<td data-start=\"2000\" data-end=\"2014\" data-col-size=\"md\">cca 3,5 mm<\/td>\n<\/tr>\n<tr data-start=\"2015\" data-end=\"2070\">\n<td data-start=\"2015\" data-end=\"2033\" data-col-size=\"sm\">Materi\u00e1l \u010depele<\/td>\n<td data-start=\"2033\" data-end=\"2070\" data-col-size=\"md\">vysoce odoln\u00e1 \u010dern\u011b upraven\u00e1 ocel<\/td>\n<\/tr>\n<tr data-start=\"2071\" data-end=\"2142\">\n<td data-start=\"2071\" data-end=\"2087\" data-col-size=\"sm\">Tvrdost oceli<\/td>\n<td data-start=\"2087\" data-end=\"2142\" data-col-size=\"md\">v\u00fdborn\u00fd kompromis mezi hou\u017eevnatost\u00ed a v\u00fddr\u017e\u00ed ost\u0159\u00ed<\/td>\n<\/tr>\n<tr data-start=\"2143\" data-end=\"2180\">\n<td data-start=\"2143\" data-end=\"2157\" data-col-size=\"sm\">Tvar \u010depele<\/td>\n<td data-start=\"2157\" data-end=\"2180\" data-col-size=\"md\">klasick\u00fd EDC profil<\/td>\n<\/tr>\n<tr data-start=\"2181\" data-end=\"2218\">\n<td data-start=\"2181\" data-end=\"2190\" data-col-size=\"sm\">V\u00fdbrus<\/td>\n<td data-start=\"2190\" data-end=\"2218\" data-col-size=\"md\">ploch\u00fd (Full Flat Grind)<\/td>\n<\/tr>\n<tr data-start=\"2219\" data-end=\"2251\">\n<td data-start=\"2219\" data-end=\"2235\" data-col-size=\"sm\">Povrch \u010depele<\/td>\n<td data-start=\"2235\" data-end=\"2251\" data-col-size=\"md\">\u010dern\u00e1 \u00faprava<\/td>\n<\/tr>\n<tr data-start=\"2252\" data-end=\"2294\">\n<td data-start=\"2252\" data-end=\"2262\" data-col-size=\"sm\">Rukoje\u0165<\/td>\n<td data-start=\"2262\" data-end=\"2294\" data-col-size=\"md\">lehk\u00e1 ergonomick\u00e1 konstrukce<\/td>\n<\/tr>\n<tr data-start=\"2295\" data-end=\"2316\">\n<td data-start=\"2295\" data-end=\"2303\" data-col-size=\"sm\">Z\u00e1mek<\/td>\n<td data-start=\"2303\" data-end=\"2316\" data-col-size=\"md\">Back Lock<\/td>\n<\/tr>\n<tr data-start=\"2317\" data-end=\"2354\">\n<td data-start=\"2317\" data-end=\"2329\" data-col-size=\"sm\">Otev\u00edr\u00e1n\u00ed<\/td>\n<td data-start=\"2329\" data-end=\"2354\" data-col-size=\"md\">kulat\u00fd otvor Spyderco<\/td>\n<\/tr>\n<tr data-start=\"2355\" data-end=\"2387\">\n<td data-start=\"2355\" data-end=\"2362\" data-col-size=\"sm\">Klip<\/td>\n<td data-start=\"2362\" data-end=\"2387\" data-col-size=\"md\">reverzibiln\u00ed \u2013 tip-up<\/td>\n<\/tr>\n<tr data-start=\"2388\" data-end=\"2414\">\n<td data-start=\"2388\" data-end=\"2399\" data-col-size=\"sm\">Hmotnost<\/td>\n<td data-start=\"2399\" data-end=\"2414\" data-col-size=\"md\">velmi n\u00edzk\u00e1<\/td>\n<\/tr>\n<tr data-start=\"2415\" data-end=\"2447\">\n<td data-start=\"2415\" data-end=\"2424\" data-col-size=\"sm\">V\u00fdroba<\/td>\n<td data-start=\"2424\" data-end=\"2447\" data-col-size=\"md\">precizn\u00ed zpracov\u00e1n\u00ed<\/td>\n<\/tr>\n<\/tbody>\n<\/table>\n<\/div>\n<\/div>\n<hr data-start=\"2449\" data-end=\"2452\" \/>\n<h2 data-start=\"2454\" data-end=\"2472\">\u2705 Hlavn\u00ed v\u00fdhody<\/h2>\n<ul data-start=\"2473\" data-end=\"2750\">\n<li data-start=\"2473\" data-end=\"2527\">\n<p data-start=\"2475\" data-end=\"2527\"><strong data-start=\"2475\" data-end=\"2495\">Lehk\u00e1 konstrukce<\/strong> \u2013 neomezuje no\u0161en\u00ed ani v\u00fdbavu<\/p>\n<\/li>\n<li data-start=\"2528\" data-end=\"2592\">\n<p data-start=\"2530\" data-end=\"2592\"><strong data-start=\"2530\" data-end=\"2554\">\u010cern\u011b upraven\u00e1 \u010depel<\/strong> \u2013 odoln\u00e1, nen\u00e1padn\u00e1 a snadn\u00e1 \u00fadr\u017eba<\/p>\n<\/li>\n<li data-start=\"2593\" data-end=\"2637\">\n<p data-start=\"2595\" data-end=\"2637\"><strong data-start=\"2595\" data-end=\"2608\">Back Lock<\/strong> \u2013 pevn\u00fd a spolehliv\u00fd z\u00e1mek<\/p>\n<\/li>\n<li data-start=\"2638\" data-end=\"2687\">\n<p data-start=\"2640\" data-end=\"2687\"><strong data-start=\"2640\" data-end=\"2653\">Ergonomie<\/strong> \u2013 jist\u00fd \u00fachop i p\u0159i del\u0161\u00ed pr\u00e1ci<\/p>\n<\/li>\n<li data-start=\"2688\" data-end=\"2750\">\n<p data-start=\"2690\" data-end=\"2750\"><strong data-start=\"2690\" data-end=\"2716\">Kompaktn\u00ed EDC velikost<\/strong> \u2013 vhodn\u00fd pro ka\u017edodenn\u00ed pou\u017eit\u00ed<\/p>\n<\/li>\n<\/ul>\n<hr data-start=\"2752\" data-end=\"2755\" \/>\n<h2 data-start=\"2757\" data-end=\"2776\">\u26a0\ufe0f Mo\u017en\u00e1 omezen\u00ed<\/h2>\n<ul data-start=\"2777\" data-end=\"2941\">\n<li data-start=\"2777\" data-end=\"2836\">\n<p data-start=\"2779\" data-end=\"2836\"><strong data-start=\"2779\" data-end=\"2801\">Kompaktn\u00ed velikost<\/strong> nemus\u00ed vyhovovat pro t\u011b\u017e\u0161\u00ed pr\u00e1ce<\/p>\n<\/li>\n<li data-start=\"2837\" data-end=\"2898\">\n<p data-start=\"2839\" data-end=\"2898\">\u010cern\u00e1 \u00faprava m\u016f\u017ee postupem \u010dasu ukazovat zn\u00e1mky pou\u017e\u00edv\u00e1n\u00ed<\/p>\n<\/li>\n<li data-start=\"2899\" data-end=\"2941\">\n<p data-start=\"2901\" data-end=\"2941\">Back Lock vy\u017eaduje p\u0159i zav\u00edr\u00e1n\u00ed ob\u011b ruce<\/p>\n<\/li>\n<\/ul>\n<hr data-start=\"2943\" data-end=\"2946\" \/>\n<h2 data-start=\"2948\" data-end=\"2968\">\ud83d\udee0\ufe0f \u00dadr\u017eba a p\u00e9\u010de<\/h2>\n<ul data-start=\"2969\" data-end=\"3205\">\n<li data-start=\"2969\" data-end=\"3051\">\n<p data-start=\"2971\" data-end=\"3051\">Po pou\u017eit\u00ed <strong data-start=\"2982\" data-end=\"3004\">osu\u0161\u00ed a ot\u0159i \u010depel<\/strong>, zejm\u00e9na kdy\u017e p\u0159i\u0161la do kontaktu s vlhkost\u00ed.<\/p>\n<\/li>\n<li data-start=\"3052\" data-end=\"3130\">\n<p data-start=\"3054\" data-end=\"3130\">Pravideln\u011b kontroluj, zda se z\u00e1mek hladce posouv\u00e1 \u2013 p\u0159\u00edpadn\u011b lehce proma\u017e.<\/p>\n<\/li>\n<li data-start=\"3131\" data-end=\"3205\">\n<p data-start=\"3133\" data-end=\"3205\">\u010cepel udr\u017euj ostrou jemn\u00fdm brou\u0161en\u00edm, aby byla st\u00e1le p\u0159ipraven\u00e1 na \u00fakol.<\/p>\n<\/li>\n<\/ul>\n<hr data-start=\"3207\" data-end=\"3210\" \/>\n<h2 data-start=\"3212\" data-end=\"3248\">\ud83d\udd2a Pro udr\u017een\u00ed ost\u0159\u00ed doporu\u010dujeme<\/h2>\n<p data-start=\"3249\" data-end=\"3398\">Pou\u017e\u00edvat kvalitn\u00ed brusn\u00e9 syst\u00e9my s p\u0159esn\u00fdm nastaven\u00edm \u00fahlu, aby se zachovala geometrie a co nejdel\u0161\u00ed \u017eivotnost ost\u0159\u00ed bez zbyte\u010dn\u00e9ho \u00fabytku materi\u00e1lu.<\/p>\n<hr data-start=\"3400\" data-end=\"3403\" \/>\n<h2 data-start=\"3405\" data-end=\"3454\">\ud83d\uded2 Zakoup\u00ed\u0161 na na\u0161ich str\u00e1nk\u00e1ch <strong data-start=\"3440\" data-end=\"3454\">Moskito.cz<\/strong><\/h2>\n<hr data-start=\"3456\" data-end=\"3459\" \/>\n<h2 data-start=\"3461\" data-end=\"3481\">\ud83c\udfaf Doporu\u010deno pro<\/h2>\n<ul data-start=\"3482\" data-end=\"3658\">\n<li data-start=\"3482\" data-end=\"3507\">\n<p data-start=\"3484\" data-end=\"3507\">ka\u017edodenn\u00ed EDC no\u0161en\u00ed<\/p>\n<\/li>\n<li data-start=\"3508\" data-end=\"3561\">\n<p data-start=\"3510\" data-end=\"3561\">u\u017eivatele hledaj\u00edc\u00ed <strong data-start=\"3530\" data-end=\"3552\">lehk\u00e9, ale v\u00fdkonn\u00e9<\/strong> \u0159e\u0161en\u00ed<\/p>\n<\/li>\n<li data-start=\"3562\" data-end=\"3603\">\n<p data-start=\"3564\" data-end=\"3603\">minimalistickou v\u00fdbavu bez kompromis\u016f<\/p>\n<\/li>\n<li data-start=\"3604\" data-end=\"3658\">\n<p data-start=\"3606\" data-end=\"3658\">praktick\u00e9 pou\u017eit\u00ed v m\u011bstsk\u00e9m i venkovn\u00edm prost\u0159ed\u00ed<\/p>\n<\/li>\n<\/ul>\n<hr data-start=\"3660\" data-end=\"3663\" \/>\n<h2 data-start=\"3665\" data-end=\"3689\">\u2b50 Z\u00e1v\u011bre\u010dn\u00e9 hodnocen\u00ed<\/h2>\n<p data-start=\"3690\" data-end=\"3968\"><strong data-start=\"3690\" data-end=\"3754\">Spyderco Lil\u2019 Native Black Lightweight Black Blade Reveal 14<\/strong> je <strong data-start=\"3758\" data-end=\"3799\">v\u00fdkonn\u00fd, lehk\u00fd a p\u0159\u00edjemn\u011b ovladateln\u00fd<\/strong> zav\u00edrac\u00ed n\u016f\u017e, kter\u00fd kombinuje <strong data-start=\"3830\" data-end=\"3871\">ergonomii, kvalitu a nen\u00e1padn\u00fd design<\/strong>. Je ide\u00e1ln\u00ed pro ka\u017edodenn\u00ed pou\u017eit\u00ed i pro ty, kte\u0159\u00ed cht\u011bj\u00ed n\u016f\u017e, kter\u00fd je v\u017edy p\u0159ipraven pracovat.<\/p>\n<p data-start=\"3970\" data-end=\"4033\"><strong data-start=\"3970\" data-end=\"4033\">Lil\u2019 Native Black \u2013 lehkost, v\u00fdkon a jistota v ka\u017ed\u00e9m \u0159ezu.<\/strong><\/p>\n","protected":false},"excerpt":{"rendered":"<p data-start=\"3690\" data-end=\"3968\"><strong>Spyderco Lil\u2019 Native Black Lightweight Black Blade Reveal 14 je v\u00fdkonn\u00fd, lehk\u00fd a p\u0159\u00edjemn\u011b ovladateln\u00fd zav\u00edrac\u00ed n\u016f\u017e, kter\u00fd kombinuje ergonomii, kvalitu a nen\u00e1padn\u00fd design. Je ide\u00e1ln\u00ed pro ka\u017edodenn\u00ed pou\u017eit\u00ed i pro ty, kte\u0159\u00ed cht\u011bj\u00ed n\u016f\u017e, kter\u00fd je v\u017edy p\u0159ipraven pracovat.<\/strong><\/p>\n<p data-start=\"3970\" data-end=\"4033\"><strong>Lil\u2019 Native Black \u2013 lehkost, v\u00fdkon a jistota v ka\u017ed\u00e9m \u0159ezu.<\/strong><\/p>\n","protected":false},"featured_media":432926,"comment_status":"open","ping_status":"closed","template":"","meta":[],"pwb-brand":[567],"product_brand":[],"product_cat":[22,17],"product_tag":[],"class_list":{"0":"post-432925","1":"product","2":"type-product","3":"status-publish","4":"has-post-thumbnail","6":"pwb-brand-spyderco","7":"product_cat-zaviraci-noze","8":"product_cat-noze","10":"first","11":"instock","12":"taxable","13":"shipping-taxable","14":"purchasable","15":"product-type-simple"},"brands":[{"id":567,"name":"Spyderco","slug":"spyderco"}],"_links":{"self":[{"href":"https:\/\/www.moskito.cz\/sk\/wp-json\/wp\/v2\/product\/432925","targetHints":{"allow":["GET"]}}],"collection":[{"href":"https:\/\/www.moskito.cz\/sk\/wp-json\/wp\/v2\/product"}],"about":[{"href":"https:\/\/www.moskito.cz\/sk\/wp-json\/wp\/v2\/types\/product"}],"replies":[{"embeddable":true,"href":"https:\/\/www.moskito.cz\/sk\/wp-json\/wp\/v2\/comments?post=432925"}],"wp:featuredmedia":[{"embeddable":true,"href":"https:\/\/www.moskito.cz\/sk\/wp-json\/wp\/v2\/media\/432926"}],"wp:attachment":[{"href":"https:\/\/www.moskito.cz\/sk\/wp-json\/wp\/v2\/media?parent=432925"}],"wp:term":[{"taxonomy":"pwb-brand","embeddable":true,"href":"https:\/\/www.moskito.cz\/sk\/wp-json\/wp\/v2\/pwb-brand?post=432925"},{"taxonomy":"product_brand","embeddable":true,"href":"https:\/\/www.moskito.cz\/sk\/wp-json\/wp\/v2\/product_brand?post=432925"},{"taxonomy":"product_cat","embeddable":true,"href":"https:\/\/www.moskito.cz\/sk\/wp-json\/wp\/v2\/product_cat?post=432925"},{"taxonomy":"product_tag","embeddable":true,"href":"https:\/\/www.moskito.cz\/sk\/wp-json\/wp\/v2\/product_tag?post=432925"}],"curies":[{"name":"wp","href":"https:\/\/api.w.org\/{rel}","templated":true}]}}