{"id":432975,"date":"2026-01-21T20:49:58","date_gmt":"2026-01-21T19:49:58","guid":{"rendered":"https:\/\/www.moskito.cz\/?post_type=product&#038;p=432975"},"modified":"2026-02-16T19:28:40","modified_gmt":"2026-02-16T18:28:40","slug":"zaviraci-nuz-spyderco-ladybug-3-lpcbl3","status":"publish","type":"product","link":"https:\/\/www.moskito.cz\/sk\/produkt\/zaviraci-nuz-spyderco-ladybug-3-lpcbl3\/","title":{"rendered":"Zav\u00edrac\u00ed N\u016f\u017e Spyderco Ladybug 3 LPCBL3"},"content":{"rendered":"<p data-start=\"84\" data-end=\"494\">Jakmile \u010depel otev\u0159e\u0161 typick\u00fdm <strong data-start=\"115\" data-end=\"143\">kulat\u00fdm otvorem Spyderco<\/strong> a zajist\u00ed\u0161 ji spolehliv\u00fdm <strong data-start=\"170\" data-end=\"185\">back lockem<\/strong>, okam\u017eit\u011b poc\u00edt\u00ed\u0161, jak <strong data-start=\"209\" data-end=\"262\">Spyderco Ladybug 3 Lightweight CPM SPY27 (LPCBL3)<\/strong> kombinuje <strong data-start=\"273\" data-end=\"333\">ultrakompaktn\u00ed rozm\u011bry s v\u00fdjime\u010dnou ostrost\u00ed a odolnost\u00ed<\/strong>. Tento mal\u00fd, ale velmi schopn\u00fd n\u016f\u017e je perfektn\u00edm n\u00e1strojem pro detailn\u00ed \u00fakoly, ka\u017edodenn\u00ed no\u0161en\u00ed i situace, kde je <strong data-start=\"449\" data-end=\"493\">precizn\u00ed \u0159ez a kontrola kl\u00ed\u010dem k \u00fasp\u011bchu<\/strong>.<\/p>\n<p data-start=\"496\" data-end=\"699\">Tento model je ur\u010den pro u\u017eivatele, kte\u0159\u00ed cht\u011bj\u00ed <strong data-start=\"545\" data-end=\"607\">extr\u00e9mn\u011b lehk\u00fd, spolehliv\u00fd a v\u00fdkonem nadstandardn\u00ed EDC n\u016f\u017e<\/strong>, kter\u00fd nezat\u00ed\u017e\u00ed kapesn\u00ed v\u00fdbavu, ale p\u0159esto nab\u00eddne <strong data-start=\"659\" data-end=\"698\">\u0161pi\u010dkov\u00e9 materi\u00e1ly a funk\u010dn\u00ed design<\/strong>.<\/p>\n<hr data-start=\"701\" data-end=\"704\" \/>\n<h2 data-start=\"706\" data-end=\"732\">Charakter a filozofie<\/h2>\n<p data-start=\"733\" data-end=\"1025\"><strong data-start=\"733\" data-end=\"777\">Spyderco Ladybug 3 Lightweight CPM SPY27<\/strong> vystihuje filozofii minimalistick\u00e9ho, ale nekompromisn\u00edho n\u00e1stroje. I p\u0159i sv\u00e9 mal\u00e9 velikosti poskytuje <strong data-start=\"881\" data-end=\"917\">vysokou kontrolu a p\u0159esnost \u0159ezu<\/strong>, co\u017e ocen\u00ed\u0161 p\u0159i otev\u00edr\u00e1n\u00ed bal\u00edk\u016f, \u0159e\u0161en\u00ed prov\u00e1zk\u016f, pomal\u00fdch tahu p\u0159es materi\u00e1l \u010di dal\u0161\u00edch drobn\u00fdch \u00fakolech.<\/p>\n<p data-start=\"1027\" data-end=\"1312\">\u010cepel z pr\u00e9miov\u00e9 <strong data-start=\"1044\" data-end=\"1063\">CPM SPY27 oceli<\/strong> je modern\u00edm materi\u00e1lem, kter\u00fd se vyzna\u010duje <strong data-start=\"1107\" data-end=\"1174\">vynikaj\u00edc\u00ed v\u00fddr\u017e\u00ed ost\u0159\u00ed, hou\u017eevnatost\u00ed a odolnost\u00ed proti korozi<\/strong> \u2014 vlastnostmi, kter\u00e9 jsou u no\u017e\u016f t\u00e9to kategorie v\u00fdjime\u010dn\u00e9. D\u00edky tomu Ladybug 3 dr\u017e\u00ed ost\u0159\u00ed d\u00e9le a z\u00e1rove\u0148 je odoln\u00fd v\u016f\u010di zm\u011bn\u00e1m prost\u0159ed\u00ed.<\/p>\n<p data-start=\"1314\" data-end=\"1558\">Lehk\u00e1 konstrukce a ergonomicky tvarovan\u00e1 rukoje\u0165 d\u011blaj\u00ed z tohoto modelu n\u00e1stroj, kter\u00fd pohodln\u011b padne i do men\u0161\u00ed dlan\u011b a bezpe\u010dn\u011b se ovl\u00e1d\u00e1 i p\u0159es svou malou velikost. Ka\u017ed\u00fd detail je pod\u0159\u00edzen <strong data-start=\"1507\" data-end=\"1557\">funk\u010dnosti, spolehlivosti a celodenn\u00edmu no\u0161en\u00ed<\/strong>.<\/p>\n<hr data-start=\"1560\" data-end=\"1563\" \/>\n<h2 data-start=\"1565\" data-end=\"1582\">\ud83c\udfed O v\u00fdrobci<\/h2>\n<p data-start=\"1583\" data-end=\"1905\"><strong data-start=\"1583\" data-end=\"1595\">Spyderco<\/strong> je americk\u00e1 zna\u010dka, kter\u00e1 pat\u0159\u00ed mezi sv\u011btovou \u0161pi\u010dku v oblasti kapesn\u00edch no\u017e\u016f a EDC n\u00e1stroj\u016f. Je zn\u00e1m\u00e1 sv\u00fdm <strong data-start=\"1704\" data-end=\"1768\">inovativn\u00edm p\u0159\u00edstupem, d\u016frazem na ergonomii a re\u00e1ln\u00e9 pou\u017eit\u00ed<\/strong> v praktick\u00e9m \u017eivot\u011b. Modely jako Ladybug 3 p\u0159edstavuj\u00ed praktick\u00fd d\u016fkaz, \u017ee i mal\u00fd n\u016f\u017e m\u016f\u017ee b\u00fdt <strong data-start=\"1864\" data-end=\"1904\">technicky sofistikovan\u00fd a spolehliv\u00fd<\/strong>.<\/p>\n<hr data-start=\"1907\" data-end=\"1910\" \/>\n<h2 data-start=\"1912\" data-end=\"1939\">\u2699\ufe0f Technick\u00e9 specifikace<\/h2>\n<div class=\"TyagGW_tableContainer\">\n<div class=\"group TyagGW_tableWrapper flex flex-col-reverse w-fit\" tabindex=\"-1\">\n<table class=\"w-fit min-w-(--thread-content-width)\" data-start=\"1941\" data-end=\"2538\">\n<thead data-start=\"1941\" data-end=\"1963\">\n<tr data-start=\"1941\" data-end=\"1963\">\n<th data-start=\"1941\" data-end=\"1952\" data-col-size=\"sm\">Parametr<\/th>\n<th data-start=\"1952\" data-end=\"1963\" data-col-size=\"md\">Hodnota<\/th>\n<\/tr>\n<\/thead>\n<tbody data-start=\"1984\" data-end=\"2538\">\n<tr data-start=\"1984\" data-end=\"2043\">\n<td data-start=\"1984\" data-end=\"1992\" data-col-size=\"sm\">Model<\/td>\n<td data-start=\"1992\" data-end=\"2043\" data-col-size=\"md\">Spyderco Ladybug 3 Lightweight CPM SPY27 LPCBL3<\/td>\n<\/tr>\n<tr data-start=\"2044\" data-end=\"2075\">\n<td data-start=\"2044\" data-end=\"2060\" data-col-size=\"sm\">Celkov\u00e1 d\u00e9lka<\/td>\n<td data-start=\"2060\" data-end=\"2075\" data-col-size=\"md\">cca 15,5 cm<\/td>\n<\/tr>\n<tr data-start=\"2076\" data-end=\"2105\">\n<td data-start=\"2076\" data-end=\"2091\" data-col-size=\"sm\">D\u00e9lka \u010depele<\/td>\n<td data-start=\"2091\" data-end=\"2105\" data-col-size=\"md\">cca 6,5 cm<\/td>\n<\/tr>\n<tr data-start=\"2106\" data-end=\"2138\">\n<td data-start=\"2106\" data-end=\"2124\" data-col-size=\"sm\">Tlou\u0161\u0165ka \u010depele<\/td>\n<td data-start=\"2124\" data-end=\"2138\" data-col-size=\"md\">cca 2,8 mm<\/td>\n<\/tr>\n<tr data-start=\"2139\" data-end=\"2184\">\n<td data-start=\"2139\" data-end=\"2157\" data-col-size=\"sm\">Materi\u00e1l \u010depele<\/td>\n<td data-start=\"2157\" data-end=\"2184\" data-col-size=\"md\">CPM SPY27 nerezov\u00e1 ocel<\/td>\n<\/tr>\n<tr data-start=\"2185\" data-end=\"2234\">\n<td data-start=\"2185\" data-end=\"2201\" data-col-size=\"sm\">Tvrdost oceli<\/td>\n<td data-start=\"2201\" data-end=\"2234\" data-col-size=\"md\">vysok\u00e1 v\u00fddr\u017e ost\u0159\u00ed a odolnost<\/td>\n<\/tr>\n<tr data-start=\"2235\" data-end=\"2272\">\n<td data-start=\"2235\" data-end=\"2249\" data-col-size=\"sm\">Tvar \u010depele<\/td>\n<td data-start=\"2249\" data-end=\"2272\" data-col-size=\"md\">klasick\u00fd EDC profil<\/td>\n<\/tr>\n<tr data-start=\"2273\" data-end=\"2301\">\n<td data-start=\"2273\" data-end=\"2282\" data-col-size=\"sm\">V\u00fdbrus<\/td>\n<td data-start=\"2282\" data-end=\"2301\" data-col-size=\"md\">Full Flat Grind<\/td>\n<\/tr>\n<tr data-start=\"2302\" data-end=\"2337\">\n<td data-start=\"2302\" data-end=\"2318\" data-col-size=\"sm\">Povrch \u010depele<\/td>\n<td data-start=\"2318\" data-end=\"2337\" data-col-size=\"md\">sat\u00e9nov\u00e1 \u00faprava<\/td>\n<\/tr>\n<tr data-start=\"2338\" data-end=\"2380\">\n<td data-start=\"2338\" data-end=\"2348\" data-col-size=\"sm\">Rukoje\u0165<\/td>\n<td data-start=\"2348\" data-end=\"2380\" data-col-size=\"md\">lehk\u00e1 ergonomick\u00e1 konstrukce<\/td>\n<\/tr>\n<tr data-start=\"2381\" data-end=\"2402\">\n<td data-start=\"2381\" data-end=\"2389\" data-col-size=\"sm\">Z\u00e1mek<\/td>\n<td data-start=\"2389\" data-end=\"2402\" data-col-size=\"md\">Back Lock<\/td>\n<\/tr>\n<tr data-start=\"2403\" data-end=\"2440\">\n<td data-start=\"2403\" data-end=\"2415\" data-col-size=\"sm\">Otev\u00edr\u00e1n\u00ed<\/td>\n<td data-start=\"2415\" data-end=\"2440\" data-col-size=\"md\">kulat\u00fd otvor Spyderco<\/td>\n<\/tr>\n<tr data-start=\"2441\" data-end=\"2478\">\n<td data-start=\"2441\" data-end=\"2448\" data-col-size=\"sm\">Klip<\/td>\n<td data-start=\"2448\" data-end=\"2478\" data-col-size=\"md\">ano, reverzibiln\u00ed \u2013 tip-up<\/td>\n<\/tr>\n<tr data-start=\"2479\" data-end=\"2505\">\n<td data-start=\"2479\" data-end=\"2490\" data-col-size=\"sm\">Hmotnost<\/td>\n<td data-start=\"2490\" data-end=\"2505\" data-col-size=\"md\">velmi n\u00edzk\u00e1<\/td>\n<\/tr>\n<tr data-start=\"2506\" data-end=\"2538\">\n<td data-start=\"2506\" data-end=\"2515\" data-col-size=\"sm\">V\u00fdroba<\/td>\n<td data-start=\"2515\" data-end=\"2538\" data-col-size=\"md\">precizn\u00ed zpracov\u00e1n\u00ed<\/td>\n<\/tr>\n<\/tbody>\n<\/table>\n<\/div>\n<\/div>\n<hr data-start=\"2540\" data-end=\"2543\" \/>\n<h2 data-start=\"2545\" data-end=\"2563\">\u2705 Hlavn\u00ed v\u00fdhody<\/h2>\n<ul data-start=\"2564\" data-end=\"2887\">\n<li data-start=\"2564\" data-end=\"2643\">\n<p data-start=\"2566\" data-end=\"2643\"><strong data-start=\"2566\" data-end=\"2593\">Pr\u00e9miov\u00e1 ocel CPM SPY27<\/strong> \u2013 v\u00fdjime\u010dn\u00e1 v\u00fddr\u017e ost\u0159\u00ed a odolnost proti korozi<\/p>\n<\/li>\n<li data-start=\"2644\" data-end=\"2716\">\n<p data-start=\"2646\" data-end=\"2716\"><strong data-start=\"2646\" data-end=\"2683\">Ultrakompaktn\u00ed a lehk\u00e1 konstrukce<\/strong> \u2013 ide\u00e1ln\u00ed pro nen\u00e1padn\u00e9 no\u0161en\u00ed<\/p>\n<\/li>\n<li data-start=\"2717\" data-end=\"2759\">\n<p data-start=\"2719\" data-end=\"2759\"><strong data-start=\"2719\" data-end=\"2732\">Back Lock<\/strong> \u2013 pevn\u00fd a bezpe\u010dn\u00fd z\u00e1mek<\/p>\n<\/li>\n<li data-start=\"2760\" data-end=\"2824\">\n<p data-start=\"2762\" data-end=\"2824\"><strong data-start=\"2762\" data-end=\"2787\">V\u00fdborn\u00e1 kontrola \u0159ezu<\/strong> \u2013 d\u00edky ergonomii a men\u0161\u00edm rozm\u011br\u016fm<\/p>\n<\/li>\n<li data-start=\"2825\" data-end=\"2887\">\n<p data-start=\"2827\" data-end=\"2887\"><strong data-start=\"2827\" data-end=\"2850\">Ergonomick\u00e1 rukoje\u0165<\/strong> \u2013 jist\u00fd \u00fachop i p\u0159i detailn\u00ed pr\u00e1ci<\/p>\n<\/li>\n<\/ul>\n<hr data-start=\"2889\" data-end=\"2892\" \/>\n<h2 data-start=\"2894\" data-end=\"2913\">\u26a0\ufe0f Mo\u017en\u00e1 omezen\u00ed<\/h2>\n<ul data-start=\"2914\" data-end=\"3059\">\n<li data-start=\"2914\" data-end=\"2963\">\n<p data-start=\"2916\" data-end=\"2963\"><strong data-start=\"2916\" data-end=\"2941\">Extr\u00e9mn\u011b mal\u00e9 rozm\u011bry<\/strong> \u2013 ne pro t\u011b\u017ek\u00e9 \u0159ezy<\/p>\n<\/li>\n<li data-start=\"2964\" data-end=\"3008\">\n<p data-start=\"2966\" data-end=\"3008\">Back Lock vy\u017eaduje p\u0159i zav\u00edr\u00e1n\u00ed ob\u011b ruce<\/p>\n<\/li>\n<li data-start=\"3009\" data-end=\"3059\">\n<p data-start=\"3011\" data-end=\"3059\">Mal\u00e1 velikost nemus\u00ed vyhovovat v\u0161em u\u017eivatel\u016fm<\/p>\n<\/li>\n<\/ul>\n<hr data-start=\"3061\" data-end=\"3064\" \/>\n<h2 data-start=\"3066\" data-end=\"3086\">\ud83d\udee0\ufe0f \u00dadr\u017eba a p\u00e9\u010de<\/h2>\n<ul data-start=\"3087\" data-end=\"3300\">\n<li data-start=\"3087\" data-end=\"3169\">\n<p data-start=\"3089\" data-end=\"3169\">Po pou\u017eit\u00ed \u010depel <strong data-start=\"3106\" data-end=\"3122\">osu\u0161\u00ed a ot\u0159i<\/strong>, zvl\u00e1\u0161\u0165 pokud p\u0159i\u0161la do kontaktu s vlhkost\u00ed.<\/p>\n<\/li>\n<li data-start=\"3170\" data-end=\"3224\">\n<p data-start=\"3172\" data-end=\"3224\">Ob\u010das zkontroluj hladk\u00fd chod z\u00e1mku a lehce proma\u017e.<\/p>\n<\/li>\n<li data-start=\"3225\" data-end=\"3300\">\n<p data-start=\"3227\" data-end=\"3300\">Pravideln\u011b udr\u017euj ost\u0159\u00ed jemn\u00fdm brou\u0161en\u00edm, aby bylo st\u00e1le ostr\u00e9 a funk\u010dn\u00ed.<\/p>\n<\/li>\n<\/ul>\n<hr data-start=\"3302\" data-end=\"3305\" \/>\n<h2 data-start=\"3307\" data-end=\"3345\">\ud83d\udd2a Pro udr\u017een\u00ed ost\u0159\u00ed doporu\u010dujeme<\/h2>\n<p data-start=\"3346\" data-end=\"3497\">Pou\u017e\u00edvat kvalitn\u00ed brusn\u00e9 syst\u00e9my s p\u0159esn\u00fdm nastaven\u00edm \u00fahlu, aby byla zachov\u00e1na geometrie ost\u0159\u00ed a co nejdel\u0161\u00ed \u017eivotnost bez zbyte\u010dn\u00e9ho \u00fabytku materi\u00e1lu.<\/p>\n<hr data-start=\"3499\" data-end=\"3502\" \/>\n<h2 data-start=\"3504\" data-end=\"3553\">\ud83d\uded2 Zakoup\u00ed\u0161 na na\u0161ich str\u00e1nk\u00e1ch <strong data-start=\"3539\" data-end=\"3553\">Moskito.cz<\/strong><\/h2>\n<hr data-start=\"3555\" data-end=\"3558\" \/>\n<h2 data-start=\"3560\" data-end=\"3582\">\ud83c\udfaf Doporu\u010deno pro<\/h2>\n<ul data-start=\"3583\" data-end=\"3718\">\n<li data-start=\"3583\" data-end=\"3608\">\n<p data-start=\"3585\" data-end=\"3608\">ka\u017edodenn\u00ed EDC no\u0161en\u00ed<\/p>\n<\/li>\n<li data-start=\"3609\" data-end=\"3637\">\n<p data-start=\"3611\" data-end=\"3637\">detailn\u00ed a precizn\u00ed \u0159ezy<\/p>\n<\/li>\n<li data-start=\"3638\" data-end=\"3664\">\n<p data-start=\"3640\" data-end=\"3664\">minimalistickou v\u00fdbavu<\/p>\n<\/li>\n<li data-start=\"3665\" data-end=\"3718\">\n<p data-start=\"3667\" data-end=\"3718\">u\u017eivatele, kte\u0159\u00ed ocen\u00ed <strong data-start=\"3690\" data-end=\"3716\">v\u00fdkon v mini proveden\u00ed<\/strong><\/p>\n<\/li>\n<\/ul>\n<hr data-start=\"3720\" data-end=\"3723\" \/>\n<h2 data-start=\"3725\" data-end=\"3751\">\u2b50 Z\u00e1v\u011bre\u010dn\u00e9 hodnocen\u00ed<\/h2>\n<p data-start=\"3752\" data-end=\"3973\"><strong data-start=\"3752\" data-end=\"3805\">Spyderco Ladybug 3 Lightweight CPM SPY27 (LPCBL3)<\/strong> je <strong data-start=\"3809\" data-end=\"3851\">v\u00fdjime\u010dn\u011b lehk\u00fd, precizn\u00ed a spolehliv\u00fd<\/strong> zav\u00edrac\u00ed n\u016f\u017e. Nab\u00edz\u00ed <strong data-start=\"3873\" data-end=\"3928\">pr\u00e9miovou ocel, ergonomii a perfektn\u00ed ovladatelnost<\/strong>, kter\u00e1 t\u011b nezklame p\u0159i ka\u017edodenn\u00edch \u00fakolech.<\/p>\n<p data-start=\"3975\" data-end=\"4017\"><strong data-start=\"3975\" data-end=\"4017\">Ladybug 3 \u2013 mal\u00fd n\u016f\u017e s velk\u00fdm v\u00fdkonem.<\/strong><\/p>\n","protected":false},"excerpt":{"rendered":"<p data-start=\"3752\" data-end=\"3973\"><strong>Spyderco Ladybug 3 Lightweight CPM SPY27 (LPCBL3) je v\u00fdjime\u010dn\u011b lehk\u00fd, precizn\u00ed a spolehliv\u00fd zav\u00edrac\u00ed n\u016f\u017e. Nab\u00edz\u00ed pr\u00e9miovou ocel, ergonomii a perfektn\u00ed ovladatelnost, kter\u00e1 t\u011b nezklame p\u0159i ka\u017edodenn\u00edch \u00fakolech.<\/strong><\/p>\n<p data-start=\"3975\" data-end=\"4017\"><strong>Ladybug 3 \u2013 mal\u00fd n\u016f\u017e s velk\u00fdm v\u00fdkonem.<\/strong><\/p>\n","protected":false},"featured_media":432976,"comment_status":"open","ping_status":"closed","template":"","meta":[],"pwb-brand":[567],"product_brand":[],"product_cat":[22,17],"product_tag":[],"class_list":{"0":"post-432975","1":"product","2":"type-product","3":"status-publish","4":"has-post-thumbnail","6":"pwb-brand-spyderco","7":"product_cat-zaviraci-noze","8":"product_cat-noze","10":"first","11":"instock","12":"taxable","13":"shipping-taxable","14":"purchasable","15":"product-type-simple"},"brands":[{"id":567,"name":"Spyderco","slug":"spyderco"}],"_links":{"self":[{"href":"https:\/\/www.moskito.cz\/sk\/wp-json\/wp\/v2\/product\/432975","targetHints":{"allow":["GET"]}}],"collection":[{"href":"https:\/\/www.moskito.cz\/sk\/wp-json\/wp\/v2\/product"}],"about":[{"href":"https:\/\/www.moskito.cz\/sk\/wp-json\/wp\/v2\/types\/product"}],"replies":[{"embeddable":true,"href":"https:\/\/www.moskito.cz\/sk\/wp-json\/wp\/v2\/comments?post=432975"}],"wp:featuredmedia":[{"embeddable":true,"href":"https:\/\/www.moskito.cz\/sk\/wp-json\/wp\/v2\/media\/432976"}],"wp:attachment":[{"href":"https:\/\/www.moskito.cz\/sk\/wp-json\/wp\/v2\/media?parent=432975"}],"wp:term":[{"taxonomy":"pwb-brand","embeddable":true,"href":"https:\/\/www.moskito.cz\/sk\/wp-json\/wp\/v2\/pwb-brand?post=432975"},{"taxonomy":"product_brand","embeddable":true,"href":"https:\/\/www.moskito.cz\/sk\/wp-json\/wp\/v2\/product_brand?post=432975"},{"taxonomy":"product_cat","embeddable":true,"href":"https:\/\/www.moskito.cz\/sk\/wp-json\/wp\/v2\/product_cat?post=432975"},{"taxonomy":"product_tag","embeddable":true,"href":"https:\/\/www.moskito.cz\/sk\/wp-json\/wp\/v2\/product_tag?post=432975"}],"curies":[{"name":"wp","href":"https:\/\/api.w.org\/{rel}","templated":true}]}}