{"id":434361,"date":"2026-01-28T20:59:24","date_gmt":"2026-01-28T19:59:24","guid":{"rendered":"https:\/\/www.moskito.cz\/?post_type=product&#038;p=434361"},"modified":"2026-02-16T19:18:15","modified_gmt":"2026-02-16T18:18:15","slug":"zaviraci-nuz-spyderco-paramilitary-2-c81gbkylmcp2","status":"publish","type":"product","link":"https:\/\/www.moskito.cz\/sk\/produkt\/zaviraci-nuz-spyderco-paramilitary-2-c81gbkylmcp2\/","title":{"rendered":"Zav\u00edrac\u00ed N\u016f\u017e Spyderco Paramilitary 2 C81GBKYLMCP2"},"content":{"rendered":"<p data-start=\"178\" data-end=\"598\">Jakmile \u010depel otev\u0159e\u0161 typick\u00fdm <strong data-start=\"209\" data-end=\"237\">kulat\u00fdm otvorem Spyderco<\/strong> a zajist\u00ed\u0161 ji osv\u011bd\u010den\u00fdm <strong data-start=\"263\" data-end=\"285\">Compression Lockem<\/strong>, okam\u017eit\u011b poc\u00edt\u00ed\u0161 hladk\u00fd chod, pevnost a absolutn\u00ed jistotu \u0159ezu, kterou nab\u00edz\u00ed <strong data-start=\"365\" data-end=\"448\">Spyderco Paramilitary 2 Salt CPM-MagnaCut Satin se \u017eluto-\u010dern\u00fdmi G-10 st\u0159enkami<\/strong>. Tento zav\u00edrac\u00ed n\u016f\u017e spojuje legend\u00e1rn\u00ed ergonomii PM2 s modern\u00ed ocel\u00ed ur\u010denou do extr\u00e9mn\u00edch podm\u00ednek a vytv\u00e1\u0159\u00ed tak v\u00fdkonn\u00fd EDC n\u00e1stroj bez kompromis\u016f.<\/p>\n<p data-start=\"600\" data-end=\"824\">Tento model je ur\u010den pro u\u017eivatele, kte\u0159\u00ed cht\u011bj\u00ed <strong data-start=\"649\" data-end=\"678\">plnohodnotn\u00fd pracovn\u00ed n\u016f\u017e<\/strong>, jen\u017e obstoj\u00ed v prost\u0159ed\u00ed s vysokou vlhkost\u00ed, u vody nebo v n\u00e1ro\u010dn\u00fdch klimatick\u00fdch podm\u00ednk\u00e1ch, ani\u017e by ob\u011btoval v\u00fdkon, ergonomii nebo bezpe\u010dnost.<\/p>\n<hr data-start=\"826\" data-end=\"829\" \/>\n<h2 data-start=\"831\" data-end=\"858\">\ud83e\udde0 Charakter a filozofie<\/h2>\n<p data-start=\"859\" data-end=\"1099\">Spyderco Paramilitary 2 Salt zt\u011bles\u0148uje filozofii <strong data-start=\"909\" data-end=\"956\">maxim\u00e1ln\u00ed funk\u010dnosti, ergonomie a odolnosti<\/strong>. PM2 je dlouhodob\u011b pova\u017eov\u00e1n za jeden z nejlep\u0161\u00edch EDC no\u017e\u016f na sv\u011bt\u011b d\u00edky ide\u00e1ln\u00edm proporc\u00edm, v\u00fdborn\u00e9 kontrole p\u0159i \u0159ezu a bezpe\u010dn\u00e9 manipulaci.<\/p>\n<p data-start=\"1101\" data-end=\"1413\">\u010cepel z modern\u00ed pr\u00e1\u0161kov\u00e9 oceli <strong data-start=\"1132\" data-end=\"1148\">CPM MagnaCut<\/strong> nab\u00edz\u00ed v\u00fdjime\u010dnou kombinaci <strong data-start=\"1177\" data-end=\"1256\">vysok\u00e9 hou\u017eevnatosti, dlouh\u00e9 v\u00fddr\u017ee ost\u0159\u00ed a extr\u00e9mn\u00ed odolnosti proti korozi<\/strong>. D\u00edky tomu je ide\u00e1ln\u00ed volbou pro Salt edici a pou\u017eit\u00ed v prost\u0159ed\u00ed, kde b\u011b\u017en\u00e9 oceli selh\u00e1vaj\u00ed. Satin povrch podtrhuje \u010dist\u00fd vzhled a pracovn\u00ed charakter no\u017ee.<\/p>\n<p data-start=\"1415\" data-end=\"1643\">Rukoje\u0165 z <strong data-start=\"1425\" data-end=\"1433\">G-10<\/strong> v kontrastn\u00edm \u017eluto-\u010dern\u00e9m proveden\u00ed poskytuje pevn\u00fd a jist\u00fd \u00fachop i v mokr\u00fdch podm\u00ednk\u00e1ch. V\u00fdrazn\u00e1 \u017elut\u00e1 barva zvy\u0161uje viditelnost no\u017ee v ter\u00e9nu, zat\u00edmco \u010dern\u00e9 vrstvy dod\u00e1vaj\u00ed no\u017ei technick\u00fd a vyv\u00e1\u017een\u00fd vzhled.<\/p>\n<p data-start=\"1645\" data-end=\"1773\">Compression Lock umo\u017e\u0148uje <strong data-start=\"1671\" data-end=\"1724\">rychl\u00e9, bezpe\u010dn\u00e9 a pohodln\u00e9 ovl\u00e1d\u00e1n\u00ed jednou rukou<\/strong>, a to bez nutnosti vkl\u00e1dat prsty do dr\u00e1hy ost\u0159\u00ed.<\/p>\n<hr data-start=\"1775\" data-end=\"1778\" \/>\n<h2 data-start=\"1780\" data-end=\"1795\">\ud83c\udfed O v\u00fdrobci<\/h2>\n<p data-start=\"1796\" data-end=\"2040\">Spyderco pat\u0159\u00ed mezi absolutn\u00ed \u0161pi\u010dku v oblasti kapesn\u00edch no\u017e\u016f. Zna\u010dka je zn\u00e1m\u00e1 d\u016frazem na ergonomii, inovace a re\u00e1ln\u00e9 pou\u017eit\u00ed v praxi. Model Paramilitary 2 je ikonou modern\u00edho EDC a verze Salt s ocel\u00ed MagnaCut posouv\u00e1 jeho schopnosti je\u0161t\u011b d\u00e1l.<\/p>\n<hr data-start=\"2042\" data-end=\"2045\" \/>\n<h2 data-start=\"2047\" data-end=\"2074\">\u2699\ufe0f Technick\u00e9 specifikace<\/h2>\n<div class=\"TyagGW_tableContainer\">\n<div class=\"group TyagGW_tableWrapper flex flex-col-reverse w-fit\" tabindex=\"-1\">\n<table class=\"w-fit min-w-(--thread-content-width)\" data-start=\"2075\" data-end=\"2612\">\n<thead data-start=\"2075\" data-end=\"2097\">\n<tr data-start=\"2075\" data-end=\"2097\">\n<th data-start=\"2075\" data-end=\"2086\" data-col-size=\"sm\">Parametr<\/th>\n<th data-start=\"2086\" data-end=\"2097\" data-col-size=\"md\">Hodnota<\/th>\n<\/tr>\n<\/thead>\n<tbody data-start=\"2118\" data-end=\"2612\">\n<tr data-start=\"2118\" data-end=\"2171\">\n<td data-start=\"2118\" data-end=\"2126\" data-col-size=\"sm\">Model<\/td>\n<td data-start=\"2126\" data-end=\"2171\" data-col-size=\"md\">Spyderco Paramilitary 2 Salt C81GBKYLMCP2<\/td>\n<\/tr>\n<tr data-start=\"2172\" data-end=\"2194\">\n<td data-start=\"2172\" data-end=\"2178\" data-col-size=\"sm\">Typ<\/td>\n<td data-start=\"2178\" data-end=\"2194\" data-col-size=\"md\">Zav\u00edrac\u00ed n\u016f\u017e<\/td>\n<\/tr>\n<tr data-start=\"2195\" data-end=\"2226\">\n<td data-start=\"2195\" data-end=\"2211\" data-col-size=\"sm\">Celkov\u00e1 d\u00e9lka<\/td>\n<td data-start=\"2211\" data-end=\"2226\" data-col-size=\"md\">cca 21,0 cm<\/td>\n<\/tr>\n<tr data-start=\"2227\" data-end=\"2256\">\n<td data-start=\"2227\" data-end=\"2242\" data-col-size=\"sm\">D\u00e9lka \u010depele<\/td>\n<td data-start=\"2242\" data-end=\"2256\" data-col-size=\"md\">cca 8,7 cm<\/td>\n<\/tr>\n<tr data-start=\"2257\" data-end=\"2289\">\n<td data-start=\"2257\" data-end=\"2275\" data-col-size=\"sm\">Tlou\u0161\u0165ka \u010depele<\/td>\n<td data-start=\"2275\" data-end=\"2289\" data-col-size=\"md\">cca 3,7 mm<\/td>\n<\/tr>\n<tr data-start=\"2290\" data-end=\"2324\">\n<td data-start=\"2290\" data-end=\"2308\" data-col-size=\"sm\">Materi\u00e1l \u010depele<\/td>\n<td data-start=\"2308\" data-end=\"2324\" data-col-size=\"md\">CPM MagnaCut<\/td>\n<\/tr>\n<tr data-start=\"2325\" data-end=\"2353\">\n<td data-start=\"2325\" data-end=\"2339\" data-col-size=\"sm\">Tvar \u010depele<\/td>\n<td data-start=\"2339\" data-end=\"2353\" data-col-size=\"md\">Drop Point<\/td>\n<\/tr>\n<tr data-start=\"2354\" data-end=\"2382\">\n<td data-start=\"2354\" data-end=\"2363\" data-col-size=\"sm\">V\u00fdbrus<\/td>\n<td data-start=\"2363\" data-end=\"2382\" data-col-size=\"md\">Full Flat Grind<\/td>\n<\/tr>\n<tr data-start=\"2383\" data-end=\"2408\">\n<td data-start=\"2383\" data-end=\"2399\" data-col-size=\"sm\">Povrch \u010depele<\/td>\n<td data-start=\"2399\" data-end=\"2408\" data-col-size=\"md\">Satin<\/td>\n<\/tr>\n<tr data-start=\"2409\" data-end=\"2443\">\n<td data-start=\"2409\" data-end=\"2419\" data-col-size=\"sm\">Rukoje\u0165<\/td>\n<td data-start=\"2419\" data-end=\"2443\" data-col-size=\"md\">G-10 \u2013 \u017elut\u00e1 \/ \u010dern\u00e1<\/td>\n<\/tr>\n<tr data-start=\"2444\" data-end=\"2472\">\n<td data-start=\"2444\" data-end=\"2452\" data-col-size=\"sm\">Z\u00e1mek<\/td>\n<td data-start=\"2452\" data-end=\"2472\" data-col-size=\"md\">Compression Lock<\/td>\n<\/tr>\n<tr data-start=\"2473\" data-end=\"2510\">\n<td data-start=\"2473\" data-end=\"2485\" data-col-size=\"sm\">Otev\u00edr\u00e1n\u00ed<\/td>\n<td data-start=\"2485\" data-end=\"2510\" data-col-size=\"md\">Kulat\u00fd otvor Spyderco<\/td>\n<\/tr>\n<tr data-start=\"2511\" data-end=\"2554\">\n<td data-start=\"2511\" data-end=\"2518\" data-col-size=\"sm\">Klip<\/td>\n<td data-start=\"2518\" data-end=\"2554\" data-col-size=\"md\">\u010cty\u0159polohov\u00fd \u2013 tip-up \/ tip-down<\/td>\n<\/tr>\n<tr data-start=\"2555\" data-end=\"2579\">\n<td data-start=\"2555\" data-end=\"2566\" data-col-size=\"sm\">Hmotnost<\/td>\n<td data-start=\"2566\" data-end=\"2579\" data-col-size=\"md\">cca 111 g<\/td>\n<\/tr>\n<tr data-start=\"2580\" data-end=\"2612\">\n<td data-start=\"2580\" data-end=\"2589\" data-col-size=\"sm\">V\u00fdroba<\/td>\n<td data-start=\"2589\" data-end=\"2612\" data-col-size=\"md\">Precizn\u00ed zpracov\u00e1n\u00ed<\/td>\n<\/tr>\n<\/tbody>\n<\/table>\n<\/div>\n<\/div>\n<hr data-start=\"2614\" data-end=\"2617\" \/>\n<h2 data-start=\"2619\" data-end=\"2637\">\u2705 Hlavn\u00ed v\u00fdhody<\/h2>\n<p data-start=\"2638\" data-end=\"2929\">CPM MagnaCut \u2013 \u0161pi\u010dkov\u00e1 odolnost proti korozi a vysok\u00e1 hou\u017eevnatost<br data-start=\"2705\" data-end=\"2708\" \/>Legend\u00e1rn\u00ed ergonomie PM2 \u2013 maxim\u00e1ln\u00ed kontrola p\u0159i \u0159ezu<br data-start=\"2762\" data-end=\"2765\" \/>Compression Lock \u2013 siln\u00fd, bezpe\u010dn\u00fd a pohodln\u00fd z\u00e1mek<br data-start=\"2816\" data-end=\"2819\" \/>G-10 rukoje\u0165 \u2013 jist\u00fd \u00fachop i v mokr\u00fdch podm\u00ednk\u00e1ch<br data-start=\"2868\" data-end=\"2871\" \/>Salt edice \u2013 ide\u00e1ln\u00ed pro vodu, vlhko a n\u00e1ro\u010dn\u00e9 prost\u0159ed\u00ed<\/p>\n<hr data-start=\"2931\" data-end=\"2934\" \/>\n<h2 data-start=\"2936\" data-end=\"2955\">\u26a0\ufe0f Mo\u017en\u00e1 omezen\u00ed<\/h2>\n<p data-start=\"2956\" data-end=\"3111\">V\u011bt\u0161\u00ed rozm\u011bry \u2013 nemus\u00ed vyhovovat milovn\u00edk\u016fm kompaktn\u00edch no\u017e\u016f<br data-start=\"3016\" data-end=\"3019\" \/>Pr\u00e9miov\u00e1 ocel \u2013 vy\u0161\u0161\u00ed po\u0159izovac\u00ed cena<br data-start=\"3056\" data-end=\"3059\" \/>V\u00fdrazn\u00e1 barevnost je sp\u00ed\u0161e praktick\u00e1 ne\u017e nen\u00e1padn\u00e1<\/p>\n<hr data-start=\"3113\" data-end=\"3116\" \/>\n<h2 data-start=\"3118\" data-end=\"3138\">\ud83d\udee0\ufe0f \u00dadr\u017eba a p\u00e9\u010de<\/h2>\n<p data-start=\"3139\" data-end=\"3321\">Po pou\u017eit\u00ed \u010depel opl\u00e1chni nebo osu\u0161\u00ed, zejm\u00e9na po kontaktu s vodou nebo sol\u00ed.<br data-start=\"3215\" data-end=\"3218\" \/>Pravideln\u011b kontroluj chod Compression Locku a \u010depu.<br data-start=\"3269\" data-end=\"3272\" \/>Rukoje\u0165 G-10 lze \u010distit jemn\u00fdm kart\u00e1\u010dkem a vodou.<\/p>\n<hr data-start=\"3323\" data-end=\"3326\" \/>\n<h2 data-start=\"3328\" data-end=\"3364\">\ud83d\udd2a Pro udr\u017een\u00ed ost\u0159\u00ed doporu\u010dujeme<\/h2>\n<p data-start=\"3365\" data-end=\"3551\">Pro zachov\u00e1n\u00ed maxim\u00e1ln\u00edho v\u00fdkonu ocele <strong data-start=\"3404\" data-end=\"3420\">CPM MagnaCut<\/strong> doporu\u010dujeme pou\u017e\u00edvat brusn\u00e9 syst\u00e9my s pevn\u011b veden\u00fdm \u00fahlem, kter\u00e9 zajist\u00ed spr\u00e1vnou geometrii ost\u0159\u00ed bez zbyte\u010dn\u00e9ho \u00fab\u011bru materi\u00e1lu.<\/p>\n<p data-start=\"3553\" data-end=\"3730\">Velmi vhodnou volbou je <strong data-start=\"3577\" data-end=\"3643\">Spyderco Tri-Angle Sharpmaker Complete Sharpening System 204MF<\/strong>, kter\u00fd umo\u017e\u0148uje bezpe\u010dn\u00e9, konzistentn\u00ed a p\u0159esn\u00e9 brou\u0161en\u00ed i modern\u00edch pr\u00e1\u0161kov\u00fdch ocel\u00ed.<\/p>\n<hr data-start=\"3732\" data-end=\"3735\" \/>\n<h2 data-start=\"3737\" data-end=\"3757\">\ud83c\udfaf Doporu\u010deno pro<\/h2>\n<p data-start=\"3758\" data-end=\"3942\">ka\u017edodenn\u00ed EDC no\u0161en\u00ed<br data-start=\"3779\" data-end=\"3782\" \/>outdoor a taktick\u00e9 pou\u017eit\u00ed<br data-start=\"3808\" data-end=\"3811\" \/>pobyt u vody, ryba\u0159en\u00ed, pob\u0159e\u017en\u00ed prost\u0159ed\u00ed<br data-start=\"3853\" data-end=\"3856\" \/>u\u017eivatele hledaj\u00edc\u00ed maxim\u00e1ln\u00ed odolnost a v\u00fdkon<br data-start=\"3902\" data-end=\"3905\" \/>fanou\u0161ky ikonick\u00fdch model\u016f Spyderco<\/p>\n<hr data-start=\"3944\" data-end=\"3947\" \/>\n<h2 data-start=\"3949\" data-end=\"3973\">\u2b50 Z\u00e1v\u011bre\u010dn\u00e9 hodnocen\u00ed<\/h2>\n<p data-start=\"3974\" data-end=\"4296\"><strong data-start=\"3974\" data-end=\"4032\">Spyderco Paramilitary 2 Salt CPM-MagnaCut C81GBKYLMCP2<\/strong> je \u0161pi\u010dkov\u00fd, extr\u00e9mn\u011b odoln\u00fd a dokonale ergonomick\u00fd zav\u00edrac\u00ed n\u016f\u017e, kter\u00fd exceluje v n\u00e1ro\u010dn\u00fdch podm\u00ednk\u00e1ch a p\u0159itom z\u016fst\u00e1v\u00e1 plnohodnotn\u00fdm EDC n\u00e1strojem. Spojen\u00ed legend\u00e1rn\u00edho designu PM2 s modern\u00ed ocel\u00ed MagnaCut z n\u011bj d\u011bl\u00e1 <strong data-start=\"4252\" data-end=\"4295\">jednu z nejlep\u0161\u00edch Salt variant na trhu<\/strong>.<\/p>\n<p data-start=\"4298\" data-end=\"4367\">Paramilitary 2 Salt \u2013 <strong data-start=\"4320\" data-end=\"4363\">jistota, v\u00fdkon a odolnost v ka\u017ed\u00e9m \u0159ezu<\/strong>. \ud83d\udd2a<\/p>\n","protected":false},"excerpt":{"rendered":"<p data-start=\"3974\" data-end=\"4296\"><strong>Spyderco Paramilitary 2 Salt CPM-MagnaCut C81GBKYLMCP2 je \u0161pi\u010dkov\u00fd, extr\u00e9mn\u011b odoln\u00fd a dokonale ergonomick\u00fd zav\u00edrac\u00ed n\u016f\u017e, kter\u00fd exceluje v n\u00e1ro\u010dn\u00fdch podm\u00ednk\u00e1ch a p\u0159itom z\u016fst\u00e1v\u00e1 plnohodnotn\u00fdm EDC n\u00e1strojem. Spojen\u00ed legend\u00e1rn\u00edho designu PM2 s modern\u00ed ocel\u00ed MagnaCut z n\u011bj d\u011bl\u00e1 jednu z nejlep\u0161\u00edch Salt variant na trhu.<\/strong><\/p>\n<p data-start=\"4298\" data-end=\"4367\"><strong>Paramilitary 2 Salt \u2013 jistota, v\u00fdkon a odolnost v ka\u017ed\u00e9m \u0159ezu. \ud83d\udd2a<\/strong><\/p>\n<p data-start=\"4298\" data-end=\"4367\"><strong>Doprava zdarma.<\/strong><\/p>\n","protected":false},"featured_media":434362,"comment_status":"open","ping_status":"closed","template":"","meta":[],"pwb-brand":[567],"product_brand":[],"product_cat":[22,17],"product_tag":[],"class_list":{"0":"post-434361","1":"product","2":"type-product","3":"status-publish","4":"has-post-thumbnail","6":"pwb-brand-spyderco","7":"product_cat-zaviraci-noze","8":"product_cat-noze","10":"first","11":"instock","12":"taxable","13":"shipping-taxable","14":"purchasable","15":"product-type-simple"},"brands":[{"id":567,"name":"Spyderco","slug":"spyderco"}],"_links":{"self":[{"href":"https:\/\/www.moskito.cz\/sk\/wp-json\/wp\/v2\/product\/434361","targetHints":{"allow":["GET"]}}],"collection":[{"href":"https:\/\/www.moskito.cz\/sk\/wp-json\/wp\/v2\/product"}],"about":[{"href":"https:\/\/www.moskito.cz\/sk\/wp-json\/wp\/v2\/types\/product"}],"replies":[{"embeddable":true,"href":"https:\/\/www.moskito.cz\/sk\/wp-json\/wp\/v2\/comments?post=434361"}],"wp:featuredmedia":[{"embeddable":true,"href":"https:\/\/www.moskito.cz\/sk\/wp-json\/wp\/v2\/media\/434362"}],"wp:attachment":[{"href":"https:\/\/www.moskito.cz\/sk\/wp-json\/wp\/v2\/media?parent=434361"}],"wp:term":[{"taxonomy":"pwb-brand","embeddable":true,"href":"https:\/\/www.moskito.cz\/sk\/wp-json\/wp\/v2\/pwb-brand?post=434361"},{"taxonomy":"product_brand","embeddable":true,"href":"https:\/\/www.moskito.cz\/sk\/wp-json\/wp\/v2\/product_brand?post=434361"},{"taxonomy":"product_cat","embeddable":true,"href":"https:\/\/www.moskito.cz\/sk\/wp-json\/wp\/v2\/product_cat?post=434361"},{"taxonomy":"product_tag","embeddable":true,"href":"https:\/\/www.moskito.cz\/sk\/wp-json\/wp\/v2\/product_tag?post=434361"}],"curies":[{"name":"wp","href":"https:\/\/api.w.org\/{rel}","templated":true}]}}