{"id":434990,"date":"2026-02-02T19:00:25","date_gmt":"2026-02-02T18:00:25","guid":{"rendered":"https:\/\/www.moskito.cz\/?post_type=product&#038;p=434990"},"modified":"2026-02-02T19:12:35","modified_gmt":"2026-02-02T18:12:35","slug":"zaviraci-nuz-spyderco-native-5-c41gpbn15v5","status":"publish","type":"product","link":"https:\/\/www.moskito.cz\/sk\/produkt\/zaviraci-nuz-spyderco-native-5-c41gpbn15v5\/","title":{"rendered":"Zav\u00edrac\u00ed N\u016f\u017e Spyderco Native 5 C41GPBN15V5"},"content":{"rendered":"<h2 data-start=\"149\" data-end=\"226\">Zav\u00edrac\u00ed n\u016f\u017e Spyderco Native 5 CPM 15V C41GPBN15V5 Brown G-10 \u2013 Sprint Run<\/h2>\n<p data-start=\"228\" data-end=\"519\">Jakmile vezme\u0161 do ruky <strong data-start=\"251\" data-end=\"320\">Spyderco Native 5 s hn\u011bdou rukojet\u00ed G-10 a \u010depel\u00ed z oceli CPM-15V<\/strong>, okam\u017eit\u011b poc\u00edt\u00ed\u0161, \u017ee dr\u017e\u00ed\u0161 v ruce pr\u00e9miov\u00fd EDC n\u016f\u017e. Tento model spojuje osv\u011bd\u010den\u00fd ergonomick\u00fd design \u0159ady Native 5 s extr\u00e9mn\u011b v\u00fdkonnou ocel\u00ed a sb\u011bratelskou hodnotou limitovan\u00e9 edice <strong data-start=\"504\" data-end=\"518\">Sprint Run<\/strong>.<\/p>\n<p data-start=\"521\" data-end=\"701\">Native 5 je ur\u010den pro u\u017eivatele, kte\u0159\u00ed cht\u011bj\u00ed <strong data-start=\"567\" data-end=\"629\">kompaktn\u00ed, maxim\u00e1ln\u011b funk\u010dn\u00ed a vysoce v\u00fdkonn\u00fd zav\u00edrac\u00ed n\u016f\u017e<\/strong>, kter\u00fd obstoj\u00ed v ka\u017edodenn\u00edm no\u0161en\u00ed i p\u0159i n\u00e1ro\u010dn\u011bj\u0161\u00edch \u0159ezn\u00fdch \u00fakolech.<\/p>\n<hr data-start=\"703\" data-end=\"706\" \/>\n<h2 data-start=\"708\" data-end=\"732\">Charakter a filozofie<\/h2>\n<p data-start=\"734\" data-end=\"977\">Spyderco Native 5 byl navr\u017een s jasn\u00fdm c\u00edlem \u2013 <strong data-start=\"781\" data-end=\"835\">jednoduchost, bezpe\u010dnost a maxim\u00e1ln\u00ed kontrola \u0159ezu<\/strong>. Nejde o n\u016f\u017e, kter\u00fd by se sna\u017eil zaujmout extravaganc\u00ed. Je to n\u00e1stroj, kter\u00fd si t\u011b z\u00edsk\u00e1 svou prakti\u010dnost\u00ed a v\u00fdkonem p\u0159i skute\u010dn\u00e9m pou\u017e\u00edv\u00e1n\u00ed.<\/p>\n<p data-start=\"979\" data-end=\"1273\">\u010cepel je vyrobena z pr\u00e1\u0161kov\u00e9 oceli <strong data-start=\"1014\" data-end=\"1025\">CPM-15V<\/strong>, zn\u00e1m\u00e9 extr\u00e9mn\u00ed odolnost\u00ed proti opot\u0159eben\u00ed a mimo\u0159\u00e1dn\u011b dlouhou v\u00fddr\u017e\u00ed ost\u0159\u00ed. D\u00edky vysok\u00e9mu obsahu vanadu pat\u0159\u00ed tato ocel mezi absolutn\u00ed \u0161pi\u010dku v oblasti \u0159ezn\u00e9ho v\u00fdkonu. Je ide\u00e1ln\u00ed pro u\u017eivatele, kte\u0159\u00ed cht\u011bj\u00ed ost\u0159\u00ed, je\u017e vydr\u017e\u00ed \u0159ezat opravdu dlouho.<\/p>\n<p data-start=\"1275\" data-end=\"1437\">Tvar \u010depele typu <strong data-start=\"1292\" data-end=\"1307\">Leaf-Shaped<\/strong> s ploch\u00fdm v\u00fdbrusem nab\u00edz\u00ed v\u00fdbornou v\u0161estrannost, plynul\u00fd pr\u016fchod materi\u00e1lem a vysokou kontrolu p\u0159i p\u0159esn\u00fdch i silov\u011bj\u0161\u00edch \u0159ezech.<\/p>\n<p data-start=\"1439\" data-end=\"1634\">Rukoje\u0165 z <strong data-start=\"1449\" data-end=\"1463\">hn\u011bd\u00e9 G-10<\/strong> je pevn\u00e1, odoln\u00e1 a d\u00edky v\u00fdrazn\u00e9 textu\u0159e poskytuje jist\u00fd \u00fachop i v hor\u0161\u00edch podm\u00ednk\u00e1ch. Ergonomick\u00fd tvar skv\u011ble sed\u00ed v ruce a umo\u017e\u0148uje pohodln\u00e9 pou\u017e\u00edv\u00e1n\u00ed i p\u0159i del\u0161\u00ed pr\u00e1ci.<\/p>\n<p data-start=\"1636\" data-end=\"1859\">O bezpe\u010dn\u00e9 zaji\u0161t\u011bn\u00ed \u010depele se star\u00e1 osv\u011bd\u010den\u00fd <strong data-start=\"1683\" data-end=\"1696\">Back Lock<\/strong>, kter\u00fd je zn\u00e1m\u00fd svou spolehlivost\u00ed a pevnost\u00ed. Typick\u00fd kulat\u00fd otvor Spyderco umo\u017e\u0148uje rychl\u00e9 a intuitivn\u00ed otev\u0159en\u00ed jednou rukou, a to jak pro prav\u00e1ky, tak lev\u00e1ky.<\/p>\n<hr data-start=\"1861\" data-end=\"1864\" \/>\n<h2 data-start=\"1866\" data-end=\"1881\">\ud83c\udfed O v\u00fdrobci<\/h2>\n<p data-start=\"1883\" data-end=\"2157\">Spyderco pat\u0159\u00ed mezi nejrespektovan\u011bj\u0161\u00ed zna\u010dky v no\u017e\u00ed\u0159sk\u00e9m sv\u011bt\u011b. Je zn\u00e1m\u00e9 d\u016frazem na ergonomii, funk\u010dn\u00ed design a re\u00e1lnou pou\u017eitelnost. \u0158ada <strong data-start=\"2023\" data-end=\"2033\">Native<\/strong> je dlouhodob\u011b pova\u017eov\u00e1na za etalon mezi EDC zav\u00edrac\u00edmi no\u017ei a verze CPM-15V Sprint Run p\u0159edstavuje jej\u00ed pr\u00e9miov\u00e9 proveden\u00ed.<\/p>\n<hr data-start=\"2159\" data-end=\"2162\" \/>\n<h2 data-start=\"2164\" data-end=\"2191\">\u2699\ufe0f Technick\u00e9 specifikace<\/h2>\n<div class=\"TyagGW_tableContainer\">\n<div class=\"group TyagGW_tableWrapper flex flex-col-reverse w-fit\" tabindex=\"-1\">\n<table class=\"w-fit min-w-(--thread-content-width)\" data-start=\"2193\" data-end=\"2743\">\n<thead data-start=\"2193\" data-end=\"2215\">\n<tr data-start=\"2193\" data-end=\"2215\">\n<th data-start=\"2193\" data-end=\"2204\" data-col-size=\"sm\">Parametr<\/th>\n<th data-start=\"2204\" data-end=\"2215\" data-col-size=\"md\">Hodnota<\/th>\n<\/tr>\n<\/thead>\n<tbody data-start=\"2236\" data-end=\"2743\">\n<tr data-start=\"2236\" data-end=\"2298\">\n<td data-start=\"2236\" data-end=\"2244\" data-col-size=\"sm\">Model<\/td>\n<td data-start=\"2244\" data-end=\"2298\" data-col-size=\"md\">Spyderco Native 5 CPM-15V Sprint Run (C41GPBN15V5)<\/td>\n<\/tr>\n<tr data-start=\"2299\" data-end=\"2321\">\n<td data-start=\"2299\" data-end=\"2305\" data-col-size=\"sm\">Typ<\/td>\n<td data-start=\"2305\" data-end=\"2321\" data-col-size=\"md\">Zav\u00edrac\u00ed n\u016f\u017e<\/td>\n<\/tr>\n<tr data-start=\"2322\" data-end=\"2352\">\n<td data-start=\"2322\" data-end=\"2338\" data-col-size=\"sm\">Celkov\u00e1 d\u00e9lka<\/td>\n<td data-start=\"2338\" data-end=\"2352\" data-col-size=\"md\">cca 177 mm<\/td>\n<\/tr>\n<tr data-start=\"2353\" data-end=\"2381\">\n<td data-start=\"2353\" data-end=\"2368\" data-col-size=\"sm\">D\u00e9lka \u010depele<\/td>\n<td data-start=\"2368\" data-end=\"2381\" data-col-size=\"md\">cca 75 mm<\/td>\n<\/tr>\n<tr data-start=\"2382\" data-end=\"2414\">\n<td data-start=\"2382\" data-end=\"2400\" data-col-size=\"sm\">Tlou\u0161\u0165ka \u010depele<\/td>\n<td data-start=\"2400\" data-end=\"2414\" data-col-size=\"md\">cca 3,2 mm<\/td>\n<\/tr>\n<tr data-start=\"2415\" data-end=\"2444\">\n<td data-start=\"2415\" data-end=\"2433\" data-col-size=\"sm\">Materi\u00e1l \u010depele<\/td>\n<td data-start=\"2433\" data-end=\"2444\" data-col-size=\"md\">CPM-15V<\/td>\n<\/tr>\n<tr data-start=\"2445\" data-end=\"2474\">\n<td data-start=\"2445\" data-end=\"2459\" data-col-size=\"sm\">Tvar \u010depele<\/td>\n<td data-start=\"2459\" data-end=\"2474\" data-col-size=\"md\">Leaf-Shaped<\/td>\n<\/tr>\n<tr data-start=\"2475\" data-end=\"2503\">\n<td data-start=\"2475\" data-end=\"2484\" data-col-size=\"sm\">V\u00fdbrus<\/td>\n<td data-start=\"2484\" data-end=\"2503\" data-col-size=\"md\">Full Flat Grind<\/td>\n<\/tr>\n<tr data-start=\"2504\" data-end=\"2529\">\n<td data-start=\"2504\" data-end=\"2520\" data-col-size=\"sm\">Povrch \u010depele<\/td>\n<td data-start=\"2520\" data-end=\"2529\" data-col-size=\"md\">sat\u00e9n<\/td>\n<\/tr>\n<tr data-start=\"2530\" data-end=\"2548\">\n<td data-start=\"2530\" data-end=\"2538\" data-col-size=\"sm\">Hrana<\/td>\n<td data-start=\"2538\" data-end=\"2548\" data-col-size=\"md\">hladk\u00e1<\/td>\n<\/tr>\n<tr data-start=\"2549\" data-end=\"2575\">\n<td data-start=\"2549\" data-end=\"2559\" data-col-size=\"sm\">Rukoje\u0165<\/td>\n<td data-start=\"2559\" data-end=\"2575\" data-col-size=\"md\">G-10 \u2013 hn\u011bd\u00e1<\/td>\n<\/tr>\n<tr data-start=\"2576\" data-end=\"2597\">\n<td data-start=\"2576\" data-end=\"2584\" data-col-size=\"sm\">Z\u00e1mek<\/td>\n<td data-start=\"2584\" data-end=\"2597\" data-col-size=\"md\">Back Lock<\/td>\n<\/tr>\n<tr data-start=\"2598\" data-end=\"2635\">\n<td data-start=\"2598\" data-end=\"2610\" data-col-size=\"sm\">Otev\u00edr\u00e1n\u00ed<\/td>\n<td data-start=\"2610\" data-end=\"2635\" data-col-size=\"md\">kulat\u00fd otvor Spyderco<\/td>\n<\/tr>\n<tr data-start=\"2636\" data-end=\"2673\">\n<td data-start=\"2636\" data-end=\"2643\" data-col-size=\"sm\">Klip<\/td>\n<td data-start=\"2643\" data-end=\"2673\" data-col-size=\"md\">4polohov\u00fd (prav\u00e1k \/ lev\u00e1k)<\/td>\n<\/tr>\n<tr data-start=\"2674\" data-end=\"2697\">\n<td data-start=\"2674\" data-end=\"2685\" data-col-size=\"sm\">Hmotnost<\/td>\n<td data-start=\"2685\" data-end=\"2697\" data-col-size=\"md\">cca 89 g<\/td>\n<\/tr>\n<tr data-start=\"2698\" data-end=\"2743\">\n<td data-start=\"2698\" data-end=\"2710\" data-col-size=\"sm\">Kategorie<\/td>\n<td data-start=\"2710\" data-end=\"2743\" data-col-size=\"md\">EDC zav\u00edrac\u00ed n\u016f\u017e \/ Sprint Run<\/td>\n<\/tr>\n<\/tbody>\n<\/table>\n<\/div>\n<\/div>\n<hr data-start=\"2745\" data-end=\"2748\" \/>\n<h2 data-start=\"2750\" data-end=\"2768\">\u2705 Hlavn\u00ed v\u00fdhody<\/h2>\n<ul data-start=\"2770\" data-end=\"2998\">\n<li data-start=\"2770\" data-end=\"2809\">\n<p data-start=\"2772\" data-end=\"2809\">CPM-15V ocel \u2013 extr\u00e9mn\u00ed v\u00fddr\u017e ost\u0159\u00ed<\/p>\n<\/li>\n<li data-start=\"2810\" data-end=\"2867\">\n<p data-start=\"2812\" data-end=\"2867\">Ergonomick\u00fd design Native 5 \u2013 maxim\u00e1ln\u00ed kontrola \u0159ezu<\/p>\n<\/li>\n<li data-start=\"2868\" data-end=\"2908\">\n<p data-start=\"2870\" data-end=\"2908\">Odoln\u00e1 rukoje\u0165 G-10 s jist\u00fdm \u00fachopem<\/p>\n<\/li>\n<li data-start=\"2909\" data-end=\"2944\">\n<p data-start=\"2911\" data-end=\"2944\">Bezpe\u010dn\u00fd a spolehliv\u00fd Back Lock<\/p>\n<\/li>\n<li data-start=\"2945\" data-end=\"2998\">\n<p data-start=\"2947\" data-end=\"2998\">Limitovan\u00e1 edice Sprint Run \u2013 sb\u011bratelsk\u00e1 hodnota<\/p>\n<\/li>\n<\/ul>\n<hr data-start=\"3000\" data-end=\"3003\" \/>\n<h2 data-start=\"3005\" data-end=\"3024\">\u26a0\ufe0f Mo\u017en\u00e1 omezen\u00ed<\/h2>\n<ul data-start=\"3026\" data-end=\"3166\">\n<li data-start=\"3026\" data-end=\"3068\">\n<p data-start=\"3028\" data-end=\"3068\">Ocel CPM-15V je n\u00e1ro\u010dn\u011bj\u0161\u00ed na brou\u0161en\u00ed<\/p>\n<\/li>\n<li data-start=\"3069\" data-end=\"3118\">\n<p data-start=\"3071\" data-end=\"3118\">Vy\u0161\u0161\u00ed cena oproti standardn\u00edm verz\u00edm Native 5<\/p>\n<\/li>\n<li data-start=\"3119\" data-end=\"3166\">\n<p data-start=\"3121\" data-end=\"3166\">Zam\u011b\u0159eno v\u00edce na v\u00fdkon ne\u017e na designov\u00e9 EDC<\/p>\n<\/li>\n<\/ul>\n<hr data-start=\"3168\" data-end=\"3171\" \/>\n<h2 data-start=\"3173\" data-end=\"3193\">\ud83d\udee0\ufe0f \u00dadr\u017eba a p\u00e9\u010de<\/h2>\n<ul data-start=\"3195\" data-end=\"3318\">\n<li data-start=\"3195\" data-end=\"3230\">\n<p data-start=\"3197\" data-end=\"3230\">Po pou\u017eit\u00ed \u010depel o\u010disti a osu\u0161i<\/p>\n<\/li>\n<li data-start=\"3231\" data-end=\"3266\">\n<p data-start=\"3233\" data-end=\"3266\">Pravideln\u011b kontroluj chod z\u00e1mku<\/p>\n<\/li>\n<li data-start=\"3267\" data-end=\"3318\">\n<p data-start=\"3269\" data-end=\"3318\">K brou\u0161en\u00ed pou\u017e\u00edvej diamantov\u00e9 nebo CBN brusivo<\/p>\n<\/li>\n<\/ul>\n<hr data-start=\"3320\" data-end=\"3323\" \/>\n<h2 data-start=\"3325\" data-end=\"3345\">\ud83c\udfaf Doporu\u010deno pro<\/h2>\n<ul data-start=\"3347\" data-end=\"3503\">\n<li data-start=\"3347\" data-end=\"3372\">\n<p data-start=\"3349\" data-end=\"3372\">n\u00e1ro\u010dn\u00e9 EDC u\u017eivatele<\/p>\n<\/li>\n<li data-start=\"3373\" data-end=\"3413\">\n<p data-start=\"3375\" data-end=\"3413\">fanou\u0161ky \u0161pi\u010dkov\u00fdch pr\u00e1\u0161kov\u00fdch ocel\u00ed<\/p>\n<\/li>\n<li data-start=\"3414\" data-end=\"3445\">\n<p data-start=\"3416\" data-end=\"3445\">sb\u011bratele limitovan\u00fdch edic<\/p>\n<\/li>\n<li data-start=\"3446\" data-end=\"3503\">\n<p data-start=\"3448\" data-end=\"3503\">ka\u017ed\u00e9ho, kdo chce kompaktn\u00ed, ale extr\u00e9mn\u011b v\u00fdkonn\u00fd n\u016f\u017e<\/p>\n<\/li>\n<\/ul>\n<hr data-start=\"3505\" data-end=\"3508\" \/>\n<h2 data-start=\"3510\" data-end=\"3534\">\u2b50 Z\u00e1v\u011bre\u010dn\u00e9 hodnocen\u00ed<\/h2>\n<p data-start=\"3536\" data-end=\"3808\"><strong data-start=\"3536\" data-end=\"3587\">Spyderco Native 5 CPM-15V Brown G-10 Sprint Run<\/strong> je d\u016fkazem, \u017ee kompaktn\u00ed zav\u00edrac\u00ed n\u016f\u017e m\u016f\u017ee nab\u00eddnout \u0161pi\u010dkov\u00fd \u0159ezn\u00fd v\u00fdkon, vysokou bezpe\u010dnost a dlouhou \u017eivotnost. D\u00edky pr\u00e9miov\u00e9 oceli, ergonomii a limitovan\u00e9 v\u00fdrob\u011b jde o n\u016f\u017e, kter\u00fd nezklame p\u0159i pou\u017e\u00edv\u00e1n\u00ed ani v kolekci.<\/p>\n<p data-start=\"3810\" data-end=\"3862\">Native 5 \u2013 maxim\u00e1ln\u00ed v\u00fdkon v kompaktn\u00edm balen\u00ed. \ud83d\udd2a\ud83d\udfe4<\/p>\n","protected":false},"excerpt":{"rendered":"<p data-start=\"3536\" data-end=\"3808\"><strong>Spyderco Native 5 CPM-15V Brown G-10 Sprint Run je d\u016fkazem, \u017ee kompaktn\u00ed zav\u00edrac\u00ed n\u016f\u017e m\u016f\u017ee nab\u00eddnout \u0161pi\u010dkov\u00fd \u0159ezn\u00fd v\u00fdkon, vysokou bezpe\u010dnost a dlouhou \u017eivotnost. D\u00edky pr\u00e9miov\u00e9 oceli, ergonomii a limitovan\u00e9 v\u00fdrob\u011b jde o n\u016f\u017e, kter\u00fd nezklame p\u0159i pou\u017e\u00edv\u00e1n\u00ed ani v kolekci.<\/strong><\/p>\n<p data-start=\"3810\" data-end=\"3862\"><strong>Native 5 \u2013 maxim\u00e1ln\u00ed v\u00fdkon v kompaktn\u00edm balen\u00ed. \ud83d\udd2a\ud83d\udfe4<\/strong><\/p>\n<p data-start=\"3810\" data-end=\"3862\"><strong>Doprava zdarma.<\/strong><\/p>\n","protected":false},"featured_media":434991,"comment_status":"open","ping_status":"closed","template":"","meta":[],"pwb-brand":[567],"product_brand":[],"product_cat":[22,17],"product_tag":[],"class_list":{"0":"post-434990","1":"product","2":"type-product","3":"status-publish","4":"has-post-thumbnail","6":"pwb-brand-spyderco","7":"product_cat-zaviraci-noze","8":"product_cat-noze","10":"first","11":"instock","12":"taxable","13":"shipping-taxable","14":"purchasable","15":"product-type-simple"},"brands":[{"id":567,"name":"Spyderco","slug":"spyderco"}],"_links":{"self":[{"href":"https:\/\/www.moskito.cz\/sk\/wp-json\/wp\/v2\/product\/434990","targetHints":{"allow":["GET"]}}],"collection":[{"href":"https:\/\/www.moskito.cz\/sk\/wp-json\/wp\/v2\/product"}],"about":[{"href":"https:\/\/www.moskito.cz\/sk\/wp-json\/wp\/v2\/types\/product"}],"replies":[{"embeddable":true,"href":"https:\/\/www.moskito.cz\/sk\/wp-json\/wp\/v2\/comments?post=434990"}],"wp:featuredmedia":[{"embeddable":true,"href":"https:\/\/www.moskito.cz\/sk\/wp-json\/wp\/v2\/media\/434991"}],"wp:attachment":[{"href":"https:\/\/www.moskito.cz\/sk\/wp-json\/wp\/v2\/media?parent=434990"}],"wp:term":[{"taxonomy":"pwb-brand","embeddable":true,"href":"https:\/\/www.moskito.cz\/sk\/wp-json\/wp\/v2\/pwb-brand?post=434990"},{"taxonomy":"product_brand","embeddable":true,"href":"https:\/\/www.moskito.cz\/sk\/wp-json\/wp\/v2\/product_brand?post=434990"},{"taxonomy":"product_cat","embeddable":true,"href":"https:\/\/www.moskito.cz\/sk\/wp-json\/wp\/v2\/product_cat?post=434990"},{"taxonomy":"product_tag","embeddable":true,"href":"https:\/\/www.moskito.cz\/sk\/wp-json\/wp\/v2\/product_tag?post=434990"}],"curies":[{"name":"wp","href":"https:\/\/api.w.org\/{rel}","templated":true}]}}