{"id":435956,"date":"2026-02-05T13:36:40","date_gmt":"2026-02-05T12:36:40","guid":{"rendered":"https:\/\/www.moskito.cz\/?post_type=product&#038;p=435956"},"modified":"2026-02-05T13:46:18","modified_gmt":"2026-02-05T12:46:18","slug":"zaviraci-nuz-sog-aegis-flk-2-0-sog-14-41-04-43","status":"publish","type":"product","link":"https:\/\/www.moskito.cz\/sk\/produkt\/zaviraci-nuz-sog-aegis-flk-2-0-sog-14-41-04-43\/","title":{"rendered":"Zav\u00edrac\u00ed N\u016f\u017e SOG AEGIS FLK 2.0 SOG-14-41-04-43"},"content":{"rendered":"<h2 data-start=\"0\" data-end=\"86\">Zav\u00edrac\u00ed N\u016f\u017e <strong data-start=\"16\" data-end=\"66\">SOG AEGIS FLK 2.0 Wharncliffe, 440C, Framelock<\/strong> <strong data-start=\"67\" data-end=\"86\">SOG\u201114\u201141\u201104\u201143<\/strong><\/h2>\n<p data-start=\"88\" data-end=\"470\">Jakmile vezme\u0161 do ruky zav\u00edrac\u00ed n\u016f\u017e <strong data-start=\"124\" data-end=\"190\">SOG AEGIS FLK 2.0 Wharncliffe, 440C, Framelock SOG\u201114\u201141\u201104\u201143<\/strong>, okam\u017eit\u011b poc\u00edt\u00ed\u0161, \u017ee dr\u017e\u00ed\u0161 <strong data-start=\"219\" data-end=\"267\">precizn\u011b zpracovan\u00fd a spolehliv\u00fd EDC n\u00e1stroj<\/strong>, navr\u017een\u00fd pro ka\u017edodenn\u00ed \u00fakoly a v\u0161estrann\u00e9 pou\u017eit\u00ed. Tento model nen\u00ed jen dal\u0161\u00edm kapesn\u00edm no\u017eem \u2014 je to <strong data-start=\"372\" data-end=\"404\">praktick\u00fd a funk\u010dn\u00ed pomocn\u00edk<\/strong>, kter\u00fd ti poskytne jistotu p\u0159i b\u011b\u017en\u00fdch i n\u00e1ro\u010dn\u011bj\u0161\u00edch \u010dinnostech.<\/p>\n<p data-start=\"472\" data-end=\"718\">Model <strong data-start=\"478\" data-end=\"507\">AEGIS FLK 2.0 Wharncliffe<\/strong> je ur\u010den pro u\u017eivatele, kte\u0159\u00ed hledaj\u00ed <strong data-start=\"546\" data-end=\"626\">odoln\u00fd zav\u00edrac\u00ed n\u016f\u017e s pevn\u00fdm z\u00e1mkem, kvalitn\u00ed ocel\u00ed a ergonomick\u00fdm ovl\u00e1d\u00e1n\u00edm<\/strong>, ide\u00e1ln\u00ed pro ka\u017edodenn\u00ed no\u0161en\u00ed, outdoor, cestov\u00e1n\u00ed i praktick\u00e9 \u00fakony doma \u010di na pracovi\u0161ti.<\/p>\n<hr data-start=\"720\" data-end=\"723\" \/>\n<p data-start=\"725\" data-end=\"753\">\ud83d\udd25 <strong data-start=\"728\" data-end=\"753\">Charakter a filozofie<\/strong><\/p>\n<p data-start=\"755\" data-end=\"1074\">SOG AEGIS FLK 2.0 Wharncliffe vych\u00e1z\u00ed z tradi\u010dn\u00ed a velmi praktick\u00e9 konstrukce s ost\u0159e definovan\u00fdm tvarem \u010depele <strong data-start=\"867\" data-end=\"882\">Wharncliffe<\/strong>. Tento profil \u010depele poskytuje <strong data-start=\"914\" data-end=\"942\">vynikaj\u00edc\u00ed kontrolu \u0159ezu<\/strong>, zejm\u00e9na p\u0159i precizn\u00edch prac\u00edch a \u0159ez\u00e1n\u00ed t\u011bsn\u011b pod\u00e9l materi\u00e1lu \u2014 ide\u00e1ln\u00ed pro detailn\u00ed \u00fakony, rozbalov\u00e1n\u00ed bal\u00edk\u016f nebo p\u0159esn\u00e9 \u0159ez\u00e1n\u00ed.<\/p>\n<p data-start=\"1076\" data-end=\"1298\">\u010cepel z <strong data-start=\"1084\" data-end=\"1098\">440C oceli<\/strong> nab\u00edz\u00ed vyv\u00e1\u017een\u00e9 vlastnosti mezi tvrdost\u00ed, hou\u017eevnatost\u00ed a odolnost\u00ed proti opot\u0159eben\u00ed. Povrchov\u00e1 \u00faprava \u010depel\u011b dod\u00e1v\u00e1 no\u017ei elegantn\u00ed vzhled a z\u00e1rove\u0148 zvy\u0161uje jeho odolnost v\u016f\u010di ka\u017edodenn\u00edmu pou\u017e\u00edv\u00e1n\u00ed.<\/p>\n<p data-start=\"1300\" data-end=\"1495\">Mechanismus <strong data-start=\"1312\" data-end=\"1325\">Framelock<\/strong> pevn\u011b dr\u017e\u00ed \u010depel v otev\u0159en\u00e9 poloze a zaru\u010duje spolehlivou bezpe\u010dnost p\u0159i \u0159ezu. Otev\u00edr\u00e1n\u00ed jednou rukou je intuitivn\u00ed d\u00edky dob\u0159e navr\u017een\u00e9mu tvaru \u010depele a konstrukci r\u00e1mu.<\/p>\n<p data-start=\"1497\" data-end=\"1686\">Rukoje\u0165 je ergonomicky tvarovan\u00e1 pro <strong data-start=\"1534\" data-end=\"1572\">pevn\u00fd \u00fachop i p\u0159i \u010dast\u00e9m pou\u017e\u00edv\u00e1n\u00ed<\/strong>, a reverzibiln\u00ed kapesn\u00ed klip umo\u017e\u0148uje p\u0159izp\u016fsobit no\u0161en\u00ed podle osobn\u00edch preferenc\u00ed \u2013 a\u0165 u\u017e jsi prav\u00e1k nebo lev\u00e1k.<\/p>\n<hr data-start=\"1688\" data-end=\"1691\" \/>\n<p data-start=\"1693\" data-end=\"1709\">\ud83c\udfed <strong data-start=\"1696\" data-end=\"1709\">O v\u00fdrobci<\/strong><\/p>\n<p data-start=\"1711\" data-end=\"2048\"><strong data-start=\"1711\" data-end=\"1745\">SOG (Specialty Knives &amp; Tools)<\/strong> je renomovan\u00e1 zna\u010dka s dlouholetou tradic\u00ed v\u00fdroby kvalitn\u00edch kapesn\u00edch, taktick\u00fdch a outdoorov\u00fdch no\u017e\u016f. Jejich produkty jsou zn\u00e1m\u00e9 <strong data-start=\"1877\" data-end=\"1960\">spolehliv\u00fdm v\u00fdkonem, kvalitn\u00edmi materi\u00e1ly a promy\u0161len\u00fdmi konstruk\u010dn\u00edmi \u0159e\u0161en\u00edmi<\/strong>, co\u017e je \u010din\u00ed obl\u00edbenou volbou mezi EDC nad\u0161enci, profesion\u00e1ly i outdoorov\u00fdmi u\u017eivateli.<\/p>\n<hr data-start=\"2050\" data-end=\"2053\" \/>\n<p data-start=\"2055\" data-end=\"2083\">\u2699\ufe0f <strong data-start=\"2058\" data-end=\"2083\">Technick\u00e9 specifikace<\/strong><\/p>\n<div class=\"TyagGW_tableContainer\">\n<div class=\"group TyagGW_tableWrapper flex flex-col-reverse w-fit\" tabindex=\"-1\">\n<table class=\"w-fit min-w-(--thread-content-width)\" data-start=\"2085\" data-end=\"2645\">\n<thead data-start=\"2085\" data-end=\"2107\">\n<tr data-start=\"2085\" data-end=\"2107\">\n<th class=\"\" data-start=\"2085\" data-end=\"2096\" data-col-size=\"sm\">Parametr<\/th>\n<th class=\"\" data-start=\"2096\" data-end=\"2107\" data-col-size=\"md\">Hodnota<\/th>\n<\/tr>\n<\/thead>\n<tbody data-start=\"2131\" data-end=\"2645\">\n<tr data-start=\"2131\" data-end=\"2188\">\n<td data-start=\"2131\" data-end=\"2139\" data-col-size=\"sm\">Model<\/td>\n<td data-start=\"2139\" data-end=\"2188\" data-col-size=\"md\">SOG AEGIS FLK 2.0 Wharncliffe SOG\u201114\u201141\u201104\u201143<\/td>\n<\/tr>\n<tr data-start=\"2189\" data-end=\"2217\">\n<td data-start=\"2189\" data-end=\"2195\" data-col-size=\"sm\">Typ<\/td>\n<td data-start=\"2195\" data-end=\"2217\" data-col-size=\"md\">Zav\u00edrac\u00ed n\u016f\u017e \/ EDC<\/td>\n<\/tr>\n<tr data-start=\"2218\" data-end=\"2248\">\n<td data-start=\"2218\" data-end=\"2234\" data-col-size=\"sm\">Celkov\u00e1 d\u00e9lka<\/td>\n<td data-start=\"2234\" data-end=\"2248\" data-col-size=\"md\">cca 195\u202fmm<\/td>\n<\/tr>\n<tr data-start=\"2249\" data-end=\"2277\">\n<td data-start=\"2249\" data-end=\"2264\" data-col-size=\"sm\">D\u00e9lka \u010depele<\/td>\n<td data-start=\"2264\" data-end=\"2277\" data-col-size=\"md\">cca 88\u202fmm<\/td>\n<\/tr>\n<tr data-start=\"2278\" data-end=\"2309\">\n<td data-start=\"2278\" data-end=\"2296\" data-col-size=\"sm\">Materi\u00e1l \u010depele<\/td>\n<td data-start=\"2296\" data-end=\"2309\" data-col-size=\"md\">440C ocel<\/td>\n<\/tr>\n<tr data-start=\"2310\" data-end=\"2339\">\n<td data-start=\"2310\" data-end=\"2324\" data-col-size=\"sm\">Tvar \u010depele<\/td>\n<td data-start=\"2324\" data-end=\"2339\" data-col-size=\"md\">Wharncliffe<\/td>\n<\/tr>\n<tr data-start=\"2340\" data-end=\"2386\">\n<td data-start=\"2340\" data-end=\"2356\" data-col-size=\"sm\">Povrch \u010depele<\/td>\n<td data-start=\"2356\" data-end=\"2386\" data-col-size=\"md\">Sat\u00e9nov\u00e9 \/ jemn\u00e9 proveden\u00ed<\/td>\n<\/tr>\n<tr data-start=\"2387\" data-end=\"2405\">\n<td data-start=\"2387\" data-end=\"2395\" data-col-size=\"sm\">Hrana<\/td>\n<td data-start=\"2395\" data-end=\"2405\" data-col-size=\"md\">Hladk\u00e1<\/td>\n<\/tr>\n<tr data-start=\"2406\" data-end=\"2454\">\n<td data-start=\"2406\" data-end=\"2430\" data-col-size=\"sm\">Mechanismus otev\u00edr\u00e1n\u00ed<\/td>\n<td data-start=\"2430\" data-end=\"2454\" data-col-size=\"md\">Jednoru\u010dn\u00ed otev\u00edr\u00e1n\u00ed<\/td>\n<\/tr>\n<tr data-start=\"2455\" data-end=\"2479\">\n<td data-start=\"2455\" data-end=\"2466\" data-col-size=\"sm\">Pojistka<\/td>\n<td data-start=\"2466\" data-end=\"2479\" data-col-size=\"md\">Framelock<\/td>\n<\/tr>\n<tr data-start=\"2480\" data-end=\"2532\">\n<td data-start=\"2480\" data-end=\"2490\" data-col-size=\"sm\">Rukoje\u0165<\/td>\n<td data-start=\"2490\" data-end=\"2532\" data-col-size=\"md\">Ergonomick\u00e1 konstrukce pro pevn\u00fd \u00fachop<\/td>\n<\/tr>\n<tr data-start=\"2533\" data-end=\"2564\">\n<td data-start=\"2533\" data-end=\"2548\" data-col-size=\"sm\">Kapesn\u00ed klip<\/td>\n<td data-start=\"2548\" data-end=\"2564\" data-col-size=\"md\">Reverzibiln\u00ed<\/td>\n<\/tr>\n<tr data-start=\"2565\" data-end=\"2602\">\n<td data-start=\"2565\" data-end=\"2576\" data-col-size=\"sm\">Hmotnost<\/td>\n<td data-start=\"2576\" data-end=\"2602\" data-col-size=\"md\">St\u0159edn\u00ed (vyv\u00e1\u017een\u00e9 EDC)<\/td>\n<\/tr>\n<tr data-start=\"2603\" data-end=\"2645\">\n<td data-start=\"2603\" data-end=\"2615\" data-col-size=\"sm\">Kategorie<\/td>\n<td data-start=\"2615\" data-end=\"2645\" data-col-size=\"md\">EDC \/ kapesn\u00ed zav\u00edrac\u00ed n\u016f\u017e<\/td>\n<\/tr>\n<\/tbody>\n<\/table>\n<\/div>\n<\/div>\n<hr data-start=\"2647\" data-end=\"2650\" \/>\n<p data-start=\"2652\" data-end=\"2671\">\u2705 <strong data-start=\"2654\" data-end=\"2671\">Hlavn\u00ed v\u00fdhody<\/strong><\/p>\n<ul data-start=\"2673\" data-end=\"3109\">\n<li data-start=\"2673\" data-end=\"2758\">\n<p data-start=\"2675\" data-end=\"2758\"><strong data-start=\"2675\" data-end=\"2688\">440C ocel<\/strong> \u2013 dobr\u00fd kompromis mezi tvrdost\u00ed, odolnost\u00ed a schopnost\u00ed dr\u017eet ost\u0159\u00ed<\/p>\n<\/li>\n<li data-start=\"2759\" data-end=\"2833\">\n<p data-start=\"2761\" data-end=\"2833\"><strong data-start=\"2761\" data-end=\"2790\">Wharncliffe profil \u010depele<\/strong> \u2013 v\u00fdborn\u00e1 kontrola p\u0159i precizn\u00edch \u0159ezech<\/p>\n<\/li>\n<li data-start=\"2834\" data-end=\"2888\">\n<p data-start=\"2836\" data-end=\"2888\"><strong data-start=\"2836\" data-end=\"2849\">Framelock<\/strong> \u2013 pevn\u00e9 a spolehliv\u00e9 uzam\u010den\u00ed \u010depele<\/p>\n<\/li>\n<li data-start=\"2889\" data-end=\"2926\">\n<p data-start=\"2891\" data-end=\"2926\">Pohodln\u00e9 <strong data-start=\"2900\" data-end=\"2924\">jednoru\u010dn\u00ed otev\u00edr\u00e1n\u00ed<\/strong><\/p>\n<\/li>\n<li data-start=\"2927\" data-end=\"2991\">\n<p data-start=\"2929\" data-end=\"2991\"><strong data-start=\"2929\" data-end=\"2952\">Ergonomick\u00e1 rukoje\u0165<\/strong> \u2013 jist\u00fd \u00fachop i p\u0159i \u010dast\u00e9m pou\u017e\u00edv\u00e1n\u00ed<\/p>\n<\/li>\n<li data-start=\"2992\" data-end=\"3051\">\n<p data-start=\"2994\" data-end=\"3051\"><strong data-start=\"2994\" data-end=\"3015\">Reverzibiln\u00ed klip<\/strong> \u2013 mo\u017enost no\u0161en\u00ed podle preferenc\u00ed<\/p>\n<\/li>\n<li data-start=\"3052\" data-end=\"3109\">\n<p data-start=\"3054\" data-end=\"3109\"><strong data-start=\"3054\" data-end=\"3076\">Univerz\u00e1ln\u00ed design<\/strong> \u2013 vhodn\u00fd pro r\u016fzn\u00e9 b\u011b\u017en\u00e9 \u00fakony<\/p>\n<\/li>\n<\/ul>\n<hr data-start=\"3111\" data-end=\"3114\" \/>\n<p data-start=\"3116\" data-end=\"3136\">\u26a0\ufe0f <strong data-start=\"3119\" data-end=\"3136\">Mo\u017en\u00e1 omezen\u00ed<\/strong><\/p>\n<ul data-start=\"3138\" data-end=\"3358\">\n<li data-start=\"3138\" data-end=\"3205\">\n<p data-start=\"3140\" data-end=\"3205\">440C ocel m\u016f\u017ee vy\u017eadovat \u010dast\u011bj\u0161\u00ed \u00fadr\u017ebu po kontaktu s vlhkost\u00ed<\/p>\n<\/li>\n<li data-start=\"3206\" data-end=\"3272\">\n<p data-start=\"3208\" data-end=\"3272\">St\u0159edn\u00ed hmotnost nemus\u00ed b\u00fdt ide\u00e1ln\u00ed pro ultra\u2011lehk\u00e1 EDC \u0159e\u0161en\u00ed<\/p>\n<\/li>\n<li data-start=\"3273\" data-end=\"3358\">\n<p data-start=\"3275\" data-end=\"3358\">Design s v\u00fdrazn\u00fdm tvarem \u010depele nemus\u00ed sednout ka\u017ed\u00e9mu minimalistick\u00e9mu u\u017eivateli<\/p>\n<\/li>\n<\/ul>\n<hr data-start=\"3360\" data-end=\"3363\" \/>\n<p data-start=\"3365\" data-end=\"3386\">\ud83d\udee0\ufe0f <strong data-start=\"3369\" data-end=\"3386\">\u00dadr\u017eba a p\u00e9\u010de<\/strong><\/p>\n<ul data-start=\"3388\" data-end=\"3756\">\n<li data-start=\"3388\" data-end=\"3458\">\n<p data-start=\"3390\" data-end=\"3458\">Po pou\u017eit\u00ed \u010depel o\u010disti a osu\u0161i, aby se zachovala dlouh\u00e1 \u017eivotnost<\/p>\n<\/li>\n<li data-start=\"3459\" data-end=\"3524\">\n<p data-start=\"3461\" data-end=\"3524\">Rukoje\u0165 udr\u017euj suchou a \u010distou pro pohodln\u00e9 ka\u017edodenn\u00ed no\u0161en\u00ed<\/p>\n<\/li>\n<li data-start=\"3525\" data-end=\"3585\">\n<p data-start=\"3527\" data-end=\"3585\">P\u0159i del\u0161\u00edm skladov\u00e1n\u00ed lehce nama\u017e \u010depel ochrann\u00fdm olejem<\/p>\n<\/li>\n<li data-start=\"3586\" data-end=\"3756\">\n<p data-start=\"3588\" data-end=\"3756\"><strong data-start=\"3588\" data-end=\"3756\">Na brou\u0161en\u00ed ost\u0159\u00ed doporu\u010dujeme Spyderco Tri\u2011Angle Sharpmaker Complete Sharpening System 204MF \u2013 ide\u00e1ln\u00ed i pro hladk\u00e1 ost\u0159\u00ed. \ud83d\uded2 Koup\u00ed\u0161 na na\u0161ich str\u00e1nk\u00e1ch Moskito.cz<\/strong><\/p>\n<\/li>\n<\/ul>\n<hr data-start=\"3758\" data-end=\"3761\" \/>\n<p data-start=\"3763\" data-end=\"3784\">\ud83c\udfaf <strong data-start=\"3766\" data-end=\"3784\">Doporu\u010deno pro<\/strong><\/p>\n<ul data-start=\"3786\" data-end=\"3943\">\n<li data-start=\"3786\" data-end=\"3813\">\n<p data-start=\"3788\" data-end=\"3813\">Ka\u017edodenn\u00ed no\u0161en\u00ed (EDC)<\/p>\n<\/li>\n<li data-start=\"3814\" data-end=\"3855\">\n<p data-start=\"3816\" data-end=\"3855\">Precizn\u00ed \u0159ezn\u00e9 \u00fakony a detailn\u00ed pr\u00e1ce<\/p>\n<\/li>\n<li data-start=\"3856\" data-end=\"3879\">\n<p data-start=\"3858\" data-end=\"3879\">Outdoor a cestov\u00e1n\u00ed<\/p>\n<\/li>\n<li data-start=\"3880\" data-end=\"3943\">\n<p data-start=\"3882\" data-end=\"3943\">U\u017eivatel\u00e9 ocen\u00edc\u00ed <strong data-start=\"3900\" data-end=\"3941\">kontrolu \u0159ezu a praktick\u00fd tvar \u010depele<\/strong><\/p>\n<\/li>\n<\/ul>\n<hr data-start=\"3945\" data-end=\"3948\" \/>\n<p data-start=\"3950\" data-end=\"3975\">\u2b50 <strong data-start=\"3952\" data-end=\"3975\">Z\u00e1v\u011bre\u010dn\u00e9 hodnocen\u00ed<\/strong><\/p>\n<p data-start=\"3977\" data-end=\"4292\"><strong data-start=\"3977\" data-end=\"4026\">SOG AEGIS FLK 2.0 Wharncliffe SOG\u201114\u201141\u201104\u201143<\/strong> je v\u0161estrann\u00fd a spolehliv\u00fd zav\u00edrac\u00ed n\u016f\u017e s <strong data-start=\"4069\" data-end=\"4143\">v\u00fdrazn\u00fdm tvarem \u010depele Wharncliffe, pevnou konstrukc\u00ed a kvalitn\u00ed ocel\u00ed<\/strong>. D\u00edky sv\u00e9 praktick\u00e9 a ergonomick\u00e9 konstrukci je ide\u00e1ln\u00ed pro ka\u017edodenn\u00ed pou\u017eit\u00ed i p\u0159esn\u00e9 \u0159ezn\u00e9 \u00fakony \u2013 v\u017edy p\u0159ipraven\u00fd st\u00e1t se tv\u00fdm spole\u010dn\u00edkem. \ud83d\udd2a\ud83d\udd25<\/p>\n<p><iframe title=\"Aegis FLK 2.0\" width=\"800\" height=\"450\" src=\"https:\/\/www.youtube.com\/embed\/sGcKarPqjXo?feature=oembed\" frameborder=\"0\" allow=\"accelerometer; autoplay; clipboard-write; encrypted-media; gyroscope; picture-in-picture; web-share\" referrerpolicy=\"strict-origin-when-cross-origin\" allowfullscreen><\/iframe><\/p>\n<p>&nbsp;<\/p>\n<hr data-start=\"4294\" data-end=\"4297\" \/>\n","protected":false},"excerpt":{"rendered":"<p><strong>SOG AEGIS FLK 2.0 Wharncliffe SOG\u201114\u201141\u201104\u201143 je v\u0161estrann\u00fd a spolehliv\u00fd zav\u00edrac\u00ed n\u016f\u017e s v\u00fdrazn\u00fdm tvarem \u010depele Wharncliffe, pevnou konstrukc\u00ed a kvalitn\u00ed ocel\u00ed. D\u00edky sv\u00e9 praktick\u00e9 a ergonomick\u00e9 konstrukci je ide\u00e1ln\u00ed pro ka\u017edodenn\u00ed pou\u017eit\u00ed i p\u0159esn\u00e9 \u0159ezn\u00e9 \u00fakony \u2013 v\u017edy p\u0159ipraven\u00fd st\u00e1t se tv\u00fdm spole\u010dn\u00edkem. \ud83d\udd2a\ud83d\udd25<\/strong><\/p>\n","protected":false},"featured_media":435957,"comment_status":"open","ping_status":"closed","template":"","meta":[],"pwb-brand":[591],"product_brand":[],"product_cat":[17,22],"product_tag":[],"class_list":{"0":"post-435956","1":"product","2":"type-product","3":"status-publish","4":"has-post-thumbnail","6":"pwb-brand-sog","7":"product_cat-noze","8":"product_cat-zaviraci-noze","10":"first","11":"instock","12":"taxable","13":"shipping-taxable","14":"purchasable","15":"product-type-simple"},"brands":[{"id":591,"name":"SOG","slug":"sog"}],"_links":{"self":[{"href":"https:\/\/www.moskito.cz\/sk\/wp-json\/wp\/v2\/product\/435956","targetHints":{"allow":["GET"]}}],"collection":[{"href":"https:\/\/www.moskito.cz\/sk\/wp-json\/wp\/v2\/product"}],"about":[{"href":"https:\/\/www.moskito.cz\/sk\/wp-json\/wp\/v2\/types\/product"}],"replies":[{"embeddable":true,"href":"https:\/\/www.moskito.cz\/sk\/wp-json\/wp\/v2\/comments?post=435956"}],"wp:featuredmedia":[{"embeddable":true,"href":"https:\/\/www.moskito.cz\/sk\/wp-json\/wp\/v2\/media\/435957"}],"wp:attachment":[{"href":"https:\/\/www.moskito.cz\/sk\/wp-json\/wp\/v2\/media?parent=435956"}],"wp:term":[{"taxonomy":"pwb-brand","embeddable":true,"href":"https:\/\/www.moskito.cz\/sk\/wp-json\/wp\/v2\/pwb-brand?post=435956"},{"taxonomy":"product_brand","embeddable":true,"href":"https:\/\/www.moskito.cz\/sk\/wp-json\/wp\/v2\/product_brand?post=435956"},{"taxonomy":"product_cat","embeddable":true,"href":"https:\/\/www.moskito.cz\/sk\/wp-json\/wp\/v2\/product_cat?post=435956"},{"taxonomy":"product_tag","embeddable":true,"href":"https:\/\/www.moskito.cz\/sk\/wp-json\/wp\/v2\/product_tag?post=435956"}],"curies":[{"name":"wp","href":"https:\/\/api.w.org\/{rel}","templated":true}]}}