{"id":436670,"date":"2026-02-09T18:56:44","date_gmt":"2026-02-09T17:56:44","guid":{"rendered":"https:\/\/www.moskito.cz\/?post_type=product&#038;p=436670"},"modified":"2026-02-13T16:29:56","modified_gmt":"2026-02-13T15:29:56","slug":"zaviraci-nuz-spyderco-endela-c243pcbl","status":"publish","type":"product","link":"https:\/\/www.moskito.cz\/sk\/produkt\/zaviraci-nuz-spyderco-endela-c243pcbl\/","title":{"rendered":"Zav\u00edrac\u00ed N\u016f\u017e Spyderco Endela C243PCBL"},"content":{"rendered":"<p data-start=\"620\" data-end=\"964\">Jakmile vezme\u0161 do ruky Spyderco Endela Lightweight s charakteristickou modrou rukojet\u00ed a sat\u00e9novou \u010depel\u00ed z oceli CPM SPY27, okam\u017eit\u011b pochop\u00ed\u0161, pro\u010d tento model dokonale zapad\u00e1 mezi Delicu a Enduru. Endela p\u016fsob\u00ed vyv\u00e1\u017een\u011b, jist\u011b a prakticky \u2013 jako n\u016f\u017e, kter\u00fd byl navr\u017een s jedin\u00fdm c\u00edlem: b\u00fdt maxim\u00e1ln\u011b funk\u010dn\u00edm n\u00e1strojem pro ka\u017edodenn\u00ed pou\u017eit\u00ed.<\/p>\n<p data-start=\"966\" data-end=\"1175\">Endela Lightweight je ide\u00e1ln\u00ed volbou pro u\u017eivatele, kte\u0159\u00ed cht\u011bj\u00ed lehk\u00fd, spolehliv\u00fd a ergonomicky vylad\u011bn\u00fd zav\u00edrac\u00ed n\u016f\u017e pro EDC, pr\u00e1ci i outdoor, ani\u017e by museli d\u011blat kompromisy mezi velikost\u00ed a ovladatelnost\u00ed.<\/p>\n<hr data-start=\"1177\" data-end=\"1180\" \/>\n<h2 data-start=\"1182\" data-end=\"1206\">Charakter a filozofie<\/h2>\n<p data-start=\"1207\" data-end=\"1419\">Spyderco Endela je zt\u011blesn\u011bn\u00edm filozofie zna\u010dky Spyderco \u2013 <strong data-start=\"1266\" data-end=\"1314\">funk\u010dnost, ergonomie a efektivn\u00ed \u0159ezn\u00fd v\u00fdkon<\/strong>. Nep\u016fsob\u00ed ok\u00e1zale, ale p\u0159i pr\u00e1ci d\u00e1v\u00e1 jasn\u011b najevo, \u017ee byl navr\u017een lidmi, kte\u0159\u00ed no\u017ee skute\u010dn\u011b pou\u017e\u00edvaj\u00ed.<\/p>\n<p data-start=\"1421\" data-end=\"1731\">\u010cepel je vyrobena z exkluzivn\u00ed pr\u00e1\u0161kov\u00e9 oceli <strong data-start=\"1467\" data-end=\"1480\">CPM SPY27<\/strong>, vyvinut\u00e9 ve spolupr\u00e1ci se spole\u010dnost\u00ed Crucible speci\u00e1ln\u011b pro Spyderco. Tato ocel nab\u00edz\u00ed vynikaj\u00edc\u00ed kombinaci odolnosti proti korozi, dlouh\u00e9 v\u00fddr\u017ee ost\u0159\u00ed a hou\u017eevnatosti, d\u00edky \u010demu\u017e je ide\u00e1ln\u00ed pro ka\u017edodenn\u00ed \u0159ezn\u00e9 \u00fakoly i n\u00e1ro\u010dn\u011bj\u0161\u00ed pou\u017eit\u00ed v ter\u00e9nu.<\/p>\n<p data-start=\"1733\" data-end=\"1929\">List ve tvaru <strong data-start=\"1747\" data-end=\"1762\">Leaf-Shaped<\/strong> je typick\u00fdm podpisem Spyderco. Poskytuje dlouhou, efektivn\u00ed \u0159eznou hranu a v\u00fdbornou kontrolu \u0159ezu \u2013 od precizn\u00edch detailn\u00edch \u00fakon\u016f a\u017e po silov\u011bj\u0161\u00ed pr\u00e1ci s materi\u00e1lem.<\/p>\n<p data-start=\"1931\" data-end=\"2191\">Lehk\u00e1 rukoje\u0165 z <strong data-start=\"1947\" data-end=\"1984\">FRN (Fiberglass Reinforced Nylon)<\/strong> s obousm\u011brnou texturou Bi-Directional zaji\u0161\u0165uje pevn\u00fd a jist\u00fd \u00fachop i za mokra nebo v rukavic\u00edch. Tvarov\u00e1n\u00ed rukojeti p\u0159irozen\u011b vede ruku do spr\u00e1vn\u00e9 pracovn\u00ed pozice a minimalizuje \u00fanavu p\u0159i del\u0161\u00edm pou\u017e\u00edv\u00e1n\u00ed.<\/p>\n<p data-start=\"2193\" data-end=\"2400\">Spolehliv\u00fd <strong data-start=\"2204\" data-end=\"2217\">Back Lock<\/strong> z\u00e1mek poskytuje bezpe\u010dn\u00e9 zaji\u0161t\u011bn\u00ed \u010depele a osv\u011bd\u010denou mechanickou odolnost. Otev\u00edr\u00e1n\u00ed pomoc\u00ed typick\u00e9ho <strong data-start=\"2322\" data-end=\"2345\">Spyderco Round Hole<\/strong> je rychl\u00e9, intuitivn\u00ed a pohodln\u00e9 pro prav\u00e1ky i lev\u00e1ky.<\/p>\n<hr data-start=\"2402\" data-end=\"2405\" \/>\n<h2 data-start=\"2407\" data-end=\"2422\">\ud83c\udfed O v\u00fdrobci<\/h2>\n<p data-start=\"2423\" data-end=\"2672\">Spyderco je ikonick\u00e1 americk\u00e1 zna\u010dka, kter\u00e1 zm\u011bnila sv\u011bt zav\u00edrac\u00edch no\u017e\u016f. Ergonomie, funk\u010dn\u00ed design a inovace jsou z\u00e1kladem ka\u017ed\u00e9ho jejich produktu. Model Endela vznikl jako odpov\u011b\u010f na po\u017eadavek ide\u00e1ln\u00ed \u201est\u0159edn\u00ed velikosti\u201c \u2013 a p\u0159esn\u011b to tak\u00e9 nab\u00edz\u00ed.<\/p>\n<hr data-start=\"2674\" data-end=\"2677\" \/>\n<h2 data-start=\"2679\" data-end=\"2706\">\u2699\ufe0f Technick\u00e9 specifikace<\/h2>\n<div class=\"TyagGW_tableContainer\">\n<div class=\"group TyagGW_tableWrapper flex flex-col-reverse w-fit\" tabindex=\"-1\">\n<table class=\"w-fit min-w-(--thread-content-width)\" data-start=\"2708\" data-end=\"3237\">\n<thead data-start=\"2708\" data-end=\"2730\">\n<tr data-start=\"2708\" data-end=\"2730\">\n<th class=\"\" data-start=\"2708\" data-end=\"2719\" data-col-size=\"sm\">Parametr<\/th>\n<th class=\"\" data-start=\"2719\" data-end=\"2730\" data-col-size=\"md\">Hodnota<\/th>\n<\/tr>\n<\/thead>\n<tbody data-start=\"2750\" data-end=\"3237\">\n<tr data-start=\"2750\" data-end=\"2810\">\n<td data-start=\"2750\" data-end=\"2758\" data-col-size=\"sm\">Model<\/td>\n<td data-col-size=\"md\" data-start=\"2758\" data-end=\"2810\">Spyderco Endela Lightweight CPM SPY27 (C243PCBL)<\/td>\n<\/tr>\n<tr data-start=\"2811\" data-end=\"2833\">\n<td data-start=\"2811\" data-end=\"2817\" data-col-size=\"sm\">Typ<\/td>\n<td data-col-size=\"md\" data-start=\"2817\" data-end=\"2833\">Zav\u00edrac\u00ed n\u016f\u017e<\/td>\n<\/tr>\n<tr data-start=\"2834\" data-end=\"2865\">\n<td data-start=\"2834\" data-end=\"2850\" data-col-size=\"sm\">Celkov\u00e1 d\u00e9lka<\/td>\n<td data-col-size=\"md\" data-start=\"2850\" data-end=\"2865\">cca 20,6 cm<\/td>\n<\/tr>\n<tr data-start=\"2866\" data-end=\"2895\">\n<td data-start=\"2866\" data-end=\"2881\" data-col-size=\"sm\">D\u00e9lka \u010depele<\/td>\n<td data-col-size=\"md\" data-start=\"2881\" data-end=\"2895\">cca 8,7 cm<\/td>\n<\/tr>\n<tr data-start=\"2896\" data-end=\"2928\">\n<td data-start=\"2896\" data-end=\"2914\" data-col-size=\"sm\">Tlou\u0161\u0165ka \u010depele<\/td>\n<td data-col-size=\"md\" data-start=\"2914\" data-end=\"2928\">cca 3,0 mm<\/td>\n<\/tr>\n<tr data-start=\"2929\" data-end=\"2960\">\n<td data-start=\"2929\" data-end=\"2947\" data-col-size=\"sm\">Materi\u00e1l \u010depele<\/td>\n<td data-col-size=\"md\" data-start=\"2947\" data-end=\"2960\">CPM SPY27<\/td>\n<\/tr>\n<tr data-start=\"2961\" data-end=\"2990\">\n<td data-start=\"2961\" data-end=\"2975\" data-col-size=\"sm\">Tvar \u010depele<\/td>\n<td data-col-size=\"md\" data-start=\"2975\" data-end=\"2990\">Leaf-Shaped<\/td>\n<\/tr>\n<tr data-start=\"2991\" data-end=\"3019\">\n<td data-start=\"2991\" data-end=\"3000\" data-col-size=\"sm\">V\u00fdbrus<\/td>\n<td data-col-size=\"md\" data-start=\"3000\" data-end=\"3019\">Full Flat Grind<\/td>\n<\/tr>\n<tr data-start=\"3020\" data-end=\"3045\">\n<td data-start=\"3020\" data-end=\"3036\" data-col-size=\"sm\">Povrch \u010depele<\/td>\n<td data-col-size=\"md\" data-start=\"3036\" data-end=\"3045\">Satin<\/td>\n<\/tr>\n<tr data-start=\"3046\" data-end=\"3064\">\n<td data-start=\"3046\" data-end=\"3054\" data-col-size=\"sm\">Hrana<\/td>\n<td data-col-size=\"md\" data-start=\"3054\" data-end=\"3064\">Hladk\u00e1<\/td>\n<\/tr>\n<tr data-start=\"3065\" data-end=\"3090\">\n<td data-start=\"3065\" data-end=\"3075\" data-col-size=\"sm\">Rukoje\u0165<\/td>\n<td data-col-size=\"md\" data-start=\"3075\" data-end=\"3090\">FRN \u2013 modr\u00e1<\/td>\n<\/tr>\n<tr data-start=\"3091\" data-end=\"3112\">\n<td data-start=\"3091\" data-end=\"3099\" data-col-size=\"sm\">Z\u00e1mek<\/td>\n<td data-col-size=\"md\" data-start=\"3099\" data-end=\"3112\">Back Lock<\/td>\n<\/tr>\n<tr data-start=\"3113\" data-end=\"3148\">\n<td data-start=\"3113\" data-end=\"3125\" data-col-size=\"sm\">Otev\u00edr\u00e1n\u00ed<\/td>\n<td data-col-size=\"md\" data-start=\"3125\" data-end=\"3148\">Spyderco Round Hole<\/td>\n<\/tr>\n<tr data-start=\"3149\" data-end=\"3170\">\n<td data-start=\"3149\" data-end=\"3156\" data-col-size=\"sm\">Klip<\/td>\n<td data-col-size=\"md\" data-start=\"3156\" data-end=\"3170\">4-polohov\u00fd<\/td>\n<\/tr>\n<tr data-start=\"3171\" data-end=\"3194\">\n<td data-start=\"3171\" data-end=\"3182\" data-col-size=\"sm\">Hmotnost<\/td>\n<td data-col-size=\"md\" data-start=\"3182\" data-end=\"3194\">cca 85 g<\/td>\n<\/tr>\n<tr data-start=\"3195\" data-end=\"3237\">\n<td data-start=\"3195\" data-end=\"3207\" data-col-size=\"sm\">Kategorie<\/td>\n<td data-col-size=\"md\" data-start=\"3207\" data-end=\"3237\">EDC \/ outdoor zav\u00edrac\u00ed n\u016f\u017e<\/td>\n<\/tr>\n<\/tbody>\n<\/table>\n<\/div>\n<\/div>\n<hr data-start=\"3239\" data-end=\"3242\" \/>\n<h2 data-start=\"3244\" data-end=\"3262\">\u2705 Hlavn\u00ed v\u00fdhody<\/h2>\n<ul data-start=\"3263\" data-end=\"3485\">\n<li data-start=\"3263\" data-end=\"3324\">\n<p data-start=\"3265\" data-end=\"3324\">Skv\u011ble vyv\u00e1\u017een\u00e1 velikost \u2013 ide\u00e1ln\u00ed mezi Delicou a Endurou<\/p>\n<\/li>\n<li data-start=\"3325\" data-end=\"3376\">\n<p data-start=\"3327\" data-end=\"3376\">CPM SPY27 \u2013 modern\u00ed ocel s dlouhou v\u00fddr\u017e\u00ed ost\u0159\u00ed<\/p>\n<\/li>\n<li data-start=\"3377\" data-end=\"3411\">\n<p data-start=\"3379\" data-end=\"3411\">Lehk\u00e1 a ergonomick\u00e1 konstrukce<\/p>\n<\/li>\n<li data-start=\"3412\" data-end=\"3455\">\n<p data-start=\"3414\" data-end=\"3455\">V\u00fdborn\u00e1 kontrola \u0159ezu d\u00edky tvaru \u010depele<\/p>\n<\/li>\n<li data-start=\"3456\" data-end=\"3485\">\n<p data-start=\"3458\" data-end=\"3485\">Pln\u011b oboustrann\u00e9 ovl\u00e1d\u00e1n\u00ed<\/p>\n<\/li>\n<\/ul>\n<hr data-start=\"3487\" data-end=\"3490\" \/>\n<h2 data-start=\"3492\" data-end=\"3511\">\u26a0\ufe0f Mo\u017en\u00e1 omezen\u00ed<\/h2>\n<ul data-start=\"3512\" data-end=\"3671\">\n<li data-start=\"3512\" data-end=\"3559\">\n<p data-start=\"3514\" data-end=\"3559\">FRN rukoje\u0165 nep\u016fsob\u00ed tak pr\u00e9miov\u011b jako G-10<\/p>\n<\/li>\n<li data-start=\"3560\" data-end=\"3619\">\n<p data-start=\"3562\" data-end=\"3619\">Back Lock nen\u00ed tak rychl\u00fd jako modern\u00ed compression lock<\/p>\n<\/li>\n<li data-start=\"3620\" data-end=\"3671\">\n<p data-start=\"3622\" data-end=\"3671\">Design je ryze funk\u010dn\u00ed, bez dekorativn\u00edch prvk\u016f<\/p>\n<\/li>\n<\/ul>\n<hr data-start=\"3673\" data-end=\"3676\" \/>\n<h2 data-start=\"3678\" data-end=\"3698\">\ud83d\udee0\ufe0f \u00dadr\u017eba a p\u00e9\u010de<\/h2>\n<ul data-start=\"3699\" data-end=\"3818\">\n<li data-start=\"3699\" data-end=\"3734\">\n<p data-start=\"3701\" data-end=\"3734\">Po pou\u017eit\u00ed \u010depel o\u010disti a osu\u0161i<\/p>\n<\/li>\n<li data-start=\"3735\" data-end=\"3770\">\n<p data-start=\"3737\" data-end=\"3770\">Pravideln\u011b kontroluj chod z\u00e1mku<\/p>\n<\/li>\n<li data-start=\"3771\" data-end=\"3818\">\n<p data-start=\"3773\" data-end=\"3818\">Ost\u0159\u00ed udr\u017euj lehk\u00fdm a pravideln\u00fdm brou\u0161en\u00edm<\/p>\n<\/li>\n<\/ul>\n<hr data-start=\"3820\" data-end=\"3823\" \/>\n<h2 data-start=\"3825\" data-end=\"3861\">\ud83d\udd2a Pro udr\u017een\u00ed ost\u0159\u00ed doporu\u010dujeme<\/h2>\n<p data-start=\"3862\" data-end=\"3999\"><strong data-start=\"3862\" data-end=\"3901\">Spyderco Tri-Angle Sharpmaker 204MF<\/strong> \u2013 ide\u00e1ln\u00ed \u0159e\u0161en\u00ed pro zachov\u00e1n\u00ed spr\u00e1vn\u00e9ho \u00fahlu a maxim\u00e1ln\u00ed ostrosti.<br data-start=\"3969\" data-end=\"3972\" \/>\ud83d\uded2 Koup\u00ed\u0161 na <strong data-start=\"3985\" data-end=\"3999\">Moskito.cz<\/strong><\/p>\n<hr data-start=\"4001\" data-end=\"4004\" \/>\n<h2 data-start=\"4006\" data-end=\"4026\">\ud83c\udfaf Doporu\u010deno pro<\/h2>\n<ul data-start=\"4027\" data-end=\"4223\">\n<li data-start=\"4027\" data-end=\"4052\">\n<p data-start=\"4029\" data-end=\"4052\">ka\u017edodenn\u00ed EDC no\u0161en\u00ed<\/p>\n<\/li>\n<li data-start=\"4053\" data-end=\"4104\">\n<p data-start=\"4055\" data-end=\"4104\">u\u017eivatele hledaj\u00edc\u00ed lehk\u00fd, ale plnohodnotn\u00fd n\u016f\u017e<\/p>\n<\/li>\n<li data-start=\"4105\" data-end=\"4136\">\n<p data-start=\"4107\" data-end=\"4136\">fanou\u0161ky ergonomie Spyderco<\/p>\n<\/li>\n<li data-start=\"4137\" data-end=\"4167\">\n<p data-start=\"4139\" data-end=\"4167\">outdoor a pracovn\u00ed vyu\u017eit\u00ed<\/p>\n<\/li>\n<li data-start=\"4168\" data-end=\"4223\">\n<p data-start=\"4170\" data-end=\"4223\">ty, kte\u0159\u00ed cht\u011bj\u00ed modern\u00ed ocel s jednoduchou \u00fadr\u017ebou<\/p>\n<\/li>\n<\/ul>\n<hr data-start=\"4225\" data-end=\"4228\" \/>\n<h2 data-start=\"4230\" data-end=\"4254\">\u2b50 Z\u00e1v\u011bre\u010dn\u00e9 hodnocen\u00ed<\/h2>\n<p data-start=\"4255\" data-end=\"4476\">Spyderco Endela Lightweight CPM SPY27 (C243PCBL) je dokonale vyv\u00e1\u017een\u00fd zav\u00edrac\u00ed n\u016f\u017e, kter\u00fd spojuje prakti\u010dnost, modern\u00ed materi\u00e1ly a osv\u011bd\u010den\u00fd design. Nab\u00edz\u00ed vysok\u00fd \u0159ezn\u00fd v\u00fdkon, n\u00edzkou hmotnost a jistotu p\u0159i ka\u017ed\u00e9m pou\u017eit\u00ed.<\/p>\n<p data-start=\"4478\" data-end=\"4528\">Endela \u2013 p\u0159esn\u011b tam, kde d\u00e1v\u00e1 velikost smysl. \ud83d\udd2a\ud83d\udc99<\/p>\n","protected":false},"excerpt":{"rendered":"<p data-start=\"4255\" data-end=\"4476\"><strong>Spyderco Endela Lightweight CPM SPY27 (C243PCBL) je dokonale vyv\u00e1\u017een\u00fd zav\u00edrac\u00ed n\u016f\u017e, kter\u00fd spojuje prakti\u010dnost, modern\u00ed materi\u00e1ly a osv\u011bd\u010den\u00fd design. Nab\u00edz\u00ed vysok\u00fd \u0159ezn\u00fd v\u00fdkon, n\u00edzkou hmotnost a jistotu p\u0159i ka\u017ed\u00e9m pou\u017eit\u00ed.<\/strong><\/p>\n<p data-start=\"4478\" data-end=\"4528\"><strong>Endela \u2013 p\u0159esn\u011b tam, kde d\u00e1v\u00e1 velikost smysl. \ud83d\udd2a\ud83d\udc99<\/strong><\/p>\n<p data-start=\"4478\" data-end=\"4528\"><strong>Doprava zdarma.<\/strong><\/p>\n","protected":false},"featured_media":436671,"comment_status":"open","ping_status":"closed","template":"","meta":[],"pwb-brand":[567],"product_brand":[],"product_cat":[22,17],"product_tag":[],"class_list":{"0":"post-436670","1":"product","2":"type-product","3":"status-publish","4":"has-post-thumbnail","6":"pwb-brand-spyderco","7":"product_cat-zaviraci-noze","8":"product_cat-noze","10":"first","11":"instock","12":"taxable","13":"shipping-taxable","14":"purchasable","15":"product-type-simple"},"brands":[{"id":567,"name":"Spyderco","slug":"spyderco"}],"_links":{"self":[{"href":"https:\/\/www.moskito.cz\/sk\/wp-json\/wp\/v2\/product\/436670","targetHints":{"allow":["GET"]}}],"collection":[{"href":"https:\/\/www.moskito.cz\/sk\/wp-json\/wp\/v2\/product"}],"about":[{"href":"https:\/\/www.moskito.cz\/sk\/wp-json\/wp\/v2\/types\/product"}],"replies":[{"embeddable":true,"href":"https:\/\/www.moskito.cz\/sk\/wp-json\/wp\/v2\/comments?post=436670"}],"wp:featuredmedia":[{"embeddable":true,"href":"https:\/\/www.moskito.cz\/sk\/wp-json\/wp\/v2\/media\/436671"}],"wp:attachment":[{"href":"https:\/\/www.moskito.cz\/sk\/wp-json\/wp\/v2\/media?parent=436670"}],"wp:term":[{"taxonomy":"pwb-brand","embeddable":true,"href":"https:\/\/www.moskito.cz\/sk\/wp-json\/wp\/v2\/pwb-brand?post=436670"},{"taxonomy":"product_brand","embeddable":true,"href":"https:\/\/www.moskito.cz\/sk\/wp-json\/wp\/v2\/product_brand?post=436670"},{"taxonomy":"product_cat","embeddable":true,"href":"https:\/\/www.moskito.cz\/sk\/wp-json\/wp\/v2\/product_cat?post=436670"},{"taxonomy":"product_tag","embeddable":true,"href":"https:\/\/www.moskito.cz\/sk\/wp-json\/wp\/v2\/product_tag?post=436670"}],"curies":[{"name":"wp","href":"https:\/\/api.w.org\/{rel}","templated":true}]}}