{"id":436911,"date":"2020-07-28T15:26:33","date_gmt":"2020-07-28T14:26:33","guid":{"rendered":"https:\/\/www.moskito.cz\/produkt\/vyhadzovaci-noz-microtech-dirac-delta-227-1-ta\/"},"modified":"2026-02-12T14:22:51","modified_gmt":"2026-02-12T13:22:51","slug":"vyhadzovaci-noz-microtech-dirac-delta-227-1-ta","status":"publish","type":"product","link":"https:\/\/www.moskito.cz\/sk\/produkt\/vyhadzovaci-noz-microtech-dirac-delta-227-1-ta\/","title":{"rendered":"Vyhadzovac\u00ed n\u00f4\u017e Microtech Dirac Delta 227-1 TA"},"content":{"rendered":"<p data-start=\"0\" data-end=\"371\">Hne\u010f ako vezmete do ruky <strong data-start=\"23\" data-end=\"84\">Microtech Dirac Delta\u00ae D\/E 227-1 TA (Tan Aluminum, Black),<\/strong> okam\u017eite zist\u00edte, \u017ee dr\u017e\u00edte v\u00e4\u010d\u0161iu a v\u00fdkonnej\u0161iu verziu ikonickej s\u00e9rie Dirac. Tento automatick\u00fd n\u00f4\u017e OTF pracuje v re\u017eime D\/A (Double Action) a je vybaven\u00fd mimoriadne r\u00fdchlym mechanizmom vys\u00favania \u010depele. Posuvn\u00edk je umiestnen\u00fd na boku rukov\u00e4te, \u010do poskytuje prirodzenej\u0161ie a ergonomickej\u0161ie ovl\u00e1danie.  <\/p>\n<p data-start=\"373\" data-end=\"487\">Tento model je 100 % vyroben\u00fd a zostaven\u00fd v USA a navrhol ho Anthony Marfion &#8211; v\u00fdrobca no\u017eov a majite\u013e spolo\u010dnosti Microtech Knives.<\/p>\n<hr data-start=\"489\" data-end=\"492\">\n<p data-start=\"494\" data-end=\"522\">\ud83d\udd25 <strong data-start=\"497\" data-end=\"522\">Charakter a filozofia<\/strong><\/p>\n<p data-start=\"524\" data-end=\"736\">Dirac Delta\u00ae je zv\u00e4\u010d\u0161en\u00e1 verzia prv\u00e9ho modelu D\/A OTF spolo\u010dnosti Microtech s bo\u010dn\u00fdm, zapusten\u00fdm posuvn\u00edkom. Je vybaven\u00fd modernou ergonomickou rukov\u00e4\u0165ou s jemne zaoblen\u00fdmi l\u00edniami in\u0161pirovan\u00fdmi legend\u00e1rnym radom HALO\u00ae. <\/p>\n<p data-start=\"738\" data-end=\"978\">Celkov\u00e1 d\u013a\u017eka 9,25&#8243; (235 mm) z neho rob\u00ed ide\u00e1lny kompromis medzi taktick\u00fdm n\u00e1strojom plnej ve\u013ekosti a pohodln\u00fdm no\u017eom EDC. Robustn\u00e1 kon\u0161trukcia, hladk\u00fd chod a v\u00fdrazn\u00e1 symetrick\u00e1 \u010depe\u013e D\/E dod\u00e1vaj\u00fa no\u017eu Dirac Delta siln\u00fd a sebavedom\u00fd charakter. <\/p>\n<hr data-start=\"980\" data-end=\"983\">\n<p data-start=\"985\" data-end=\"1001\">\ud83c\udfed <strong data-start=\"988\" data-end=\"1001\">O v\u00fdrobcovi<\/strong><\/p>\n<p data-start=\"1003\" data-end=\"1124\">Microtech je americk\u00e1 zna\u010dka s viac ako 30 rokmi inov\u00e1ci\u00ed v oblasti automatick\u00fdch no\u017eov. Typick\u00e9 vlastnosti s\u00fa: <\/p>\n<ul data-start=\"1126\" data-end=\"1268\">\n<li data-start=\"1126\" data-end=\"1179\">\n<p data-start=\"1128\" data-end=\"1179\">vlastn\u00e9 patentovan\u00e9 skrutky (patentovan\u00fd hardv\u00e9r)<\/p>\n<\/li>\n<li data-start=\"1180\" data-end=\"1214\">\n<p data-start=\"1182\" data-end=\"1214\">inovat\u00edvny vn\u00fatorn\u00fd mechanizmus<\/p>\n<\/li>\n<li data-start=\"1215\" data-end=\"1244\">\n<p data-start=\"1217\" data-end=\"1244\">integrovan\u00fd rozb\u00edja\u010d skla<\/p>\n<\/li>\n<li data-start=\"1245\" data-end=\"1268\">\n<p data-start=\"1247\" data-end=\"1268\">presn\u00e1 CNC v\u00fdroba<\/p>\n<\/li>\n<\/ul>\n<p data-start=\"1270\" data-end=\"1363\">Ka\u017ed\u00fd n\u00f4\u017e je kompletne vyroben\u00fd v USA s d\u00f4razom na kvalitu, detail a dlhodob\u00fa spo\u013eahlivos\u0165.<\/p>\n<hr data-start=\"1365\" data-end=\"1368\">\n<p data-start=\"1370\" data-end=\"1396\">\ud83d\udde1\ufe0f <strong data-start=\"1374\" data-end=\"1396\">\u010cepe\u013e &#8211; D\/E d\u00fdka<\/strong><\/p>\n<p data-start=\"1398\" data-end=\"1647\">\u010cepe\u013e <strong data-start=\"1409\" data-end=\"1437\">d\u00fdky D\/E (Double Edge)<\/strong> je br\u00fasen\u00e1 z oboch str\u00e1n a m\u00e1 v\u00fdrazn\u00e9 stredov\u00e9 rebro pre zv\u00fd\u0161enie pevnosti. Na oboch stran\u00e1ch s\u00fa dlh\u00e9 reli\u00e9fne\/dren\u00e1\u017ene dr\u00e1\u017eky, ktor\u00e9 prispievaj\u00fa k pevnosti kon\u0161trukcie a v\u00fdrazn\u00e9mu vzh\u013eadu. <\/p>\n<p data-start=\"1649\" data-end=\"1725\"><strong data-start=\"1666\" data-end=\"1714\">\u010cierna povrchov\u00e1 \u00faprava (matn\u00e1 nanokompozitn\u00e1 vrstva<\/strong> ) zaru\u010duje:<\/p>\n<ul data-start=\"1727\" data-end=\"1837\">\n<li data-start=\"1727\" data-end=\"1754\">\n<p data-start=\"1729\" data-end=\"1754\">vysok\u00e1 tvrdos\u0165 povrchu<\/p>\n<\/li>\n<li data-start=\"1755\" data-end=\"1770\">\n<p data-start=\"1757\" data-end=\"1770\">n\u00edzke trenie<\/p>\n<\/li>\n<li data-start=\"1771\" data-end=\"1805\">\n<p data-start=\"1773\" data-end=\"1805\">vynikaj\u00faca odolnos\u0165 proti kor\u00f3zii<\/p>\n<\/li>\n<li data-start=\"1806\" data-end=\"1837\">\n<p data-start=\"1808\" data-end=\"1837\">nereflexn\u00fd, taktick\u00fd vzh\u013ead<\/p>\n<\/li>\n<\/ul>\n<p data-start=\"1839\" data-end=\"1945\">Vysok\u00fd ploch\u00fd rez poskytuje vynikaj\u00face rezn\u00e9 vlastnosti pri zachovan\u00ed vysokej penetr\u00e1cie a pevnosti.<\/p>\n<p data-start=\"1947\" data-end=\"2124\">V\u00fdkonn\u00fd mechanizmus vys\u00favania a zas\u00favania \u010depele vy\u017eaduje ur\u010dit\u00fa silu na prekonanie odporu pru\u017einy &#8211; z bezpe\u010dnostn\u00fdch d\u00f4vodov. Kon\u0161trukcia umo\u017e\u0148uje pohodln\u00e9 pou\u017e\u00edvanie prav\u00e1kom aj \u013eav\u00e1kom. <\/p>\n<hr data-start=\"2126\" data-end=\"2129\">\n<p data-start=\"2131\" data-end=\"2168\">\ud83d\udd2c <strong data-start=\"2134\" data-end=\"2168\">Oce\u013e &#8211; B\u00f6hler M390 Microclean\u00ae<\/strong><\/p>\n<p data-start=\"2170\" data-end=\"2262\">Pou\u017eit\u00e1 oce\u013e <strong data-start=\"2183\" data-end=\"2203\">M390 Microclean\u00ae<\/strong> je vysoko v\u00fdkonn\u00e1 martenzitick\u00e1 pr\u00e1\u0161kov\u00e1 chr\u00f3mov\u00e1 oce\u013e:<\/p>\n<ul data-start=\"2264\" data-end=\"2354\">\n<li data-start=\"2264\" data-end=\"2286\">\n<p data-start=\"2266\" data-end=\"2286\">20,0 % chr\u00f3mu (Cr)<\/p>\n<\/li>\n<li data-start=\"2287\" data-end=\"2307\">\n<p data-start=\"2289\" data-end=\"2307\">1,9 % uhl\u00edka (C)<\/p>\n<\/li>\n<li data-start=\"2308\" data-end=\"2328\">\n<p data-start=\"2310\" data-end=\"2328\">4,0 % van\u00e1d (V)<\/p>\n<\/li>\n<li data-start=\"2329\" data-end=\"2354\">\n<p data-start=\"2331\" data-end=\"2354\">tvrdos\u0165 pribli\u017ene 59-61 HRC<\/p>\n<\/li>\n<\/ul>\n<p data-start=\"2356\" data-end=\"2369\">Vyzna\u010duje sa:<\/p>\n<ul data-start=\"2371\" data-end=\"2553\">\n<li data-start=\"2371\" data-end=\"2418\">\n<p data-start=\"2373\" data-end=\"2418\">extr\u00e9mne vysok\u00e1 odolnos\u0165 proti opotrebovaniu<\/p>\n<\/li>\n<li data-start=\"2419\" data-end=\"2448\">\n<p data-start=\"2421\" data-end=\"2448\">vysok\u00e1 odolnos\u0165 proti kor\u00f3zii<\/p>\n<\/li>\n<li data-start=\"2449\" data-end=\"2474\">\n<p data-start=\"2451\" data-end=\"2474\">dlh\u00e9 uchovanie \u010depele<\/p>\n<\/li>\n<li data-start=\"2475\" data-end=\"2504\">\n<p data-start=\"2477\" data-end=\"2504\">minim\u00e1lna \u00fadr\u017eba<\/p>\n<\/li>\n<li data-start=\"2505\" data-end=\"2553\">\n<p data-start=\"2507\" data-end=\"2553\">odolnos\u0165 vo\u010di tvorbe otrepov po\u010das br\u00fasenia<\/p>\n<\/li>\n<\/ul>\n<p data-start=\"2555\" data-end=\"2641\">Je porovnate\u013en\u00fd s CPM 20CV alebo CTS-204P a vyr\u00e1ba ho spolo\u010dnos\u0165 B\u00f6hler Edelstahl v Rak\u00fasku.<\/p>\n<hr data-start=\"2643\" data-end=\"2646\">\n<p data-start=\"2648\" data-end=\"2675\">\ud83e\udde9 <strong data-start=\"2651\" data-end=\"2675\">Rukov\u00e4\u0165 a kon\u0161trukcia<\/strong><\/p>\n<p data-start=\"2677\" data-end=\"2772\">Rukov\u00e4\u0165 je prec\u00edzne opracovan\u00e1 CNC z eloxovan\u00e9ho hlin\u00edka <strong data-start=\"2746\" data-end=\"2757\">6061-T6<\/strong> vo farbe Tan.<\/p>\n<ul data-start=\"2774\" data-end=\"3120\">\n<li data-start=\"2774\" data-end=\"2811\">\n<p data-start=\"2776\" data-end=\"2811\">3D fr\u00e9zovan\u00e1 proti\u0161mykov\u00e1 text\u00fara<\/p>\n<\/li>\n<li data-start=\"2812\" data-end=\"2856\">\n<p data-start=\"2814\" data-end=\"2856\">Jimping na hornej a dolnej \u010dasti rukov\u00e4te<\/p>\n<\/li>\n<li data-start=\"2857\" data-end=\"2908\">\n<p data-start=\"2859\" data-end=\"2908\">Zapusten\u00fd bo\u010dn\u00fd jazdec pre prirodzenej\u0161\u00ed \u00fachop<\/p>\n<\/li>\n<li data-start=\"2909\" data-end=\"2948\">\n<p data-start=\"2911\" data-end=\"2948\">\u0160t\u00edhly profil pre pohodln\u00e9 nosenie EDC<\/p>\n<\/li>\n<li data-start=\"2949\" data-end=\"2998\">\n<p data-start=\"2951\" data-end=\"2998\">Hlbok\u00fd klip na pren\u00e1\u0161anie (prav\u00e1\/\u013eav\u00e1 strana, vykl\u00e1panie)<\/p>\n<\/li>\n<li data-start=\"2999\" data-end=\"3057\">\n<p data-start=\"3001\" data-end=\"3057\">Klip s logom Microtech, s\u00e9riov\u00fdm \u010d\u00edslom a d\u00e1tumom v\u00fdroby<\/p>\n<\/li>\n<li data-start=\"3058\" data-end=\"3120\">\n<p data-start=\"3060\" data-end=\"3120\">Rozb\u00edja\u010d skla &#8211; oce\u013eov\u00fd hrot s gu\u013e\u00f4\u010dkou z karbidu volfr\u00e1mu<\/p>\n<\/li>\n<\/ul>\n<hr data-start=\"3122\" data-end=\"3125\">\n<p data-start=\"3127\" data-end=\"3155\">\u2699\ufe0f <strong data-start=\"3130\" data-end=\"3155\">Technick\u00e9 \u0161pecifik\u00e1cie<\/strong><\/p>\n<div class=\"TyagGW_tableContainer\">\n<div class=\"group TyagGW_tableWrapper flex flex-col-reverse w-fit\" tabindex=\"-1\">\n<table class=\"w-fit min-w-(--thread-content-width)\" data-start=\"3157\" data-end=\"3784\">\n<thead data-start=\"3157\" data-end=\"3179\">\n<tr data-start=\"3157\" data-end=\"3179\">\n<th class=\"\" data-start=\"3157\" data-end=\"3168\" data-col-size=\"sm\">Parameter<\/th>\n<th class=\"\" data-start=\"3168\" data-end=\"3179\" data-col-size=\"sm\">Hodnota<\/th>\n<\/tr>\n<\/thead>\n<tbody data-start=\"3204\" data-end=\"3784\">\n<tr data-start=\"3204\" data-end=\"3232\">\n<td data-start=\"3204\" data-end=\"3212\" data-col-size=\"sm\">Model<\/td>\n<td data-start=\"3212\" data-end=\"3232\" data-col-size=\"sm\">Dirac Delta\u00ae D\/E<\/td>\n<\/tr>\n<tr data-start=\"3233\" data-end=\"3264\">\n<td data-start=\"3233\" data-end=\"3252\" data-col-size=\"sm\">\u010c\u00edslo v\u00fdrobku<\/td>\n<td data-start=\"3252\" data-end=\"3264\" data-col-size=\"sm\">227-1 TA<\/td>\n<\/tr>\n<tr data-start=\"3265\" data-end=\"3291\">\n<td data-start=\"3265\" data-end=\"3281\" data-col-size=\"sm\">Celkov\u00e1 d\u013a\u017eka<\/td>\n<td data-start=\"3281\" data-end=\"3291\" data-col-size=\"sm\">235 mm<\/td>\n<\/tr>\n<tr data-start=\"3292\" data-end=\"3318\">\n<td data-start=\"3292\" data-end=\"3307\" data-col-size=\"sm\">D\u013a\u017eka \u010depele<\/td>\n<td data-start=\"3307\" data-end=\"3318\" data-col-size=\"sm\">95,2 mm<\/td>\n<\/tr>\n<tr data-start=\"3319\" data-end=\"3347\">\n<td data-start=\"3319\" data-end=\"3337\" data-col-size=\"sm\">Hr\u00fabka \u010depele<\/td>\n<td data-start=\"3337\" data-end=\"3347\" data-col-size=\"sm\">3,0 mm<\/td>\n<\/tr>\n<tr data-start=\"3348\" data-end=\"3375\">\n<td data-start=\"3348\" data-end=\"3365\" data-col-size=\"sm\">D\u013a\u017eka rukov\u00e4te<\/td>\n<td data-start=\"3365\" data-end=\"3375\" data-col-size=\"sm\">140 mm<\/td>\n<\/tr>\n<tr data-start=\"3376\" data-end=\"3407\">\n<td data-start=\"3376\" data-end=\"3396\" data-col-size=\"sm\">Hr\u00fabka rukov\u00e4te<\/td>\n<td data-start=\"3396\" data-end=\"3407\" data-col-size=\"sm\">12,7 mm<\/td>\n<\/tr>\n<tr data-start=\"3408\" data-end=\"3428\">\n<td data-start=\"3408\" data-end=\"3419\" data-col-size=\"sm\">Hmotnos\u0165<\/td>\n<td data-start=\"3419\" data-end=\"3428\" data-col-size=\"sm\">129 g<\/td>\n<\/tr>\n<tr data-start=\"3429\" data-end=\"3474\">\n<td data-start=\"3429\" data-end=\"3447\" data-col-size=\"sm\">Materi\u00e1l \u010depele<\/td>\n<td data-start=\"3447\" data-end=\"3474\" data-col-size=\"sm\">B\u00f6hler M390 Microclean\u00ae<\/td>\n<\/tr>\n<tr data-start=\"3475\" data-end=\"3502\">\n<td data-start=\"3475\" data-end=\"3485\" data-col-size=\"sm\">Tvrdos\u0165<\/td>\n<td data-start=\"3485\" data-end=\"3502\" data-col-size=\"sm\">pribli\u017ene 59-61 HRC<\/td>\n<\/tr>\n<tr data-start=\"3503\" data-end=\"3520\">\n<td data-start=\"3503\" data-end=\"3512\" data-col-size=\"sm\">Vystrihovanie<\/td>\n<td data-start=\"3512\" data-end=\"3520\" data-col-size=\"sm\">Ploch\u00e9<\/td>\n<\/tr>\n<tr data-start=\"3521\" data-end=\"3546\">\n<td data-start=\"3521\" data-end=\"3537\" data-col-size=\"sm\">Povrch \u010depele<\/td>\n<td data-start=\"3537\" data-end=\"3546\" data-col-size=\"sm\">\u010cierna<\/td>\n<\/tr>\n<tr data-start=\"3547\" data-end=\"3585\">\n<td data-start=\"3547\" data-end=\"3567\" data-col-size=\"sm\">Materi\u00e1l rukov\u00e4te<\/td>\n<td data-start=\"3567\" data-end=\"3585\" data-col-size=\"sm\">Hlin\u00edk 6061-T6<\/td>\n<\/tr>\n<tr data-start=\"3586\" data-end=\"3610\">\n<td data-start=\"3586\" data-end=\"3603\" data-col-size=\"sm\">Farba rukov\u00e4te<\/td>\n<td data-start=\"3603\" data-end=\"3610\" data-col-size=\"sm\">Tan<\/td>\n<\/tr>\n<tr data-start=\"3611\" data-end=\"3649\">\n<td data-start=\"3611\" data-end=\"3625\" data-col-size=\"sm\">Mechanizmus<\/td>\n<td data-start=\"3625\" data-end=\"3649\" data-col-size=\"sm\">D\/A OTF &#8211; Z\u00e1mok pos\u00fava\u010da<\/td>\n<\/tr>\n<tr data-start=\"3650\" data-end=\"3698\">\n<td data-start=\"3650\" data-end=\"3662\" data-col-size=\"sm\">Otvorenie str\u00e1nky<\/td>\n<td data-start=\"3662\" data-end=\"3698\" data-col-size=\"sm\">Automatick\u00fd &#8211; posuvn\u00edk push\/pull<\/td>\n<\/tr>\n<tr data-start=\"3699\" data-end=\"3730\">\n<td data-start=\"3699\" data-end=\"3706\" data-col-size=\"sm\">Klip<\/td>\n<td data-start=\"3706\" data-end=\"3730\" data-col-size=\"sm\">Vpravo\/v\u013eavo, vykl\u00e1panie<\/td>\n<\/tr>\n<tr data-start=\"3731\" data-end=\"3762\">\n<td data-start=\"3731\" data-end=\"3742\" data-col-size=\"sm\">Dizajn<\/td>\n<td data-start=\"3742\" data-end=\"3762\" data-col-size=\"sm\">Anthony Marfione<\/td>\n<\/tr>\n<tr data-start=\"3763\" data-end=\"3784\">\n<td data-start=\"3763\" data-end=\"3777\" data-col-size=\"sm\">Krajina p\u00f4vodu<\/td>\n<td data-start=\"3777\" data-end=\"3784\" data-col-size=\"sm\">USA<\/td>\n<\/tr>\n<\/tbody>\n<\/table>\n<\/div>\n<\/div>\n<hr data-start=\"3786\" data-end=\"3789\">\n<p data-start=\"3791\" data-end=\"3810\">\u2705 <strong data-start=\"3793\" data-end=\"3810\">Hlavn\u00e9 v\u00fdhody<\/strong><\/p>\n<ul data-start=\"3812\" data-end=\"4035\">\n<li data-start=\"3812\" data-end=\"3851\">\n<p data-start=\"3814\" data-end=\"3851\">Mimoriadne r\u00fdchly mechanizmus D\/A OTF<\/p>\n<\/li>\n<li data-start=\"3852\" data-end=\"3898\">\n<p data-start=\"3854\" data-end=\"3898\">Symetrick\u00e1 \u010depe\u013e D\/E s vysokou prieraznos\u0165ou<\/p>\n<\/li>\n<li data-start=\"3899\" data-end=\"3933\">\n<p data-start=\"3901\" data-end=\"3933\">Oce\u013e Premium M390 Microclean\u00ae<\/p>\n<\/li>\n<li data-start=\"3934\" data-end=\"3982\">\n<p data-start=\"3936\" data-end=\"3982\">Ergonomick\u00e1 rukov\u00e4\u0165 so zapusten\u00fdm jazdcom<\/p>\n<\/li>\n<li data-start=\"3983\" data-end=\"4010\">\n<p data-start=\"3985\" data-end=\"4010\">Plne obojstrann\u00e9 nosenie<\/p>\n<\/li>\n<li data-start=\"4011\" data-end=\"4035\">\n<p data-start=\"4013\" data-end=\"4035\">100 % americk\u00e1 v\u00fdroba<\/p>\n<\/li>\n<\/ul>\n<hr data-start=\"4037\" data-end=\"4040\">\n<p data-start=\"4042\" data-end=\"4062\">\u26a0\ufe0f <strong data-start=\"4045\" data-end=\"4062\">Mo\u017en\u00e9 obmedzenia<\/strong><\/p>\n<ul data-start=\"4064\" data-end=\"4236\">\n<li data-start=\"4064\" data-end=\"4125\">\n<p data-start=\"4066\" data-end=\"4125\">Dvojit\u00fd n\u00f4\u017e nie je ide\u00e1lny na v\u0161etky typy be\u017en\u00fdch pr\u00e1c<\/p>\n<\/li>\n<li data-start=\"4126\" data-end=\"4181\">\n<p data-start=\"4128\" data-end=\"4181\">Automatick\u00fd mechanizmus vy\u017eaduje pravideln\u00fa \u00fadr\u017ebu<\/p>\n<\/li>\n<li data-start=\"4182\" data-end=\"4236\">\n<p data-start=\"4184\" data-end=\"4236\">Vy\u0161\u0161ia cenov\u00e1 kateg\u00f3ria zodpovedaj\u00faca pr\u00e9miovej triede<\/p>\n<\/li>\n<\/ul>\n<hr data-start=\"4238\" data-end=\"4241\">\n<p data-start=\"4243\" data-end=\"4264\">\ud83d\udee0\ufe0f <strong data-start=\"4247\" data-end=\"4264\">\u00dadr\u017eba a starostlivos\u0165<\/strong><\/p>\n<ul data-start=\"4266\" data-end=\"4637\">\n<li data-start=\"4266\" data-end=\"4336\">\n<p data-start=\"4268\" data-end=\"4336\">Po pou\u017eit\u00ed \u010depe\u013e vy\u010distite a vysu\u0161te, aby sa zachovala jej dlh\u00e1 \u017eivotnos\u0165<\/p>\n<\/li>\n<li data-start=\"4337\" data-end=\"4403\">\n<p data-start=\"4339\" data-end=\"4403\">Udr\u017eujte rukov\u00e4\u0165 such\u00fa a \u010dist\u00fa, najm\u00e4 po kontakte s vlhkos\u0165ou<\/p>\n<\/li>\n<li data-start=\"4404\" data-end=\"4464\">\n<p data-start=\"4406\" data-end=\"4464\">Na dlh\u0161ie skladovanie n\u00f4\u017e z\u013eahka nama\u017ete ochrann\u00fdm olejom<\/p>\n<\/li>\n<li data-start=\"4465\" data-end=\"4637\">\n<p data-start=\"4467\" data-end=\"4637\">Na ostrenie \u010depel\u00ed odpor\u00fa\u010dame <strong data-start=\"4498\" data-end=\"4564\">kompletn\u00fd ostriaci syst\u00e9m Spyderco Tri-Angle Sharpmaker 204MF<\/strong> &#8211; ide\u00e1lny aj na hladk\u00e9 \u010depele. \ud83d\uded2 K\u00fapi\u0165 na na\u0161ej webovej str\u00e1nke Moskito.cz <\/p>\n<\/li>\n<\/ul>\n<p data-start=\"4639\" data-end=\"4717\">Pravideln\u00e1 \u00fadr\u017eba zaru\u010duje spo\u013eahliv\u00fa prev\u00e1dzku mechanizmu a dlhotrvaj\u00facu ostros\u0165.<\/p>\n<hr data-start=\"4719\" data-end=\"4722\">\n<p data-start=\"4724\" data-end=\"4745\">\ud83c\udfaf <strong data-start=\"4727\" data-end=\"4745\">Odpor\u00fa\u010dan\u00e9 pre<\/strong><\/p>\n<ul data-start=\"4747\" data-end=\"4891\">\n<li data-start=\"4747\" data-end=\"4772\">\n<p data-start=\"4749\" data-end=\"4772\">N\u00e1ro\u010dn\u00ed pou\u017e\u00edvatelia EDC<\/p>\n<\/li>\n<li data-start=\"4773\" data-end=\"4807\">\n<p data-start=\"4775\" data-end=\"4807\">Profesion\u00e1lne taktick\u00e9 pou\u017eitie<\/p>\n<\/li>\n<li data-start=\"4808\" data-end=\"4843\">\n<p data-start=\"4810\" data-end=\"4843\">Zberatelia pr\u00e9miov\u00fdch modelov OTF<\/p>\n<\/li>\n<li data-start=\"4844\" data-end=\"4891\">\n<p data-start=\"4846\" data-end=\"4891\">Pou\u017e\u00edvatelia, ktor\u00ed uprednost\u0148uj\u00fa symetrick\u00fa \u010depe\u013e D\/E<\/p>\n<\/li>\n<\/ul>\n<hr data-start=\"4893\" data-end=\"4896\">\n<p data-start=\"4898\" data-end=\"4923\">\u2b50 <strong data-start=\"4900\" data-end=\"4923\">Z\u00e1vere\u010dn\u00e9 hodnotenie<\/strong><\/p>\n<p data-start=\"4925\" data-end=\"5216\" data-is-last-node=\"\" data-is-only-node=\"\">Microtech Dirac Delta\u00ae 227-1 TA kombinuje agres\u00edvnu symetrick\u00fa \u010depe\u013e, modern\u00fa ergon\u00f3miu a extr\u00e9mne r\u00fdchly mechanizmus OTF. V\u010faka prvotriednej oceli M390, americkej v\u00fdrobe a prec\u00edznemu spracovaniu ide o v\u00fdkonn\u00fd a prest\u00ed\u017eny model pre pou\u017e\u00edvate\u013eov, ktor\u00ed h\u013eadaj\u00fa kvalitu bez kompromisov \ud83d\udd2a\ud83d\udd25 <\/p>\n","protected":false},"excerpt":{"rendered":"<p><strong>Microtech Dirac Delta\u00ae 227-1 TA kombinuje agres\u00edvnu symetrick\u00fa \u010depe\u013e, modern\u00fa ergon\u00f3miu a extr\u00e9mne r\u00fdchly mechanizmus OTF. V\u010faka prvotriednej oceli M390, americkej v\u00fdrobe a prec\u00edznemu spracovaniu ide o v\u00fdkonn\u00fd a prest\u00ed\u017eny model pre pou\u017e\u00edvate\u013eov, ktor\u00ed h\u013eadaj\u00fa kvalitu bez kompromisov \ud83d\udd2a\ud83d\udd25 <\/strong><\/p>\n<p><strong>Doprava zadarmo.<\/strong><\/p>\n","protected":false},"featured_media":436839,"comment_status":"open","ping_status":"closed","template":"","meta":[],"pwb-brand":[3200],"product_brand":[],"product_cat":[3197,3186],"product_tag":[],"class_list":{"0":"post-436911","1":"product","2":"type-product","3":"status-publish","4":"has-post-thumbnail","6":"pwb-brand-microtech-sk","7":"product_cat-vystrelovacie-noze-sk","8":"product_cat-noze-sk","10":"first","11":"instock","12":"taxable","13":"shipping-taxable","14":"purchasable","15":"product-type-simple"},"brands":[{"id":3200,"name":"Microtech","slug":"microtech-sk"}],"_links":{"self":[{"href":"https:\/\/www.moskito.cz\/sk\/wp-json\/wp\/v2\/product\/436911","targetHints":{"allow":["GET"]}}],"collection":[{"href":"https:\/\/www.moskito.cz\/sk\/wp-json\/wp\/v2\/product"}],"about":[{"href":"https:\/\/www.moskito.cz\/sk\/wp-json\/wp\/v2\/types\/product"}],"replies":[{"embeddable":true,"href":"https:\/\/www.moskito.cz\/sk\/wp-json\/wp\/v2\/comments?post=436911"}],"wp:featuredmedia":[{"embeddable":true,"href":"https:\/\/www.moskito.cz\/sk\/wp-json\/wp\/v2\/media\/436839"}],"wp:attachment":[{"href":"https:\/\/www.moskito.cz\/sk\/wp-json\/wp\/v2\/media?parent=436911"}],"wp:term":[{"taxonomy":"pwb-brand","embeddable":true,"href":"https:\/\/www.moskito.cz\/sk\/wp-json\/wp\/v2\/pwb-brand?post=436911"},{"taxonomy":"product_brand","embeddable":true,"href":"https:\/\/www.moskito.cz\/sk\/wp-json\/wp\/v2\/product_brand?post=436911"},{"taxonomy":"product_cat","embeddable":true,"href":"https:\/\/www.moskito.cz\/sk\/wp-json\/wp\/v2\/product_cat?post=436911"},{"taxonomy":"product_tag","embeddable":true,"href":"https:\/\/www.moskito.cz\/sk\/wp-json\/wp\/v2\/product_tag?post=436911"}],"curies":[{"name":"wp","href":"https:\/\/api.w.org\/{rel}","templated":true}]}}