{"id":437181,"date":"2026-02-13T15:41:15","date_gmt":"2026-02-13T14:41:15","guid":{"rendered":"https:\/\/www.moskito.cz\/produkt\/stehovy-noz-microtech-169rl-1flgtta\/"},"modified":"2026-02-13T16:18:34","modified_gmt":"2026-02-13T15:18:34","slug":"stehovy-noz-microtech-169rl-1flgtta","status":"publish","type":"product","link":"https:\/\/www.moskito.cz\/sk\/produkt\/stehovy-noz-microtech-169rl-1flgtta\/","title":{"rendered":"Stehov\u00fd n\u00f4\u017e Microtech 169RL-1FLGTTA"},"content":{"rendered":"<h1 data-start=\"0\" data-end=\"85\"><strong data-start=\"2\" data-end=\"85\">Microtech STITCH\u00ae 169RL-1FLGTTA &#8211; Dvojfarebn\u00e1 \u010dierna \/ M390MK (dizajn Borka Blades)<\/strong><\/h1>\n<p data-start=\"87\" data-end=\"427\">Len \u010do vezmete do ruky n\u00f4\u017e <strong data-start=\"110\" data-end=\"177\"><span class=\"hover:entity-accent entity-underline inline cursor-pointer align-baseline\"><span class=\"whitespace-normal\">Microtech STITCH 169RL-1FLGTTA<\/span><\/span> &#8211; Two Tone Black \/ M390MK<\/strong>, okam\u017eite poc\u00edtite kombin\u00e1ciu prec\u00edznej mechaniky a osobit\u00e9ho \u0161t\u00fdlu, ktor\u00e1 vznikla v spolupr\u00e1ci s renomovanou no\u017eiarskou diel\u0148ou <strong data-start=\"310\" data-end=\"326\">Borka Blades<\/strong>. Stitch v zatv\u00e1racej verzii prin\u00e1\u0161a silu legend\u00e1rneho modelu do kompaktn\u00e9ho a spo\u013eahliv\u00e9ho EDC form\u00e1tu. <\/p>\n<p data-start=\"429\" data-end=\"527\">Navrhol ich Anthony (Tony) Marfion v spolupr\u00e1ci s Borka Blades a s\u00fa 100% vyroben\u00e9 a zmontovan\u00e9 v USA.<\/p>\n<hr data-start=\"529\" data-end=\"532\">\n<h2 data-start=\"534\" data-end=\"561\">\ud83d\udd25 Charakter a filozofia<\/h2>\n<p data-start=\"563\" data-end=\"831\">Microtech Stitch\u00ae v zatv\u00e1racej verzii je navrhnut\u00fd na ka\u017edodenn\u00e9 pou\u017eitie, ale s d\u00f4razom na robustnos\u0165, bezpe\u010dnos\u0165 uchopenia a r\u00fdchlu manipul\u00e1ciu. Dizajn dvojfarebn\u00e9ho tela p\u00f4sob\u00ed technicky a moderne, zatia\u013e \u010do ergon\u00f3mia a vyv\u00e1\u017eenos\u0165 no\u017ea zabezpe\u010duj\u00fa pohodln\u00e9 a bezpe\u010dn\u00e9 dr\u017eanie v ruke. <\/p>\n<p data-start=\"833\" data-end=\"1074\">Model funguje na spo\u013eahlivom z\u00e1mku <strong data-start=\"862\" data-end=\"876\">liner-lock<\/strong> s plynul\u00fdm otv\u00e1ran\u00edm <strong data-start=\"911\" data-end=\"923\">flipperom<\/strong>, ktor\u00fd umo\u017e\u0148uje nasadenie \u010depele jedn\u00fdm plynul\u00fdm pohybom. Otv\u00e1ranie je r\u00fdchle a ist\u00e9, zatia\u013e \u010do z\u00e1mok starostlivo zais\u0165uje \u010depe\u013e v pracovnej polohe. <\/p>\n<p data-start=\"1076\" data-end=\"1195\">Celkov\u00e1 d\u013a\u017eka po vypnut\u00ed z neho rob\u00ed pohodln\u00fd a praktick\u00fd n\u00e1stroj EDC, ktor\u00fd sa \u013eahko nos\u00ed vo vrecku a na opasku.<\/p>\n<hr data-start=\"1197\" data-end=\"1200\">\n<h2 data-start=\"1202\" data-end=\"1217\">\ud83c\udfed O v\u00fdrobcovi<\/h2>\n<p data-start=\"1219\" data-end=\"1399\"><strong data-start=\"1219\" data-end=\"1260\"><span class=\"hover:entity-accent entity-underline inline cursor-pointer align-baseline\"><span class=\"whitespace-normal\">No\u017ee Microtech<\/span><\/span><\/strong> je americk\u00e1 zna\u010dka s viac ako 30-ro\u010dnou hist\u00f3riou v\u00fdroby \u0161pi\u010dkov\u00fdch no\u017eov, ktor\u00e1 je synonymom inov\u00e1ci\u00ed, kvality a prec\u00edzneho spracovania.<\/p>\n<p data-start=\"1401\" data-end=\"1441\">Typick\u00e9 vlastnosti v\u00fdrobkov Microtech s\u00fa:<\/p>\n<ul data-start=\"1443\" data-end=\"1606\">\n<li data-start=\"1443\" data-end=\"1468\">\n<p data-start=\"1445\" data-end=\"1468\">Presn\u00e9 CNC obr\u00e1banie<\/p>\n<\/li>\n<li data-start=\"1469\" data-end=\"1502\">\n<p data-start=\"1471\" data-end=\"1502\">Patentovan\u00e9 kon\u0161truk\u010dn\u00e9 prvky<\/p>\n<\/li>\n<li data-start=\"1503\" data-end=\"1536\">\n<p data-start=\"1505\" data-end=\"1536\">Inovat\u00edvne vn\u00fatorn\u00e9 mechanizmy<\/p>\n<\/li>\n<li data-start=\"1537\" data-end=\"1566\">\n<p data-start=\"1539\" data-end=\"1566\">D\u00f4sledn\u00e1 kontrola kvality<\/p>\n<\/li>\n<li data-start=\"1567\" data-end=\"1606\">\n<p data-start=\"1569\" data-end=\"1606\">Kompletn\u00e1 v\u00fdroba a mont\u00e1\u017e v USA<\/p>\n<\/li>\n<\/ul>\n<p data-start=\"1608\" data-end=\"1673\">Ka\u017ed\u00fd kus sa vyr\u00e1ba a testuje pod veden\u00edm Anthonyho Marfioneho.<\/p>\n<hr data-start=\"1675\" data-end=\"1678\">\n<h2 data-start=\"1680\" data-end=\"1718\">\ud83d\udde1\ufe0f Blade &#8211; Dvojfarebn\u00e1 \u010dierna s M390MK<\/h2>\n<p data-start=\"1720\" data-end=\"2001\">\u010cepe\u013e no\u017ea je vyroben\u00e1 z prvotriednej nehrdzavej\u00facej ocele <strong data-start=\"1769\" data-end=\"1810\"><span class=\"hover:entity-accent entity-underline inline cursor-pointer align-baseline\"><span class=\"whitespace-normal\">B\u00f6hler M390MK<\/span><\/span><\/strong>, ktor\u00e1 patr\u00ed k \u0161pi\u010dke modernej v\u00fdroby no\u017eiarskych v\u00fdrobkov. Povrchov\u00e1 \u00faprava Two Tone dod\u00e1va \u010depeli elegantn\u00fd a z\u00e1rove\u0148 taktick\u00fd vzh\u013ead &#8211; kombin\u00e1cia matn\u00e9ho a leskl\u00e9ho povrchu zv\u00fdraz\u0148uje geometriu a detaily rezu. <\/p>\n<p data-start=\"2003\" data-end=\"2017\">V\u00fdhody \u010depele:<\/p>\n<ul data-start=\"2019\" data-end=\"2135\">\n<li data-start=\"2019\" data-end=\"2043\">\n<p data-start=\"2021\" data-end=\"2043\">vysok\u00e1 retencia \u010depele<\/p>\n<\/li>\n<li data-start=\"2044\" data-end=\"2081\">\n<p data-start=\"2046\" data-end=\"2081\">vynikaj\u00faca odolnos\u0165 proti opotrebovaniu<\/p>\n<\/li>\n<li data-start=\"2082\" data-end=\"2113\">\n<p data-start=\"2084\" data-end=\"2113\">vynikaj\u00faca odolnos\u0165 proti kor\u00f3zii<\/p>\n<\/li>\n<li data-start=\"2114\" data-end=\"2135\">\n<p data-start=\"2116\" data-end=\"2135\">jednoduch\u00e1 \u00fadr\u017eba<\/p>\n<\/li>\n<\/ul>\n<p data-start=\"2137\" data-end=\"2168\">Vysok\u00fd ploch\u00fd strih zabezpe\u010duje:<\/p>\n<ul data-start=\"2170\" data-end=\"2238\">\n<li data-start=\"2170\" data-end=\"2198\">\n<p data-start=\"2172\" data-end=\"2198\">vynikaj\u00face rezn\u00e9 vlastnosti<\/p>\n<\/li>\n<li data-start=\"2199\" data-end=\"2220\">\n<p data-start=\"2201\" data-end=\"2220\">dobr\u00e1 odolnos\u0165 proti prepichnutiu<\/p>\n<\/li>\n<li data-start=\"2221\" data-end=\"2238\">\n<p data-start=\"2223\" data-end=\"2238\">pevnos\u0165 hrotu<\/p>\n<\/li>\n<\/ul>\n<hr data-start=\"2240\" data-end=\"2243\">\n<h2 data-start=\"2245\" data-end=\"2271\">\ud83d\udd2c Oce\u013e &#8211; B\u00f6hler M390MK<\/h2>\n<p data-start=\"2273\" data-end=\"2352\">Oce\u013e M390MK je v\u00fdvoj legend\u00e1rnej pr\u00e1\u0161kovej ocele M390 s upraven\u00fdm zlo\u017een\u00edm pre:<\/p>\n<ul data-start=\"2354\" data-end=\"2498\">\n<li data-start=\"2354\" data-end=\"2397\">\n<p data-start=\"2356\" data-end=\"2397\">vy\u0161\u0161ia stabilita po\u010das tepeln\u00e9ho spracovania<\/p>\n<\/li>\n<li data-start=\"2398\" data-end=\"2430\">\n<p data-start=\"2400\" data-end=\"2430\">jemnej\u0161ia \u0161trukt\u00fara materi\u00e1lu<\/p>\n<\/li>\n<li data-start=\"2431\" data-end=\"2498\">\n<p data-start=\"2433\" data-end=\"2498\">o nie\u010do lep\u0161ie dr\u017eanie \u010depele pri zachovan\u00ed odolnosti proti kor\u00f3zii<\/p>\n<\/li>\n<\/ul>\n<p data-start=\"2500\" data-end=\"2611\">T\u00e1to oce\u013e je ob\u013e\u00faben\u00e1 medzi v\u00fdrobcami no\u017eov a n\u00e1ro\u010dn\u00fdmi pou\u017e\u00edvate\u013emi pre svoju kombin\u00e1ciu tvrdosti, odolnosti a jednoduchej \u00fadr\u017eby.<\/p>\n<hr data-start=\"2613\" data-end=\"2616\">\n<h2 data-start=\"2618\" data-end=\"2678\">\ud83e\udde9 Rukov\u00e4\u0165 &#8211; dvojfarebn\u00fd \u010dierny hlin\u00edk s dizajnov\u00fdmi prvkami Borka<\/h2>\n<p data-start=\"2680\" data-end=\"2823\">Rukov\u00e4\u0165 je prec\u00edzne CNC opracovan\u00e1 z eloxovan\u00e9ho hlin\u00edka s dvojfarebnou \u010diernou povrchovou \u00fapravou, ktor\u00e1 je technicky a esteticky vyv\u00e1\u017een\u00e1.<\/p>\n<p data-start=\"2825\" data-end=\"2852\">Hlavn\u00e9 vlastnosti rukov\u00e4te:<\/p>\n<ul data-start=\"2854\" data-end=\"3097\">\n<li data-start=\"2854\" data-end=\"2891\">\n<p data-start=\"2856\" data-end=\"2891\">3D fr\u00e9zovan\u00e1 proti\u0161mykov\u00e1 text\u00fara<\/p>\n<\/li>\n<li data-start=\"2892\" data-end=\"2936\">\n<p data-start=\"2894\" data-end=\"2936\">Ergonomick\u00e9 tvarovanie pre bezpe\u010dn\u00e9 uchopenie<\/p>\n<\/li>\n<li data-start=\"2937\" data-end=\"2975\">\n<p data-start=\"2939\" data-end=\"2975\">Flipper na r\u00fdchle otv\u00e1ranie \u010depele<\/p>\n<\/li>\n<li data-start=\"2976\" data-end=\"3021\">\n<p data-start=\"2978\" data-end=\"3021\">\u0160t\u00fdlov\u00e9 dizajnov\u00e9 prvky od spolo\u010dnosti <strong data-start=\"3005\" data-end=\"3021\">Borka Blades<\/strong><\/p>\n<\/li>\n<li data-start=\"3022\" data-end=\"3064\">\n<p data-start=\"3024\" data-end=\"3064\">Hlbok\u00fd klip na pren\u00e1\u0161anie (prav\u00fd\/\u013eav\u00fd, sklopn\u00fd)<\/p>\n<\/li>\n<li data-start=\"3065\" data-end=\"3097\">\n<p data-start=\"3067\" data-end=\"3097\">S\u00e9riov\u00e9 \u010d\u00edslo a zna\u010dka v\u00fdrobcu<\/p>\n<\/li>\n<\/ul>\n<p data-start=\"3099\" data-end=\"3219\">V\u00fdsledkom je pevn\u00e1, ale elegantn\u00e1 rukov\u00e4\u0165, ktor\u00e1 sa prisp\u00f4sob\u00ed ruke a poskytuje istotu aj pri n\u00e1ro\u010dnom pou\u017e\u00edvan\u00ed.<\/p>\n<hr data-start=\"3221\" data-end=\"3224\">\n<h2 data-start=\"3226\" data-end=\"3253\">\u2699\ufe0f Technick\u00e9 \u0161pecifik\u00e1cie<\/h2>\n<div class=\"TyagGW_tableContainer\">\n<div class=\"group TyagGW_tableWrapper flex flex-col-reverse w-fit\" tabindex=\"-1\">\n<table class=\"w-fit min-w-(--thread-content-width)\" data-start=\"3255\" data-end=\"3871\">\n<thead data-start=\"3255\" data-end=\"3285\">\n<tr data-start=\"3255\" data-end=\"3285\">\n<th class=\"\" data-start=\"3255\" data-end=\"3270\" data-col-size=\"sm\"><strong data-start=\"3257\" data-end=\"3269\">Parameter<\/strong><\/th>\n<th class=\"\" data-start=\"3270\" data-end=\"3285\" data-col-size=\"sm\"><strong data-start=\"3272\" data-end=\"3283\">Hodnota<\/strong><\/th>\n<\/tr>\n<\/thead>\n<tbody data-start=\"3317\" data-end=\"3871\">\n<tr data-start=\"3317\" data-end=\"3336\">\n<td data-start=\"3317\" data-end=\"3325\" data-col-size=\"sm\">Model<\/td>\n<td data-start=\"3325\" data-end=\"3336\" data-col-size=\"sm\">STITCH\u00ae<\/td>\n<\/tr>\n<tr data-start=\"3337\" data-end=\"3373\">\n<td data-start=\"3337\" data-end=\"3356\" data-col-size=\"sm\">\u010c\u00edslo v\u00fdrobku<\/td>\n<td data-start=\"3356\" data-end=\"3373\" data-col-size=\"sm\">169RL-1FLGTTA<\/td>\n<\/tr>\n<tr data-start=\"3374\" data-end=\"3415\">\n<td data-start=\"3374\" data-end=\"3401\" data-col-size=\"sm\">Celkov\u00e1 d\u013a\u017eka (otvoren\u00e1)<\/td>\n<td data-start=\"3401\" data-end=\"3415\" data-col-size=\"sm\">pribli\u017ene 217 mm<\/td>\n<\/tr>\n<tr data-start=\"3416\" data-end=\"3444\">\n<td data-start=\"3416\" data-end=\"3431\" data-col-size=\"sm\">D\u013a\u017eka \u010depele<\/td>\n<td data-start=\"3431\" data-end=\"3444\" data-col-size=\"sm\">pribli\u017ene 93 mm<\/td>\n<\/tr>\n<tr data-start=\"3445\" data-end=\"3477\">\n<td data-start=\"3445\" data-end=\"3463\" data-col-size=\"sm\">Hr\u00fabka \u010depele<\/td>\n<td data-start=\"3463\" data-end=\"3477\" data-col-size=\"sm\">pribli\u017ene 3,0 mm<\/td>\n<\/tr>\n<tr data-start=\"3478\" data-end=\"3509\">\n<td data-start=\"3478\" data-end=\"3495\" data-col-size=\"sm\">D\u013a\u017eka rukov\u00e4te<\/td>\n<td data-start=\"3495\" data-end=\"3509\" data-col-size=\"sm\">pribli\u017ene 117 mm<\/td>\n<\/tr>\n<tr data-start=\"3510\" data-end=\"3534\">\n<td data-start=\"3510\" data-end=\"3521\" data-col-size=\"sm\">Hmotnos\u0165<\/td>\n<td data-start=\"3521\" data-end=\"3534\" data-col-size=\"sm\">pribli\u017ene 120 g<\/td>\n<\/tr>\n<tr data-start=\"3535\" data-end=\"3570\">\n<td data-start=\"3535\" data-end=\"3553\" data-col-size=\"sm\">Materi\u00e1l \u010depele<\/td>\n<td data-start=\"3553\" data-end=\"3570\" data-col-size=\"sm\">B\u00f6hler M390MK<\/td>\n<\/tr>\n<tr data-start=\"3571\" data-end=\"3588\">\n<td data-start=\"3571\" data-end=\"3580\" data-col-size=\"sm\">Vystrihovanie<\/td>\n<td data-start=\"3580\" data-end=\"3588\" data-col-size=\"sm\">Ploch\u00e9<\/td>\n<\/tr>\n<tr data-start=\"3589\" data-end=\"3623\">\n<td data-start=\"3589\" data-end=\"3605\" data-col-size=\"sm\">Povrch \u010depele<\/td>\n<td data-start=\"3605\" data-end=\"3623\" data-col-size=\"sm\">Dvojfarebn\u00e1 \u010dierna farba<\/td>\n<\/tr>\n<tr data-start=\"3624\" data-end=\"3662\">\n<td data-start=\"3624\" data-end=\"3644\" data-col-size=\"sm\">Materi\u00e1l rukov\u00e4te<\/td>\n<td data-start=\"3644\" data-end=\"3662\" data-col-size=\"sm\">Hlin\u00edk 6061-T6<\/td>\n<\/tr>\n<tr data-start=\"3663\" data-end=\"3698\">\n<td data-start=\"3663\" data-end=\"3680\" data-col-size=\"sm\">Farba rukov\u00e4te<\/td>\n<td data-start=\"3680\" data-end=\"3698\" data-col-size=\"sm\">Dvojfarebn\u00e1 \u010dierna<\/td>\n<\/tr>\n<tr data-start=\"3699\" data-end=\"3737\">\n<td data-start=\"3699\" data-end=\"3713\" data-col-size=\"sm\">Mechanizmus<\/td>\n<td data-start=\"3713\" data-end=\"3737\" data-col-size=\"sm\">Flipper \/ Liner Lock<\/td>\n<\/tr>\n<tr data-start=\"3738\" data-end=\"3772\">\n<td data-start=\"3738\" data-end=\"3750\" data-col-size=\"sm\">Otvorenie str\u00e1nky<\/td>\n<td data-start=\"3750\" data-end=\"3772\" data-col-size=\"sm\">Manu\u00e1lne &#8211; flipper<\/td>\n<\/tr>\n<tr data-start=\"3773\" data-end=\"3804\">\n<td data-start=\"3773\" data-end=\"3780\" data-col-size=\"sm\">Klip<\/td>\n<td data-start=\"3780\" data-end=\"3804\" data-col-size=\"sm\">Vpravo\/v\u013eavo, vykl\u00e1panie<\/td>\n<\/tr>\n<tr data-start=\"3805\" data-end=\"3849\">\n<td data-start=\"3805\" data-end=\"3814\" data-col-size=\"sm\">Dizajn<\/td>\n<td data-start=\"3814\" data-end=\"3849\" data-col-size=\"sm\">Anthony Marfione &amp; Borka Blades<\/td>\n<\/tr>\n<tr data-start=\"3850\" data-end=\"3871\">\n<td data-start=\"3850\" data-end=\"3864\" data-col-size=\"sm\">Krajina p\u00f4vodu<\/td>\n<td data-start=\"3864\" data-end=\"3871\" data-col-size=\"sm\">USA<\/td>\n<\/tr>\n<\/tbody>\n<\/table>\n<\/div>\n<\/div>\n<hr data-start=\"3873\" data-end=\"3876\">\n<h2 data-start=\"3878\" data-end=\"3896\">\u2705 Hlavn\u00e9 v\u00fdhody<\/h2>\n<ul data-start=\"3898\" data-end=\"4141\">\n<li data-start=\"3898\" data-end=\"3949\">\n<p data-start=\"3900\" data-end=\"3949\">Pr\u00e9miov\u00e1 oce\u013e M390MK s vynikaj\u00facou retenciou \u010depele<\/p>\n<\/li>\n<li data-start=\"3950\" data-end=\"3985\">\n<p data-start=\"3952\" data-end=\"3985\">Elegantn\u00fd dvojfarebn\u00fd \u010dierny dizajn<\/p>\n<\/li>\n<li data-start=\"3986\" data-end=\"4029\">\n<p data-start=\"3988\" data-end=\"4029\">R\u00fdchle a spo\u013eahliv\u00e9 otv\u00e1ranie flippera<\/p>\n<\/li>\n<li data-start=\"4030\" data-end=\"4061\">\n<p data-start=\"4032\" data-end=\"4061\">Ergonomick\u00e1 a pevn\u00e1 rukov\u00e4\u0165<\/p>\n<\/li>\n<li data-start=\"4062\" data-end=\"4101\">\n<p data-start=\"4064\" data-end=\"4101\">Hlbok\u00fd klip na pohodln\u00e9 nosenie<\/p>\n<\/li>\n<li data-start=\"4102\" data-end=\"4141\">\n<p data-start=\"4104\" data-end=\"4141\">Spolupr\u00e1ca na dizajne s Borka Blades<\/p>\n<\/li>\n<\/ul>\n<hr data-start=\"4143\" data-end=\"4146\">\n<h2 data-start=\"4148\" data-end=\"4167\">\u26a0\ufe0f Mo\u017en\u00e9 obmedzenia<\/h2>\n<ul data-start=\"4169\" data-end=\"4380\">\n<li data-start=\"4169\" data-end=\"4257\">\n<p data-start=\"4171\" data-end=\"4257\">Manu\u00e1lne otv\u00e1ranie nemus\u00ed vyhovova\u0165 v\u0161etk\u00fdm pou\u017e\u00edvate\u013eom, ktor\u00ed vy\u017eaduj\u00fa automatick\u00e9 nasadenie<\/p>\n<\/li>\n<li data-start=\"4258\" data-end=\"4328\">\n<p data-start=\"4260\" data-end=\"4328\">Vy\u0161\u0161ia cenov\u00e1 kateg\u00f3ria zodpovedaj\u00faca pr\u00e9miov\u00e9mu materi\u00e1lu a dizajnu<\/p>\n<\/li>\n<li data-start=\"4329\" data-end=\"4380\">\n<p data-start=\"4331\" data-end=\"4380\">Robustn\u00fd dizajn m\u00f4\u017ee by\u0165 v\u00fdraznej\u0161\u00ed vo vrecku<\/p>\n<\/li>\n<\/ul>\n<hr data-start=\"4382\" data-end=\"4385\">\n<h2 data-start=\"4387\" data-end=\"4407\">\ud83d\udee0\ufe0f \u00dadr\u017eba a starostlivos\u0165<\/h2>\n<ul data-start=\"4409\" data-end=\"4840\">\n<li data-start=\"4409\" data-end=\"4479\">\n<p data-start=\"4411\" data-end=\"4479\">Po pou\u017eit\u00ed \u010depe\u013e vy\u010distite a vysu\u0161te, aby sa zachovala jej dlh\u00e1 \u017eivotnos\u0165<\/p>\n<\/li>\n<li data-start=\"4480\" data-end=\"4546\">\n<p data-start=\"4482\" data-end=\"4546\">Udr\u017eujte rukov\u00e4\u0165 such\u00fa a \u010dist\u00fa, najm\u00e4 po kontakte s vlhkos\u0165ou<\/p>\n<\/li>\n<li data-start=\"4547\" data-end=\"4607\">\n<p data-start=\"4549\" data-end=\"4607\">Na dlh\u0161ie skladovanie n\u00f4\u017e z\u013eahka nama\u017ete ochrann\u00fdm olejom<\/p>\n<\/li>\n<li data-start=\"4608\" data-end=\"4669\">\n<p data-start=\"4610\" data-end=\"4669\">Pravidelne kontrolujte z\u00e1mok a v pr\u00edpade potreby ho o\u010distite od ne\u010dist\u00f4t<\/p>\n<\/li>\n<li data-start=\"4670\" data-end=\"4840\">\n<p data-start=\"4672\" data-end=\"4840\">Na ostrenie \u010depele odpor\u00fa\u010dame <strong data-start=\"4703\" data-end=\"4769\">Spyderco Tri-Angle Sharpmaker Complete Sharpening System 204MF<\/strong> &#8211; ide\u00e1lny na hladk\u00e9 \u010depele. \ud83d\uded2 K\u00fapi\u0165 na na\u0161ej str\u00e1nke Moskito.cz <\/p>\n<\/li>\n<\/ul>\n<p data-start=\"4842\" data-end=\"4909\">Pravideln\u00e1 starostlivos\u0165 zaru\u010duje dlhodob\u00fa spo\u013eahlivos\u0165 a maxim\u00e1lny v\u00fdkon.<\/p>\n<hr data-start=\"4911\" data-end=\"4914\">\n<h2 data-start=\"4916\" data-end=\"4936\">\ud83c\udfaf Odpor\u00fa\u010dan\u00e9 pre<\/h2>\n<ul data-start=\"4938\" data-end=\"5082\">\n<li data-start=\"4938\" data-end=\"4963\">\n<p data-start=\"4940\" data-end=\"4963\">N\u00e1ro\u010dn\u00ed pou\u017e\u00edvatelia EDC<\/p>\n<\/li>\n<li data-start=\"4964\" data-end=\"4993\">\n<p data-start=\"4966\" data-end=\"4993\">Zberatelia no\u017eov Premium<\/p>\n<\/li>\n<li data-start=\"4994\" data-end=\"5029\">\n<p data-start=\"4996\" data-end=\"5029\">Fan\u00fa\u0161ikovia spolupr\u00e1ce v oblasti dizajnu<\/p>\n<\/li>\n<li data-start=\"5030\" data-end=\"5082\">\n<p data-start=\"5032\" data-end=\"5082\">Pou\u017e\u00edvatelia po\u017eaduj\u00faci pr\u00e9miov\u00fa oce\u013e a kon\u0161trukciu<\/p>\n<\/li>\n<\/ul>\n<hr data-start=\"5084\" data-end=\"5087\">\n<h2 data-start=\"5089\" data-end=\"5113\">\u2b50 Z\u00e1vere\u010dn\u00e9 hodnotenie<\/h2>\n<p data-start=\"5115\" data-end=\"5415\" data-is-last-node=\"\" data-is-only-node=\"\"><strong data-start=\"5115\" data-end=\"5150\">Microtech STITCH\u00ae 169RL-1FLGTTA<\/strong> predstavuje v\u00fdnimo\u010dn\u00fa kombin\u00e1ciu dizajnu, materi\u00e1lu a technickej presnosti. V\u010faka prvotriednej oceli M390MK, spolupr\u00e1ci s Borka Blades a robustnej ergon\u00f3mii je to \u0161t\u00fdlov\u00fd a vysoko funk\u010dn\u00fd zatv\u00e1rac\u00ed n\u00f4\u017e pre t\u00fdch, ktor\u00ed chc\u00fa v\u00fdkon, estetiku a kvalitu bez kompromisov \ud83d\udd2a\ud83d\udd25 <\/p>\n","protected":false},"excerpt":{"rendered":"<p><strong>Microtech STITCH\u00ae 169RL-1FLGTTA predstavuje v\u00fdnimo\u010dn\u00fa kombin\u00e1ciu dizajnu, materi\u00e1lu a technickej presnosti. V\u010faka prvotriednej oceli M390MK, spolupr\u00e1ci s Borka Blades a robustnej ergon\u00f3mii je to \u0161t\u00fdlov\u00fd a vysoko funk\u010dn\u00fd zatv\u00e1rac\u00ed n\u00f4\u017e pre t\u00fdch, ktor\u00ed chc\u00fa v\u00fdkon, estetiku a kvalitu bez kompromisov \ud83d\udd2a\ud83d\udd25 <\/strong><\/p>\n<p><strong>Doprava zadarmo.<\/strong><\/p>\n","protected":false},"featured_media":437045,"comment_status":"open","ping_status":"closed","template":"","meta":[],"pwb-brand":[3200],"product_brand":[],"product_cat":[3233,3186],"product_tag":[],"class_list":{"0":"post-437181","1":"product","2":"type-product","3":"status-publish","4":"has-post-thumbnail","6":"pwb-brand-microtech-sk","7":"product_cat-zatvaracie-noze","8":"product_cat-noze-sk","10":"first","11":"instock","12":"taxable","13":"shipping-taxable","14":"purchasable","15":"product-type-simple"},"brands":[{"id":3200,"name":"Microtech","slug":"microtech-sk"}],"_links":{"self":[{"href":"https:\/\/www.moskito.cz\/sk\/wp-json\/wp\/v2\/product\/437181","targetHints":{"allow":["GET"]}}],"collection":[{"href":"https:\/\/www.moskito.cz\/sk\/wp-json\/wp\/v2\/product"}],"about":[{"href":"https:\/\/www.moskito.cz\/sk\/wp-json\/wp\/v2\/types\/product"}],"replies":[{"embeddable":true,"href":"https:\/\/www.moskito.cz\/sk\/wp-json\/wp\/v2\/comments?post=437181"}],"wp:featuredmedia":[{"embeddable":true,"href":"https:\/\/www.moskito.cz\/sk\/wp-json\/wp\/v2\/media\/437045"}],"wp:attachment":[{"href":"https:\/\/www.moskito.cz\/sk\/wp-json\/wp\/v2\/media?parent=437181"}],"wp:term":[{"taxonomy":"pwb-brand","embeddable":true,"href":"https:\/\/www.moskito.cz\/sk\/wp-json\/wp\/v2\/pwb-brand?post=437181"},{"taxonomy":"product_brand","embeddable":true,"href":"https:\/\/www.moskito.cz\/sk\/wp-json\/wp\/v2\/product_brand?post=437181"},{"taxonomy":"product_cat","embeddable":true,"href":"https:\/\/www.moskito.cz\/sk\/wp-json\/wp\/v2\/product_cat?post=437181"},{"taxonomy":"product_tag","embeddable":true,"href":"https:\/\/www.moskito.cz\/sk\/wp-json\/wp\/v2\/product_tag?post=437181"}],"curies":[{"name":"wp","href":"https:\/\/api.w.org\/{rel}","templated":true}]}}