{"id":437304,"date":"2026-02-09T19:36:39","date_gmt":"2026-02-09T18:36:39","guid":{"rendered":"https:\/\/www.moskito.cz\/produkt\/noz-spyderco-essenza-c272albkp\/"},"modified":"2026-02-15T11:39:08","modified_gmt":"2026-02-15T10:39:08","slug":"noz-spyderco-essenza-c272albkp","status":"publish","type":"product","link":"https:\/\/www.moskito.cz\/sk\/produkt\/noz-spyderco-essenza-c272albkp\/","title":{"rendered":"N\u00f4\u017e Spyderco Essenza C272ALBKP"},"content":{"rendered":"<div class=\"flex flex-col text-sm pb-25\">\n<article class=\"text-token-text-primary w-full focus:outline-none [--shadow-height:45px] has-data-writing-block:pointer-events-none has-data-writing-block:-mt-(--shadow-height) has-data-writing-block:pt-(--shadow-height) [&amp;:has([data-writing-block])&gt;*]:pointer-events-auto scroll-mt-[calc(var(--header-height)+min(200px,max(70px,20svh)))]\" dir=\"auto\" tabindex=\"-1\" data-turn-id=\"request-WEB:a32a4206-734b-4a83-b1e2-42833545ac64-8\" data-testid=\"conversation-turn-18\" data-scroll-anchor=\"true\" data-turn=\"assistant\">\n<div class=\"text-base my-auto mx-auto pb-10 [--thread-content-margin:--spacing(4)] @w-sm\/main:[--thread-content-margin:--spacing(6)] @w-lg\/main:[--thread-content-margin:--spacing(16)] px-(--thread-content-margin)\">\n<div class=\"[--thread-content-max-width:40rem] @w-lg\/main:[--thread-content-max-width:48rem] mx-auto max-w-(--thread-content-max-width) flex-1 group\/turn-messages focus-visible:outline-hidden relative flex w-full min-w-0 flex-col agent-turn\" tabindex=\"-1\">\n<div class=\"flex max-w-full flex-col grow\">\n<div class=\"min-h-8 text-message relative flex w-full flex-col items-end gap-2 text-start break-words whitespace-normal [.text-message+&amp;]:mt-1\" dir=\"auto\" data-message-author-role=\"assistant\" data-message-id=\"90d053d4-647e-41dd-a078-066020e44e54\" data-message-model-slug=\"gpt-5-2\">\n<div class=\"flex w-full flex-col gap-1 empty:hidden first:pt-[1px]\">\n<div class=\"markdown prose dark:prose-invert w-full wrap-break-word light markdown-new-styling\">\n<p data-start=\"107\" data-end=\"444\">Ke\u010f uchop\u00edte n\u00f4\u017e <strong data-start=\"123\" data-end=\"153\">Spyderco Essenza C272ALBKP<\/strong> do dlane, okam\u017eite poc\u00edtite to, \u010do o\u010dak\u00e1vate od \u0161pi\u010dkov\u00e9ho no\u017ea EDC &#8211; <strong data-start=\"222\" data-end=\"279\">rovnov\u00e1hu medzi v\u00fdkonom, jednoduchos\u0165ou a vynikaj\u00facou ergon\u00f3miou<\/strong> v kompaktnom balen\u00ed. Essenza je jedn\u00fdm z najnov\u0161\u00edch pr\u00edrastkov zna\u010dky Spyderco, ktor\u00fd prin\u00e1\u0161a modern\u00e9 materi\u00e1ly a intuit\u00edvne ovl\u00e1danie bez toho, aby sa zn\u00ed\u017eila jeho funk\u010dnos\u0165. <\/p>\n<p data-start=\"446\" data-end=\"690\">Tento n\u00f4\u017e je ur\u010den\u00fd pre pou\u017e\u00edvate\u013eov, ktor\u00ed chc\u00fa elegantn\u00fd, praktick\u00fd a vysoko spo\u013eahliv\u00fd zatv\u00e1rac\u00ed n\u00f4\u017e na ka\u017edodenn\u00e9 nosenie. Perfektne padne do vrecka a do ruky, je okam\u017eite pripraven\u00fd na pou\u017eitie a pon\u00faka v\u00fdkon, na ktor\u00fd sa m\u00f4\u017eete spo\u013eahn\u00fa\u0165. <\/p>\n<hr data-start=\"692\" data-end=\"695\">\n<h2 data-start=\"697\" data-end=\"721\">Charakter a filozofia<\/h2>\n<p data-start=\"723\" data-end=\"961\">Spyderco Essenza je navrhnut\u00fd s jasnou v\u00edziou &#8211; <strong data-start=\"768\" data-end=\"843\">rovnov\u00e1ha, jednoduchos\u0165 a pohodlie v kombin\u00e1cii s vysok\u00fdm rezn\u00fdm v\u00fdkonom<\/strong>. Nejde o prepracovan\u00fd dizajn ani technick\u00e9 &#8222;hr\u00e1tky&#8220;, ale o skuto\u010dn\u00fd n\u00e1stroj, ktor\u00fd odvedie pr\u00e1cu s minim\u00e1lnym \u00fasil\u00edm. <\/p>\n<p data-start=\"963\" data-end=\"1295\">\u010cierne potiahnut\u00e1 \u010depe\u013e je vyroben\u00e1 z vysokokvalitnej nehrdzavej\u00facej ocele <strong data-start=\"1025\" data-end=\"1038\">CPM S45VN<\/strong>, ktor\u00e1 je vysoko v\u00fdkonnou oce\u013eou s vynikaj\u00facou odolnos\u0165ou proti opotrebovaniu, v\u00fdborn\u00fdm zachovan\u00edm ostria a vysokou odolnos\u0165ou proti kor\u00f3zii. V\u010faka tomu je n\u00f4\u017e Essenza pripraven\u00fd zvl\u00e1dnu\u0165 \u0161irok\u00fa \u0161k\u00e1lu rezn\u00fdch \u00faloh &#8211; od be\u017en\u00fdch ka\u017edodenn\u00fdch \u00faloh a\u017e po technicky n\u00e1ro\u010dnej\u0161ie rezy. <\/p>\n<p data-start=\"1297\" data-end=\"1546\">Tvar \u010depele <strong data-start=\"1318\" data-end=\"1333\">v tvare listu<\/strong> poskytuje vynikaj\u00facu v\u0161estrannos\u0165 a kontrolu &#8211; ide\u00e1lny na presn\u00e9 nap\u00ednacie rezy aj na v\u00fdkonn\u00e9 rezy v materi\u00e1loch s vy\u0161\u0161ou hustotou. Optimalizovan\u00fd rez zais\u0165uje hladk\u00fd rez bez zbyto\u010dn\u00e9ho &#8222;zasek\u00e1vania&#8220;. <\/p>\n<p data-start=\"1548\" data-end=\"1775\">Ergonomick\u00e1 rukov\u00e4\u0165 s modro-\u010diernym odtie\u0148om je navrhnut\u00e1 tak, aby dokonale padla do dlane aj pri dlhodobom pou\u017e\u00edvan\u00ed. Jemn\u00e1 text\u00farovan\u00e1 povrchov\u00e1 \u00faprava rukov\u00e4te zlep\u0161uje uchopenie a zais\u0165uje ist\u00fd \u00fachop aj v n\u00e1ro\u010dn\u00fdch podmienkach. <\/p>\n<p data-start=\"1777\" data-end=\"1977\">Ovl\u00e1danie no\u017ea je intuit\u00edvne &#8211; tradi\u010dn\u00fd <strong data-start=\"1816\" data-end=\"1839\">okr\u00fahly otvor Spyderco<\/strong> umo\u017e\u0148uje r\u00fdchle a hladk\u00e9 otv\u00e1ranie jednou rukou, zatia\u013e \u010do <strong data-start=\"1898\" data-end=\"1912\">poistka Frame Lock<\/strong> zais\u0165uje pevn\u00e9 a bezpe\u010dn\u00e9 zaistenie \u010depele po\u010das rezania.<\/p>\n<hr data-start=\"1979\" data-end=\"1982\">\n<h2 data-start=\"1984\" data-end=\"1999\">\ud83c\udfed O v\u00fdrobcovi<\/h2>\n<p data-start=\"2001\" data-end=\"2385\">Spyderco je zna\u010dka s hlbokou hist\u00f3riou inov\u00e1ci\u00ed v oblasti zatv\u00e1rac\u00edch no\u017eov. Od svojho prv\u00e9ho patentovan\u00e9ho dizajnu otv\u00e1rania jednou rukou a\u017e po dne\u0161n\u00e9 modern\u00e9 modely stoj\u00ed Spyderco za mnoh\u00fdmi prelomov\u00fdmi dizajnmi, ktor\u00e9 definovali sp\u00f4sob, ak\u00fdm dnes vn\u00edmame no\u017ee EDC. Model Essenza je \u010fal\u0161\u00edm krokom v tejto trad\u00edcii &#8211; jednoduch\u00fd, efekt\u00edvny a spo\u013eahliv\u00fd n\u00e1stroj na ka\u017edodenn\u00e9 pou\u017eitie.  <\/p>\n<hr data-start=\"2387\" data-end=\"2390\">\n<h2 data-start=\"2392\" data-end=\"2419\">\u2699\ufe0f Technick\u00e9 \u0161pecifik\u00e1cie<\/h2>\n<div class=\"TyagGW_tableContainer\">\n<div class=\"group TyagGW_tableWrapper flex flex-col-reverse w-fit\" tabindex=\"-1\">\n<table class=\"w-fit min-w-(--thread-content-width)\" data-start=\"2421\" data-end=\"3012\">\n<thead data-start=\"2421\" data-end=\"2443\">\n<tr data-start=\"2421\" data-end=\"2443\">\n<th class=\"\" data-start=\"2421\" data-end=\"2432\" data-col-size=\"sm\">Parameter<\/th>\n<th class=\"\" data-start=\"2432\" data-end=\"2443\" data-col-size=\"md\">Hodnota<\/th>\n<\/tr>\n<\/thead>\n<tbody data-start=\"2467\" data-end=\"3012\">\n<tr data-start=\"2467\" data-end=\"2541\">\n<td data-start=\"2467\" data-end=\"2475\" data-col-size=\"sm\">Model<\/td>\n<td data-start=\"2475\" data-end=\"2541\" data-col-size=\"md\">Spyderco Essenza &#8211; \u010dierna \u010depe\u013e, modro\u010dierna rukov\u00e4\u0165 (C272ALBKP)<\/td>\n<\/tr>\n<tr data-start=\"2542\" data-end=\"2564\">\n<td data-start=\"2542\" data-end=\"2548\" data-col-size=\"sm\">Typ<\/td>\n<td data-start=\"2548\" data-end=\"2564\" data-col-size=\"md\">Zatv\u00e1rac\u00ed n\u00f4\u017e<\/td>\n<\/tr>\n<tr data-start=\"2565\" data-end=\"2596\">\n<td data-start=\"2565\" data-end=\"2581\" data-col-size=\"sm\">Celkov\u00e1 d\u013a\u017eka<\/td>\n<td data-start=\"2581\" data-end=\"2596\" data-col-size=\"md\">pribli\u017ene 18,4 cm<\/td>\n<\/tr>\n<tr data-start=\"2597\" data-end=\"2626\">\n<td data-start=\"2597\" data-end=\"2612\" data-col-size=\"sm\">D\u013a\u017eka \u010depele<\/td>\n<td data-start=\"2612\" data-end=\"2626\" data-col-size=\"md\">pribli\u017ene 8,1 cm<\/td>\n<\/tr>\n<tr data-start=\"2627\" data-end=\"2659\">\n<td data-start=\"2627\" data-end=\"2645\" data-col-size=\"sm\">Hr\u00fabka \u010depele<\/td>\n<td data-start=\"2645\" data-end=\"2659\" data-col-size=\"md\">pribli\u017ene 3,4 mm<\/td>\n<\/tr>\n<tr data-start=\"2660\" data-end=\"2691\">\n<td data-start=\"2660\" data-end=\"2678\" data-col-size=\"sm\">Materi\u00e1l \u010depele<\/td>\n<td data-start=\"2678\" data-end=\"2691\" data-col-size=\"md\">CPM S45VN<\/td>\n<\/tr>\n<tr data-start=\"2692\" data-end=\"2721\">\n<td data-start=\"2692\" data-end=\"2706\" data-col-size=\"sm\">Tvar \u010depele<\/td>\n<td data-start=\"2706\" data-end=\"2721\" data-col-size=\"md\">V tvare listu<\/td>\n<\/tr>\n<tr data-start=\"2722\" data-end=\"2750\">\n<td data-start=\"2722\" data-end=\"2731\" data-col-size=\"sm\">Vystrihovanie<\/td>\n<td data-start=\"2731\" data-end=\"2750\" data-col-size=\"md\">\u00dapln\u00e9 rovn\u00e9 br\u00fasenie<\/td>\n<\/tr>\n<tr data-start=\"2751\" data-end=\"2780\">\n<td data-start=\"2751\" data-end=\"2767\" data-col-size=\"sm\">Povrch \u010depele<\/td>\n<td data-start=\"2767\" data-end=\"2780\" data-col-size=\"md\">\u010cierny DLC<\/td>\n<\/tr>\n<tr data-start=\"2781\" data-end=\"2799\">\n<td data-start=\"2781\" data-end=\"2789\" data-col-size=\"sm\">Potraviny<\/td>\n<td data-start=\"2789\" data-end=\"2799\" data-col-size=\"md\">Hladk\u00fd<\/td>\n<\/tr>\n<tr data-start=\"2800\" data-end=\"2840\">\n<td data-start=\"2800\" data-end=\"2810\" data-col-size=\"sm\">Rukov\u00e4\u0165<\/td>\n<td data-start=\"2810\" data-end=\"2840\" data-col-size=\"md\">hlin\u00edk \/ modro-\u010dierna povrchov\u00e1 \u00faprava<\/td>\n<\/tr>\n<tr data-start=\"2841\" data-end=\"2863\">\n<td data-start=\"2841\" data-end=\"2849\" data-col-size=\"sm\">Hrad<\/td>\n<td data-start=\"2849\" data-end=\"2863\" data-col-size=\"md\">Z\u00e1mok r\u00e1mu<\/td>\n<\/tr>\n<tr data-start=\"2864\" data-end=\"2899\">\n<td data-start=\"2864\" data-end=\"2876\" data-col-size=\"sm\">Otvorenie str\u00e1nky<\/td>\n<td data-start=\"2876\" data-end=\"2899\" data-col-size=\"md\">Spyderco Round Hole<\/td>\n<\/tr>\n<tr data-start=\"2900\" data-end=\"2944\">\n<td data-start=\"2900\" data-end=\"2907\" data-col-size=\"sm\">Klip<\/td>\n<td data-start=\"2907\" data-end=\"2944\" data-col-size=\"md\">4-polohov\u00fd (L\/R, vykl\u00e1panie nahor\/nadol)<\/td>\n<\/tr>\n<tr data-start=\"2945\" data-end=\"2969\">\n<td data-start=\"2945\" data-end=\"2956\" data-col-size=\"sm\">Hmotnos\u0165<\/td>\n<td data-start=\"2956\" data-end=\"2969\" data-col-size=\"md\">pribli\u017ene 105 g<\/td>\n<\/tr>\n<tr data-start=\"2970\" data-end=\"3012\">\n<td data-start=\"2970\" data-end=\"2982\" data-col-size=\"sm\">Kateg\u00f3ria<\/td>\n<td data-start=\"2982\" data-end=\"3012\" data-col-size=\"md\">Elegantn\u00fd zatv\u00e1rac\u00ed n\u00f4\u017e EDC<\/td>\n<\/tr>\n<\/tbody>\n<\/table>\n<\/div>\n<\/div>\n<hr data-start=\"3014\" data-end=\"3017\">\n<h2 data-start=\"3019\" data-end=\"3037\">\u2705 Hlavn\u00e9 v\u00fdhody<\/h2>\n<ul data-start=\"3039\" data-end=\"3362\">\n<li data-start=\"3039\" data-end=\"3125\">\n<p data-start=\"3041\" data-end=\"3125\"><strong data-start=\"3041\" data-end=\"3068\">Pr\u00e9miov\u00e1 oce\u013e CPM S45VN<\/strong> &#8211; vynikaj\u00faca rovnov\u00e1ha medzi ostros\u0165ou, odolnos\u0165ou a \u00fadr\u017ebou<\/p>\n<\/li>\n<li data-start=\"3126\" data-end=\"3193\">\n<p data-start=\"3128\" data-end=\"3193\"><strong data-start=\"3128\" data-end=\"3159\">Kompaktn\u00fd a pohodln\u00fd dizajn<\/strong> &#8211; ide\u00e1lny na ka\u017edodenn\u00e9 nosenie<\/p>\n<\/li>\n<li data-start=\"3194\" data-end=\"3251\">\n<p data-start=\"3196\" data-end=\"3251\"><strong data-start=\"3196\" data-end=\"3210\">Z\u00e1mok r\u00e1mu<\/strong> &#8211; robustn\u00e9 a bezpe\u010dn\u00e9 uzamykanie \u010depele<\/p>\n<\/li>\n<li data-start=\"3252\" data-end=\"3311\">\n<p data-start=\"3254\" data-end=\"3311\"><strong data-start=\"3254\" data-end=\"3277\">Spyderco Round Hole<\/strong> &#8211; r\u00fdchle a intuit\u00edvne otv\u00e1ranie<\/p>\n<\/li>\n<li data-start=\"3312\" data-end=\"3362\">\n<p data-start=\"3314\" data-end=\"3362\"><strong data-start=\"3314\" data-end=\"3333\">4-polohov\u00fd klip<\/strong> &#8211; flexibiln\u00e9 mo\u017enosti nosenia<\/p>\n<\/li>\n<\/ul>\n<hr data-start=\"3364\" data-end=\"3367\">\n<h2 data-start=\"3369\" data-end=\"3388\">\u26a0\ufe0f Mo\u017en\u00e9 obmedzenia<\/h2>\n<ul data-start=\"3390\" data-end=\"3631\">\n<li data-start=\"3390\" data-end=\"3481\">\n<p data-start=\"3392\" data-end=\"3481\"><strong data-start=\"3392\" data-end=\"3410\">Men\u0161ia ve\u013ekos\u0165<\/strong> &#8211; pre niektor\u00fdch pou\u017e\u00edvate\u013eov nemus\u00ed by\u0165 ide\u00e1lna na n\u00e1ro\u010dn\u00e9 \u00falohy v exteri\u00e9ri<\/p>\n<\/li>\n<li data-start=\"3482\" data-end=\"3549\">\n<p data-start=\"3484\" data-end=\"3549\"><strong data-start=\"3484\" data-end=\"3513\">dizajn zameran\u00fd na EDC<\/strong> &#8211; nie je to robustn\u00fd &#8222;pracovn\u00fd&#8220; n\u00f4\u017e<\/p>\n<\/li>\n<li data-start=\"3550\" data-end=\"3631\">\n<p data-start=\"3552\" data-end=\"3631\"><strong data-start=\"3552\" data-end=\"3576\">Povrchov\u00e1 \u00faprava DLC<\/strong> &#8211; po\u010das intenz\u00edvnej pr\u00e1ce sa m\u00f4\u017ee na okrajoch postupne opotrebova\u0165<\/p>\n<\/li>\n<\/ul>\n<hr data-start=\"3633\" data-end=\"3636\">\n<h2 data-start=\"3638\" data-end=\"3658\">\ud83d\udee0\ufe0f \u00dadr\u017eba a starostlivos\u0165<\/h2>\n<ul data-start=\"3660\" data-end=\"3868\">\n<li data-start=\"3660\" data-end=\"3719\">\n<p data-start=\"3662\" data-end=\"3719\">Po pou\u017eit\u00ed \u010depe\u013e osu\u0161te, najm\u00e4 ak je v kontakte s vlhkos\u0165ou.<\/p>\n<\/li>\n<li data-start=\"3720\" data-end=\"3785\">\n<p data-start=\"3722\" data-end=\"3785\">Pravidelne kontrolujte \u010dinnos\u0165 z\u00e1mku r\u00e1mu a otv\u00e1racieho mechanizmu<\/p>\n<\/li>\n<li data-start=\"3786\" data-end=\"3868\">\n<p data-start=\"3788\" data-end=\"3868\">Pravideln\u00fdm ostren\u00edm udr\u017eujte ostrie ostr\u00e9 aj po dlhom pou\u017e\u00edvan\u00ed.<\/p>\n<\/li>\n<\/ul>\n<hr data-start=\"3870\" data-end=\"3873\">\n<h2 data-start=\"3875\" data-end=\"3917\">\ud83d\udd2a Odpor\u00fa\u010dan\u00e9 pr\u00edslu\u0161enstvo na ostrenie<\/h2>\n<p data-start=\"3919\" data-end=\"4093\"><strong data-start=\"3919\" data-end=\"3985\">Spyderco Tri-Angle Sharpmaker Complete Sharpening System 204MF<\/strong> &#8211; jednoduch\u00fd a efekt\u00edvny syst\u00e9m na udr\u017eiavanie prec\u00edzneho ostria pre v\u00e1\u0161 model Essenza.<br data-start=\"4063\" data-end=\"4066\">\ud83d\uded2 K\u00fapi\u0165 na <strong data-start=\"4079\" data-end=\"4093\">Moskito.cz<\/strong><\/p>\n<hr data-start=\"4095\" data-end=\"4098\">\n<h2 data-start=\"4100\" data-end=\"4120\">\ud83c\udfaf Odpor\u00fa\u010dan\u00e9 pre<\/h2>\n<ul data-start=\"4122\" data-end=\"4316\">\n<li data-start=\"4122\" data-end=\"4147\">\n<p data-start=\"4124\" data-end=\"4147\">ka\u017edodenn\u00e9 nosenie EDC<\/p>\n<\/li>\n<li data-start=\"4148\" data-end=\"4202\">\n<p data-start=\"4150\" data-end=\"4202\">pou\u017e\u00edvatelia, ktor\u00ed chc\u00fa kompaktn\u00fd, ale v\u00fdkonn\u00fd n\u00f4\u017e.<\/p>\n<\/li>\n<li data-start=\"4203\" data-end=\"4242\">\n<p data-start=\"4205\" data-end=\"4242\">pre t\u00fdch, ktor\u00ed oce\u0148uj\u00fa pohodln\u00fa ergon\u00f3miu<\/p>\n<\/li>\n<li data-start=\"4243\" data-end=\"4271\">\n<p data-start=\"4245\" data-end=\"4271\">Fan\u00fa\u0161ikovia spolo\u010dnosti Spyderco<\/p>\n<\/li>\n<li data-start=\"4272\" data-end=\"4316\">\n<p data-start=\"4274\" data-end=\"4316\">Praktick\u00e9 rezy materi\u00e1lov dennej ve\u013ekosti<\/p>\n<\/li>\n<\/ul>\n<hr data-start=\"4318\" data-end=\"4321\">\n<h2 data-start=\"4323\" data-end=\"4347\">\u2b50 Z\u00e1vere\u010dn\u00e9 hodnotenie<\/h2>\n<p data-start=\"4349\" data-end=\"4639\">Spyderco Essenza C272ALBKP &#8211; \u010dierna \u010depe\u013e s modro\u010diernou rukov\u00e4\u0165ou je <strong data-start=\"4416\" data-end=\"4463\">\u0161t\u00fdlov\u00fd, pohodln\u00fd a spo\u013eahliv\u00fd zatv\u00e1rac\u00ed n\u00f4\u017e<\/strong>, ktor\u00fd sa stane skvel\u00fdm partnerom pri ka\u017edodenn\u00fdch \u00faloh\u00e1ch. V\u010faka prvotriednej oceli, intuit\u00edvnej mechanike a ergonomick\u00e9mu dizajnu pon\u00faka n\u00f4\u017e Essenza vysok\u00fd rezn\u00fd v\u00fdkon v kompaktnom balen\u00ed. <\/p>\n<p data-start=\"4641\" data-end=\"4701\">Essenza &#8211; <strong data-start=\"4651\" data-end=\"4696\">elegancia, funk\u010dnos\u0165 a istota v ka\u017edom strihu<\/strong>. \ud83d\udd2a\ud83d\udcbc<\/p>\n<\/div>\n<\/div>\n<\/div>\n<\/div>\n<div class=\"z-0 flex min-h-[46px] justify-start\"><\/div>\n<\/div>\n<\/div>\n<\/article>\n<\/div>\n<div class=\"pointer-events-none h-px w-px absolute bottom-0\" aria-hidden=\"true\" data-edge=\"true\"><\/div>\n","protected":false},"excerpt":{"rendered":"<div class=\"flex max-w-full flex-col grow\">\n<div class=\"min-h-8 text-message relative flex w-full flex-col items-end gap-2 text-start break-words whitespace-normal [.text-message+&amp;]:mt-1\" dir=\"auto\" data-message-author-role=\"assistant\" data-message-id=\"90d053d4-647e-41dd-a078-066020e44e54\" data-message-model-slug=\"gpt-5-2\">\n<div class=\"flex w-full flex-col gap-1 empty:hidden first:pt-[1px]\">\n<div class=\"markdown prose dark:prose-invert w-full wrap-break-word light markdown-new-styling\">\n<p data-start=\"4349\" data-end=\"4639\"><strong>Spyderco Essenza C272ALBKP &#8211; \u010dierna \u010depe\u013e s modro\u010diernou rukov\u00e4\u0165ou je \u0161t\u00fdlov\u00fd, pohodln\u00fd a spo\u013eahliv\u00fd zatv\u00e1rac\u00ed n\u00f4\u017e, ktor\u00fd sa stane skvel\u00fdm partnerom pri ka\u017edodenn\u00fdch \u00faloh\u00e1ch. V\u010faka prvotriednej oceli, intuit\u00edvnej mechanike a ergonomick\u00e9mu dizajnu pon\u00faka n\u00f4\u017e Essenza vysok\u00fd rezn\u00fd v\u00fdkon v kompaktnom balen\u00ed. <\/strong><\/p>\n<p data-start=\"4641\" data-end=\"4701\"><strong>Essenza &#8211; elegancia, funk\u010dnos\u0165 a istota v ka\u017edom strihu. \ud83d\udd2a\ud83d\udcbc <\/strong><\/p>\n<\/div>\n<\/div>\n<\/div>\n<\/div>\n<div class=\"z-0 flex min-h-[46px] justify-start\"><strong>Doprava zadarmo.<\/strong><\/div>\n","protected":false},"featured_media":436727,"comment_status":"open","ping_status":"closed","template":"","meta":[],"pwb-brand":[3261],"product_brand":[],"product_cat":[3233,3186],"product_tag":[],"class_list":{"0":"post-437304","1":"product","2":"type-product","3":"status-publish","4":"has-post-thumbnail","6":"pwb-brand-zatvaraci-noz-spyderco-endura-flat-ground-gray-frn-c10fpgy","7":"product_cat-zatvaracie-noze","8":"product_cat-noze-sk","10":"first","11":"instock","12":"taxable","13":"shipping-taxable","14":"purchasable","15":"product-type-simple"},"brands":[{"id":3261,"name":"Zatv\u00e1rac\u00ed N\u00f4\u017e Spyderco Endura Flat Ground Gray FRN C10FPGY","slug":"zatvaraci-noz-spyderco-endura-flat-ground-gray-frn-c10fpgy"}],"_links":{"self":[{"href":"https:\/\/www.moskito.cz\/sk\/wp-json\/wp\/v2\/product\/437304","targetHints":{"allow":["GET"]}}],"collection":[{"href":"https:\/\/www.moskito.cz\/sk\/wp-json\/wp\/v2\/product"}],"about":[{"href":"https:\/\/www.moskito.cz\/sk\/wp-json\/wp\/v2\/types\/product"}],"replies":[{"embeddable":true,"href":"https:\/\/www.moskito.cz\/sk\/wp-json\/wp\/v2\/comments?post=437304"}],"wp:featuredmedia":[{"embeddable":true,"href":"https:\/\/www.moskito.cz\/sk\/wp-json\/wp\/v2\/media\/436727"}],"wp:attachment":[{"href":"https:\/\/www.moskito.cz\/sk\/wp-json\/wp\/v2\/media?parent=437304"}],"wp:term":[{"taxonomy":"pwb-brand","embeddable":true,"href":"https:\/\/www.moskito.cz\/sk\/wp-json\/wp\/v2\/pwb-brand?post=437304"},{"taxonomy":"product_brand","embeddable":true,"href":"https:\/\/www.moskito.cz\/sk\/wp-json\/wp\/v2\/product_brand?post=437304"},{"taxonomy":"product_cat","embeddable":true,"href":"https:\/\/www.moskito.cz\/sk\/wp-json\/wp\/v2\/product_cat?post=437304"},{"taxonomy":"product_tag","embeddable":true,"href":"https:\/\/www.moskito.cz\/sk\/wp-json\/wp\/v2\/product_tag?post=437304"}],"curies":[{"name":"wp","href":"https:\/\/api.w.org\/{rel}","templated":true}]}}