{"id":437668,"date":"2026-02-16T16:13:15","date_gmt":"2026-02-16T15:13:15","guid":{"rendered":"https:\/\/www.moskito.cz\/produkt\/vystrelovaci-noz-microtech-combat-troodon-gen-iii-bowie-apocalyptic-red-1146-10aprd\/"},"modified":"2026-02-16T18:30:56","modified_gmt":"2026-02-16T17:30:56","slug":"vystrelovaci-noz-microtech-combat-troodon-gen-iii-bowie-apocalyptic-red-1146-10aprd","status":"publish","type":"product","link":"https:\/\/www.moskito.cz\/sk\/produkt\/vystrelovaci-noz-microtech-combat-troodon-gen-iii-bowie-apocalyptic-red-1146-10aprd\/","title":{"rendered":"Vystre\u013eovac\u00ed n\u00f4\u017e Microtech COMBAT TROODON GEN III BOWIE APOCALYPTIC RED 1146-10APRD"},"content":{"rendered":"<p data-start=\"0\" data-end=\"88\"><strong data-start=\"0\" data-end=\"88\">Microtech Combat Troodon Gen III Bowie Apocalyptic Standard 1146-10APRD &#8211; \u010derven\u00e1 rukov\u00e4\u0165<\/strong><\/p>\n<p data-start=\"90\" data-end=\"465\">Hne\u010f ako vezmete do ruky n\u00f4\u017e <strong data-start=\"113\" data-end=\"188\">Microtech Combat Troodon Gen III Bowie Apocalyptic Standard 1146-10APRD<\/strong>, okam\u017eite poc\u00edtite kombin\u00e1ciu robustnej kon\u0161trukcie, prec\u00edznej mechaniky a v\u00fdrazn\u00e9ho taktick\u00e9ho charakteru. T\u00e1to konfigur\u00e1cia kombinuje ikonick\u00fa \u010depe\u013e Bowie s apokalyptickou povrchovou \u00fapravou a v\u00fdraznou \u010dervenou rukov\u00e4\u0165ou, \u010d\u00edm vytv\u00e1ra siln\u00fd vizu\u00e1lny kontrast, ako aj dokonal\u00fd funk\u010dn\u00fd n\u00e1stroj. <\/p>\n<p data-start=\"467\" data-end=\"576\">Navrhol ho Anthony (Tony) Marfion a 100% sa vyr\u00e1ba a montuje v <span class=\"hover:entity-accent entity-underline inline cursor-pointer align-baseline\"><span class=\"whitespace-normal\">USA<\/span><\/span> \ud83c\uddfa\ud83c\uddf8.<\/p>\n<p data-start=\"578\" data-end=\"606\">\ud83d\udd25 <strong data-start=\"581\" data-end=\"606\">Charakter a filozofia<\/strong><\/p>\n<p data-start=\"608\" data-end=\"832\">Combat Troodon Gen III je jedn\u00fdm z najv\u00fdkonnej\u0161\u00edch modelov OTF zna\u010dky <span class=\"hover:entity-accent entity-underline inline cursor-pointer align-baseline\"><span class=\"whitespace-normal\">No\u017ee Microtech<\/span><\/span>. Je navrhnut\u00fd pre maxim\u00e1lnu spo\u013eahlivos\u0165, vysok\u00fd v\u00fdkon a taktick\u00fa v\u0161estrannos\u0165 pri profesion\u00e1lnom aj ka\u017edodennom pou\u017eit\u00ed. <\/p>\n<p data-start=\"834\" data-end=\"1090\">Zapusten\u00fd bo\u010dn\u00fd posuvn\u00edk umo\u017e\u0148uje prirodzen\u00e9 a intuit\u00edvne ovl\u00e1danie. Mechanizmus D\/A (Double Action) umo\u017e\u0148uje vys\u00favanie a zas\u00favanie \u010depele jedn\u00fdm plynul\u00fdm pohybom palca. Kon\u0161trukcia Gen III je optimalizovan\u00e1 pre hladk\u00fd chod, pevnos\u0165 a dlhodob\u00fa spo\u013eahlivos\u0165.  <\/p>\n<p data-start=\"1092\" data-end=\"1108\">\ud83c\udfed <strong data-start=\"1095\" data-end=\"1108\">O v\u00fdrobcovi<\/strong><\/p>\n<p data-start=\"1110\" data-end=\"1243\">Microtech Knives je americk\u00e1 zna\u010dka s viac ako 30-ro\u010dnou trad\u00edciou vo v\u00fdrobe \u0161pi\u010dkov\u00fdch automatick\u00fdch a OTF no\u017eov. Typick\u00e9 vlastnosti s\u00fa: <\/p>\n<ul data-start=\"1245\" data-end=\"1402\">\n<li data-start=\"1245\" data-end=\"1270\">\n<p data-start=\"1247\" data-end=\"1270\">Presn\u00e9 CNC obr\u00e1banie<\/p>\n<\/li>\n<li data-start=\"1271\" data-end=\"1304\">\n<p data-start=\"1273\" data-end=\"1304\">Patentovan\u00e9 kon\u0161truk\u010dn\u00e9 prvky<\/p>\n<\/li>\n<li data-start=\"1305\" data-end=\"1338\">\n<p data-start=\"1307\" data-end=\"1338\">Inovat\u00edvne vn\u00fatorn\u00e9 mechanizmy<\/p>\n<\/li>\n<li data-start=\"1339\" data-end=\"1368\">\n<p data-start=\"1341\" data-end=\"1368\">D\u00f4sledn\u00e1 kontrola kvality<\/p>\n<\/li>\n<li data-start=\"1369\" data-end=\"1402\">\n<p data-start=\"1371\" data-end=\"1402\">Ru\u010dn\u00e1 mont\u00e1\u017e ka\u017ed\u00e9ho kusu<\/p>\n<\/li>\n<\/ul>\n<p data-start=\"1404\" data-end=\"1471\">Ka\u017ed\u00fd n\u00f4\u017e je vytvoren\u00fd pod veden\u00edm <span class=\"hover:entity-accent entity-underline inline cursor-pointer align-baseline\"><span class=\"whitespace-normal\">Anthonyho Marfioneho<\/span><\/span>.<\/p>\n<p data-start=\"1473\" data-end=\"1516\">\ud83d\udde1\ufe0f <strong data-start=\"1477\" data-end=\"1516\">Blade &#8211; Bowie, Apocalyptic Standard<\/strong><\/p>\n<p data-start=\"1518\" data-end=\"1601\">Profil Bowie sa vyzna\u010duje robustnou \u0161pi\u010dkou a v\u00fdrazn\u00fdm zakriven\u00edm \u010depele. Pon\u00faka: <\/p>\n<ul data-start=\"1603\" data-end=\"1683\">\n<li data-start=\"1603\" data-end=\"1625\">\n<p data-start=\"1605\" data-end=\"1625\">vysok\u00e1 penetr\u00e1cia<\/p>\n<\/li>\n<li data-start=\"1626\" data-end=\"1650\">\n<p data-start=\"1628\" data-end=\"1650\">vysok\u00fd rezn\u00fd v\u00fdkon<\/p>\n<\/li>\n<li data-start=\"1651\" data-end=\"1683\">\n<p data-start=\"1653\" data-end=\"1683\">v\u0161estrann\u00e9 taktick\u00e9 pou\u017eitie<\/p>\n<\/li>\n<\/ul>\n<p data-start=\"1685\" data-end=\"1762\">Apokalyptick\u00fd povrch vytv\u00e1ra matn\u00fd, mierne &#8222;patinovan\u00fd&#8220; vzh\u013ead, ktor\u00fd:<\/p>\n<ul data-start=\"1764\" data-end=\"1846\">\n<li data-start=\"1764\" data-end=\"1783\">\n<p data-start=\"1766\" data-end=\"1783\">zni\u017euje oslnenie<\/p>\n<\/li>\n<li data-start=\"1784\" data-end=\"1813\">\n<p data-start=\"1786\" data-end=\"1813\">masky drobn\u00e9 opotrebenie<\/p>\n<\/li>\n<li data-start=\"1814\" data-end=\"1846\">\n<p data-start=\"1816\" data-end=\"1846\">zd\u00f4raz\u0148uje taktick\u00fd charakter<\/p>\n<\/li>\n<\/ul>\n<p data-start=\"1848\" data-end=\"1913\">Geometria \u010depele poskytuje kombin\u00e1ciu pevnosti a efekt\u00edvneho rezania.<\/p>\n<p data-start=\"1915\" data-end=\"1951\">\ud83d\udd2c <strong data-start=\"1918\" data-end=\"1951\">Oce\u013e &#8211; pr\u00e9miov\u00e1 nehrdzavej\u00faca oce\u013e<\/strong><\/p>\n<p data-start=\"1953\" data-end=\"2030\">Pou\u017eit\u00e1 oce\u013e patr\u00ed do najvy\u0161\u0161ej triedy modern\u00fdch rezn\u00fdch materi\u00e1lov a pon\u00faka:<\/p>\n<ul data-start=\"2032\" data-end=\"2163\">\n<li data-start=\"2032\" data-end=\"2069\">\n<p data-start=\"2034\" data-end=\"2069\">vysok\u00e1 odolnos\u0165 proti opotrebovaniu<\/p>\n<\/li>\n<li data-start=\"2070\" data-end=\"2095\">\n<p data-start=\"2072\" data-end=\"2095\">dlh\u00e9 uchytenie \u010depele<\/p>\n<\/li>\n<li data-start=\"2096\" data-end=\"2123\">\n<p data-start=\"2098\" data-end=\"2123\">dobr\u00e1 odolnos\u0165 proti kor\u00f3zii<\/p>\n<\/li>\n<li data-start=\"2124\" data-end=\"2163\">\n<p data-start=\"2126\" data-end=\"2163\">stabiln\u00fd v\u00fdkon pri intenz\u00edvnom pou\u017e\u00edvan\u00ed<\/p>\n<\/li>\n<\/ul>\n<p data-start=\"2165\" data-end=\"2274\">Tieto vlastnosti s\u00fa typick\u00e9 pre modern\u00e9 pr\u00e1\u0161kov\u00e9 metalurgick\u00e9 ocele pou\u017e\u00edvan\u00e9 v pr\u00e9miov\u00fdch modeloch spolo\u010dnosti Microtech.<\/p>\n<p data-start=\"2276\" data-end=\"2314\">\ud83e\udde9 <strong data-start=\"2279\" data-end=\"2314\">Rukov\u00e4\u0165 &#8211; \u010derven\u00fd eloxovan\u00fd hlin\u00edk<\/strong><\/p>\n<p data-start=\"2316\" data-end=\"2431\">Rukov\u00e4\u0165 je vyroben\u00e1 z eloxovan\u00e9ho hlin\u00edka 6061-T6 v \u010dervenej povrchovej \u00faprave, ktor\u00e1 vyzer\u00e1 v\u00fdrazne a z\u00e1rove\u0148 technicky.<\/p>\n<ul data-start=\"2433\" data-end=\"2697\">\n<li data-start=\"2433\" data-end=\"2474\">\n<p data-start=\"2435\" data-end=\"2474\">3D CNC fr\u00e9zovan\u00e1 proti\u0161mykov\u00e1 text\u00fara<\/p>\n<\/li>\n<li data-start=\"2475\" data-end=\"2505\">\n<p data-start=\"2477\" data-end=\"2505\">Jimping pre lep\u0161iu kontrolu<\/p>\n<\/li>\n<li data-start=\"2506\" data-end=\"2534\">\n<p data-start=\"2508\" data-end=\"2534\">Zapusten\u00fd bo\u010dn\u00fd jazdec<\/p>\n<\/li>\n<li data-start=\"2535\" data-end=\"2563\">\n<p data-start=\"2537\" data-end=\"2563\">\u0160t\u00edhly, ergonomick\u00fd profil<\/p>\n<\/li>\n<li data-start=\"2564\" data-end=\"2606\">\n<p data-start=\"2566\" data-end=\"2606\">Hlbok\u00fd klip na pren\u00e1\u0161anie (prav\u00fd\/\u013eav\u00fd, sklopn\u00fd)<\/p>\n<\/li>\n<li data-start=\"2607\" data-end=\"2649\">\n<p data-start=\"2609\" data-end=\"2649\">Spona so s\u00e9riov\u00fdm \u010d\u00edslom a d\u00e1tumom v\u00fdroby<\/p>\n<\/li>\n<li data-start=\"2650\" data-end=\"2697\">\n<p data-start=\"2652\" data-end=\"2697\">Rozb\u00edja\u010d skla s gu\u013e\u00f4\u010dkou z karbidu volfr\u00e1mu<\/p>\n<\/li>\n<\/ul>\n<p data-start=\"2699\" data-end=\"2783\">\u010cerven\u00e1 anodiz\u00e1cia je odoln\u00e1 a z\u00e1rove\u0148 dobre maskuje drobn\u00e9 odreniny pri be\u017enom nosen\u00ed.<\/p>\n<p data-start=\"2785\" data-end=\"2813\">\u2699\ufe0f <strong data-start=\"2788\" data-end=\"2813\">Technick\u00e9 \u0161pecifik\u00e1cie<\/strong><\/p>\n<p data-start=\"2815\" data-end=\"2887\"><em data-start=\"2815\" data-end=\"2887\">Pozn\u00e1mka: Hodnoty s\u00fa pribli\u017en\u00e9 a m\u00f4\u017eu sa l\u00ed\u0161i\u0165 v z\u00e1vislosti od s\u00e9rie.<\/em><\/p>\n<div class=\"TyagGW_tableContainer\">\n<div class=\"group TyagGW_tableWrapper flex flex-col-reverse w-fit\" tabindex=\"-1\">\n<table class=\"w-fit min-w-(--thread-content-width)\" data-start=\"2889\" data-end=\"3402\">\n<thead data-start=\"2889\" data-end=\"2907\">\n<tr data-start=\"2889\" data-end=\"2907\">\n<th class=\"\" data-start=\"2889\" data-end=\"2898\" data-col-size=\"sm\">Parameter<\/th>\n<th class=\"\" data-start=\"2898\" data-end=\"2907\" data-col-size=\"sm\">Hodnota<\/th>\n<\/tr>\n<\/thead>\n<tbody data-start=\"2918\" data-end=\"3402\">\n<tr data-start=\"2918\" data-end=\"2954\">\n<td data-start=\"2918\" data-end=\"2924\" data-col-size=\"sm\">Model<\/td>\n<td data-col-size=\"sm\" data-start=\"2924\" data-end=\"2954\">Combat Troodon Gen III Bowie<\/td>\n<\/tr>\n<tr data-start=\"2955\" data-end=\"2985\">\n<td data-start=\"2955\" data-end=\"2972\" data-col-size=\"sm\">\u010c\u00edslo v\u00fdrobku<\/td>\n<td data-col-size=\"sm\" data-start=\"2972\" data-end=\"2985\">1146-10APRD<\/td>\n<\/tr>\n<tr data-start=\"2986\" data-end=\"3016\">\n<td data-start=\"2986\" data-end=\"3000\" data-col-size=\"sm\">Celkov\u00e1 d\u013a\u017eka<\/td>\n<td data-col-size=\"sm\" data-start=\"3000\" data-end=\"3016\">cca 230-240 mm<\/td>\n<\/tr>\n<tr data-start=\"3017\" data-end=\"3045\">\n<td data-start=\"3017\" data-end=\"3030\" data-col-size=\"sm\">D\u013a\u017eka \u010depele<\/td>\n<td data-col-size=\"sm\" data-start=\"3030\" data-end=\"3045\">pribli\u017ene 95-105 mm<\/td>\n<\/tr>\n<tr data-start=\"3046\" data-end=\"3078\">\n<td data-start=\"3046\" data-end=\"3062\" data-col-size=\"sm\">Hr\u00fabka \u010depele<\/td>\n<td data-col-size=\"sm\" data-start=\"3062\" data-end=\"3078\">pribli\u017ene 3,0-3,5 mm<\/td>\n<\/tr>\n<tr data-start=\"3079\" data-end=\"3110\">\n<td data-start=\"3079\" data-end=\"3094\" data-col-size=\"sm\">D\u013a\u017eka rukov\u00e4te<\/td>\n<td data-col-size=\"sm\" data-start=\"3094\" data-end=\"3110\">pribli\u017ene 135-140 mm<\/td>\n<\/tr>\n<tr data-start=\"3111\" data-end=\"3135\">\n<td data-start=\"3111\" data-end=\"3120\" data-col-size=\"sm\">Hmotnos\u0165<\/td>\n<td data-start=\"3120\" data-end=\"3135\" data-col-size=\"sm\">pribli\u017ene 150-160 g<\/td>\n<\/tr>\n<tr data-start=\"3136\" data-end=\"3168\">\n<td data-start=\"3136\" data-end=\"3146\" data-col-size=\"sm\">Typ \u010depele<\/td>\n<td data-col-size=\"sm\" data-start=\"3146\" data-end=\"3168\">Bowie, \u0161tandardn\u00e9 ostrie<\/td>\n<\/tr>\n<tr data-start=\"3169\" data-end=\"3196\">\n<td data-start=\"3169\" data-end=\"3183\" data-col-size=\"sm\">Povrch \u010depele<\/td>\n<td data-col-size=\"sm\" data-start=\"3183\" data-end=\"3196\">Apokalyptick\u00fd<\/td>\n<\/tr>\n<tr data-start=\"3197\" data-end=\"3231\">\n<td data-start=\"3197\" data-end=\"3215\" data-col-size=\"sm\">Materi\u00e1l rukov\u00e4te<\/td>\n<td data-col-size=\"sm\" data-start=\"3215\" data-end=\"3231\">Hlin\u00edk 6061-T6<\/td>\n<\/tr>\n<tr data-start=\"3232\" data-end=\"3252\">\n<td data-start=\"3232\" data-end=\"3247\" data-col-size=\"sm\">Farba rukov\u00e4te<\/td>\n<td data-col-size=\"sm\" data-start=\"3247\" data-end=\"3252\">\u010cerven\u00e1<\/td>\n<\/tr>\n<tr data-start=\"3253\" data-end=\"3287\">\n<td data-start=\"3253\" data-end=\"3265\" data-col-size=\"sm\">Mechanizmus<\/td>\n<td data-col-size=\"sm\" data-start=\"3265\" data-end=\"3287\">D\/A OTF &#8211; Z\u00e1mok pos\u00fava\u010da<\/td>\n<\/tr>\n<tr data-start=\"3288\" data-end=\"3328\">\n<td data-start=\"3288\" data-end=\"3298\" data-col-size=\"sm\">Otvorenie str\u00e1nky<\/td>\n<td data-col-size=\"sm\" data-start=\"3298\" data-end=\"3328\">Automatick\u00fd &#8211; bo\u010dn\u00fd posuvn\u00edk<\/td>\n<\/tr>\n<tr data-start=\"3329\" data-end=\"3356\">\n<td data-start=\"3329\" data-end=\"3334\" data-col-size=\"sm\">Klip<\/td>\n<td data-start=\"3334\" data-end=\"3356\" data-col-size=\"sm\">Vpravo\/v\u013eavo, vykl\u00e1panie<\/td>\n<\/tr>\n<tr data-start=\"3357\" data-end=\"3384\">\n<td data-start=\"3357\" data-end=\"3366\" data-col-size=\"sm\">Dizajn<\/td>\n<td data-start=\"3366\" data-end=\"3384\" data-col-size=\"sm\">Anthony Marfione<\/td>\n<\/tr>\n<tr data-start=\"3385\" data-end=\"3402\">\n<td data-start=\"3385\" data-end=\"3397\" data-col-size=\"sm\">Krajina p\u00f4vodu<\/td>\n<td data-col-size=\"sm\" data-start=\"3397\" data-end=\"3402\">USA<\/td>\n<\/tr>\n<\/tbody>\n<\/table>\n<\/div>\n<\/div>\n<p data-start=\"3404\" data-end=\"3423\">\u2705 <strong data-start=\"3406\" data-end=\"3423\">Hlavn\u00e9 v\u00fdhody<\/strong><\/p>\n<ul data-start=\"3425\" data-end=\"3649\">\n<li data-start=\"3425\" data-end=\"3465\">\n<p data-start=\"3427\" data-end=\"3465\">V\u00fdkonn\u00fd a r\u00fdchly mechanizmus D\/A OTF<\/p>\n<\/li>\n<li data-start=\"3466\" data-end=\"3503\">\n<p data-start=\"3468\" data-end=\"3503\">\u010cepe\u013e Bowie s vysokou prieraznos\u0165ou<\/p>\n<\/li>\n<li data-start=\"3504\" data-end=\"3544\">\n<p data-start=\"3506\" data-end=\"3544\">Apokalyptick\u00fd povrch zni\u017euj\u00faci oslnenie<\/p>\n<\/li>\n<li data-start=\"3545\" data-end=\"3586\">\n<p data-start=\"3547\" data-end=\"3586\">Pr\u00e9miov\u00e1 oce\u013e s dlhou v\u00fddr\u017eou \u010depele<\/p>\n<\/li>\n<li data-start=\"3587\" data-end=\"3621\">\n<p data-start=\"3589\" data-end=\"3621\">Ergonomick\u00fd a robustn\u00fd dizajn<\/p>\n<\/li>\n<li data-start=\"3622\" data-end=\"3649\">\n<p data-start=\"3624\" data-end=\"3649\">V\u00fdrazn\u00e1 \u010derven\u00e1 rukov\u00e4\u0165<\/p>\n<\/li>\n<\/ul>\n<p data-start=\"3651\" data-end=\"3671\">\u26a0\ufe0f <strong data-start=\"3654\" data-end=\"3671\">Mo\u017en\u00e9 obmedzenia<\/strong><\/p>\n<ul data-start=\"3673\" data-end=\"3834\">\n<li data-start=\"3673\" data-end=\"3724\">\n<p data-start=\"3675\" data-end=\"3724\">V\u00e4\u010d\u0161ia ve\u013ekos\u0165 nemus\u00ed vyhovova\u0165 ka\u017ed\u00e9mu ako EDC<\/p>\n<\/li>\n<li data-start=\"3725\" data-end=\"3780\">\n<p data-start=\"3727\" data-end=\"3780\">Automatick\u00fd mechanizmus vy\u017eaduje pravideln\u00fa \u00fadr\u017ebu<\/p>\n<\/li>\n<li data-start=\"3781\" data-end=\"3834\">\n<p data-start=\"3783\" data-end=\"3834\">Robustn\u00fd profil nie je ide\u00e1lny na ve\u013emi jemn\u00e9 rezy<\/p>\n<\/li>\n<\/ul>\n<p data-start=\"3836\" data-end=\"3857\">\ud83d\udee0\ufe0f <strong data-start=\"3840\" data-end=\"3857\">\u00dadr\u017eba a starostlivos\u0165<\/strong><\/p>\n<ul data-start=\"3859\" data-end=\"4101\">\n<li data-start=\"3859\" data-end=\"3894\">\n<p data-start=\"3861\" data-end=\"3894\">Po pou\u017eit\u00ed n\u00f4\u017e vy\u010distite a osu\u0161te<\/p>\n<\/li>\n<li data-start=\"3895\" data-end=\"3929\">\n<p data-start=\"3897\" data-end=\"3929\">Udr\u017eujte rukov\u00e4\u0165 \u010dist\u00fa a such\u00fa<\/p>\n<\/li>\n<li data-start=\"3930\" data-end=\"3982\">\n<p data-start=\"3932\" data-end=\"3982\">Pravidelne kontrolujte mechanizmus a odstra\u0148ujte pr\u00edpadn\u00e9 ne\u010distoty<\/p>\n<\/li>\n<li data-start=\"3983\" data-end=\"4043\">\n<p data-start=\"3985\" data-end=\"4043\">Na dlh\u0161ie skladovanie n\u00f4\u017e z\u013eahka nama\u017ete ochrann\u00fdm olejom<\/p>\n<\/li>\n<li data-start=\"4044\" data-end=\"4101\">\n<p data-start=\"4046\" data-end=\"4101\">Pou\u017e\u00edvajte kvalitn\u00fd syst\u00e9m na hladk\u00e9 br\u00fasenie<\/p>\n<\/li>\n<\/ul>\n<p data-start=\"4103\" data-end=\"4170\">Pravideln\u00e1 starostlivos\u0165 zaru\u010duje dlhodob\u00fa spo\u013eahlivos\u0165 a maxim\u00e1lny v\u00fdkon.<\/p>\n<p data-start=\"4172\" data-end=\"4193\">\ud83c\udfaf <strong data-start=\"4175\" data-end=\"4193\">Odpor\u00fa\u010dan\u00e9 pre<\/strong><\/p>\n<ul data-start=\"4195\" data-end=\"4332\">\n<li data-start=\"4195\" data-end=\"4220\">\n<p data-start=\"4197\" data-end=\"4220\">N\u00e1ro\u010dn\u00ed pou\u017e\u00edvatelia EDC<\/p>\n<\/li>\n<li data-start=\"4221\" data-end=\"4255\">\n<p data-start=\"4223\" data-end=\"4255\">Profesion\u00e1lne taktick\u00e9 pou\u017eitie<\/p>\n<\/li>\n<li data-start=\"4256\" data-end=\"4291\">\n<p data-start=\"4258\" data-end=\"4291\">Zberatelia pr\u00e9miov\u00fdch modelov OTF<\/p>\n<\/li>\n<li data-start=\"4292\" data-end=\"4332\">\n<p data-start=\"4294\" data-end=\"4332\">Pou\u017e\u00edvatelia, ktor\u00ed uprednost\u0148uj\u00fa osobit\u00fd dizajn<\/p>\n<\/li>\n<\/ul>\n<p data-start=\"4334\" data-end=\"4359\">\u2b50 <strong data-start=\"4336\" data-end=\"4359\">Z\u00e1vere\u010dn\u00e9 hodnotenie<\/strong><\/p>\n<p data-start=\"4361\" data-end=\"4655\">N\u00f4\u017e Microtech Combat Troodon Gen III Bowie Apocalyptic Standard 1146-10APRD sp\u00e1ja robustn\u00fd v\u00fdkon, prec\u00edznu americk\u00fa v\u00fdrobu a v\u00fdrazn\u00fa estetiku do jedn\u00e9ho technicky vyspel\u00e9ho automatick\u00e9ho no\u017ea. V\u00fdsledkom je spo\u013eahliv\u00fd taktick\u00fd n\u00e1stroj pre pou\u017e\u00edvate\u013eov, ktor\u00ed chc\u00fa v\u00fdkon a \u0161t\u00fdl bez kompromisov \ud83d\udd2a\ud83d\udd25. <\/p>\n","protected":false},"excerpt":{"rendered":"<p><strong>N\u00f4\u017e Microtech Combat Troodon Gen III Bowie Apocalyptic Standard 1146-10APRD sp\u00e1ja robustn\u00fd v\u00fdkon, prec\u00edznu americk\u00fa v\u00fdrobu a v\u00fdrazn\u00fa estetiku do jedn\u00e9ho technicky vyspel\u00e9ho automatick\u00e9ho no\u017ea. V\u00fdsledkom je spo\u013eahliv\u00fd taktick\u00fd n\u00e1stroj pre pou\u017e\u00edvate\u013eov, ktor\u00ed chc\u00fa v\u00fdkon a \u0161t\u00fdl bez kompromisov \ud83d\udd2a\ud83d\udd25. <\/strong><\/p>\n<p><strong>Doprava zadarmo.<\/strong><\/p>\n","protected":false},"featured_media":437574,"comment_status":"open","ping_status":"closed","template":"","meta":[],"pwb-brand":[3200],"product_brand":[],"product_cat":[3197,3186],"product_tag":[],"class_list":{"0":"post-437668","1":"product","2":"type-product","3":"status-publish","4":"has-post-thumbnail","6":"pwb-brand-microtech-sk","7":"product_cat-vystrelovacie-noze-sk","8":"product_cat-noze-sk","10":"first","11":"instock","12":"taxable","13":"shipping-taxable","14":"purchasable","15":"product-type-simple"},"brands":[{"id":3200,"name":"Microtech","slug":"microtech-sk"}],"_links":{"self":[{"href":"https:\/\/www.moskito.cz\/sk\/wp-json\/wp\/v2\/product\/437668","targetHints":{"allow":["GET"]}}],"collection":[{"href":"https:\/\/www.moskito.cz\/sk\/wp-json\/wp\/v2\/product"}],"about":[{"href":"https:\/\/www.moskito.cz\/sk\/wp-json\/wp\/v2\/types\/product"}],"replies":[{"embeddable":true,"href":"https:\/\/www.moskito.cz\/sk\/wp-json\/wp\/v2\/comments?post=437668"}],"wp:featuredmedia":[{"embeddable":true,"href":"https:\/\/www.moskito.cz\/sk\/wp-json\/wp\/v2\/media\/437574"}],"wp:attachment":[{"href":"https:\/\/www.moskito.cz\/sk\/wp-json\/wp\/v2\/media?parent=437668"}],"wp:term":[{"taxonomy":"pwb-brand","embeddable":true,"href":"https:\/\/www.moskito.cz\/sk\/wp-json\/wp\/v2\/pwb-brand?post=437668"},{"taxonomy":"product_brand","embeddable":true,"href":"https:\/\/www.moskito.cz\/sk\/wp-json\/wp\/v2\/product_brand?post=437668"},{"taxonomy":"product_cat","embeddable":true,"href":"https:\/\/www.moskito.cz\/sk\/wp-json\/wp\/v2\/product_cat?post=437668"},{"taxonomy":"product_tag","embeddable":true,"href":"https:\/\/www.moskito.cz\/sk\/wp-json\/wp\/v2\/product_tag?post=437668"}],"curies":[{"name":"wp","href":"https:\/\/api.w.org\/{rel}","templated":true}]}}