{"id":437678,"date":"2026-02-16T15:29:24","date_gmt":"2026-02-16T14:29:24","guid":{"rendered":"https:\/\/www.moskito.cz\/produkt\/vystrelovaci-noz-microtech-combat-troodon-iii-1142-3ta\/"},"modified":"2026-02-16T18:31:07","modified_gmt":"2026-02-16T17:31:07","slug":"vystrelovaci-noz-microtech-combat-troodon-iii-1142-3ta","status":"publish","type":"product","link":"https:\/\/www.moskito.cz\/sk\/produkt\/vystrelovaci-noz-microtech-combat-troodon-iii-1142-3ta\/","title":{"rendered":"Vystre\u013eovac\u00ed n\u00f4\u017e Microtech Combat Troodon III 1142-3TA"},"content":{"rendered":"<p data-start=\"0\" data-end=\"83\"><strong data-start=\"0\" data-end=\"83\">Microtech Combat Troodon D\/E Gen III 1142-3TA &#8211; \u010dierna celoz\u00fabkovan\u00e1 rukov\u00e4\u0165<\/strong><\/p>\n<p data-start=\"85\" data-end=\"435\">Hne\u010f ako vezmete do ruky <strong data-start=\"108\" data-end=\"157\">Microtech Combat Troodon D\/E Gen III 1142-3TA<\/strong>, okam\u017eite poc\u00edtite prec\u00edznu mechaniku a agres\u00edvny taktick\u00fd charakter, ktor\u00fd je pre tento model charakteristick\u00fd. T\u00e1to verzia kombinuje \u010diernu celoz\u00fabkovan\u00fa \u010depe\u013e s hnedou eloxovanou rukov\u00e4\u0165ou, \u010d\u00edm vytv\u00e1ra v\u00fdrazn\u00fd vizu\u00e1lny kontrast a z\u00e1rove\u0148 funk\u010dn\u00fd n\u00e1stroj pripraven\u00fd na \u0161irok\u00fa \u0161k\u00e1lu \u00faloh. <\/p>\n<p data-start=\"437\" data-end=\"516\">Navrhol ho Anthony (Tony) Marfion a kompletne vyrobil a zmontoval na \ud83c\uddfa\ud83c\uddf8 v USA.<\/p>\n<p data-start=\"518\" data-end=\"546\">\ud83d\udd25 <strong data-start=\"521\" data-end=\"546\">Charakter a filozofia<\/strong><\/p>\n<p data-start=\"548\" data-end=\"931\">Combat Troodon je jedn\u00fdm z najv\u00fdkonnej\u0161\u00edch modelov OTF spolo\u010dnosti Microtech a jeho variant Gen III prin\u00e1\u0161a vylep\u0161en\u00fd dizajn a v\u00fdkon. Plne z\u00fabkovan\u00e1 \u010depe\u013e D\/E (Double Edge) poskytuje maxim\u00e1lnu penetr\u00e1ciu a vynik\u00e1 pri rezan\u00ed materi\u00e1lov, pri ktor\u00fdch je z\u00fabkovan\u00e9 ostrie v\u00fdhodn\u00e9 &#8211; napr\u00edklad l\u00e1n, popruhov alebo pevn\u00fdch tkan\u00edn. Tento model je ur\u010den\u00fd na n\u00e1ro\u010dn\u00e9 taktick\u00e9 situ\u00e1cie a robustn\u00e9 nasadenie EDC.  <\/p>\n<p data-start=\"933\" data-end=\"1082\">Zapusten\u00fd bo\u010dn\u00fd posuvn\u00edk poskytuje prirodzen\u00e9, intuit\u00edvne ovl\u00e1danie, ktor\u00e9 umo\u017e\u0148uje r\u00fdchle vysunutie a bezpe\u010dn\u00e9 zasunutie \u010depele jedn\u00fdm plynul\u00fdm pohybom.<\/p>\n<p data-start=\"1084\" data-end=\"1100\">\ud83c\udfed <strong data-start=\"1087\" data-end=\"1100\">O v\u00fdrobcovi<\/strong><\/p>\n<p data-start=\"1102\" data-end=\"1256\"><span class=\"hover:entity-accent entity-underline inline cursor-pointer align-baseline\"><span class=\"whitespace-normal\">No\u017ee Microtech<\/span><\/span> je americk\u00e1 zna\u010dka s viac ako 30-ro\u010dnou trad\u00edciou vo v\u00fdrobe \u0161pi\u010dkov\u00fdch OTF a automatick\u00fdch no\u017eov. Typick\u00e9 vlastnosti s\u00fa: <\/p>\n<ul data-start=\"1258\" data-end=\"1397\">\n<li data-start=\"1258\" data-end=\"1283\">\n<p data-start=\"1260\" data-end=\"1283\">Presn\u00e9 CNC obr\u00e1banie<\/p>\n<\/li>\n<li data-start=\"1284\" data-end=\"1318\">\n<p data-start=\"1286\" data-end=\"1318\">Patentovan\u00e9 vn\u00fatorn\u00e9 mechanizmy<\/p>\n<\/li>\n<li data-start=\"1319\" data-end=\"1340\">\n<p data-start=\"1321\" data-end=\"1340\">Inovat\u00edvny dizajn<\/p>\n<\/li>\n<li data-start=\"1341\" data-end=\"1367\">\n<p data-start=\"1343\" data-end=\"1367\">Pr\u00edsna kontrola kvality<\/p>\n<\/li>\n<li data-start=\"1368\" data-end=\"1397\">\n<p data-start=\"1370\" data-end=\"1397\">V\u00fdrazn\u00e1 taktick\u00e1 estetika<\/p>\n<\/li>\n<\/ul>\n<p data-start=\"1399\" data-end=\"1490\">Ka\u017ed\u00fd kus sa vyr\u00e1ba a montuje v USA pod veden\u00edm <span class=\"hover:entity-accent entity-underline inline cursor-pointer align-baseline\"><span class=\"whitespace-normal\">Anthonyho Marfioneho<\/span><\/span>.<\/p>\n<p data-start=\"1492\" data-end=\"1536\">\ud83d\udde1\ufe0f <strong data-start=\"1496\" data-end=\"1536\">\u010cepe\u013e &#8211; D\/E Full Serrate Black Blade<\/strong><\/p>\n<p data-start=\"1538\" data-end=\"1619\">\u010cepe\u013e s obojstrann\u00fdm ostr\u00edm a plne vr\u00fabkovan\u00fdm profilom umo\u017e\u0148uje:<\/p>\n<ul data-start=\"1621\" data-end=\"1738\">\n<li data-start=\"1621\" data-end=\"1644\">\n<p data-start=\"1623\" data-end=\"1644\">extr\u00e9mna odolnos\u0165 proti prepichnutiu<\/p>\n<\/li>\n<li data-start=\"1645\" data-end=\"1692\">\n<p data-start=\"1647\" data-end=\"1692\">vynikaj\u00face rezanie vl\u00e1kien a tuh\u00fdch materi\u00e1lov<\/p>\n<\/li>\n<li data-start=\"1693\" data-end=\"1738\">\n<p data-start=\"1695\" data-end=\"1738\">konzistentn\u00fd v\u00fdkon bez oh\u013eadu na typ rezu<\/p>\n<\/li>\n<\/ul>\n<p data-start=\"1740\" data-end=\"1812\">\u010cierna povrchov\u00e1 \u00faprava zni\u017euje odlesky a dod\u00e1va no\u017eu taktick\u00fd charakter.<\/p>\n<p data-start=\"1814\" data-end=\"1951\">Z\u00fabkovan\u00fd n\u00f4\u017e je \u00fa\u010dinn\u00fd tam, kde hladk\u00fd n\u00f4\u017e str\u00e1ca v\u00fdkon &#8211; napr\u00edklad pri rezan\u00ed lana, lana s balastom alebo in\u00fdch abraz\u00edvnych materi\u00e1lov.<\/p>\n<p data-start=\"1953\" data-end=\"1989\">\ud83d\udd2c <strong data-start=\"1956\" data-end=\"1989\">Oce\u013e &#8211; pr\u00e9miov\u00e1 nehrdzavej\u00faca oce\u013e<\/strong><\/p>\n<p data-start=\"1991\" data-end=\"2069\">Pou\u017eit\u00e1 oce\u013e patr\u00ed do pr\u00e9miov\u00e9ho segmentu pr\u00edborov\u00fdch materi\u00e1lov &#8211; vyzna\u010duje sa:<\/p>\n<ul data-start=\"2071\" data-end=\"2164\">\n<li data-start=\"2071\" data-end=\"2109\">\n<p data-start=\"2073\" data-end=\"2109\">vysok\u00e1 odolnos\u0165 proti opotrebovaniu<\/p>\n<\/li>\n<li data-start=\"2110\" data-end=\"2138\">\n<p data-start=\"2112\" data-end=\"2138\">dobr\u00e1 odolnos\u0165 proti kor\u00f3zii<\/p>\n<\/li>\n<li data-start=\"2139\" data-end=\"2164\">\n<p data-start=\"2141\" data-end=\"2164\">dlh\u00e9 uchovanie \u010depele<\/p>\n<\/li>\n<\/ul>\n<p data-start=\"2166\" data-end=\"2232\">T\u00e1to kombin\u00e1cia zaru\u010duje spo\u013eahliv\u00fd v\u00fdkon aj pri n\u00e1ro\u010dn\u00fdch \u00faloh\u00e1ch.<\/p>\n<p data-start=\"2234\" data-end=\"2272\">\ud83e\udde9 <strong data-start=\"2237\" data-end=\"2272\">Rukov\u00e4\u0165 &#8211; eloxovan\u00fd hlin\u00edk<\/strong><\/p>\n<p data-start=\"2274\" data-end=\"2385\">Rukov\u00e4\u0165 je vyroben\u00e1 z eloxovan\u00e9ho hlin\u00edka 6061-T6 v hnedom vyhotoven\u00ed, ktor\u00e9 vyzer\u00e1 robustne a z\u00e1rove\u0148 prakticky.<\/p>\n<ul data-start=\"2387\" data-end=\"2602\">\n<li data-start=\"2387\" data-end=\"2428\">\n<p data-start=\"2389\" data-end=\"2428\">3D CNC fr\u00e9zovan\u00e1 proti\u0161mykov\u00e1 text\u00fara<\/p>\n<\/li>\n<li data-start=\"2429\" data-end=\"2459\">\n<p data-start=\"2431\" data-end=\"2459\">Jimping pre lep\u0161iu kontrolu<\/p>\n<\/li>\n<li data-start=\"2460\" data-end=\"2488\">\n<p data-start=\"2462\" data-end=\"2488\">Zapusten\u00fd bo\u010dn\u00fd jazdec<\/p>\n<\/li>\n<li data-start=\"2489\" data-end=\"2545\">\n<p data-start=\"2491\" data-end=\"2545\">Obojstrann\u00fd hlbok\u00fd z\u00e1sobn\u00edk (prav\u00fd\/\u013eav\u00fd, hrotom nadol)<\/p>\n<\/li>\n<li data-start=\"2546\" data-end=\"2602\">\n<p data-start=\"2548\" data-end=\"2602\">Sekund\u00e1rne \u00fadaje, ako je s\u00e9riov\u00e9 \u010d\u00edslo a d\u00e1tum v\u00fdroby<\/p>\n<\/li>\n<\/ul>\n<p data-start=\"2604\" data-end=\"2699\">Hned\u00e1 farba je praktick\u00e1, dobre sa kombinuje s taktick\u00fdm vybaven\u00edm a dobre maskuje drobn\u00e9 odreniny.<\/p>\n<p data-start=\"2701\" data-end=\"2742\">\u2699\ufe0f <strong data-start=\"2704\" data-end=\"2742\">Technick\u00e9 \u0161pecifik\u00e1cie (orienta\u010dn\u00e9<\/strong>)<\/p>\n<p data-start=\"2744\" data-end=\"2793\"><em data-start=\"2744\" data-end=\"2793\">Parametre sa m\u00f4\u017eu l\u00ed\u0161i\u0165 v z\u00e1vislosti od konkr\u00e9tnej s\u00e9rie.<\/em><\/p>\n<div class=\"TyagGW_tableContainer\">\n<div class=\"group TyagGW_tableWrapper flex flex-col-reverse w-fit\" tabindex=\"-1\">\n<table class=\"w-fit min-w-(--thread-content-width)\" data-start=\"2795\" data-end=\"3331\">\n<thead data-start=\"2795\" data-end=\"2813\">\n<tr data-start=\"2795\" data-end=\"2813\">\n<th class=\"\" data-start=\"2795\" data-end=\"2804\" data-col-size=\"sm\">Parameter<\/th>\n<th class=\"\" data-start=\"2804\" data-end=\"2813\" data-col-size=\"sm\">Hodnota<\/th>\n<\/tr>\n<\/thead>\n<tbody data-start=\"2824\" data-end=\"3331\">\n<tr data-start=\"2824\" data-end=\"2860\">\n<td data-start=\"2824\" data-end=\"2830\" data-col-size=\"sm\">Model<\/td>\n<td data-start=\"2830\" data-end=\"2860\" data-col-size=\"sm\">Combat Troodon D\/E Gen III<\/td>\n<\/tr>\n<tr data-start=\"2861\" data-end=\"2890\">\n<td data-start=\"2861\" data-end=\"2878\" data-col-size=\"sm\">\u010c\u00edslo v\u00fdrobku<\/td>\n<td data-start=\"2878\" data-end=\"2890\" data-col-size=\"sm\">1142-3TA<\/td>\n<\/tr>\n<tr data-start=\"2891\" data-end=\"2923\">\n<td data-start=\"2891\" data-end=\"2905\" data-col-size=\"sm\">Celkov\u00e1 d\u013a\u017eka<\/td>\n<td data-start=\"2905\" data-end=\"2923\" data-col-size=\"sm\">cca 230-240 mm<\/td>\n<\/tr>\n<tr data-start=\"2924\" data-end=\"2954\">\n<td data-start=\"2924\" data-end=\"2937\" data-col-size=\"sm\">D\u013a\u017eka \u010depele<\/td>\n<td data-start=\"2937\" data-end=\"2954\" data-col-size=\"sm\">pribli\u017ene 95-100 mm<\/td>\n<\/tr>\n<tr data-start=\"2955\" data-end=\"2989\">\n<td data-start=\"2955\" data-end=\"2971\" data-col-size=\"sm\">Hr\u00fabka \u010depele<\/td>\n<td data-start=\"2971\" data-end=\"2989\" data-col-size=\"sm\">pribli\u017ene 3,0-3,5 mm<\/td>\n<\/tr>\n<tr data-start=\"2990\" data-end=\"3023\">\n<td data-start=\"2990\" data-end=\"3005\" data-col-size=\"sm\">D\u013a\u017eka rukov\u00e4te<\/td>\n<td data-start=\"3005\" data-end=\"3023\" data-col-size=\"sm\">pribli\u017ene 135-140 mm<\/td>\n<\/tr>\n<tr data-start=\"3024\" data-end=\"3050\">\n<td data-start=\"3024\" data-end=\"3033\" data-col-size=\"sm\">Hmotnos\u0165<\/td>\n<td data-start=\"3033\" data-end=\"3050\" data-col-size=\"sm\">pribli\u017ene 150-160 g<\/td>\n<\/tr>\n<tr data-start=\"3051\" data-end=\"3082\">\n<td data-start=\"3051\" data-end=\"3061\" data-col-size=\"sm\">Typ \u010depele<\/td>\n<td data-start=\"3061\" data-end=\"3082\" data-col-size=\"sm\">D\/E Celoz\u00fabkovan\u00e9<\/td>\n<\/tr>\n<tr data-start=\"3083\" data-end=\"3106\">\n<td data-start=\"3083\" data-end=\"3097\" data-col-size=\"sm\">Povrch \u010depele<\/td>\n<td data-start=\"3097\" data-end=\"3106\" data-col-size=\"sm\">\u010cierna<\/td>\n<\/tr>\n<tr data-start=\"3107\" data-end=\"3143\">\n<td data-start=\"3107\" data-end=\"3125\" data-col-size=\"sm\">Materi\u00e1l rukov\u00e4te<\/td>\n<td data-start=\"3125\" data-end=\"3143\" data-col-size=\"sm\">Hlin\u00edk 6061-T6<\/td>\n<\/tr>\n<tr data-start=\"3144\" data-end=\"3166\">\n<td data-start=\"3144\" data-end=\"3159\" data-col-size=\"sm\">Farba rukov\u00e4te<\/td>\n<td data-start=\"3159\" data-end=\"3166\" data-col-size=\"sm\">Tan<\/td>\n<\/tr>\n<tr data-start=\"3167\" data-end=\"3203\">\n<td data-start=\"3167\" data-end=\"3179\" data-col-size=\"sm\">Mechanizmus<\/td>\n<td data-start=\"3179\" data-end=\"3203\" data-col-size=\"sm\">D\/A OTF &#8211; Z\u00e1mok pos\u00fava\u010da<\/td>\n<\/tr>\n<tr data-start=\"3204\" data-end=\"3246\">\n<td data-start=\"3204\" data-end=\"3214\" data-col-size=\"sm\">Otvorenie str\u00e1nky<\/td>\n<td data-start=\"3214\" data-end=\"3246\" data-col-size=\"sm\">Automatick\u00fd &#8211; bo\u010dn\u00fd posuvn\u00edk<\/td>\n<\/tr>\n<tr data-start=\"3247\" data-end=\"3281\">\n<td data-start=\"3247\" data-end=\"3252\" data-col-size=\"sm\">Klip<\/td>\n<td data-start=\"3252\" data-end=\"3281\" data-col-size=\"sm\">Ambidextrous, hlbok\u00e9 nosenie<\/td>\n<\/tr>\n<tr data-start=\"3282\" data-end=\"3311\">\n<td data-start=\"3282\" data-end=\"3291\" data-col-size=\"sm\">Dizajn<\/td>\n<td data-start=\"3291\" data-end=\"3311\" data-col-size=\"sm\">Anthony Marfione<\/td>\n<\/tr>\n<tr data-start=\"3312\" data-end=\"3331\">\n<td data-start=\"3312\" data-end=\"3324\" data-col-size=\"sm\">Krajina p\u00f4vodu<\/td>\n<td data-start=\"3324\" data-end=\"3331\" data-col-size=\"sm\">USA<\/td>\n<\/tr>\n<\/tbody>\n<\/table>\n<\/div>\n<\/div>\n<p data-start=\"3333\" data-end=\"3352\">\u2705 <strong data-start=\"3335\" data-end=\"3352\">Hlavn\u00e9 v\u00fdhody<\/strong><\/p>\n<ul data-start=\"3354\" data-end=\"3643\">\n<li data-start=\"3354\" data-end=\"3397\">\n<p data-start=\"3356\" data-end=\"3397\">R\u00fdchly a spo\u013eahliv\u00fd mechanizmus D\/A OTF<\/p>\n<\/li>\n<li data-start=\"3398\" data-end=\"3447\">\n<p data-start=\"3400\" data-end=\"3447\">Plne z\u00fabkovan\u00e1 \u010depe\u013e D\/E s vysokou prieraznos\u0165ou<\/p>\n<\/li>\n<li data-start=\"3448\" data-end=\"3482\">\n<p data-start=\"3450\" data-end=\"3482\">\u010cierny povrch na zn\u00ed\u017eenie oslnenia<\/p>\n<\/li>\n<li data-start=\"3483\" data-end=\"3532\">\n<p data-start=\"3485\" data-end=\"3532\">Pr\u00e9miov\u00e1 nehrdzavej\u00faca oce\u013e s dobrou retenciou \u010depele<\/p>\n<\/li>\n<li data-start=\"3533\" data-end=\"3580\">\n<p data-start=\"3535\" data-end=\"3580\">Ergonomick\u00e1 rukov\u00e4\u0165 s text\u00farovan\u00fdm povrchom<\/p>\n<\/li>\n<li data-start=\"3581\" data-end=\"3643\">\n<p data-start=\"3583\" data-end=\"3643\">Pevn\u00e1 a \u013eahk\u00e1 kon\u0161trukcia vhodn\u00e1 na ka\u017edodenn\u00e9 pou\u017e\u00edvanie<\/p>\n<\/li>\n<\/ul>\n<p data-start=\"3645\" data-end=\"3665\">\u26a0\ufe0f <strong data-start=\"3648\" data-end=\"3665\">Mo\u017en\u00e9 obmedzenia<\/strong><\/p>\n<ul data-start=\"3667\" data-end=\"3828\">\n<li data-start=\"3667\" data-end=\"3718\">\n<p data-start=\"3669\" data-end=\"3718\">Z\u00fabkovan\u00e9 \u010depele sa \u0165a\u017e\u0161ie udr\u017eiavaj\u00fa a ostria<\/p>\n<\/li>\n<li data-start=\"3719\" data-end=\"3774\">\n<p data-start=\"3721\" data-end=\"3774\">Vy\u0161\u0161ia cenov\u00e1 kateg\u00f3ria zodpovedaj\u00faca pr\u00e9miovej produkcii<\/p>\n<\/li>\n<li data-start=\"3775\" data-end=\"3828\">\n<p data-start=\"3777\" data-end=\"3828\">Automatick\u00fd mechanizmus si vy\u017eaduje pravideln\u00fa starostlivos\u0165<\/p>\n<\/li>\n<\/ul>\n<p data-start=\"3830\" data-end=\"3851\">\ud83d\udee0\ufe0f <strong data-start=\"3834\" data-end=\"3851\">\u00dadr\u017eba a starostlivos\u0165<\/strong><\/p>\n<ul data-start=\"3853\" data-end=\"4044\">\n<li data-start=\"3853\" data-end=\"3888\">\n<p data-start=\"3855\" data-end=\"3888\">Po pou\u017eit\u00ed n\u00f4\u017e vy\u010distite a osu\u0161te<\/p>\n<\/li>\n<li data-start=\"3889\" data-end=\"3923\">\n<p data-start=\"3891\" data-end=\"3923\">Udr\u017eujte rukov\u00e4\u0165 v suchu a \u010distote<\/p>\n<\/li>\n<li data-start=\"3924\" data-end=\"3976\">\n<p data-start=\"3926\" data-end=\"3976\">Pravidelne kontrolujte mechanizmus a odstra\u0148ujte pr\u00edpadn\u00e9 ne\u010distoty<\/p>\n<\/li>\n<li data-start=\"3977\" data-end=\"4044\">\n<p data-start=\"3979\" data-end=\"4044\">Na br\u00fasenie zubat\u00fdch \u010depel\u00ed odpor\u00fa\u010dame \u0161pecializovan\u00e9 n\u00e1stroje<\/p>\n<\/li>\n<\/ul>\n<p data-start=\"4046\" data-end=\"4112\">Spr\u00e1vna starostlivos\u0165 zaru\u010duje dlhodob\u00fa spo\u013eahlivos\u0165 a vysok\u00fd v\u00fdkon no\u017ea.<\/p>\n<p data-start=\"4114\" data-end=\"4135\">\ud83c\udfaf <strong data-start=\"4117\" data-end=\"4135\">Odpor\u00fa\u010dan\u00e9 pre<\/strong><\/p>\n<ul data-start=\"4137\" data-end=\"4320\">\n<li data-start=\"4137\" data-end=\"4171\">\n<p data-start=\"4139\" data-end=\"4171\">Taktick\u00e9 profesion\u00e1lne pou\u017eitie<\/p>\n<\/li>\n<li data-start=\"4172\" data-end=\"4232\">\n<p data-start=\"4174\" data-end=\"4232\">Pou\u017e\u00edvatelia, ktor\u00ed \u010dasto pracuj\u00fa s tuh\u00fdmi alebo vl\u00e1knit\u00fdmi materi\u00e1lmi<\/p>\n<\/li>\n<li data-start=\"4233\" data-end=\"4268\">\n<p data-start=\"4235\" data-end=\"4268\">Zberatelia pr\u00e9miov\u00fdch modelov OTF<\/p>\n<\/li>\n<li data-start=\"4269\" data-end=\"4320\">\n<p data-start=\"4271\" data-end=\"4320\">Pou\u017e\u00edvatelia, ktor\u00ed uprednost\u0148uj\u00fa v\u00fdrazn\u00e9 farebn\u00e9 kombin\u00e1cie<\/p>\n<\/li>\n<\/ul>\n<p data-start=\"4322\" data-end=\"4347\">\u2b50 <strong data-start=\"4324\" data-end=\"4347\">Z\u00e1vere\u010dn\u00e9 hodnotenie<\/strong><\/p>\n<p data-start=\"4349\" data-end=\"4625\"><strong data-start=\"4349\" data-end=\"4398\">Microtech Combat Troodon D\/E Gen III 1142-3TA<\/strong> vo farbe Black Full Serrate \/ Tan je \u0161pi\u010dkov\u00fd taktick\u00fd n\u00f4\u017e OTF s agres\u00edvnou z\u00fabkovanou \u010depe\u013eou, robustnou kon\u0161trukciou a prec\u00edznou americkou v\u00fdrobou. Je to vo\u013eba pre t\u00fdch, ktor\u00ed chc\u00fa v\u00fdkon, \u0161t\u00fdl a funk\u010dnos\u0165 bez kompromisov \ud83d\udd2a\ud83d\udd25 <\/p>\n","protected":false},"excerpt":{"rendered":"<p><strong>Microtech Combat Troodon D\/E Gen III 1142-3TA vo farbe Black Full Serrate \/ Tan je \u0161pi\u010dkov\u00fd taktick\u00fd n\u00f4\u017e OTF s agres\u00edvnou z\u00fabkovanou \u010depe\u013eou, robustnou kon\u0161trukciou a prec\u00edznou americkou v\u00fdrobou. Je to vo\u013eba pre t\u00fdch, ktor\u00ed chc\u00fa v\u00fdkon, \u0161t\u00fdl a funk\u010dnos\u0165 bez kompromisov \ud83d\udd2a\ud83d\udd25 <\/strong><\/p>\n<p><strong>Doprava zadarmo.<\/strong><\/p>\n","protected":false},"featured_media":437532,"comment_status":"open","ping_status":"closed","template":"","meta":[],"pwb-brand":[3200],"product_brand":[],"product_cat":[3197,3186],"product_tag":[],"class_list":{"0":"post-437678","1":"product","2":"type-product","3":"status-publish","4":"has-post-thumbnail","6":"pwb-brand-microtech-sk","7":"product_cat-vystrelovacie-noze-sk","8":"product_cat-noze-sk","10":"first","11":"instock","12":"taxable","13":"shipping-taxable","14":"purchasable","15":"product-type-simple"},"brands":[{"id":3200,"name":"Microtech","slug":"microtech-sk"}],"_links":{"self":[{"href":"https:\/\/www.moskito.cz\/sk\/wp-json\/wp\/v2\/product\/437678","targetHints":{"allow":["GET"]}}],"collection":[{"href":"https:\/\/www.moskito.cz\/sk\/wp-json\/wp\/v2\/product"}],"about":[{"href":"https:\/\/www.moskito.cz\/sk\/wp-json\/wp\/v2\/types\/product"}],"replies":[{"embeddable":true,"href":"https:\/\/www.moskito.cz\/sk\/wp-json\/wp\/v2\/comments?post=437678"}],"wp:featuredmedia":[{"embeddable":true,"href":"https:\/\/www.moskito.cz\/sk\/wp-json\/wp\/v2\/media\/437532"}],"wp:attachment":[{"href":"https:\/\/www.moskito.cz\/sk\/wp-json\/wp\/v2\/media?parent=437678"}],"wp:term":[{"taxonomy":"pwb-brand","embeddable":true,"href":"https:\/\/www.moskito.cz\/sk\/wp-json\/wp\/v2\/pwb-brand?post=437678"},{"taxonomy":"product_brand","embeddable":true,"href":"https:\/\/www.moskito.cz\/sk\/wp-json\/wp\/v2\/product_brand?post=437678"},{"taxonomy":"product_cat","embeddable":true,"href":"https:\/\/www.moskito.cz\/sk\/wp-json\/wp\/v2\/product_cat?post=437678"},{"taxonomy":"product_tag","embeddable":true,"href":"https:\/\/www.moskito.cz\/sk\/wp-json\/wp\/v2\/product_tag?post=437678"}],"curies":[{"name":"wp","href":"https:\/\/api.w.org\/{rel}","templated":true}]}}