{"id":439863,"date":"2024-09-26T13:01:18","date_gmt":"2024-09-26T12:01:18","guid":{"rendered":"https:\/\/www.moskito.cz\/produkt\/skladaci-noz-boker-plus-wasabi-cocobolo-01bo631\/"},"modified":"2026-03-02T14:00:08","modified_gmt":"2026-03-02T13:00:08","slug":"skladaci-noz-boker-plus-wasabi-cocobolo-01bo631","status":"publish","type":"product","link":"https:\/\/www.moskito.cz\/sk\/produkt\/skladaci-noz-boker-plus-wasabi-cocobolo-01bo631\/","title":{"rendered":"Skladac\u00ed n\u00f4\u017e B\u00f6ker Plus Wasabi Cocobolo 01BO631"},"content":{"rendered":"<p>Skladac\u00ed n\u00f4\u017e <strong>B\u00f6ker Plus<\/strong> Wasabi Cocobolo 01BO631.<\/p>\n<p>Japonsk\u00fd no\u017eiar Kansei Matsuno je majstrom svojho remesla a jeho n\u00e1vrhy maj\u00fa nepochybne vlastn\u00fd \u0161t\u00fdl. \u0160ikovn\u00e1 kombin\u00e1cia prvkov japonsk\u00e9ho \u0161t\u00fdlu s vlastnos\u0165ami modern\u00e9ho vreckov\u00e9ho no\u017ea n\u00e1s okam\u017eite zaujala. <\/p>\n<p>\u0160t\u00edhly dizajn a \u013eahk\u00e1 kon\u0161trukcia no\u017ea B\u00f6ker Plus Wasabi spolu s rovn\u00fdm dizajnom a klasickou japonskou \u010depe\u013eou vytv\u00e1raj\u00fa elegantn\u00fd n\u00f4\u017e na ka\u017edodenn\u00e9 pou\u017eitie. Gu\u013e\u00f4\u010dkov\u00e1 \u010depe\u013e sa otv\u00e1ra predn\u00fdm flipperom a je dr\u017ean\u00e1 otvoren\u00e1 ako posuvn\u00fd k\u013ab vlastnou poistnou gu\u013e\u00f4\u010dkou. Na \u010depe\u013e sa pou\u017e\u00edva osved\u010den\u00fd materi\u00e1l 440C. Rukov\u00e4\u0165 s do\u0161ti\u010dkami z nehrdzavej\u00facej ocele a fr\u00e9zovanou sponou. So \u0161upinami z v\u00fdberov\u00e9ho dreva Cocobolo.    <\/p>\n<p>Typ tovaru: Vreckov\u00fd n\u00f4\u017e<br \/>\nZna\u010dka: Boker Plus<br \/>\nCelkov\u00e1 d\u013a\u017eka: 17,60 cm<br \/>\nD\u013a\u017eka \u010depele: 7,20 cm<br \/>\nHr\u00fabka \u010depele: 2,10 mm<br \/>\nHmotnos\u0165: 45,00 g<br \/>\nDizajn: Kansei Matsuno<br \/>\nMateri\u00e1l \u010depele: 440C<br \/>\nMateri\u00e1l rukov\u00e4te: Drevo Cocobolo<br \/>\nPom\u00f4cka na otv\u00e1ranie: Pinball<br \/>\nOtv\u00e1ranie: Manu\u00e1lne<br \/>\nUz\u00e1ver: Slip joint<br \/>\n\u010c\u00edslo polo\u017eky: 01BO631<\/p>\n<p>&nbsp;<\/p>\n","protected":false},"excerpt":{"rendered":"<p><strong>Japonsk\u00fd striha\u010d Kansei Matsuno je majstrom svojho remesla a jeho n\u00e1vrhy maj\u00fa nepochybne vlastn\u00fd \u0161t\u00fdl. \u0160ikovn\u00e1 kombin\u00e1cia prvkov japonsk\u00e9ho \u0161t\u00fdlu s vlastnos\u0165ami modern\u00e9ho p\u00e1nskeho vreckov\u00e9ho no\u017ea n\u00e1s okam\u017eite zaujala. <\/strong><\/p>\n","protected":false},"featured_media":365642,"comment_status":"closed","ping_status":"closed","template":"","meta":[],"pwb-brand":[3419],"product_brand":[],"product_cat":[3186,3233],"product_tag":[],"class_list":{"0":"post-439863","1":"product","2":"type-product","3":"status-publish","4":"has-post-thumbnail","6":"pwb-brand-boker-sk","7":"product_cat-noze-sk","8":"product_cat-zatvaracie-noze","10":"first","11":"outofstock","12":"taxable","13":"shipping-taxable","14":"purchasable","15":"product-type-simple"},"brands":[{"id":3419,"name":"Boker","slug":"boker-sk"}],"_links":{"self":[{"href":"https:\/\/www.moskito.cz\/sk\/wp-json\/wp\/v2\/product\/439863","targetHints":{"allow":["GET"]}}],"collection":[{"href":"https:\/\/www.moskito.cz\/sk\/wp-json\/wp\/v2\/product"}],"about":[{"href":"https:\/\/www.moskito.cz\/sk\/wp-json\/wp\/v2\/types\/product"}],"replies":[{"embeddable":true,"href":"https:\/\/www.moskito.cz\/sk\/wp-json\/wp\/v2\/comments?post=439863"}],"wp:featuredmedia":[{"embeddable":true,"href":"https:\/\/www.moskito.cz\/sk\/wp-json\/wp\/v2\/media\/365642"}],"wp:attachment":[{"href":"https:\/\/www.moskito.cz\/sk\/wp-json\/wp\/v2\/media?parent=439863"}],"wp:term":[{"taxonomy":"pwb-brand","embeddable":true,"href":"https:\/\/www.moskito.cz\/sk\/wp-json\/wp\/v2\/pwb-brand?post=439863"},{"taxonomy":"product_brand","embeddable":true,"href":"https:\/\/www.moskito.cz\/sk\/wp-json\/wp\/v2\/product_brand?post=439863"},{"taxonomy":"product_cat","embeddable":true,"href":"https:\/\/www.moskito.cz\/sk\/wp-json\/wp\/v2\/product_cat?post=439863"},{"taxonomy":"product_tag","embeddable":true,"href":"https:\/\/www.moskito.cz\/sk\/wp-json\/wp\/v2\/product_tag?post=439863"}],"curies":[{"name":"wp","href":"https:\/\/api.w.org\/{rel}","templated":true}]}}