{"id":440467,"date":"2026-03-26T19:23:04","date_gmt":"2026-03-26T18:23:04","guid":{"rendered":"https:\/\/www.moskito.cz\/?post_type=product&#038;p=440467"},"modified":"2026-04-03T17:57:03","modified_gmt":"2026-04-03T16:57:03","slug":"zaviraci-nuz-emerson-mustang-flipper","status":"publish","type":"product","link":"https:\/\/www.moskito.cz\/sk\/produkt\/zaviraci-nuz-emerson-mustang-flipper\/","title":{"rendered":"Zav\u00edrac\u00ed N\u016f\u017e Emerson Mustang Flipper"},"content":{"rendered":"<p data-start=\"0\" data-end=\"167\">Zav\u00edrac\u00ed n\u016f\u017e <strong data-start=\"13\" data-end=\"40\">Emerson Mustang Flipper<\/strong> je robustn\u00ed taktick\u00fd EDC n\u016f\u017e navr\u017een\u00fd pro tvrd\u00e9 nasazen\u00ed, maxim\u00e1ln\u00ed spolehlivost a univerz\u00e1ln\u00ed pou\u017eit\u00ed v n\u00e1ro\u010dn\u00fdch podm\u00ednk\u00e1ch.<\/p>\n<p data-start=\"169\" data-end=\"397\">Design modelu vych\u00e1z\u00ed z filozofie zna\u010dky Emerson \u2014 jednoduchost, funk\u010dnost a d\u016fraz na re\u00e1ln\u00e9 pou\u017eit\u00ed bez kompromis\u016f. Mustang nen\u00ed jemn\u00fd EDC n\u00e1stroj, ale plnohodnotn\u00fd pracovn\u00ed n\u016f\u017e, kter\u00fd je p\u0159ipraven zvl\u00e1dnout i n\u00e1ro\u010dn\u011bj\u0161\u00ed \u00fakoly.<\/p>\n<p data-start=\"399\" data-end=\"676\">Na tento n\u016f\u017e se m\u016f\u017eete spolehnout p\u0159i pr\u00e1ci \u2014 a to p\u0159i tvrd\u00e9 pr\u00e1ci. Sta\u010d\u00ed si vymyslet \u00fakol nebo povinnost a Emerson Mustang je p\u0159ipraven okam\u017eit\u011b vyrazit do akce. Nen\u00ed to n\u016f\u017e pro drobn\u00e9 pou\u017eit\u00ed. Jakmile ho vezmete do ruky, okam\u017eit\u011b poc\u00edt\u00edte, \u017ee je navr\u017een pro n\u00e1ro\u010dn\u00e9 nasazen\u00ed.<\/p>\n<p data-start=\"678\" data-end=\"896\">Na rozd\u00edl od n\u011bkter\u00fdch specializovan\u00fdch model\u016f je Mustang koncipov\u00e1n jako skute\u010dn\u011b v\u0161estrann\u00fd n\u016f\u017e. Vyu\u017eit\u00ed najde v kempu, na ran\u010di, v lese i na st\u0159elnici \u2014 zkr\u00e1tka v\u0161ude tam, kde je pot\u0159eba spolehliv\u00fd pracovn\u00ed n\u00e1stroj.<\/p>\n<p data-start=\"898\" data-end=\"1239\">Inspirace n\u00e1zvem nen\u00ed n\u00e1hodn\u00e1. Divoc\u00ed mustangov\u00e9 pat\u0159\u00ed mezi nejodoln\u011bj\u0161\u00ed a nejvytrvalej\u0161\u00ed kon\u011b na sv\u011bt\u011b \u2014 jsou siln\u00ed, inteligentn\u00ed a schopn\u00ed p\u0159e\u017e\u00edt i v extr\u00e9mn\u00edch podm\u00ednk\u00e1ch. Stejn\u011b tak Emerson Mustang p\u0159en\u00e1\u0161\u00ed tuto filozofii do no\u017e\u00ed\u0159sk\u00e9ho sv\u011bta. Jakmile ho vezmete do ruky, poc\u00edt\u00edte jeho s\u00edlu, odolnost a p\u0159ipravenost obst\u00e1t v ka\u017ed\u00e9 situaci.<\/p>\n<p data-start=\"1241\" data-end=\"1477\">\u010cepel je vyrobena z modern\u00ed pr\u00e1\u0161kov\u00e9 oceli MagnaCut, kter\u00e1 nab\u00edz\u00ed \u0161pi\u010dkovou odolnost proti korozi, vysokou v\u00fddr\u017e ost\u0159\u00ed a z\u00e1rove\u0148 dobrou hou\u017eevnatost. V\u00fdbrus typu V-grind zaji\u0161\u0165uje efektivn\u00ed \u0159ezn\u00e9 vlastnosti a p\u0159esnou kontrolu p\u0159i pr\u00e1ci.<\/p>\n<p data-start=\"1479\" data-end=\"1574\">Flipper umo\u017e\u0148uje rychl\u00e9 a plynul\u00e9 otev\u0159en\u00ed jednou rukou, co\u017e je kl\u00ed\u010dov\u00e9 p\u0159i dynamick\u00e9m pou\u017eit\u00ed.<\/p>\n<p data-start=\"1576\" data-end=\"1727\">Rukoje\u0165 z G-10 poskytuje pevn\u00fd a jist\u00fd \u00fachop i v n\u00e1ro\u010dn\u00fdch podm\u00ednk\u00e1ch. Pojistka z titanu (6AL4V) p\u0159isp\u00edv\u00e1 k vysok\u00e9 pevnosti a dlouhodob\u00e9 spolehlivosti.<\/p>\n<p data-start=\"1729\" data-end=\"1837\">Mustang Flipper je ide\u00e1ln\u00ed n\u00e1stroj pro n\u00e1ro\u010dn\u00e9 pou\u017eit\u00ed \u2014 od ka\u017edodenn\u00edho no\u0161en\u00ed a\u017e po tvrdou pr\u00e1ci v ter\u00e9nu.<\/p>\n<hr data-start=\"1839\" data-end=\"1842\" \/>\n<h2 data-section-id=\"1baaq9y\" data-start=\"1844\" data-end=\"1868\">Charakter a filozofie<\/h2>\n<p data-start=\"1869\" data-end=\"1987\">Mustang Flipper je navr\u017een jako univerz\u00e1ln\u00ed pracovn\u00ed n\u016f\u017e pro u\u017eivatele, kte\u0159\u00ed vy\u017eaduj\u00ed maxim\u00e1ln\u00ed v\u00fdkon bez kompromis\u016f.<\/p>\n<p data-start=\"1989\" data-end=\"2146\">Ocel MagnaCut p\u0159edstavuje modern\u00ed \u0161pi\u010dku mezi no\u017e\u00ed\u0159sk\u00fdmi materi\u00e1ly \u2014 nab\u00edz\u00ed vynikaj\u00edc\u00ed kombinaci odolnosti proti korozi, dlouh\u00e9 v\u00fddr\u017ee ost\u0159\u00ed a hou\u017eevnatosti.<\/p>\n<p data-start=\"2148\" data-end=\"2247\">Tvar \u010depele spolu s V-grind v\u00fdbrusem umo\u017e\u0148uje p\u0159esn\u00e9 \u0159ezy i efektivn\u00ed pr\u00e1ci v n\u00e1ro\u010dn\u00fdch podm\u00ednk\u00e1ch.<\/p>\n<p data-start=\"2249\" data-end=\"2346\">Ergonomick\u00e1 rukoje\u0165 minimalizuje \u00fanavu ruky a zaji\u0161\u0165uje jist\u00e9 dr\u017een\u00ed i p\u0159i dlouhodob\u00e9m pou\u017e\u00edv\u00e1n\u00ed.<\/p>\n<hr data-start=\"2348\" data-end=\"2351\" \/>\n<h2 data-section-id=\"z259b9\" data-start=\"2353\" data-end=\"2368\">\ud83c\udfed O v\u00fdrobci<\/h2>\n<p data-start=\"2369\" data-end=\"2474\">Emerson Knives je americk\u00e1 zna\u010dka zam\u011b\u0159en\u00e1 na v\u00fdrobu taktick\u00fdch no\u017e\u016f pro profesion\u00e1ln\u00ed i civiln\u00ed pou\u017eit\u00ed.<\/p>\n<p data-start=\"2476\" data-end=\"2681\">Zakladatel Ernest Emerson za\u010dal vyr\u00e1b\u011bt no\u017ee ji\u017e v roce 1979 a postupn\u011b se stal jedn\u00edm z nejuzn\u00e1van\u011bj\u0161\u00edch no\u017e\u00ed\u0159\u016f na sv\u011bt\u011b. Jeho no\u017ee jsou zn\u00e1m\u00e9 svou robustnost\u00ed, jednoduchost\u00ed a d\u016frazem na re\u00e1ln\u00e9 nasazen\u00ed.<\/p>\n<hr data-start=\"2683\" data-end=\"2686\" \/>\n<h2 data-section-id=\"1qwgnog\" data-start=\"2688\" data-end=\"2715\">\u2699\ufe0f Technick\u00e9 specifikace<\/h2>\n<p data-start=\"2716\" data-end=\"2749\"><em data-start=\"2716\" data-end=\"2749\">(p\u0159epo\u010det na metrick\u00e9 jednotky)<\/em><\/p>\n<div class=\"TyagGW_tableContainer\">\n<div class=\"group TyagGW_tableWrapper flex flex-col-reverse w-fit\" tabindex=\"-1\">\n<table class=\"w-fit min-w-(--thread-content-width)\" data-start=\"2751\" data-end=\"3201\">\n<thead data-start=\"2751\" data-end=\"2773\">\n<tr data-start=\"2751\" data-end=\"2773\">\n<th class=\"\" data-start=\"2751\" data-end=\"2762\" data-col-size=\"sm\">Parametr<\/th>\n<th class=\"\" data-start=\"2762\" data-end=\"2773\" data-col-size=\"sm\">Hodnota<\/th>\n<\/tr>\n<\/thead>\n<tbody data-start=\"2796\" data-end=\"3201\">\n<tr data-start=\"2796\" data-end=\"2831\">\n<td data-start=\"2796\" data-end=\"2812\" data-col-size=\"sm\">Celkov\u00e1 d\u00e9lka<\/td>\n<td data-start=\"2812\" data-end=\"2831\" data-col-size=\"sm\">cca <strong data-start=\"2818\" data-end=\"2829\">22,9 cm<\/strong><\/td>\n<\/tr>\n<tr data-start=\"2832\" data-end=\"2865\">\n<td data-start=\"2832\" data-end=\"2847\" data-col-size=\"sm\">D\u00e9lka \u010depele<\/td>\n<td data-start=\"2847\" data-end=\"2865\" data-col-size=\"sm\">cca <strong data-start=\"2853\" data-end=\"2863\">9,9 cm<\/strong><\/td>\n<\/tr>\n<tr data-start=\"2866\" data-end=\"2902\">\n<td data-start=\"2866\" data-end=\"2884\" data-col-size=\"sm\">Tlou\u0161\u0165ka \u010depele<\/td>\n<td data-start=\"2884\" data-end=\"2902\" data-col-size=\"sm\">cca <strong data-start=\"2890\" data-end=\"2900\">3,2 mm<\/strong><\/td>\n<\/tr>\n<tr data-start=\"2903\" data-end=\"2933\">\n<td data-start=\"2903\" data-end=\"2921\" data-col-size=\"sm\">Materi\u00e1l \u010depele<\/td>\n<td data-start=\"2921\" data-end=\"2933\" data-col-size=\"sm\">MagnaCut<\/td>\n<\/tr>\n<tr data-start=\"2934\" data-end=\"2963\">\n<td data-start=\"2934\" data-end=\"2950\" data-col-size=\"sm\">Tvrdost oceli<\/td>\n<td data-start=\"2950\" data-end=\"2963\" data-col-size=\"sm\">61\u201363 HRC<\/td>\n<\/tr>\n<tr data-start=\"2964\" data-end=\"3005\">\n<td data-start=\"2964\" data-end=\"2978\" data-col-size=\"sm\">Tvar \u010depele<\/td>\n<td data-start=\"2978\" data-end=\"3005\" data-col-size=\"sm\">Drop-point \/ utilit\u00e1rn\u00ed<\/td>\n<\/tr>\n<tr data-start=\"3006\" data-end=\"3026\">\n<td data-start=\"3006\" data-end=\"3015\" data-col-size=\"sm\">V\u00fdbrus<\/td>\n<td data-start=\"3015\" data-end=\"3026\" data-col-size=\"sm\">V-Grind<\/td>\n<\/tr>\n<tr data-start=\"3027\" data-end=\"3055\">\n<td data-start=\"3027\" data-end=\"3047\" data-col-size=\"sm\">Materi\u00e1l rukojeti<\/td>\n<td data-start=\"3047\" data-end=\"3055\" data-col-size=\"sm\">G-10<\/td>\n<\/tr>\n<tr data-start=\"3056\" data-end=\"3091\">\n<td data-start=\"3056\" data-end=\"3076\" data-col-size=\"sm\">Materi\u00e1l pojistky<\/td>\n<td data-start=\"3076\" data-end=\"3091\" data-col-size=\"sm\">6AL4V Titan<\/td>\n<\/tr>\n<tr data-start=\"3092\" data-end=\"3120\">\n<td data-start=\"3092\" data-end=\"3103\" data-col-size=\"sm\">Hmotnost<\/td>\n<td data-start=\"3103\" data-end=\"3120\" data-col-size=\"sm\">cca <strong data-start=\"3109\" data-end=\"3118\">140 g<\/strong><\/td>\n<\/tr>\n<tr data-start=\"3121\" data-end=\"3144\">\n<td data-start=\"3121\" data-end=\"3133\" data-col-size=\"sm\">Otev\u00edr\u00e1n\u00ed<\/td>\n<td data-start=\"3133\" data-end=\"3144\" data-col-size=\"sm\">Flipper<\/td>\n<\/tr>\n<tr data-start=\"3145\" data-end=\"3184\">\n<td data-start=\"3145\" data-end=\"3156\" data-col-size=\"sm\">Typ no\u017ee<\/td>\n<td data-start=\"3156\" data-end=\"3184\" data-col-size=\"sm\">Zav\u00edrac\u00ed (EDC, taktick\u00fd)<\/td>\n<\/tr>\n<tr data-start=\"3185\" data-end=\"3201\">\n<td data-start=\"3185\" data-end=\"3194\" data-col-size=\"sm\">V\u00fdroba<\/td>\n<td data-start=\"3194\" data-end=\"3201\" data-col-size=\"sm\">USA<\/td>\n<\/tr>\n<\/tbody>\n<\/table>\n<\/div>\n<\/div>\n<hr data-start=\"3203\" data-end=\"3206\" \/>\n<h2 data-section-id=\"14b0e0x\" data-start=\"3208\" data-end=\"3226\">\u2705 Hlavn\u00ed v\u00fdhody<\/h2>\n<ul data-start=\"3227\" data-end=\"3467\">\n<li data-section-id=\"1w7w3ty\" data-start=\"3227\" data-end=\"3292\">Ocel MagnaCut \u2013 \u0161pi\u010dkov\u00e1 odolnost, v\u00fddr\u017e ost\u0159\u00ed i hou\u017eevnatost<\/li>\n<li data-section-id=\"y1vegg\" data-start=\"3293\" data-end=\"3336\">Robustn\u00ed konstrukce pro n\u00e1ro\u010dn\u00e9 pou\u017eit\u00ed<\/li>\n<li data-section-id=\"1pgjhi3\" data-start=\"3337\" data-end=\"3379\">Flipper \u2013 rychl\u00e9 a intuitivn\u00ed otev\u0159en\u00ed<\/li>\n<li data-section-id=\"xn9cd9\" data-start=\"3380\" data-end=\"3422\">Ergonomick\u00e1 rukoje\u0165 G-10 \u2013 jist\u00fd \u00fachop<\/li>\n<li data-section-id=\"1m385an\" data-start=\"3423\" data-end=\"3467\">Univerz\u00e1ln\u00ed charakter \u2013 jeden n\u016f\u017e na v\u0161e<\/li>\n<\/ul>\n<hr data-start=\"3469\" data-end=\"3472\" \/>\n<h2 data-section-id=\"1p6p4te\" data-start=\"3474\" data-end=\"3493\">\u26a0\ufe0f Mo\u017en\u00e1 omezen\u00ed<\/h2>\n<ul data-start=\"3494\" data-end=\"3641\">\n<li data-section-id=\"10rn8rq\" data-start=\"3494\" data-end=\"3533\">Vy\u0161\u0161\u00ed cena oproti z\u00e1kladn\u00edm model\u016fm<\/li>\n<li data-section-id=\"tnm2p3\" data-start=\"3534\" data-end=\"3593\">Robustn\u011bj\u0161\u00ed konstrukce \u2013 m\u00e9n\u011b vhodn\u00fd pro ultralehk\u00e9 EDC<\/li>\n<li data-section-id=\"5ljtdm\" data-start=\"3594\" data-end=\"3641\">Pro b\u011b\u017en\u00e9 \u00fakoly m\u016f\u017ee b\u00fdt \u201ea\u017e p\u0159\u00edli\u0161\u201c odoln\u00fd<\/li>\n<\/ul>\n<hr data-start=\"3643\" data-end=\"3646\" \/>\n<h2 data-section-id=\"1fc2qpi\" data-start=\"3648\" data-end=\"3668\">\ud83d\udee0\ufe0f \u00dadr\u017eba a p\u00e9\u010de<\/h2>\n<ul data-start=\"3669\" data-end=\"3832\">\n<li data-section-id=\"1ih18cj\" data-start=\"3669\" data-end=\"3704\">Po pou\u017eit\u00ed \u010depel o\u010disti a osu\u0161\u00ed<\/li>\n<li data-section-id=\"srnj9c\" data-start=\"3705\" data-end=\"3735\">Pravideln\u011b kontroluj ost\u0159\u00ed<\/li>\n<li data-section-id=\"1jmccfj\" data-start=\"3736\" data-end=\"3768\">Promaz\u00e1vej \u010dep a mechanismus<\/li>\n<li data-section-id=\"gb515n\" data-start=\"3769\" data-end=\"3791\">Udr\u017euj n\u016f\u017e v suchu<\/li>\n<li data-section-id=\"1bgzr7i\" data-start=\"3792\" data-end=\"3832\">Pravideln\u011b kontroluj dota\u017een\u00ed \u0161roub\u016f<\/li>\n<\/ul>\n<hr data-start=\"3834\" data-end=\"3837\" \/>\n<h2 data-section-id=\"74672s\" data-start=\"3839\" data-end=\"3875\">\ud83d\udd2a Pro udr\u017een\u00ed ost\u0159\u00ed doporu\u010dujeme<\/h2>\n<p data-start=\"3876\" data-end=\"4022\">Pro zachov\u00e1n\u00ed maxim\u00e1ln\u00ed ostrosti nitrogenov\u00e9 oceli doporu\u010dujeme pou\u017e\u00edvat kvalitn\u00ed brusn\u00fd syst\u00e9m, kter\u00fd umo\u017en\u00ed rychlou a p\u0159esnou \u00fadr\u017ebu i v ter\u00e9nu.<\/p>\n<p data-start=\"4024\" data-end=\"4119\">Ide\u00e1ln\u00ed volbou je Spyderco Tri-Angle Sharpmaker Complete Sharpening System 204MF, kter\u00fd nab\u00edz\u00ed:<\/p>\n<ul data-start=\"4121\" data-end=\"4280\">\n<li data-section-id=\"3cyx38\" data-start=\"4121\" data-end=\"4167\">p\u0159esn\u00e9 a konzistentn\u00ed veden\u00ed \u00fahlu brou\u0161en\u00ed<\/li>\n<li data-section-id=\"1wd3cvn\" data-start=\"4168\" data-end=\"4217\">\u0161etrnou \u00fadr\u017ebu bez nadm\u011brn\u00e9ho \u00fab\u011bru materi\u00e1lu<\/li>\n<li data-section-id=\"1jcxbgp\" data-start=\"4218\" data-end=\"4280\">jednoduch\u00e9 a bezpe\u010dn\u00e9 pou\u017eit\u00ed i pro m\u00e9n\u011b zku\u0161en\u00e9 u\u017eivatele<\/li>\n<\/ul>\n<p data-start=\"4282\" data-end=\"4346\">D\u00edky tomu si \u010depel zachov\u00e1 spolehliv\u00fd v\u00fdkon a dlouhou \u017eivotnost.<\/p>\n<p data-start=\"4348\" data-end=\"4389\">\ud83d\uded2 Zakoup\u00edte na na\u0161ich str\u00e1nk\u00e1ch Moskito.<\/p>\n<hr data-start=\"4391\" data-end=\"4394\" \/>\n<h2 data-section-id=\"4dnjoh\" data-start=\"4396\" data-end=\"4416\">\ud83c\udfaf Doporu\u010deno pro<\/h2>\n<ul data-start=\"4417\" data-end=\"4590\">\n<li data-section-id=\"1por61i\" data-start=\"4417\" data-end=\"4440\">N\u00e1ro\u010dn\u00e9 EDC pou\u017eit\u00ed<\/li>\n<li data-section-id=\"1wg07r2\" data-start=\"4441\" data-end=\"4472\">Outdoor, kemping a survival<\/li>\n<li data-section-id=\"1pfxtqf\" data-start=\"4473\" data-end=\"4510\">Pr\u00e1ci v ter\u00e9nu (les, ran\u010d, d\u00edlna)<\/li>\n<li data-section-id=\"bxtp0e\" data-start=\"4511\" data-end=\"4538\">Profesion\u00e1ln\u00ed u\u017eivatele<\/li>\n<li data-section-id=\"zyor68\" data-start=\"4539\" data-end=\"4590\">U\u017eivatele hledaj\u00edc\u00ed univerz\u00e1ln\u00ed \u201eworkhorse\u201c n\u016f\u017e<\/li>\n<\/ul>\n<hr data-start=\"4592\" data-end=\"4595\" \/>\n<h2 data-section-id=\"1b63n2x\" data-start=\"4597\" data-end=\"4621\">\u2b50 Z\u00e1v\u011bre\u010dn\u00e9 hodnocen\u00ed<\/h2>\n<p data-start=\"4622\" data-end=\"4713\">Emerson Mustang Flipper je v\u00fdkonn\u00fd a odoln\u00fd zav\u00edrac\u00ed n\u016f\u017e, kter\u00fd byl navr\u017een bez kompromis\u016f.<\/p>\n<p data-start=\"4715\" data-end=\"4847\">Spojuje modern\u00ed materi\u00e1ly, robustn\u00ed konstrukci a univerz\u00e1ln\u00ed vyu\u017eit\u00ed do n\u00e1stroje, kter\u00fd obstoj\u00ed i v t\u011bch nejn\u00e1ro\u010dn\u011bj\u0161\u00edch podm\u00ednk\u00e1ch.<\/p>\n<p data-start=\"4849\" data-end=\"4921\" data-is-last-node=\"\" data-is-only-node=\"\">Mustang Flipper \u2013 s\u00edla, odolnost a nezkrotn\u00fd charakter v jednom no\u017ei. \ud83d\udd25<\/p>\n","protected":false},"excerpt":{"rendered":"<p data-start=\"4622\" data-end=\"4713\"><strong>Emerson Mustang Flipper je v\u00fdkonn\u00fd a odoln\u00fd zav\u00edrac\u00ed n\u016f\u017e, kter\u00fd byl navr\u017een bez kompromis\u016f.<\/strong><\/p>\n<p data-start=\"4715\" data-end=\"4847\"><strong>Spojuje modern\u00ed materi\u00e1ly, robustn\u00ed konstrukci a univerz\u00e1ln\u00ed vyu\u017eit\u00ed do n\u00e1stroje, kter\u00fd obstoj\u00ed i v t\u011bch nejn\u00e1ro\u010dn\u011bj\u0161\u00edch podm\u00ednk\u00e1ch.<\/strong><\/p>\n<p data-start=\"4849\" data-end=\"4921\" data-is-last-node=\"\" data-is-only-node=\"\"><strong>Mustang Flipper \u2013 s\u00edla, odolnost a nezkrotn\u00fd charakter v jednom no\u017ei. \ud83d\udd25<\/strong><\/p>\n<p data-start=\"4849\" data-end=\"4921\" data-is-last-node=\"\" data-is-only-node=\"\"><strong>Doprava zdarma.<\/strong><\/p>\n","protected":false},"featured_media":440468,"comment_status":"open","ping_status":"closed","template":"","meta":[],"pwb-brand":[248],"product_brand":[],"product_cat":[22,17],"product_tag":[],"class_list":{"0":"post-440467","1":"product","2":"type-product","3":"status-publish","4":"has-post-thumbnail","6":"pwb-brand-emerson","7":"product_cat-zaviraci-noze","8":"product_cat-noze","10":"first","11":"outofstock","12":"taxable","13":"shipping-taxable","14":"purchasable","15":"product-type-simple"},"brands":[{"id":248,"name":"Emerson","slug":"emerson"}],"_links":{"self":[{"href":"https:\/\/www.moskito.cz\/sk\/wp-json\/wp\/v2\/product\/440467","targetHints":{"allow":["GET"]}}],"collection":[{"href":"https:\/\/www.moskito.cz\/sk\/wp-json\/wp\/v2\/product"}],"about":[{"href":"https:\/\/www.moskito.cz\/sk\/wp-json\/wp\/v2\/types\/product"}],"replies":[{"embeddable":true,"href":"https:\/\/www.moskito.cz\/sk\/wp-json\/wp\/v2\/comments?post=440467"}],"wp:featuredmedia":[{"embeddable":true,"href":"https:\/\/www.moskito.cz\/sk\/wp-json\/wp\/v2\/media\/440468"}],"wp:attachment":[{"href":"https:\/\/www.moskito.cz\/sk\/wp-json\/wp\/v2\/media?parent=440467"}],"wp:term":[{"taxonomy":"pwb-brand","embeddable":true,"href":"https:\/\/www.moskito.cz\/sk\/wp-json\/wp\/v2\/pwb-brand?post=440467"},{"taxonomy":"product_brand","embeddable":true,"href":"https:\/\/www.moskito.cz\/sk\/wp-json\/wp\/v2\/product_brand?post=440467"},{"taxonomy":"product_cat","embeddable":true,"href":"https:\/\/www.moskito.cz\/sk\/wp-json\/wp\/v2\/product_cat?post=440467"},{"taxonomy":"product_tag","embeddable":true,"href":"https:\/\/www.moskito.cz\/sk\/wp-json\/wp\/v2\/product_tag?post=440467"}],"curies":[{"name":"wp","href":"https:\/\/api.w.org\/{rel}","templated":true}]}}