{"id":440908,"date":"2026-04-11T11:34:02","date_gmt":"2026-04-11T10:34:02","guid":{"rendered":"https:\/\/www.moskito.cz\/?post_type=product&#038;p=440908"},"modified":"2026-04-11T11:34:03","modified_gmt":"2026-04-11T10:34:03","slug":"vystrelovaci-nuz-microtech-ultratech-gen-iv-11234-1rd","status":"publish","type":"product","link":"https:\/\/www.moskito.cz\/sk\/produkt\/vystrelovaci-nuz-microtech-ultratech-gen-iv-11234-1rd\/","title":{"rendered":"Vyst\u0159elovac\u00ed N\u016f\u017e Microtech ULTRATECH GEN IV 11234-1RD"},"content":{"rendered":"<div class=\"flex flex-col text-sm pb-25\">\n<section class=\"text-token-text-primary w-full focus:outline-none [--shadow-height:45px] has-data-writing-block:pointer-events-none has-data-writing-block:-mt-(--shadow-height) has-data-writing-block:pt-(--shadow-height) [&amp;:has([data-writing-block])&gt;*]:pointer-events-auto scroll-mt-[calc(var(--header-height)+min(200px,max(70px,20svh)))]\" dir=\"auto\" data-turn-id=\"request-WEB:98c29ffa-ef3b-4f07-9f64-da4579000fcc-21\" data-testid=\"conversation-turn-44\" data-scroll-anchor=\"true\" data-turn=\"assistant\">\n<div class=\"text-base my-auto mx-auto pb-10 [--thread-content-margin:var(--thread-content-margin-xs,calc(var(--spacing)*4))] @w-sm\/main:[--thread-content-margin:var(--thread-content-margin-sm,calc(var(--spacing)*6))] @w-lg\/main:[--thread-content-margin:var(--thread-content-margin-lg,calc(var(--spacing)*16))] px-(--thread-content-margin)\">\n<div class=\"[--thread-content-max-width:40rem] @w-lg\/main:[--thread-content-max-width:48rem] mx-auto max-w-(--thread-content-max-width) flex-1 group\/turn-messages focus-visible:outline-hidden relative flex w-full min-w-0 flex-col agent-turn\">\n<div class=\"flex max-w-full flex-col gap-4 grow\">\n<div class=\"min-h-8 text-message relative flex w-full flex-col items-end gap-2 text-start break-words whitespace-normal outline-none keyboard-focused:focus-ring [.text-message+&amp;]:mt-1\" dir=\"auto\" tabindex=\"0\" data-message-author-role=\"assistant\" data-message-id=\"719d249f-f6b4-4bd1-b4d7-a512a94ee357\" data-message-model-slug=\"gpt-5-3\" data-turn-start-message=\"true\">\n<div class=\"flex w-full flex-col gap-1 empty:hidden\">\n<div class=\"markdown prose dark:prose-invert w-full wrap-break-word light markdown-new-styling\">\n<h2 data-section-id=\"1pspe08\" data-start=\"105\" data-end=\"153\">\ud83d\udd2a Microtech Ultratech Gen IV Red (11234-1RD)<\/h2>\n<p data-start=\"157\" data-end=\"362\">Vyst\u0159elovac\u00ed n\u016f\u017e <strong data-start=\"174\" data-end=\"214\">Microtech Ultratech Gen IV 11234-1RD<\/strong> je ikonick\u00fd OTF model nov\u00e9 generace, kter\u00fd kombinuje kompaktn\u00ed rozm\u011bry, vysok\u00fd v\u00fdkon a modernizovan\u00fd mechanismus pro ka\u017edodenn\u00ed i taktick\u00e9 pou\u017eit\u00ed.<\/p>\n<p data-start=\"364\" data-end=\"602\">Model Ultratech je dlouhodob\u011b vlajkovou lod\u00ed zna\u010dky Microtech a ve verzi Gen IV p\u0159in\u00e1\u0161\u00ed z\u00e1sadn\u00ed evoluci konstrukce. Zachov\u00e1v\u00e1 si \u0161t\u00edhl\u00fd profil vhodn\u00fd pro EDC, ale z\u00e1rove\u0148 posouv\u00e1 spolehlivost, ergonomii i servisovatelnost na vy\u0161\u0161\u00ed \u00farove\u0148.<\/p>\n<p data-start=\"604\" data-end=\"874\">Dominantn\u00edm prvkem je jednostrann\u011b brou\u0161en\u00e1 \u010depel (Single Edge \/ Drop Point), kter\u00e1 nab\u00edz\u00ed v\u00fdbornou kontrolu p\u0159i p\u0159esn\u00e9m \u0159ez\u00e1n\u00ed a z\u00e1rove\u0148 dostate\u010dnou univerz\u00e1lnost pro b\u011b\u017en\u00e9 pou\u017eit\u00ed. Oproti d\u00fdkov\u00fdm variant\u00e1m je tato konfigurace v\u00fdrazn\u011b prakti\u010dt\u011bj\u0161\u00ed pro ka\u017edodenn\u00ed pr\u00e1ci.<\/p>\n<p data-start=\"876\" data-end=\"1078\">Jakmile n\u016f\u017e vezmete do ruky, okam\u017eit\u011b vynikne jeho \u0161t\u00edhl\u00e1 a lehk\u00e1 konstrukce. Ultratech je navr\u017een tak, aby byl neust\u00e1le po ruce \u2014 v kapse o n\u011bm t\u00e9m\u011b\u0159 nev\u00edte, ale p\u0159i pou\u017eit\u00ed nab\u00eddne plnohodnotn\u00fd v\u00fdkon.<\/p>\n<p data-start=\"1080\" data-end=\"1168\">Tactical (\u010dern\u00e1) \u00faprava \u010depele eliminuje odlesky a podporuje nen\u00e1padn\u00e9 pou\u017eit\u00ed v ter\u00e9nu.<\/p>\n<p data-start=\"1170\" data-end=\"1325\">\u010cepel je vyrobena z pr\u00e9miov\u00e9 oceli <strong data-start=\"1205\" data-end=\"1230\">M390MK\u00ae (B\u00f6hler M390)<\/strong>, kter\u00e1 nab\u00edz\u00ed vysokou v\u00fddr\u017e ost\u0159\u00ed, v\u00fdbornou odolnost proti korozi a dlouhodob\u011b stabiln\u00ed v\u00fdkon.<\/p>\n<p data-start=\"1327\" data-end=\"1559\">Mechanismus OTF u Gen IV byl p\u0159epracov\u00e1n \u2014 chod je hlad\u0161\u00ed, konzistentn\u011bj\u0161\u00ed a spolehliv\u011bj\u0161\u00ed ne\u017e u p\u0159edchoz\u00edch generac\u00ed. Novinkou je tak\u00e9 pou\u017eit\u00ed standardn\u00edch Torx \u0161roub\u016f m\u00edsto propriet\u00e1rn\u00edch, co\u017e v\u00fdrazn\u011b zjednodu\u0161uje \u00fadr\u017ebu i servis.<\/p>\n<p data-start=\"1561\" data-end=\"1746\">Rukoje\u0165 z eloxovan\u00e9ho hlin\u00edku <strong data-start=\"1591\" data-end=\"1634\">6061-T6 v \u010derven\u00e9m proveden\u00ed (Red \/ RD)<\/strong> je lehk\u00e1, pevn\u00e1 a ergonomicky tvarovan\u00e1 pro jist\u00fd \u00fachop. V\u00fdrazn\u00e1 barva dod\u00e1v\u00e1 no\u017ei modern\u00ed a atraktivn\u00ed vzhled.<\/p>\n<p data-start=\"1748\" data-end=\"1870\">Ultratech Gen IV je n\u016f\u017e, kter\u00fd spojuje kompaktnost s v\u00fdkonem \u2014 ide\u00e1ln\u00ed jako ka\u017edodenn\u00ed automatick\u00fd n\u00e1stroj bez kompromis\u016f.<\/p>\n<hr data-start=\"1872\" data-end=\"1875\" \/>\n<h2 data-section-id=\"1baaq9y\" data-start=\"1877\" data-end=\"1901\">Charakter a filozofie<\/h2>\n<p data-start=\"1903\" data-end=\"2011\">Ultratech Gen IV je navr\u017een jako EDC OTF n\u016f\u017e s d\u016frazem na rovnov\u00e1hu mezi velikost\u00ed, v\u00fdkonem a spolehlivost\u00ed.<\/p>\n<p data-start=\"2013\" data-end=\"2093\">Single Edge \u010depel nab\u00edz\u00ed vy\u0161\u0161\u00ed prakti\u010dnost pro b\u011b\u017en\u00e9 \u0159ez\u00e1n\u00ed ne\u017e d\u00fdkov\u00e9 varianty.<\/p>\n<p data-start=\"2095\" data-end=\"2172\">\u0160t\u00edhl\u00e1 konstrukce umo\u017e\u0148uje pohodln\u00e9 ka\u017edodenn\u00ed no\u0161en\u00ed bez zbyte\u010dn\u00e9 hmotnosti.<\/p>\n<p data-start=\"2174\" data-end=\"2218\">Tactical \u00faprava podporuje diskr\u00e9tn\u00ed pou\u017eit\u00ed.<\/p>\n<p data-start=\"2220\" data-end=\"2295\">Gen IV p\u0159in\u00e1\u0161\u00ed modernizaci \u2013 lep\u0161\u00ed mechanismus a v\u00fdrazn\u011b jednodu\u0161\u0161\u00ed \u00fadr\u017ebu.<\/p>\n<hr data-start=\"2297\" data-end=\"2300\" \/>\n<h2 data-section-id=\"z259b9\" data-start=\"2302\" data-end=\"2317\">\ud83c\udfed O v\u00fdrobci<\/h2>\n<p data-start=\"2319\" data-end=\"2402\">Microtech Knives je americk\u00e1 zna\u010dka specializuj\u00edc\u00ed se na pr\u00e9miov\u00e9 automatick\u00e9 no\u017ee.<\/p>\n<p data-start=\"2404\" data-end=\"2474\">Zalo\u017eena byla v roce 1994 a pat\u0159\u00ed mezi l\u00eddry v oblasti OTF mechanism\u016f.<\/p>\n<p data-start=\"2476\" data-end=\"2561\">Zna\u010dka je zn\u00e1m\u00e1 precizn\u00edm zpracov\u00e1n\u00edm, inovacemi a d\u016frazem na kvalitu bez kompromis\u016f.<\/p>\n<p data-start=\"2563\" data-end=\"2704\">Na v\u0161echny no\u017ee Microtech se vztahuje <strong data-start=\"2601\" data-end=\"2651\">do\u017eivotn\u00ed z\u00e1ruka na materi\u00e1lov\u00e9 a v\u00fdrobn\u00ed vady<\/strong>, co\u017e podtrhuje jejich d\u016fv\u011bru v kvalitu a zpracov\u00e1n\u00ed.<\/p>\n<hr data-start=\"2706\" data-end=\"2709\" \/>\n<h2 data-section-id=\"1qwgnog\" data-start=\"2711\" data-end=\"2738\">\u2699\ufe0f Technick\u00e9 specifikace<\/h2>\n<div class=\"TyagGW_tableContainer\">\n<div class=\"group TyagGW_tableWrapper flex flex-col-reverse w-fit\" tabindex=\"-1\">\n<table class=\"w-fit min-w-(--thread-content-width)\" data-start=\"2740\" data-end=\"3256\">\n<thead data-start=\"2740\" data-end=\"2760\">\n<tr data-start=\"2740\" data-end=\"2760\">\n<th class=\"\" data-start=\"2740\" data-end=\"2749\" data-col-size=\"sm\">Parametr<\/th>\n<th class=\"\" data-start=\"2749\" data-end=\"2760\" data-col-size=\"sm\">Hodnota<\/th>\n<\/tr>\n<\/thead>\n<tbody data-start=\"2771\" data-end=\"3256\">\n<tr data-start=\"2771\" data-end=\"2803\">\n<td data-start=\"2771\" data-end=\"2785\" data-col-size=\"sm\">Celkov\u00e1 d\u00e9lka<\/td>\n<td data-start=\"2785\" data-end=\"2803\" data-col-size=\"sm\">8.5\u2033 (21,6 cm)<\/td>\n<\/tr>\n<tr data-start=\"2804\" data-end=\"2834\">\n<td data-start=\"2804\" data-end=\"2817\" data-col-size=\"sm\">D\u00e9lka \u010depele<\/td>\n<td data-start=\"2817\" data-end=\"2834\" data-col-size=\"sm\">3.5\u2033 (8,9 cm)<\/td>\n<\/tr>\n<tr data-start=\"2835\" data-end=\"2868\">\n<td data-start=\"2835\" data-end=\"2850\" data-col-size=\"sm\">D\u00e9lka rukojeti<\/td>\n<td data-start=\"2850\" data-end=\"2868\" data-col-size=\"sm\">5.0\u2033 (12,7 cm)<\/td>\n<\/tr>\n<tr data-start=\"2869\" data-end=\"2904\">\n<td data-start=\"2869\" data-end=\"2885\" data-col-size=\"sm\">Tlou\u0161\u0165ka \u010depele<\/td>\n<td data-start=\"2885\" data-end=\"2904\" data-col-size=\"sm\">0.125\u2033 (3,2 mm)<\/td>\n<\/tr>\n<tr data-start=\"2905\" data-end=\"2946\">\n<td data-start=\"2905\" data-end=\"2921\" data-col-size=\"sm\">Materi\u00e1l \u010depele<\/td>\n<td data-start=\"2921\" data-end=\"2946\" data-col-size=\"sm\">M390MK\u00ae \/ B\u00f6hler M390<\/td>\n<\/tr>\n<tr data-start=\"2947\" data-end=\"2974\">\n<td data-start=\"2947\" data-end=\"2961\" data-col-size=\"sm\">Tvrdost oceli<\/td>\n<td data-start=\"2961\" data-end=\"2974\" data-col-size=\"sm\">60\u201362 HRC<\/td>\n<\/tr>\n<tr data-start=\"2975\" data-end=\"3015\">\n<td data-start=\"2975\" data-end=\"2987\" data-col-size=\"sm\">Tvar \u010depele<\/td>\n<td data-start=\"2987\" data-end=\"3015\" data-col-size=\"sm\">Drop Point (Single Edge)<\/td>\n<\/tr>\n<tr data-start=\"3016\" data-end=\"3033\">\n<td data-start=\"3016\" data-end=\"3023\" data-col-size=\"sm\">V\u00fdbrus<\/td>\n<td data-start=\"3023\" data-end=\"3033\" data-col-size=\"sm\">Ploch\u00fd<\/td>\n<\/tr>\n<tr data-start=\"3034\" data-end=\"3066\">\n<td data-start=\"3034\" data-end=\"3048\" data-col-size=\"sm\">Povrch \u010depele<\/td>\n<td data-start=\"3048\" data-end=\"3066\" data-col-size=\"sm\">Tactical Black<\/td>\n<\/tr>\n<tr data-start=\"3067\" data-end=\"3109\">\n<td data-start=\"3067\" data-end=\"3085\" data-col-size=\"sm\">Materi\u00e1l rukojeti<\/td>\n<td data-col-size=\"sm\" data-start=\"3085\" data-end=\"3109\">6061-T6 hlin\u00edk (Red)<\/td>\n<\/tr>\n<tr data-start=\"3110\" data-end=\"3152\">\n<td data-start=\"3110\" data-end=\"3119\" data-col-size=\"sm\">Pojistka<\/td>\n<td data-start=\"3119\" data-end=\"3152\" data-col-size=\"sm\">OTF double-action mechanismus<\/td>\n<\/tr>\n<tr data-start=\"3153\" data-end=\"3186\">\n<td data-start=\"3153\" data-end=\"3163\" data-col-size=\"sm\">Otev\u00edr\u00e1n\u00ed<\/td>\n<td data-start=\"3163\" data-end=\"3186\" data-col-size=\"sm\">Posuvn\u00fd thumb slide<\/td>\n<\/tr>\n<tr data-start=\"3187\" data-end=\"3210\">\n<td data-start=\"3187\" data-end=\"3192\" data-col-size=\"sm\">Klip<\/td>\n<td data-start=\"3192\" data-end=\"3210\" data-col-size=\"sm\">Ano (tip-down)<\/td>\n<\/tr>\n<tr data-start=\"3211\" data-end=\"3241\">\n<td data-start=\"3211\" data-end=\"3220\" data-col-size=\"sm\">Hmotnost<\/td>\n<td data-start=\"3220\" data-end=\"3241\" data-col-size=\"sm\">cca 3.4 oz (96 g)<\/td>\n<\/tr>\n<tr data-start=\"3242\" data-end=\"3256\">\n<td data-start=\"3242\" data-end=\"3249\" data-col-size=\"sm\">V\u00fdroba<\/td>\n<td data-start=\"3249\" data-end=\"3256\" data-col-size=\"sm\">USA<\/td>\n<\/tr>\n<\/tbody>\n<\/table>\n<\/div>\n<\/div>\n<hr data-start=\"3258\" data-end=\"3261\" \/>\n<h2 data-section-id=\"14b0e0x\" data-start=\"3263\" data-end=\"3281\">\u2705 Hlavn\u00ed v\u00fdhody<\/h2>\n<p data-start=\"3283\" data-end=\"3481\">Kompaktn\u00ed a lehk\u00fd \u2013 ide\u00e1ln\u00ed pro EDC<br data-start=\"3318\" data-end=\"3321\" \/>Praktick\u00e1 Single Edge \u010depel<br data-start=\"3348\" data-end=\"3351\" \/>Tactical \u00faprava \u2013 nen\u00e1padn\u00e1 a odoln\u00e1<br data-start=\"3387\" data-end=\"3390\" \/>Vylep\u0161en\u00fd Gen IV mechanismus<br data-start=\"3418\" data-end=\"3421\" \/>Snaz\u0161\u00ed servis d\u00edky Torx \u0161roub\u016fm<br data-start=\"3452\" data-end=\"3455\" \/>Do\u017eivotn\u00ed z\u00e1ruka v\u00fdrobce<\/p>\n<hr data-start=\"3483\" data-end=\"3486\" \/>\n<h2 data-section-id=\"1p6p4te\" data-start=\"3488\" data-end=\"3507\">\u26a0\ufe0f Mo\u017en\u00e1 omezen\u00ed<\/h2>\n<p data-start=\"3509\" data-end=\"3619\">Nen\u00ed ur\u010den pro extr\u00e9mn\u011b t\u011b\u017ek\u00e9 nasazen\u00ed<br data-start=\"3547\" data-end=\"3550\" \/>OTF mechanismus vy\u017eaduje pravidelnou \u00fadr\u017ebu<br data-start=\"3593\" data-end=\"3596\" \/>Vy\u0161\u0161\u00ed po\u0159izovac\u00ed cena<\/p>\n<hr data-start=\"3621\" data-end=\"3624\" \/>\n<h2 data-section-id=\"1fc2qpi\" data-start=\"3626\" data-end=\"3646\">\ud83d\udee0\ufe0f \u00dadr\u017eba a p\u00e9\u010de<\/h2>\n<p data-start=\"3648\" data-end=\"3814\">Pravideln\u011b \u010distit mechanismus (stla\u010den\u00fd vzduch)<br data-start=\"3695\" data-end=\"3698\" \/>Lehce mazat intern\u00ed \u010d\u00e1sti<br data-start=\"3723\" data-end=\"3726\" \/>Udr\u017eovat \u010depel \u010distou a suchou<br data-start=\"3756\" data-end=\"3759\" \/>Nevystavovat prachu a ne\u010distot\u00e1m<br data-start=\"3791\" data-end=\"3794\" \/>Kontrolovat \u0161rouby<\/p>\n<hr data-start=\"3816\" data-end=\"3819\" \/>\n<h2 data-section-id=\"74672s\" data-start=\"3821\" data-end=\"3857\">\ud83d\udd2a Pro udr\u017een\u00ed ost\u0159\u00ed doporu\u010dujeme<\/h2>\n<p data-start=\"3859\" data-end=\"3982\">Pro zachov\u00e1n\u00ed maxim\u00e1ln\u00ed ostrosti pr\u00e9miov\u00e9 oceli doporu\u010dujeme kvalitn\u00ed brusn\u00fd syst\u00e9m, kter\u00fd umo\u017en\u00ed p\u0159esnou a \u0161etrnou \u00fadr\u017ebu.<\/p>\n<p data-start=\"3984\" data-end=\"4079\">Ide\u00e1ln\u00ed volbou je Spyderco Tri-Angle Sharpmaker Complete Sharpening System 204MF, kter\u00fd nab\u00edz\u00ed:<\/p>\n<p data-start=\"4081\" data-end=\"4190\">p\u0159esn\u00e9 veden\u00ed \u00fahlu brou\u0161en\u00ed<br data-start=\"4108\" data-end=\"4111\" \/>\u0161etrnou \u00fadr\u017ebu bez nadm\u011brn\u00e9ho \u00fab\u011bru materi\u00e1lu<br data-start=\"4156\" data-end=\"4159\" \/>jednoduch\u00e9 a bezpe\u010dn\u00e9 pou\u017eit\u00ed<\/p>\n<p data-start=\"4192\" data-end=\"4258\">D\u00edky tomu si \u010depel zachov\u00e1 dlouhodob\u00fd v\u00fdkon a spolehlivou ostrost.<\/p>\n<hr data-start=\"4260\" data-end=\"4263\" \/>\n<h2 data-section-id=\"yhjj2q\" data-start=\"4265\" data-end=\"4309\">\ud83d\uded2 Zakoup\u00edte na na\u0161ich str\u00e1nk\u00e1ch Moskito.<\/h2>\n<hr data-start=\"4311\" data-end=\"4314\" \/>\n<h2 data-section-id=\"4dnjoh\" data-start=\"4316\" data-end=\"4336\">\ud83c\udfaf Doporu\u010deno pro<\/h2>\n<p data-start=\"4338\" data-end=\"4474\">Ka\u017edodenn\u00ed no\u0161en\u00ed (EDC)<br data-start=\"4361\" data-end=\"4364\" \/>Taktick\u00e9 pou\u017eit\u00ed<br data-start=\"4380\" data-end=\"4383\" \/>Milovn\u00edky OTF no\u017e\u016f<br data-start=\"4401\" data-end=\"4404\" \/>Sb\u011bratele Microtech<br data-start=\"4423\" data-end=\"4426\" \/>U\u017eivatele hledaj\u00edc\u00ed lehk\u00fd a spolehliv\u00fd automat<\/p>\n<hr data-start=\"4476\" data-end=\"4479\" \/>\n<h2 data-section-id=\"1b63n2x\" data-start=\"4481\" data-end=\"4505\">\u2b50 Z\u00e1v\u011bre\u010dn\u00e9 hodnocen\u00ed<\/h2>\n<p data-start=\"4507\" data-end=\"4623\">Microtech Ultratech Gen IV 11234-1RD je modern\u00ed interpretac\u00ed legend\u00e1rn\u00edho OTF no\u017ee v atraktivn\u00edm \u010derven\u00e9m proveden\u00ed.<\/p>\n<p data-start=\"4625\" data-end=\"4756\">D\u00edky kombinaci \u0161pi\u010dkov\u00fdch materi\u00e1l\u016f, vylep\u0161en\u00e9ho mechanismu a do\u017eivotn\u00ed z\u00e1ruky jde o investici do kvality, kter\u00e1 vydr\u017e\u00ed dlouhodob\u011b.<\/p>\n<p data-start=\"4758\" data-end=\"4833\" data-is-last-node=\"\" data-is-only-node=\"\">Ultratech Gen IV \u2013 p\u0159esnost, rychlost a spolehlivost v kapesn\u00edm form\u00e1tu. \ud83d\udd25<\/p>\n<\/div>\n<\/div>\n<\/div>\n<\/div>\n<div class=\"z-0 flex min-h-[46px] justify-start\"><\/div>\n<\/div>\n<\/div>\n<\/section>\n<\/div>\n","protected":false},"excerpt":{"rendered":"<div class=\"flex max-w-full flex-col gap-4 grow\">\n<div class=\"min-h-8 text-message relative flex w-full flex-col items-end gap-2 text-start break-words whitespace-normal outline-none keyboard-focused:focus-ring [.text-message+&amp;]:mt-1\" dir=\"auto\" tabindex=\"0\" data-message-author-role=\"assistant\" data-message-id=\"719d249f-f6b4-4bd1-b4d7-a512a94ee357\" data-message-model-slug=\"gpt-5-3\" data-turn-start-message=\"true\">\n<div class=\"flex w-full flex-col gap-1 empty:hidden\">\n<div class=\"markdown prose dark:prose-invert w-full wrap-break-word light markdown-new-styling\">\n<p data-start=\"4507\" data-end=\"4623\"><strong>Microtech Ultratech Gen IV 11234-1RD je modern\u00ed interpretac\u00ed legend\u00e1rn\u00edho OTF no\u017ee v atraktivn\u00edm \u010derven\u00e9m proveden\u00ed.<\/strong><\/p>\n<p data-start=\"4625\" data-end=\"4756\"><strong>D\u00edky kombinaci \u0161pi\u010dkov\u00fdch materi\u00e1l\u016f, vylep\u0161en\u00e9ho mechanismu a do\u017eivotn\u00ed z\u00e1ruky jde o investici do kvality, kter\u00e1 vydr\u017e\u00ed dlouhodob\u011b.<\/strong><\/p>\n<p data-start=\"4758\" data-end=\"4833\" data-is-last-node=\"\" data-is-only-node=\"\"><strong>Ultratech Gen IV \u2013 p\u0159esnost, rychlost a spolehlivost v kapesn\u00edm form\u00e1tu. \ud83d\udd25<\/strong><\/p>\n<\/div>\n<\/div>\n<\/div>\n<\/div>\n<div class=\"z-0 flex min-h-[46px] justify-start\"><strong>Doprava zdarma, do\u017eivotn\u00ed z\u00e1ruka.<\/strong><\/div>\n","protected":false},"featured_media":440909,"comment_status":"open","ping_status":"closed","template":"","meta":[],"pwb-brand":[431],"product_brand":[],"product_cat":[2019,17],"product_tag":[3990],"class_list":{"0":"post-440908","1":"product","2":"type-product","3":"status-publish","4":"has-post-thumbnail","6":"pwb-brand-microtech","7":"product_cat-vystrelovaci-noze","8":"product_cat-noze","9":"product_tag-new","11":"first","12":"instock","13":"taxable","14":"shipping-taxable","15":"purchasable","16":"product-type-simple"},"brands":[{"id":431,"name":"Microtech","slug":"microtech"}],"_links":{"self":[{"href":"https:\/\/www.moskito.cz\/sk\/wp-json\/wp\/v2\/product\/440908","targetHints":{"allow":["GET"]}}],"collection":[{"href":"https:\/\/www.moskito.cz\/sk\/wp-json\/wp\/v2\/product"}],"about":[{"href":"https:\/\/www.moskito.cz\/sk\/wp-json\/wp\/v2\/types\/product"}],"replies":[{"embeddable":true,"href":"https:\/\/www.moskito.cz\/sk\/wp-json\/wp\/v2\/comments?post=440908"}],"wp:featuredmedia":[{"embeddable":true,"href":"https:\/\/www.moskito.cz\/sk\/wp-json\/wp\/v2\/media\/440909"}],"wp:attachment":[{"href":"https:\/\/www.moskito.cz\/sk\/wp-json\/wp\/v2\/media?parent=440908"}],"wp:term":[{"taxonomy":"pwb-brand","embeddable":true,"href":"https:\/\/www.moskito.cz\/sk\/wp-json\/wp\/v2\/pwb-brand?post=440908"},{"taxonomy":"product_brand","embeddable":true,"href":"https:\/\/www.moskito.cz\/sk\/wp-json\/wp\/v2\/product_brand?post=440908"},{"taxonomy":"product_cat","embeddable":true,"href":"https:\/\/www.moskito.cz\/sk\/wp-json\/wp\/v2\/product_cat?post=440908"},{"taxonomy":"product_tag","embeddable":true,"href":"https:\/\/www.moskito.cz\/sk\/wp-json\/wp\/v2\/product_tag?post=440908"}],"curies":[{"name":"wp","href":"https:\/\/api.w.org\/{rel}","templated":true}]}}